{"id":482,"date":"2023-07-21T16:42:07","date_gmt":"2023-07-21T19:42:07","guid":{"rendered":"https:\/\/www2.uepg.br\/geocidades\/?page_id=482"},"modified":"2025-03-28T16:48:10","modified_gmt":"2025-03-28T19:48:10","slug":"guaraquecaba-mapas","status":"publish","type":"page","link":"https:\/\/www2.uepg.br\/geocidades\/plano-diretor\/guaraquecaba\/guaraquecaba-mapas\/","title":{"rendered":"Mapas Revis\u00e3o Plano Diretor Participativo &#8220;Guaraque\u00e7aba, Paran\u00e1&#8221;"},"content":{"rendered":"<p><span style=\"color: #000000\">1. Mapeamento Regional<\/span><\/p>\n<ul>\n<li><span style=\"color: #000000\">\u00c1reas Verdes de Alcance Regional<\/span><\/li>\n<li><span style=\"color: #000000\">Bacias e Sub-bacias Hidrogr\u00e1ficas<\/span><\/li>\n<\/ul>\n<p><span style=\"color: #000000\">2. Mapeamento da Evolu\u00e7\u00e3o da Ocupa\u00e7\u00e3o do Territ\u00f3rio<\/span><\/p>\n<ul>\n<li><span style=\"color: #000000\">Em elabora\u00e7\u00e3o<\/span><\/li>\n<\/ul>\n<p><span style=\"color: #000000\">3. Mapeamento da Caracteriza\u00e7\u00e3o da Popula\u00e7\u00e3o (IBGE \u2013 2010)<\/span><\/p>\n<ul>\n<li><span style=\"color: #000000\">Rendimento Nominal M\u00e9dio<\/span><\/li>\n<\/ul>\n<p><span style=\"color: #000000\">4. Mapeamento de Uso e Ocupa\u00e7\u00e3o do Solo<\/span><\/p>\n<ul>\n<li><span style=\"color: #000000\">\u00c1reas Destinadas \u00e0 Agricultura<\/span><\/li>\n<li><span style=\"color: #000000\">\u00c1reas de Extra\u00e7\u00e3o Mineral \u2013 Tipos de Requerimento<\/span><\/li>\n<li><span style=\"color: #000000\">\u00c1reas de Extra\u00e7\u00e3o Mineral \u2013 Tipos de Subst\u00e2ncia<\/span><\/li>\n<li><span style=\"color: #000000\">\u00c1reas de Preserva\u00e7\u00e3o Permanente<\/span><\/li>\n<li><span style=\"color: #000000\">Cobertura e Uso da Terra<\/span><\/li>\n<li><span style=\"color: #000000\">Potencialidade Agr\u00edcola Natural das Terras<\/span><\/li>\n<\/ul>\n<p><span style=\"color: #000000\">5. Mapeamento das Condi\u00e7\u00f5es de Infraestrutura<\/span><\/p>\n<ul>\n<li><span style=\"color: #000000\">Em elabora\u00e7\u00e3o<\/span><\/li>\n<\/ul>\n<p><span style=\"color: #000000\">6. Mapeamento das Condi\u00e7\u00f5es Ambientais e dos Servi\u00e7os Ecossist\u00eamicos<\/span><\/p>\n<ul>\n<li><span style=\"color: #000000\">Em elabora\u00e7\u00e3o<\/span><\/li>\n<\/ul>\n<p><span style=\"color: #000000\">7. Mapeamento das Condi\u00e7\u00f5es de Mobilidade<\/span><\/p>\n<ul>\n<li><span style=\"color: #000000\">Em elabora\u00e7\u00e3o<\/span><\/li>\n<\/ul>\n<p><span style=\"color: #000000\">8. Mapeamento das Condi\u00e7\u00f5es de Moradia<\/span><\/p>\n<ul>\n<li><span style=\"color: #000000\">Em elabora\u00e7\u00e3o<\/span><\/li>\n<\/ul>\n<p><span style=\"color: #000000\">9. Mapeamento dos Aspectos F\u00edsicos<\/span><\/p>\n<ul>\n<li><span style=\"color: #000000\">Declividade maior que 45\u00b0 &#8211; Sede Municipal<\/span><\/li>\n<li><span style=\"color: #000000\">Hipsometria &#8211; Sede Municipal<\/span><\/li>\n<li><span style=\"color: #000000\">Mapa de Curvas de N\u00edvel \u2013 Sede Municipal<\/span><\/li>\n<li><span style=\"color: #000000\">Mapa Hipsom\u00e9trico<\/span><\/li>\n<\/ul>\n","protected":false},"excerpt":{"rendered":"<p>1. Mapeamento Regional \u00c1reas Verdes de Alcance Regional Bacias e Sub-bacias Hidrogr\u00e1ficas 2. Mapeamento da Evolu\u00e7\u00e3o da Ocupa\u00e7\u00e3o do Territ\u00f3rio Em elabora\u00e7\u00e3o 3. Mapeamento da Caracteriza\u00e7\u00e3o da Popula\u00e7\u00e3o (IBGE \u2013 2010) Rendimento Nominal M\u00e9dio 4. Mapeamento de Uso e Ocupa\u00e7\u00e3o do Solo \u00c1reas Destinadas \u00e0 Agricultura \u00c1reas de Extra\u00e7\u00e3o Mineral \u2013 Tipos de Requerimento \u00c1reas&nbsp;&hellip;<\/p>\n","protected":false},"author":426,"featured_media":0,"parent":476,"menu_order":0,"comment_status":"closed","ping_status":"closed","template":"","meta":[],"_links":{"self":[{"href":"https:\/\/www2.uepg.br\/geocidades\/wp-json\/wp\/v2\/pages\/482"}],"collection":[{"href":"https:\/\/www2.uepg.br\/geocidades\/wp-json\/wp\/v2\/pages"}],"about":[{"href":"https:\/\/www2.uepg.br\/geocidades\/wp-json\/wp\/v2\/types\/page"}],"author":[{"embeddable":true,"href":"https:\/\/www2.uepg.br\/geocidades\/wp-json\/wp\/v2\/users\/426"}],"replies":[{"embeddable":true,"href":"https:\/\/www2.uepg.br\/geocidades\/wp-json\/wp\/v2\/comments?post=482"}],"version-history":[{"count":17,"href":"https:\/\/www2.uepg.br\/geocidades\/wp-json\/wp\/v2\/pages\/482\/revisions"}],"predecessor-version":[{"id":1712,"href":"https:\/\/www2.uepg.br\/geocidades\/wp-json\/wp\/v2\/pages\/482\/revisions\/1712"}],"up":[{"embeddable":true,"href":"https:\/\/www2.uepg.br\/geocidades\/wp-json\/wp\/v2\/pages\/476"}],"wp:attachment":[{"href":"https:\/\/www2.uepg.br\/geocidades\/wp-json\/wp\/v2\/media?parent=482"}],"curies":[{"name":"wp","href":"https:\/\/api.w.org\/{rel}","templated":true}]}}