{"id":490,"date":"2023-07-21T16:44:55","date_gmt":"2023-07-21T19:44:55","guid":{"rendered":"https:\/\/www2.uepg.br\/geocidades\/?page_id=490"},"modified":"2024-01-31T08:37:34","modified_gmt":"2024-01-31T11:37:34","slug":"guaraquecaba-audiencias-publicas","status":"publish","type":"page","link":"https:\/\/www2.uepg.br\/geocidades\/plano-diretor\/guaraquecaba\/guaraquecaba-audiencias-publicas\/","title":{"rendered":"Audi\u00eancias P\u00fablicas"},"content":{"rendered":"<p><a href=\"https:\/\/www2.uepg.br\/geocidades\/wp-content\/uploads\/sites\/209\/2024\/01\/ata_primeira_audiencia_guaraquecaba.pdf\">&#8211; Ata n\u00ba 1, 1\u00aa Audi\u00eancia P\u00fablica do Munic\u00edpio de Guaraque\u00e7aba, 20\/12\/2023<\/a><\/p>\n<p>Ao vig\u00e9simo dia do m\u00eas de dezembro de dois mil e vinte tr\u00eas, reuniram-se nas depend\u00eancias do Audit\u00f3rio do Centro Social Irm\u00e3o Panini, Av. Dr. Agr\u00edcola Fonseca, seguintes autoridades, Prefeita Lilian Ramos Narloch, Presidente da C\u00e2mara de Vereadores Luciane Teixeira, Coordenador do Conv\u00eanio e docente do curso de Bacharelado em Geografia Prof. Dr. Marcio Jose Ornat, Secret\u00e1rio de Turismo Leandro Dieguiz Gon\u00e7alves, Secret\u00e1ria de Planejamento e Projetos Patr\u00edcia Gonzalez da Fonseca, Secret\u00e1rio de Meio Ambiente e Desenvolvimento Sustent\u00e1vel Cassiano Ricardo Soares Lopes. Representante do Instituto Chico Mendes de Conserva\u00e7\u00e3o da Biodiversidade Camile Lugarini, Representante do Instituto Brasileiro de Meio Ambiente e dos Recursos Naturais Renov\u00e1veis, Matheus Rodrigo Silv\u00e9rio, Representante do Instituto de Desenvolvimento Rural do Paran\u00e1 Unidade Municipal de Guaraque\u00e7aba M\u00e1rio L\u00facio Grubhofer Rauli, Representante do Instituto \u00c1gua e Terra Maria Wanda de Alencar, Representante do Movimento de Pescadores e Pescaroras Artesanais do Litoral do Paran\u00e1 Didi (Adn\u00e3 Chagas das Dores). Para a composi\u00e7\u00e3o da mesa de autoridades foram chamados os seguintes representantes: Prefeita Lilian Ramos Narloch, Secret\u00e1ria de Planejamento e Projetos Patr\u00edcia Gonzalez da Fonseca, Coordenador do Conv\u00eanio e docente do curso de Bacharelado em Geografia Prof. Dr. Marcio Jose Ornat, Meio Ambiente e dos Recursos Naturais Renov\u00e1veis e Matheus Rodrigo Silv\u00e9rio, Representante do Instituto Brasileiro de Representante do Instituto \u00c1gua e Terra Maria Wanda de Alencar, Movimento de Pescadores e Pescadoras Artesanais do Litoral do Paran\u00e1 Didi (Adn\u00e3 Chagas das Dores), Representante do Instituto Chico Mendes de Conserva\u00e7\u00e3o e Biodiversidade Camile Lugarini e, Claudio Nunes do Movimento de Pescadores e Pescadoras da Ilha de Superagui, al\u00e9m dos mun\u00edcipes de Guaraque\u00e7aba, Paran\u00e1, para a Primeira Audi\u00eancia P\u00fablica de Lan\u00e7amento da Revis\u00e3o do Plano Diretor Participativo de Guaraque\u00e7aba, Paran\u00e1 (Dois mil e vinte e quatro \u2013 dois mil e trinta e quatro).<\/p>\n","protected":false},"excerpt":{"rendered":"<p>&#8211; Ata n\u00ba 1, 1\u00aa Audi\u00eancia P\u00fablica do Munic\u00edpio de Guaraque\u00e7aba, 20\/12\/2023 Ao vig\u00e9simo dia do m\u00eas de dezembro de dois mil e vinte tr\u00eas, reuniram-se nas depend\u00eancias do Audit\u00f3rio do Centro Social Irm\u00e3o Panini, Av. Dr. Agr\u00edcola Fonseca, seguintes autoridades, Prefeita Lilian Ramos Narloch, Presidente da C\u00e2mara de Vereadores Luciane Teixeira, Coordenador do Conv\u00eanio&nbsp;&hellip;<\/p>\n","protected":false},"author":426,"featured_media":0,"parent":476,"menu_order":0,"comment_status":"closed","ping_status":"closed","template":"","meta":[],"_links":{"self":[{"href":"https:\/\/www2.uepg.br\/geocidades\/wp-json\/wp\/v2\/pages\/490"}],"collection":[{"href":"https:\/\/www2.uepg.br\/geocidades\/wp-json\/wp\/v2\/pages"}],"about":[{"href":"https:\/\/www2.uepg.br\/geocidades\/wp-json\/wp\/v2\/types\/page"}],"author":[{"embeddable":true,"href":"https:\/\/www2.uepg.br\/geocidades\/wp-json\/wp\/v2\/users\/426"}],"replies":[{"embeddable":true,"href":"https:\/\/www2.uepg.br\/geocidades\/wp-json\/wp\/v2\/comments?post=490"}],"version-history":[{"count":3,"href":"https:\/\/www2.uepg.br\/geocidades\/wp-json\/wp\/v2\/pages\/490\/revisions"}],"predecessor-version":[{"id":683,"href":"https:\/\/www2.uepg.br\/geocidades\/wp-json\/wp\/v2\/pages\/490\/revisions\/683"}],"up":[{"embeddable":true,"href":"https:\/\/www2.uepg.br\/geocidades\/wp-json\/wp\/v2\/pages\/476"}],"wp:attachment":[{"href":"https:\/\/www2.uepg.br\/geocidades\/wp-json\/wp\/v2\/media?parent=490"}],"curies":[{"name":"wp","href":"https:\/\/api.w.org\/{rel}","templated":true}]}}