{"id":126,"date":"2020-11-25T10:00:29","date_gmt":"2020-11-25T13:00:29","guid":{"rendered":"http:\/\/www2.uepg.br\/geppea\/?page_id=126"},"modified":"2021-09-20T13:15:52","modified_gmt":"2021-09-20T16:15:52","slug":"linhas-de-pesquisa","status":"publish","type":"page","link":"https:\/\/www2.uepg.br\/geppea\/linhas-de-pesquisa\/","title":{"rendered":"Linhas de Pesquisa"},"content":{"rendered":"<div id=\"pl-126\"  class=\"panel-layout\" ><div id=\"pg-126-0\"  class=\"panel-grid panel-no-style\" ><div id=\"pgc-126-0-0\"  class=\"panel-grid-cell\" ><div id=\"panel-126-0-0-0\" class=\"so-panel widget widget_sow-accordion panel-first-child panel-last-child\" data-index=\"0\" ><div\n\t\t\t\n\t\t\tclass=\"so-widget-sow-accordion so-widget-sow-accordion-default-4bc3526290a7-126\"\n\t\t\t\n\t\t><h3 class=\"widget-title\">O grupo de pesquisa \u00e9 constitu\u00eddo pelas seguintes linhas:<\/h3><div>\n\t<div class=\"sow-accordion\">\n\t\t\t<div class=\"sow-accordion-panel\"\n\t\t\t data-anchor=\"i-pol%c3%adtica-educacional-e-avalia%c3%a7%c3%a3o-na-educa%c3%a7%c3%a3o-superior\">\n\t\t\t\t<div class=\"sow-accordion-panel-header-container\" role=\"heading\" aria-level=\"2\">\n\t\t\t\t\t<div class=\"sow-accordion-panel-header\" tabindex=\"0\" role=\"button\" id=\"accordion-label-i-pol%c3%adtica-educacional-e-avalia%c3%a7%c3%a3o-na-educa%c3%a7%c3%a3o-superior\" aria-controls=\"accordion-content-i-pol%c3%adtica-educacional-e-avalia%c3%a7%c3%a3o-na-educa%c3%a7%c3%a3o-superior\" aria-expanded=\"false\">\n\t\t\t\t\t\t<div class=\"sow-accordion-title sow-accordion-title-icon-left\">\n\t\t\t\t\t\t\t\t\t\t\t\t\t\tI. Pol\u00edtica Educacional e Avalia\u00e7\u00e3o na Educa\u00e7\u00e3o Superior\t\t\t\t\t\t\t\t\t\t\t\t\t<\/div>\n\t\t\t\t\t\t<div class=\"sow-accordion-open-close-button\">\n\t\t\t\t\t\t\t<div class=\"sow-accordion-open-button\">\n\t\t\t\t\t\t\t\t<span class=\"sow-icon-ionicons\" data-sow-icon=\"&#xf218;\"\n\t\t \n\t\taria-hidden=\"true\"><\/span>\t\t\t\t\t\t\t<\/div>\n\t\t\t\t\t\t\t<div class=\"sow-accordion-close-button\">\n\t\t\t\t\t\t\t\t<span class=\"sow-icon-ionicons\" data-sow-icon=\"&#xf209;\"\n\t\t \n\t\taria-hidden=\"true\"><\/span>\t\t\t\t\t\t\t<\/div>\n\t\t\t\t\t\t<\/div>\n\t\t\t\t\t<\/div>\n\t\t\t\t<\/div>\n\n\t\t\t<div\n\t\t\t\tclass=\"sow-accordion-panel-content\"\n\t\t\t\trole=\"region\"\n\t\t\t\taria-labelledby=\"accordion-label-i-pol%c3%adtica-educacional-e-avalia%c3%a7%c3%a3o-na-educa%c3%a7%c3%a3o-superior\"\n\t\t\t\tid=\"accordion-content-i-pol%c3%adtica-educacional-e-avalia%c3%a7%c3%a3o-na-educa%c3%a7%c3%a3o-superior\"\n\t\t\t\tstyle=\"display: none;\"\t\t\t>\n\t\t\t\t<div class=\"sow-accordion-panel-border\" tabindex=\"0\">\n\t\t\t\t\t<p><span style=\"font-weight: 400\">Contempla estudos e pesquisas sobre pol\u00edticas educacionais relativas \u00e0s quest\u00f5es de avalia\u00e7\u00e3o, curr\u00edculo e pol\u00edticas da Educa\u00e7\u00e3o Superior. Adota como postura investigativa a reflex\u00e3o cr\u00edtica e a produ\u00e7\u00e3o de conhecimentos sobre a teoria e a pr\u00e1tica de diferentes objetos de avalia\u00e7\u00e3o, bem como suas rela\u00e7\u00f5es com os processos de planejamento e gest\u00e3o universit\u00e1ria, e desenvolvimento curricular. Esta linha de pesquisa integra o Programa de P\u00f3s-Gradua\u00e7\u00e3o em Educa\u00e7\u00e3o (PPGE) da UEPG, e o Grupo de Estudos e Pesquisas em Pol\u00edtica Educacional e Avalia\u00e7\u00e3o (GEPPEA) cadastrado no Diret\u00f3rio de Grupos de Pesquisa do CNPQ.<\/span><\/p>\n<p><strong>Palavras-chave<\/strong><strong>: <\/strong><span style=\"font-weight: 400\">Avalia\u00e7\u00e3o Educacional. Pol\u00edtica Educacional. Curr\u00edculo. Educa\u00e7\u00e3o Superior. Universidade.<\/span><span style=\"font-weight: 400\"><br \/>\n<\/span><\/p>\n\t\t\t\t<\/div>\n\t\t\t<\/div>\n\t\t<\/div>\n\t\t\t<div class=\"sow-accordion-panel\"\n\t\t\t data-anchor=\"ii-pol%c3%adticas-curriculares-forma%c3%a7%c3%a3o-de-professores-ensino-de-ci%c3%aancias-matem%c3%a1tica-e-estat%c3%adstica\">\n\t\t\t\t<div class=\"sow-accordion-panel-header-container\" role=\"heading\" aria-level=\"2\">\n\t\t\t\t\t<div class=\"sow-accordion-panel-header\" tabindex=\"0\" role=\"button\" id=\"accordion-label-ii-pol%c3%adticas-curriculares-forma%c3%a7%c3%a3o-de-professores-ensino-de-ci%c3%aancias-matem%c3%a1tica-e-estat%c3%adstica\" aria-controls=\"accordion-content-ii-pol%c3%adticas-curriculares-forma%c3%a7%c3%a3o-de-professores-ensino-de-ci%c3%aancias-matem%c3%a1tica-e-estat%c3%adstica\" aria-expanded=\"false\">\n\t\t\t\t\t\t<div class=\"sow-accordion-title sow-accordion-title-icon-left\">\n\t\t\t\t\t\t\t\t\t\t\t\t\t\tII. Pol\u00edticas Curriculares, Forma\u00e7\u00e3o de Professores, Ensino de Ci\u00eancias, Matem\u00e1tica e Estat\u00edstica\t\t\t\t\t\t\t\t\t\t\t\t\t<\/div>\n\t\t\t\t\t\t<div class=\"sow-accordion-open-close-button\">\n\t\t\t\t\t\t\t<div class=\"sow-accordion-open-button\">\n\t\t\t\t\t\t\t\t<span class=\"sow-icon-ionicons\" data-sow-icon=\"&#xf218;\"\n\t\t \n\t\taria-hidden=\"true\"><\/span>\t\t\t\t\t\t\t<\/div>\n\t\t\t\t\t\t\t<div class=\"sow-accordion-close-button\">\n\t\t\t\t\t\t\t\t<span class=\"sow-icon-ionicons\" data-sow-icon=\"&#xf209;\"\n\t\t \n\t\taria-hidden=\"true\"><\/span>\t\t\t\t\t\t\t<\/div>\n\t\t\t\t\t\t<\/div>\n\t\t\t\t\t<\/div>\n\t\t\t\t<\/div>\n\n\t\t\t<div\n\t\t\t\tclass=\"sow-accordion-panel-content\"\n\t\t\t\trole=\"region\"\n\t\t\t\taria-labelledby=\"accordion-label-ii-pol%c3%adticas-curriculares-forma%c3%a7%c3%a3o-de-professores-ensino-de-ci%c3%aancias-matem%c3%a1tica-e-estat%c3%adstica\"\n\t\t\t\tid=\"accordion-content-ii-pol%c3%adticas-curriculares-forma%c3%a7%c3%a3o-de-professores-ensino-de-ci%c3%aancias-matem%c3%a1tica-e-estat%c3%adstica\"\n\t\t\t\tstyle=\"display: none;\"\t\t\t>\n\t\t\t\t<div class=\"sow-accordion-panel-border\" tabindex=\"0\">\n\t\t\t\t\t<p><span style=\"font-weight: 400\">Contempla investiga\u00e7\u00f5es relacionadas as quest\u00f5es contempor\u00e2neas sobre a forma\u00e7\u00e3o de professores, as pol\u00edticas curriculares e o ensino de Ci\u00eancias, Matem\u00e1tica e Estat\u00edstica, buscando estimular a reflex\u00e3o cr\u00edtica em rela\u00e7\u00e3o \u00e0s pol\u00edticas p\u00fablicas destas \u00e1reas, seus fundamentos e suas express\u00f5es nas pr\u00e1ticas curriculares, tanto na Educa\u00e7\u00e3o B\u00e1sica quanto na Educa\u00e7\u00e3o Superior. Tem como finalidade investigar os processos de organiza\u00e7\u00e3o e desenvolvimento curricular e suas rela\u00e7\u00f5es com a forma\u00e7\u00e3o inicial\/continuada e atua\u00e7\u00e3o de professores. Esta linha de pesquisa integra o Programa de P\u00f3s-Gradua\u00e7\u00e3o em Ensino de Ci\u00eancias e Educa\u00e7\u00e3o Matem\u00e1tica (PPGECEM) da UEPG, e se insere na \u00e1rea de concentra\u00e7\u00e3o \"Forma\u00e7\u00e3o de Professores e Ensino de Ci\u00eancias\", a qual compreende investiga\u00e7\u00f5es sobre a forma\u00e7\u00e3o de professores nas perspectivas te\u00f3rico-pr\u00e1ticas em diferentes ambientes de ensino e de aprendizagem, e de n\u00edveis de escolaridade, na forma\u00e7\u00e3o inicial ou continuada de professores de Ci\u00eancias e Matem\u00e1tica, incluindo programas de aperfei\u00e7oamento de professores, avalia\u00e7\u00e3o de pr\u00e1ticas pedag\u00f3gicas, de cursos e programas espec\u00edficos das licenciaturas ou magist\u00e9rio, al\u00e9m da investiga\u00e7\u00e3o dos impactos das pol\u00edticas p\u00fablicas da \u00e1rea educacional e na forma\u00e7\u00e3o dos professores de Matem\u00e1tica e Ci\u00eancias, ou \u00e1reas afins.\u00a0<\/span><span style=\"font-weight: 400\"><br \/>\n<\/span><\/p>\n<p><strong>Palavras-chave: <\/strong><span style=\"font-weight: 400\">Educa\u00e7\u00e3o Matem\u00e1tica; Forma\u00e7\u00e3o de Professores; Ensino de Ci\u00eancias, Matem\u00e1tica e Estat\u00edstica; Pol\u00edticas curriculares e curr\u00edculo; Educa\u00e7\u00e3o Estat\u00edstica.<\/span><\/p>\n<p>&nbsp;<\/p>\n\t\t\t\t<\/div>\n\t\t\t<\/div>\n\t\t<\/div>\n\t\t\t<div class=\"sow-accordion-panel\"\n\t\t\t data-anchor=\"iii-pol%c3%adtica-educacional-e-avalia%c3%a7%c3%a3o-na-educa%c3%a7%c3%a3o-b%c3%a1sica\">\n\t\t\t\t<div class=\"sow-accordion-panel-header-container\" role=\"heading\" aria-level=\"2\">\n\t\t\t\t\t<div class=\"sow-accordion-panel-header\" tabindex=\"0\" role=\"button\" id=\"accordion-label-iii-pol%c3%adtica-educacional-e-avalia%c3%a7%c3%a3o-na-educa%c3%a7%c3%a3o-b%c3%a1sica\" aria-controls=\"accordion-content-iii-pol%c3%adtica-educacional-e-avalia%c3%a7%c3%a3o-na-educa%c3%a7%c3%a3o-b%c3%a1sica\" aria-expanded=\"false\">\n\t\t\t\t\t\t<div class=\"sow-accordion-title sow-accordion-title-icon-left\">\n\t\t\t\t\t\t\t\t\t\t\t\t\t\tIII. Pol\u00edtica Educacional e Avalia\u00e7\u00e3o na Educa\u00e7\u00e3o B\u00e1sica\t\t\t\t\t\t\t\t\t\t\t\t\t<\/div>\n\t\t\t\t\t\t<div class=\"sow-accordion-open-close-button\">\n\t\t\t\t\t\t\t<div class=\"sow-accordion-open-button\">\n\t\t\t\t\t\t\t\t<span class=\"sow-icon-ionicons\" data-sow-icon=\"&#xf218;\"\n\t\t \n\t\taria-hidden=\"true\"><\/span>\t\t\t\t\t\t\t<\/div>\n\t\t\t\t\t\t\t<div class=\"sow-accordion-close-button\">\n\t\t\t\t\t\t\t\t<span class=\"sow-icon-ionicons\" data-sow-icon=\"&#xf209;\"\n\t\t \n\t\taria-hidden=\"true\"><\/span>\t\t\t\t\t\t\t<\/div>\n\t\t\t\t\t\t<\/div>\n\t\t\t\t\t<\/div>\n\t\t\t\t<\/div>\n\n\t\t\t<div\n\t\t\t\tclass=\"sow-accordion-panel-content\"\n\t\t\t\trole=\"region\"\n\t\t\t\taria-labelledby=\"accordion-label-iii-pol%c3%adtica-educacional-e-avalia%c3%a7%c3%a3o-na-educa%c3%a7%c3%a3o-b%c3%a1sica\"\n\t\t\t\tid=\"accordion-content-iii-pol%c3%adtica-educacional-e-avalia%c3%a7%c3%a3o-na-educa%c3%a7%c3%a3o-b%c3%a1sica\"\n\t\t\t\tstyle=\"display: none;\"\t\t\t>\n\t\t\t\t<div class=\"sow-accordion-panel-border\" tabindex=\"0\">\n\t\t\t\t\t<p><span style=\"font-weight: 400\">Contempla estudos e pesquisas sobre pol\u00edticas educacionais voltadas \u00e0 Educa\u00e7\u00e3o B\u00e1sica em suas interfaces com a avalia\u00e7\u00e3o educacional e curr\u00edculo. Adota como postura investigativa a reflex\u00e3o cr\u00edtica e a produ\u00e7\u00e3o de conhecimentos sobre a teoria e a pr\u00e1tica de diferentes objetos de avalia\u00e7\u00e3o, bem como suas rela\u00e7\u00f5es com os processos de planejamento, gest\u00e3o educacional e escolar, e desenvolvimento curricular. Esta linha de pesquisa integra o Programa de P\u00f3s-Gradua\u00e7\u00e3o em Educa\u00e7\u00e3o (PPGE) da UEPG, e o Grupo de Estudos e Pesquisas em Pol\u00edtica Educacional e Avalia\u00e7\u00e3o (GEPPEA) cadastrado no Diret\u00f3rio de Grupos de Pesquisa do CNPQ.<\/span><\/p>\n<p><strong>Palavras-chave: <span style=\"font-weight: 400\">Avalia\u00e7\u00e3o Educacional. Pol\u00edtica Educacional. Curr\u00edculo. Educa\u00e7\u00e3o B\u00e1sica. Escola.<\/span><span style=\"font-weight: 400\"><br \/>\n<\/span><\/strong><\/p>\n\t\t\t\t<\/div>\n\t\t\t<\/div>\n\t\t<\/div>\n\t\t<\/div>\n<\/div>\n<\/div><\/div><\/div><\/div><\/div>","protected":false},"excerpt":{"rendered":"<p>O grupo de pesquisa \u00e9 constitu\u00eddo pelas seguintes linhas: I. Pol\u00edtica Educacional e Avalia\u00e7\u00e3o na Educa\u00e7\u00e3o Superior Contempla estudos e pesquisas sobre pol\u00edticas educacionais relativas \u00e0s quest\u00f5es de avalia\u00e7\u00e3o, curr\u00edculo e pol\u00edticas da Educa\u00e7\u00e3o Superior. Adota como postura investigativa a reflex\u00e3o cr\u00edtica e a produ\u00e7\u00e3o de conhecimentos sobre a teoria e a pr\u00e1tica de diferentes&nbsp;&hellip;<\/p>\n","protected":false},"author":204,"featured_media":0,"parent":0,"menu_order":0,"comment_status":"closed","ping_status":"closed","template":"","meta":[],"_links":{"self":[{"href":"https:\/\/www2.uepg.br\/geppea\/wp-json\/wp\/v2\/pages\/126"}],"collection":[{"href":"https:\/\/www2.uepg.br\/geppea\/wp-json\/wp\/v2\/pages"}],"about":[{"href":"https:\/\/www2.uepg.br\/geppea\/wp-json\/wp\/v2\/types\/page"}],"author":[{"embeddable":true,"href":"https:\/\/www2.uepg.br\/geppea\/wp-json\/wp\/v2\/users\/204"}],"replies":[{"embeddable":true,"href":"https:\/\/www2.uepg.br\/geppea\/wp-json\/wp\/v2\/comments?post=126"}],"version-history":[{"count":21,"href":"https:\/\/www2.uepg.br\/geppea\/wp-json\/wp\/v2\/pages\/126\/revisions"}],"predecessor-version":[{"id":608,"href":"https:\/\/www2.uepg.br\/geppea\/wp-json\/wp\/v2\/pages\/126\/revisions\/608"}],"wp:attachment":[{"href":"https:\/\/www2.uepg.br\/geppea\/wp-json\/wp\/v2\/media?parent=126"}],"curies":[{"name":"wp","href":"https:\/\/api.w.org\/{rel}","templated":true}]}}