{"id":166,"date":"2020-11-25T11:22:15","date_gmt":"2020-11-25T14:22:15","guid":{"rendered":"http:\/\/www2.uepg.br\/geppea\/?page_id=166"},"modified":"2023-01-27T09:47:25","modified_gmt":"2023-01-27T12:47:25","slug":"agenda","status":"publish","type":"page","link":"https:\/\/www2.uepg.br\/geppea\/agenda\/","title":{"rendered":"Agenda"},"content":{"rendered":"<h2><strong>CRONOGRAMA DE REUNI\u00d5ES GEPPEA 2023<\/strong><\/h2>\n<p>A definir.<\/p>\n<p>&nbsp;<\/p>\n<h3><strong>EVENTOS &#8211; Ensino e Educa\u00e7\u00e3o Matem\u00e1tica 2023<\/strong><\/h3>\n<p>A seguir uma lista elaborada pelo professor Jos\u00e9 Walber de Souza Ferreira do grupo de estudos <strong>EMF<\/strong>oco &#8211; <strong>E<\/strong>duca\u00e7\u00e3o <strong>M<\/strong>atem\u00e1tica em <strong>F<\/strong>oco com eventos na \u00e1rea a serem realizados em 2023.<\/p>\n<p><a href=\"http:\/\/www2.uepg.br\/geppea\/wp-content\/uploads\/sites\/157\/2023\/01\/EVENTOS.pdf\">EVENTOS <\/a><\/p>\n","protected":false},"excerpt":{"rendered":"<p>CRONOGRAMA DE REUNI\u00d5ES GEPPEA 2023 A definir. &nbsp; EVENTOS &#8211; Ensino e Educa\u00e7\u00e3o Matem\u00e1tica 2023 A seguir uma lista elaborada pelo professor Jos\u00e9 Walber de Souza Ferreira do grupo de estudos EMFoco &#8211; Educa\u00e7\u00e3o Matem\u00e1tica em Foco com eventos na \u00e1rea a serem realizados em 2023. EVENTOS<\/p>\n","protected":false},"author":204,"featured_media":0,"parent":0,"menu_order":0,"comment_status":"closed","ping_status":"closed","template":"","meta":[],"_links":{"self":[{"href":"https:\/\/www2.uepg.br\/geppea\/wp-json\/wp\/v2\/pages\/166"}],"collection":[{"href":"https:\/\/www2.uepg.br\/geppea\/wp-json\/wp\/v2\/pages"}],"about":[{"href":"https:\/\/www2.uepg.br\/geppea\/wp-json\/wp\/v2\/types\/page"}],"author":[{"embeddable":true,"href":"https:\/\/www2.uepg.br\/geppea\/wp-json\/wp\/v2\/users\/204"}],"replies":[{"embeddable":true,"href":"https:\/\/www2.uepg.br\/geppea\/wp-json\/wp\/v2\/comments?post=166"}],"version-history":[{"count":15,"href":"https:\/\/www2.uepg.br\/geppea\/wp-json\/wp\/v2\/pages\/166\/revisions"}],"predecessor-version":[{"id":653,"href":"https:\/\/www2.uepg.br\/geppea\/wp-json\/wp\/v2\/pages\/166\/revisions\/653"}],"wp:attachment":[{"href":"https:\/\/www2.uepg.br\/geppea\/wp-json\/wp\/v2\/media?parent=166"}],"curies":[{"name":"wp","href":"https:\/\/api.w.org\/{rel}","templated":true}]}}