{"id":170,"date":"2020-11-25T11:27:15","date_gmt":"2020-11-25T14:27:15","guid":{"rendered":"http:\/\/www2.uepg.br\/geppea\/?page_id=170"},"modified":"2021-06-07T18:56:00","modified_gmt":"2021-06-07T21:56:00","slug":"contato","status":"publish","type":"page","link":"https:\/\/www2.uepg.br\/geppea\/contato\/","title":{"rendered":"Contato"},"content":{"rendered":"<div id=\"wrapper\" class=\"content\">\n<div id=\"content\" class=\"local\">\n<h2 style=\"text-align: center\"><strong>Sigam nossas redes sociais!<\/strong><\/h2>\n<h3 style=\"text-align: center\">Facebook geppea.uepg<\/h3>\n<h3 style=\"text-align: center\">Instagram @geppea.uepg<\/h3>\n<p>&nbsp;<\/p>\n<h2 style=\"text-align: center\"><strong>Onde podem nos encontrar?<\/strong><\/h2>\n<h3 id=\"formulario\" style=\"text-align: center\"><small><b>Grupo de Estudos e Pesquisas em Pol\u00edtica Educacional e Avalia\u00e7\u00e3o<\/b><br \/>\nUniversidade Estadual de Ponta Grossa<br \/>\nPrograma de P\u00f3s-gradua\u00e7\u00e3o em Educa\u00e7\u00e3o &#8211; PPGE<br \/>\nBloco da Centro Interdisciplinar de Pesquisa de P\u00f3s Gradua\u00e7\u00e3o CIPP<br \/>\nCampus de Uvaranas &#8211; Av. General Carlos Cavalcanti, 4748<br \/>\nPonta Grossa &#8211; PR<br \/>\nCEP 84.030-900<br \/>\n(42) 3220-3743<br \/>\ngeppea.uepg@gmail.com<\/small><\/h3>\n<div class=\"center\" align=\"center\"><\/div>\n<\/div>\n<\/div>\n<div id=\"footer\">\n<div id=\"wrapper\">\n<div id=\"ft\" class=\"esq\"><\/div>\n<\/div>\n<\/div>\n","protected":false},"excerpt":{"rendered":"<p>Sigam nossas redes sociais! Facebook geppea.uepg Instagram @geppea.uepg &nbsp; Onde podem nos encontrar? Grupo de Estudos e Pesquisas em Pol\u00edtica Educacional e Avalia\u00e7\u00e3o Universidade Estadual de Ponta Grossa Programa de P\u00f3s-gradua\u00e7\u00e3o em Educa\u00e7\u00e3o &#8211; PPGE Bloco da Centro Interdisciplinar de Pesquisa de P\u00f3s Gradua\u00e7\u00e3o CIPP Campus de Uvaranas &#8211; Av. General Carlos Cavalcanti, 4748 Ponta&nbsp;&hellip;<\/p>\n","protected":false},"author":204,"featured_media":0,"parent":0,"menu_order":0,"comment_status":"closed","ping_status":"closed","template":"","meta":[],"_links":{"self":[{"href":"https:\/\/www2.uepg.br\/geppea\/wp-json\/wp\/v2\/pages\/170"}],"collection":[{"href":"https:\/\/www2.uepg.br\/geppea\/wp-json\/wp\/v2\/pages"}],"about":[{"href":"https:\/\/www2.uepg.br\/geppea\/wp-json\/wp\/v2\/types\/page"}],"author":[{"embeddable":true,"href":"https:\/\/www2.uepg.br\/geppea\/wp-json\/wp\/v2\/users\/204"}],"replies":[{"embeddable":true,"href":"https:\/\/www2.uepg.br\/geppea\/wp-json\/wp\/v2\/comments?post=170"}],"version-history":[{"count":10,"href":"https:\/\/www2.uepg.br\/geppea\/wp-json\/wp\/v2\/pages\/170\/revisions"}],"predecessor-version":[{"id":557,"href":"https:\/\/www2.uepg.br\/geppea\/wp-json\/wp\/v2\/pages\/170\/revisions\/557"}],"wp:attachment":[{"href":"https:\/\/www2.uepg.br\/geppea\/wp-json\/wp\/v2\/media?parent=170"}],"curies":[{"name":"wp","href":"https:\/\/api.w.org\/{rel}","templated":true}]}}