{"id":6,"date":"2020-04-20T14:56:52","date_gmt":"2020-04-20T17:56:52","guid":{"rendered":"http:\/\/www2.uepg.br\/geppea\/?page_id=6"},"modified":"2021-06-07T22:21:16","modified_gmt":"2021-06-08T01:21:16","slug":"home","status":"publish","type":"page","link":"https:\/\/www2.uepg.br\/geppea\/","title":{"rendered":"Home"},"content":{"rendered":"<div id=\"pl-6\"  class=\"panel-layout\" ><div id=\"pg-6-0\"  class=\"panel-grid panel-no-style\" ><div id=\"pgc-6-0-0\"  class=\"panel-grid-cell\" ><div id=\"panel-6-0-0-0\" class=\"so-panel widget widget_sow-editor panel-first-child panel-last-child\" data-index=\"0\" ><div class=\"panel-widget-style panel-widget-style-for-6-0-0-0\" ><div\n\t\t\t\n\t\t\tclass=\"so-widget-sow-editor so-widget-sow-editor-base\"\n\t\t\t\n\t\t>\n<div class=\"siteorigin-widget-tinymce textwidget\">\n\t<p style=\"text-align: center\"><span style=\"font-weight: 400\">O Grupo de Estudos e Pesquisas em Pol\u00edtica Educacional e Avalia\u00e7\u00e3o, criado em 2010, est\u00e1 vinculado ao Diret\u00f3rio de Grupos de Pesquisa do CNPQ e ao Programa de P\u00f3s-Gradua\u00e7\u00e3o em Educa\u00e7\u00e3o (PPGE) e ao Programa de P\u00f3s-Gradua\u00e7\u00e3o em Ensino de Ci\u00eancias e Educa\u00e7\u00e3o Matem\u00e1tica (PPGECEM) da Universidade Estadual de Ponta Grossa, localizada no munic\u00edpio de Ponta Grossa, no estado do Paran\u00e1, Brasil.<\/span><\/p>\n<p style=\"text-align: center\"><span style=\"font-weight: 400\">O grupo est\u00e1 voltado para estudos, pesquisas e publica\u00e7\u00f5es sobre pol\u00edticas educacionais e avalia\u00e7\u00e3o educacional\/institucional. Contempla o estudo de pol\u00edticas p\u00fablicas relativas \u00e0 avalia\u00e7\u00e3o na Educa\u00e7\u00e3o B\u00e1sica e Educa\u00e7\u00e3o Superior relacionadas \u00e0s repercuss\u00f5es e impactos nas reformas educacionais e curriculares. Os estudos abrangem pol\u00edticas, programas e projetos oriundos da sociedade pol\u00edtica, incluindo as tr\u00eas esferas governamentais da estrutura administrativa (federal, estadual e municipal), seus impactos e repercuss\u00f5es nas institui\u00e7\u00f5es escolares e na configura\u00e7\u00e3o dos curr\u00edculos.\u00a0 As pesquisas contemplam problem\u00e1ticas educacionais de ordem macro (estado, sistemas, redes), de ordem meso (escolas, institui\u00e7\u00f5es), at\u00e9 a especificidade da influ\u00eancia das pol\u00edticas educacionais de avalia\u00e7\u00e3o na sala de aula, ou seja, no espa\u00e7o educacional micro, sem desconsiderar as influ\u00eancias internacionais. Adota como postura investigativa a reflex\u00e3o cr\u00edtica e a produ\u00e7\u00e3o de conhecimentos sobre a teoria e a pr\u00e1tica de diferentes objetos de avalia\u00e7\u00e3o, bem como suas rela\u00e7\u00f5es com os processos de organiza\u00e7\u00e3o e desenvolvimento curricular. O grupo objetiva contribuir para ampliar o conhecimento anal\u00edtico das pol\u00edticas educacionais, de avalia\u00e7\u00e3o e de curr\u00edculo, subsidiar an\u00e1lise de investiga\u00e7\u00f5es, produ\u00e7\u00f5es te\u00f3ricas e pr\u00e1ticas, por meio da divulga\u00e7\u00e3o dos resultados das pesquisas em eventos e publica\u00e7\u00f5es de natureza cient\u00edfica.<\/span><\/p>\n<p style=\"text-align: left\"><b>Palavras-chave<\/b><span style=\"font-weight: 400\">: \u00a0Pol\u00edtica Educacional. Avalia\u00e7\u00e3o Educacional. Curr\u00edculo.<\/span><\/p>\n<p><strong>Endere\u00e7o do Grupo no CNPq<\/strong>: <a href=\"http:\/\/dgp.cnpq.br\/dgp\/espelhogrupo\/6065250688735063\">dgp.cnpq.br\/dgp\/espelhogrupo\/6065250688735063<\/a><\/p>\n<p><a href=\"http:\/\/www2.uepg.br\/geppea\/wp-content\/uploads\/sites\/157\/2021\/06\/FOTOS-GEPPEA.pdf\">GALERIA DE FOTOS GEPPEA<\/a><\/p>\n<\/div>\n<\/div><\/div><\/div><\/div><\/div><div id=\"pg-6-1\"  class=\"panel-grid panel-no-style\" ><div id=\"pgc-6-1-0\"  class=\"panel-grid-cell panel-grid-cell-empty\" ><\/div><\/div><div id=\"pg-6-2\"  class=\"panel-grid panel-no-style\" ><div id=\"pgc-6-2-0\"  class=\"panel-grid-cell panel-grid-cell-empty\" ><\/div><\/div><\/div>","protected":false},"excerpt":{"rendered":"<p>O Grupo de Estudos e Pesquisas em Pol\u00edtica Educacional e Avalia\u00e7\u00e3o, criado em 2010, est\u00e1 vinculado ao Diret\u00f3rio de Grupos de Pesquisa do CNPQ e ao Programa de P\u00f3s-Gradua\u00e7\u00e3o em Educa\u00e7\u00e3o (PPGE) e ao Programa de P\u00f3s-Gradua\u00e7\u00e3o em Ensino de Ci\u00eancias e Educa\u00e7\u00e3o Matem\u00e1tica (PPGECEM) da Universidade Estadual de Ponta Grossa, localizada no munic\u00edpio de&nbsp;&hellip;<\/p>\n","protected":false},"author":24,"featured_media":0,"parent":0,"menu_order":0,"comment_status":"closed","ping_status":"closed","template":"","meta":[],"_links":{"self":[{"href":"https:\/\/www2.uepg.br\/geppea\/wp-json\/wp\/v2\/pages\/6"}],"collection":[{"href":"https:\/\/www2.uepg.br\/geppea\/wp-json\/wp\/v2\/pages"}],"about":[{"href":"https:\/\/www2.uepg.br\/geppea\/wp-json\/wp\/v2\/types\/page"}],"author":[{"embeddable":true,"href":"https:\/\/www2.uepg.br\/geppea\/wp-json\/wp\/v2\/users\/24"}],"replies":[{"embeddable":true,"href":"https:\/\/www2.uepg.br\/geppea\/wp-json\/wp\/v2\/comments?post=6"}],"version-history":[{"count":21,"href":"https:\/\/www2.uepg.br\/geppea\/wp-json\/wp\/v2\/pages\/6\/revisions"}],"predecessor-version":[{"id":564,"href":"https:\/\/www2.uepg.br\/geppea\/wp-json\/wp\/v2\/pages\/6\/revisions\/564"}],"wp:attachment":[{"href":"https:\/\/www2.uepg.br\/geppea\/wp-json\/wp\/v2\/media?parent=6"}],"curies":[{"name":"wp","href":"https:\/\/api.w.org\/{rel}","templated":true}]}}