{"id":136,"date":"2025-05-12T10:28:04","date_gmt":"2025-05-12T13:28:04","guid":{"rendered":"https:\/\/www2.uepg.br\/geptrado\/?page_id=136"},"modified":"2025-05-18T21:14:16","modified_gmt":"2025-05-19T00:14:16","slug":"linhas-de-pesquisa","status":"publish","type":"page","link":"https:\/\/www2.uepg.br\/geptrado\/linhas-de-pesquisa\/","title":{"rendered":"Linhas de pesquisa"},"content":{"rendered":"<p><u><img loading=\"lazy\" class=\"alignnone size-full wp-image-194\" src=\"https:\/\/www2.uepg.br\/geptrado\/wp-content\/uploads\/sites\/284\/2025\/05\/1000064145.jpg\" alt=\"\" width=\"260\" height=\"194\" \/><\/u><\/p>\n<ul>\n<li><strong><u>FORMA\u00c7\u00c3O E PROFISS\u00c3O DOCENTE \u00a0<\/u><\/strong><\/li>\n<\/ul>\n<p><strong><u>Palavras-chave<\/u>:<\/strong> Pol\u00edticas Educacionais, Profissionaliza\u00e7\u00e3o Docente, Identidade Docente, Forma\u00e7\u00e3o de Professores, Aprendizagem da Doc\u00eancia, Saberes Docentes<\/p>\n<p>&nbsp;<\/p>\n<p><strong>A linha <em>Forma\u00e7\u00e3o e Profiss\u00e3o docentes<\/em>\u00a0tem como objetivos:<\/strong><\/p>\n<p>&#8211; articular discuss\u00f5es que tratam da forma\u00e7\u00e3o de professores na Educa\u00e7\u00e3o B\u00e1sica, sob diferentes enfoques;<\/p>\n<p>&#8211; analisar as pol\u00edticas educacionais voltadas para a forma\u00e7\u00e3o de professores;<\/p>\n<p>&#8211; discutir tend\u00eancias te\u00f3ricas no contexto hist\u00f3rico da forma\u00e7\u00e3o de professores;<\/p>\n<p>-investigar estudos sobre a forma\u00e7\u00e3o de professores, destacando tend\u00eancias atuais.<\/p>\n<p>&nbsp;<\/p>\n<p><strong><u>\u00c1reas:<\/u> <\/strong>Ensino e Aprendizagem, Forma\u00e7\u00e3o de Professores, Did\u00e1tica.<\/p>\n<p>&nbsp;<\/p>\n<ul>\n<li><strong><u>PR\u00c1TICAS \u00a0E TRABALHO DOCENTE<\/u><\/strong><\/li>\n<\/ul>\n<p><strong><u>Palavras-chave<\/u><\/strong>: Profissionaliza\u00e7\u00e3o, Hist\u00f3ria da doc\u00eancia, Condi\u00e7\u00f5es do Trabalho docente, Identidade Docente, Ensino e Aprendizagem, Epistemologia do Trabalho Docente.<\/p>\n<p><strong>Os objetivos da linha <em>Pr\u00e1ticas e Trabalho Docente<\/em>\u00a0buscam:<\/strong><\/p>\n<p>&#8211; investigar o trabalho docente;<\/p>\n<p>&#8211; discutir as tend\u00eancias te\u00f3ricas do trabalho docente;<\/p>\n<p>&#8211; articular discuss\u00f5es sobre a forma\u00e7\u00e3o de professores e o trabalho docente;<\/p>\n<p>-conjugar estudos e pesquisas que tratam de pr\u00e1ticas educativas na Educa\u00e7\u00e3o B\u00e1sica.<\/p>\n<p>&nbsp;<\/p>\n<p><strong><u>\u00c1reas<\/u>:<\/strong> Hist\u00f3ria da Educa\u00e7\u00e3o, Ensino Aprendizagem, Profissionaliza\u00e7\u00e3o Docente.<\/p>\n","protected":false},"excerpt":{"rendered":"<p>FORMA\u00c7\u00c3O E PROFISS\u00c3O DOCENTE \u00a0 Palavras-chave: Pol\u00edticas Educacionais, Profissionaliza\u00e7\u00e3o Docente, Identidade Docente, Forma\u00e7\u00e3o de Professores, Aprendizagem da Doc\u00eancia, Saberes Docentes &nbsp; A linha Forma\u00e7\u00e3o e Profiss\u00e3o docentes\u00a0tem como objetivos: &#8211; articular discuss\u00f5es que tratam da forma\u00e7\u00e3o de professores na Educa\u00e7\u00e3o B\u00e1sica, sob diferentes enfoques; &#8211; analisar as pol\u00edticas educacionais voltadas para a forma\u00e7\u00e3o de professores;&nbsp;&hellip;<\/p>\n","protected":false},"author":378,"featured_media":0,"parent":0,"menu_order":0,"comment_status":"closed","ping_status":"closed","template":"","meta":[],"_links":{"self":[{"href":"https:\/\/www2.uepg.br\/geptrado\/wp-json\/wp\/v2\/pages\/136"}],"collection":[{"href":"https:\/\/www2.uepg.br\/geptrado\/wp-json\/wp\/v2\/pages"}],"about":[{"href":"https:\/\/www2.uepg.br\/geptrado\/wp-json\/wp\/v2\/types\/page"}],"author":[{"embeddable":true,"href":"https:\/\/www2.uepg.br\/geptrado\/wp-json\/wp\/v2\/users\/378"}],"replies":[{"embeddable":true,"href":"https:\/\/www2.uepg.br\/geptrado\/wp-json\/wp\/v2\/comments?post=136"}],"version-history":[{"count":7,"href":"https:\/\/www2.uepg.br\/geptrado\/wp-json\/wp\/v2\/pages\/136\/revisions"}],"predecessor-version":[{"id":236,"href":"https:\/\/www2.uepg.br\/geptrado\/wp-json\/wp\/v2\/pages\/136\/revisions\/236"}],"wp:attachment":[{"href":"https:\/\/www2.uepg.br\/geptrado\/wp-json\/wp\/v2\/media?parent=136"}],"curies":[{"name":"wp","href":"https:\/\/api.w.org\/{rel}","templated":true}]}}