{"id":140,"date":"2018-09-22T05:31:25","date_gmt":"2018-09-22T05:31:25","guid":{"rendered":"http:\/\/www2.uepg.br\/gpinterconexoes\/?page_id=140"},"modified":"2018-09-22T05:31:25","modified_gmt":"2018-09-22T05:31:25","slug":"das-territorialidades-tradicionais-a-territorializacao-da-agroecologia","status":"publish","type":"page","link":"https:\/\/www2.uepg.br\/gpinterconexoes\/projetos\/das-territorialidades-tradicionais-a-territorializacao-da-agroecologia\/","title":{"rendered":"Das territorialidades tradicionais \u00e0 territorializa\u00e7\u00e3o da agroecologia"},"content":{"rendered":"<div>O projeto de Pesquisa aprovado pelo CNPq (Universal 2016), intitulado \u00a8<i><b>Das territorialidades tradicionais \u00e0 territorializa\u00e7\u00e3o da agroecologia: saberes, pr\u00e1ticas e pol\u00edticas de natureza em tr\u00eas comunidades rurais paranaense<\/b><\/i>\u00a8, bem como o projeto de Extens\u00e3o aprovado pela Secretaria de Ci\u00eancia e Tecnologia do Estado do Paran\u00e1 (edital Universidade Sem Fronteiras, 2016), intitulado\u00a0 \u00a8<i><b>Selo Socioambiental Produtos da Agrofloresta Faxinalense: Capacita\u00e7\u00e3o sociot\u00e9cnica e empoderamento jur\u00eddico para a inclus\u00e3o social e gera\u00e7\u00e3o de renda em comunidades rurais faxinalenses do Paran\u00e1<\/b><\/i>\u00a8, t\u00eam como objetivo geral avaliar em que medida a proposta agroecol\u00f3gica de desenvolvimento local pode viabilizar as territorialidades tradicionais (os modos de viver e habitar de uma dada coletividade no territ\u00f3rio) de tr\u00eas comunidades rurais do Paran\u00e1, a saber: o Faxinal Sete Saltos de Baixo (munic\u00edpio de Ponta Grossa), a comunidade remanescente de quilombolas do Palmital dos Pretos (munic\u00edpio de Campo Largo) e a Comunidade de pescadores artesanais do Guaragua\u00e7u (munic\u00edpio de Pontal do Paran\u00e1).<\/div>\n<div><\/div>\n<div>\n<div>Em termos de extens\u00e3o, o projeto apresenta como finalidades:<\/div>\n<\/div>\n<div><\/div>\n<ol>\n<li>Caracteriza\u00e7\u00e3o da identidade socioterritorial no que tange \u00e0s formas de\u00a0 ado\u00e7\u00e3o\u00a0 e\/ou adapta\u00e7\u00e3o ao Modelo Alternativo de Produ\u00e7\u00e3o Agroflorestal;<\/li>\n<li>A cria\u00e7\u00e3o de uma Marca de Origem geogr\u00e1fico-cultural de Produtos Tradicionais de Base Ecol\u00f3gica;<\/li>\n<li>\u00a0A viabiliza\u00e7\u00e3o de Circuitos Alternativos de Comercializa\u00e7\u00e3o e de gera\u00e7\u00e3o de renda;<\/li>\n<\/ol>\n<div>\n<div><\/div>\n<\/div>\n<div>\n<div>Tratando-se de um processo de ado\u00e7\u00e3o e desenvolvimento de tecnologias sociais, a idealiza\u00e7\u00e3o do projeto destacou como factual a configura\u00e7\u00e3o de um complexo problema de pesquisa, configurado de vari\u00e1veis de seguintes ordens:<\/div>\n<\/div>\n<div>\n<div><\/div>\n<\/div>\n<ul>\n<li><b>ecossist\u00eamica<\/b>\u00a0(as voca\u00e7\u00f5es produtivas e as capacidades de regenera\u00e7\u00e3o dos ecossistemas),;<\/li>\n<li><b>sociocultural\u00a0<\/b>(valores substantivos e imagin\u00e1rios a partir dos quais reafirmam-se as pr\u00e1ticas de solidariedade comunit\u00e1ria e regimes de propriedade da terra);<\/li>\n<li><b>econ\u00f4mica<\/b>\u00a0(formas de explora\u00e7\u00e3o dos recursos, organiza\u00e7\u00e3o do trabalho e reparti\u00e7\u00e3o do seus produtos);<\/li>\n<li><b>pol\u00edtica<\/b>\u00a0(a territorializa\u00e7\u00e3o de pol\u00edticas institucionalizadas\u00a0de ci\u00eancia, assist\u00eancia e extens\u00e3o rural, bem como das din\u00e2micas globais do capital.<\/li>\n<\/ul>\n<div><\/div>\n<div><\/div>\n<div>Assim, das m\u00faltiplas vari\u00e1veis em jogo no processo de ado\u00e7\u00e3o de modelos alternativos de produ\u00e7\u00e3o e comercializa\u00e7\u00e3o,\u00a0emergir\u00e3o, em \u00faltima an\u00e1lise,\u00a0<b>(re)arranjos socioterritoriais<\/b>\u00a0com repercuss\u00f5es em n\u00edvel de representa\u00e7\u00f5es, conhecimentos e pr\u00e1ticas de agrobiodiversidade e reprodutibilidade socioecol\u00f3gica.<\/div>\n<div><\/div>\n<div><\/div>\n<div>Nesses termos, aparece como imprescind\u00edvel a constitui\u00e7\u00e3o de uma equipe interdisciplinar, capaz de dialogar e atuar em n\u00edvel de rede com outros atores do territ\u00f3rio, envolvidos no projeto de desenvolvimento local, e que seja virtualmente capaz de dar concretude \u00e0s seguintes a\u00e7\u00f5es:<\/div>\n<div><\/div>\n<div>a. elabora\u00e7\u00e3o de modelos explicativos da territorialidade tradicional e dos problemas socioambientais em n\u00edvel regional;<\/div>\n<div><\/div>\n<div>b. elabora\u00e7\u00e3o de cursos e oficinas de capacita\u00e7\u00e3o sociot\u00e9cnica em agroecologia, que inclui o empoderamento jur\u00eddico e alternativas de comercializa\u00e7\u00e3o, em conformidade com as territorialidades doravante caracterizadas; possibilitando;<\/div>\n<div><\/div>\n<div>c. a identifica\u00e7\u00e3o dos aspectos (dimens\u00f5es) mais relevantes e decisivos para a efetiva\u00e7\u00e3o ou n\u00e3o desse projeto agroecol\u00f3gico, isto \u00e9, dos capitais socioculturais catalizadores de pr\u00e1ticas alternativas de produ\u00e7\u00e3o (de base ecol\u00f3gica), de gera\u00e7\u00e3o de renda (dinamiza\u00e7\u00e3o da economia territorial) e empoderamento jur\u00eddico (efetiva\u00e7\u00e3o dos direitos socioterritoriais) dos agentes comunit\u00e1rios.<\/div>\n<div><\/div>\n<div>Em termos concretos, tais a\u00e7\u00f5es dever\u00e3o resultar nos seguintes em processos e produtos, sintetizados em tr\u00eas grandes metas, para cada item acima destacado:<\/div>\n<div><\/div>\n<div>\n<div>i) elabora\u00e7\u00e3o de\u00a0<b>modelos explicativos da territorialidade tradicional\u00a0<\/b>e dos problemas socioambientais em n\u00edvel regional;<\/div>\n<\/div>\n<div>\n<div><\/div>\n<\/div>\n<div><\/div>\n<div>\n<div class=\"separator\"><a href=\"https:\/\/3.bp.blogspot.com\/-wAyHZ1QMHHo\/WpNPXS9fKwI\/AAAAAAAAKDg\/w26dN6Ev4CwZplTjZePNi2sHUhqW-t3vACLcBGAs\/s1600\/Captura%2Bde%2BTela%2B2018-02-25%2Ba%25CC%2580s%2B21.05.18.png\"><img loading=\"lazy\" src=\"https:\/\/3.bp.blogspot.com\/-wAyHZ1QMHHo\/WpNPXS9fKwI\/AAAAAAAAKDg\/w26dN6Ev4CwZplTjZePNi2sHUhqW-t3vACLcBGAs\/s640\/Captura%2Bde%2BTela%2B2018-02-25%2Ba%25CC%2580s%2B21.05.18.png\" width=\"640\" height=\"499\" border=\"0\" \/><\/a><\/div>\n<div>ii) elabora\u00e7\u00e3o de\u00a0<b>cursos e oficinas de capacita\u00e7\u00e3o sociot\u00e9cnica em agroecologia<\/b>, que inclui o empoderamento jur\u00eddico e alternativas de comercializa\u00e7\u00e3o, em conformidade com as territorialidades doravante caracterizadas; possibilitando;<\/div>\n<\/div>\n<div><\/div>\n<div><\/div>\n<div>\n<div class=\"separator\"><a href=\"https:\/\/1.bp.blogspot.com\/-WloLYwEnaNM\/WpNPy5aOOAI\/AAAAAAAAKDk\/fWgjYJCx4RonYZ0W1LV8p5JG3dDOiZq3QCLcBGAs\/s1600\/Captura%2Bde%2BTela%2B2018-02-25%2Ba%25CC%2580s%2B21.07.00.png\"><img loading=\"lazy\" src=\"https:\/\/1.bp.blogspot.com\/-WloLYwEnaNM\/WpNPy5aOOAI\/AAAAAAAAKDk\/fWgjYJCx4RonYZ0W1LV8p5JG3dDOiZq3QCLcBGAs\/s640\/Captura%2Bde%2BTela%2B2018-02-25%2Ba%25CC%2580s%2B21.07.00.png\" width=\"640\" height=\"505\" border=\"0\" \/><\/a><\/div>\n<div class=\"separator\"><a href=\"https:\/\/1.bp.blogspot.com\/-VuOdea2VH20\/WpNQPSSMKnI\/AAAAAAAAKDs\/jIg_4v6Cc8khmhX9_0Qi5s3PbSxVoEb6ACLcBGAs\/s1600\/Captura%2Bde%2BTela%2B2018-02-25%2Ba%25CC%2580s%2B21.08.47.png\"><img loading=\"lazy\" src=\"https:\/\/1.bp.blogspot.com\/-VuOdea2VH20\/WpNQPSSMKnI\/AAAAAAAAKDs\/jIg_4v6Cc8khmhX9_0Qi5s3PbSxVoEb6ACLcBGAs\/s640\/Captura%2Bde%2BTela%2B2018-02-25%2Ba%25CC%2580s%2B21.08.47.png\" width=\"640\" height=\"508\" border=\"0\" \/><\/a><\/div>\n<div>iii) a<b>\u00a0identifica\u00e7\u00e3o\u00a0<\/b>dos aspectos (dimens\u00f5es) mais relevantes e decisivos para a efetiva\u00e7\u00e3o ou n\u00e3o desse projeto agroecol\u00f3gico, isto \u00e9,\u00a0<b>dos capitais socioculturais catalizadores de pr\u00e1ticas alternativas<\/b>\u00a0de produ\u00e7\u00e3o (de base ecol\u00f3gica), de gera\u00e7\u00e3o de renda (dinamiza\u00e7\u00e3o da economia territorial) e empoderamento jur\u00eddico (efetiva\u00e7\u00e3o dos direitos socioterritoriais) dos agentes comunit\u00e1rios.<\/div>\n<\/div>\n<div>\n<div class=\"separator\"><a href=\"https:\/\/1.bp.blogspot.com\/-32nih74sPao\/WpNW6VMUqTI\/AAAAAAAAKEA\/Y2SKhFUdI7knWfOaKiHgfWc9hJE4tsPrwCLcBGAs\/s1600\/Captura%2Bde%2BTela%2B2018-02-25%2Ba%25CC%2580s%2B21.37.02.png\"><img loading=\"lazy\" src=\"https:\/\/1.bp.blogspot.com\/-32nih74sPao\/WpNW6VMUqTI\/AAAAAAAAKEA\/Y2SKhFUdI7knWfOaKiHgfWc9hJE4tsPrwCLcBGAs\/s640\/Captura%2Bde%2BTela%2B2018-02-25%2Ba%25CC%2580s%2B21.37.02.png\" width=\"640\" height=\"500\" border=\"0\" \/><\/a><\/div>\n<\/div>\n","protected":false},"excerpt":{"rendered":"<p>O projeto de Pesquisa aprovado pelo CNPq (Universal 2016), intitulado \u00a8Das territorialidades tradicionais \u00e0 territorializa\u00e7\u00e3o da agroecologia: saberes, pr\u00e1ticas e pol\u00edticas de natureza em tr\u00eas comunidades rurais paranaense\u00a8, bem como o projeto de Extens\u00e3o aprovado pela Secretaria de Ci\u00eancia e Tecnologia do Estado do Paran\u00e1 (edital Universidade Sem Fronteiras, 2016), intitulado\u00a0 \u00a8Selo Socioambiental Produtos da &hellip; <\/p>\n<p class=\"link-more\"><a href=\"https:\/\/www2.uepg.br\/gpinterconexoes\/projetos\/das-territorialidades-tradicionais-a-territorializacao-da-agroecologia\/\" class=\"more-link\">Continue lendo<span class=\"screen-reader-text\"> &#8220;Das territorialidades tradicionais \u00e0 territorializa\u00e7\u00e3o da agroecologia&#8221;<\/span><\/a><\/p>\n","protected":false},"author":9,"featured_media":0,"parent":76,"menu_order":0,"comment_status":"closed","ping_status":"closed","template":"","meta":[],"_links":{"self":[{"href":"https:\/\/www2.uepg.br\/gpinterconexoes\/wp-json\/wp\/v2\/pages\/140"}],"collection":[{"href":"https:\/\/www2.uepg.br\/gpinterconexoes\/wp-json\/wp\/v2\/pages"}],"about":[{"href":"https:\/\/www2.uepg.br\/gpinterconexoes\/wp-json\/wp\/v2\/types\/page"}],"author":[{"embeddable":true,"href":"https:\/\/www2.uepg.br\/gpinterconexoes\/wp-json\/wp\/v2\/users\/9"}],"replies":[{"embeddable":true,"href":"https:\/\/www2.uepg.br\/gpinterconexoes\/wp-json\/wp\/v2\/comments?post=140"}],"version-history":[{"count":1,"href":"https:\/\/www2.uepg.br\/gpinterconexoes\/wp-json\/wp\/v2\/pages\/140\/revisions"}],"predecessor-version":[{"id":141,"href":"https:\/\/www2.uepg.br\/gpinterconexoes\/wp-json\/wp\/v2\/pages\/140\/revisions\/141"}],"up":[{"embeddable":true,"href":"https:\/\/www2.uepg.br\/gpinterconexoes\/wp-json\/wp\/v2\/pages\/76"}],"wp:attachment":[{"href":"https:\/\/www2.uepg.br\/gpinterconexoes\/wp-json\/wp\/v2\/media?parent=140"}],"curies":[{"name":"wp","href":"https:\/\/api.w.org\/{rel}","templated":true}]}}