{"id":20,"date":"2018-09-22T03:38:34","date_gmt":"2018-09-22T03:38:34","guid":{"rendered":"http:\/\/www2.uepg.br\/gpinterconexoes\/?page_id=20"},"modified":"2018-11-22T17:39:55","modified_gmt":"2018-11-22T17:39:55","slug":"apresentacao","status":"publish","type":"page","link":"https:\/\/www2.uepg.br\/gpinterconexoes\/","title":{"rendered":"Apresenta\u00e7\u00e3o"},"content":{"rendered":"<div id=\"pl-20\"  class=\"panel-layout\" ><div id=\"pg-20-0\"  class=\"panel-grid panel-no-style\" ><div id=\"pgc-20-0-0\"  class=\"panel-grid-cell\" ><div id=\"panel-20-0-0-0\" class=\"so-panel widget widget_sow-editor panel-first-child panel-last-child\" data-index=\"0\" ><div\n\t\t\t\n\t\t\tclass=\"so-widget-sow-editor so-widget-sow-editor-base\"\n\t\t\t\n\t\t>\n<div class=\"siteorigin-widget-tinymce textwidget\">\n\t<p><img loading=\"lazy\" class=\"alignright wp-image-104 size-full\" src=\"http:\/\/www2.uepg.br\/gpinterconexoes\/wp-content\/uploads\/sites\/4\/2018\/09\/grupo_cert_pela_instituicao.png\" alt=\"\" width=\"135\" height=\"106\" \/><a href=\"http:\/\/dgp.cnpq.br\/dgp\/espelhogrupo\/9059982563239532\" target=\"_blank\" rel=\"noopener noreferrer\">Interconex\u00f5es: Saberes, Pr\u00e1ticas e Pol\u00edticas de Natureza<\/a><br \/>\nLinha de Pesquisa: Din\u00e2micas Naturais e An\u00e1lise Socioambiental<br \/>\nAno de forma\u00e7\u00e3o:\u00a02013<\/p>\n<blockquote><p>Adota-se uma abordagem complexa dos saberes locais, das compreens\u00f5es e pr\u00e1ticas distintas que emergem do contexto de crise paradigm\u00e1tica da ci\u00eancia moderna e da necessidade de abertura ao di\u00e1logo com outros saberes. Inclu\u00edmos nessa categoria o patrim\u00f4nio material e imaterial de coletividades que, desde seus territ\u00f3rios, buscam resistir e reafirmar suas identidades frente \u00e0 moderniza\u00e7\u00e3o e racionaliza\u00e7\u00e3o de suas realidades. Partilha-se, portanto, da uni\u00e3o de m\u00e9todos e t\u00e9cnicas oriundos de outros ramos cient\u00edficos (da psicologia, da antropologia, da sociologia, da lingu\u00edstica, da ecologia, da geografia, etc.) de forma a permitir a interpreta\u00e7\u00e3o das narrativas (da ci\u00eancia e dos saberes locais) acerca da subjetividades do fen\u00f4meno espacial (o territ\u00f3rio da comunidade) e temporal (o tempo social e biol\u00f3gico) que configuram a sociobiodiversidade de territ\u00f3rios tradicionais e alternativos.<\/p>\n<p>&nbsp;<\/p><\/blockquote>\n<\/div>\n<\/div><\/div><\/div><\/div><\/div>","protected":false},"excerpt":{"rendered":"<p>Interconex\u00f5es: Saberes, Pr\u00e1ticas e Pol\u00edticas de Natureza Linha de Pesquisa: Din\u00e2micas Naturais e An\u00e1lise Socioambiental Ano de forma\u00e7\u00e3o:\u00a02013 Adota-se uma abordagem complexa dos saberes locais, das compreens\u00f5es e pr\u00e1ticas distintas que emergem do contexto de crise paradigm\u00e1tica da ci\u00eancia moderna e da necessidade de abertura ao di\u00e1logo com outros saberes. Inclu\u00edmos nessa categoria o patrim\u00f4nio &hellip; <\/p>\n<p class=\"link-more\"><a href=\"https:\/\/www2.uepg.br\/gpinterconexoes\/\" class=\"more-link\">Continue lendo<span class=\"screen-reader-text\"> &#8220;Apresenta\u00e7\u00e3o&#8221;<\/span><\/a><\/p>\n","protected":false},"author":9,"featured_media":0,"parent":0,"menu_order":0,"comment_status":"closed","ping_status":"closed","template":"","meta":[],"_links":{"self":[{"href":"https:\/\/www2.uepg.br\/gpinterconexoes\/wp-json\/wp\/v2\/pages\/20"}],"collection":[{"href":"https:\/\/www2.uepg.br\/gpinterconexoes\/wp-json\/wp\/v2\/pages"}],"about":[{"href":"https:\/\/www2.uepg.br\/gpinterconexoes\/wp-json\/wp\/v2\/types\/page"}],"author":[{"embeddable":true,"href":"https:\/\/www2.uepg.br\/gpinterconexoes\/wp-json\/wp\/v2\/users\/9"}],"replies":[{"embeddable":true,"href":"https:\/\/www2.uepg.br\/gpinterconexoes\/wp-json\/wp\/v2\/comments?post=20"}],"version-history":[{"count":18,"href":"https:\/\/www2.uepg.br\/gpinterconexoes\/wp-json\/wp\/v2\/pages\/20\/revisions"}],"predecessor-version":[{"id":807,"href":"https:\/\/www2.uepg.br\/gpinterconexoes\/wp-json\/wp\/v2\/pages\/20\/revisions\/807"}],"wp:attachment":[{"href":"https:\/\/www2.uepg.br\/gpinterconexoes\/wp-json\/wp\/v2\/media?parent=20"}],"curies":[{"name":"wp","href":"https:\/\/api.w.org\/{rel}","templated":true}]}}