{"id":22,"date":"2018-09-22T03:39:07","date_gmt":"2018-09-22T03:39:07","guid":{"rendered":"http:\/\/www2.uepg.br\/gpinterconexoes\/?page_id=22"},"modified":"2018-10-18T22:29:55","modified_gmt":"2018-10-18T22:29:55","slug":"pesquisadores","status":"publish","type":"page","link":"https:\/\/www2.uepg.br\/gpinterconexoes\/pesquisadores\/","title":{"rendered":"Pesquisadores"},"content":{"rendered":"<table style=\"font-size: 1rem\">\n<thead>\n<tr>\n<td width=\"213\"><strong>Pesquisadores<\/strong><\/td>\n<td><strong>Titula\u00e7\u00e3o m\u00e1xima<\/strong><\/td>\n<td width=\"82\"><strong>Curr\u00edculo<\/strong><\/td>\n<\/tr>\n<\/thead>\n<tbody>\n<tr>\n<td width=\"213\">Antonio\u00a0Marcio\u00a0Haliski<\/td>\n<td>Doutorado<\/td>\n<td width=\"82\"><a href=\"http:\/\/lattes.cnpq.br\/8732336877263476\" target=\"_blank\" rel=\"noopener\"><img loading=\"lazy\" class=\"aligncenter size-full wp-image-750\" src=\"http:\/\/www2.uepg.br\/gpinterconexoes\/wp-content\/uploads\/sites\/4\/2018\/10\/LATTES.jpg\" alt=\"\" width=\"26\" height=\"25\" \/><\/a><\/td>\n<\/tr>\n<tr>\n<td width=\"213\">Cleusi\u00a0Teresinha\u00a0Bobato<\/td>\n<td>Msc\/Doutoranda<\/td>\n<td width=\"82\"><a href=\"http:\/\/lattes.cnpq.br\/2041705028504905\" target=\"_blank\" rel=\"noopener\"><img loading=\"lazy\" class=\"aligncenter wp-image-750 size-full\" src=\"http:\/\/www2.uepg.br\/gpinterconexoes\/wp-content\/uploads\/sites\/4\/2018\/10\/LATTES.jpg\" alt=\"\" width=\"26\" height=\"25\" \/><\/a><\/td>\n<\/tr>\n<tr>\n<td width=\"213\">Dimas\u00a0Floriani<\/td>\n<td>Doutorado<\/td>\n<td width=\"82\"><a href=\"http:\/\/lattes.cnpq.br\/8434128019700380\" target=\"_blank\" rel=\"noopener\"><img loading=\"lazy\" class=\"aligncenter wp-image-750 size-full\" src=\"http:\/\/www2.uepg.br\/gpinterconexoes\/wp-content\/uploads\/sites\/4\/2018\/10\/LATTES.jpg\" alt=\"\" width=\"26\" height=\"25\" \/><\/a><\/td>\n<\/tr>\n<tr>\n<td width=\"213\">Juliano\u00a0Strachulski<\/td>\n<td>Doutorado<\/td>\n<td width=\"82\"><a href=\"http:\/\/lattes.cnpq.br\/9820174223974932\" target=\"_blank\" rel=\"noopener\"><img loading=\"lazy\" class=\"aligncenter wp-image-750 size-full\" src=\"http:\/\/www2.uepg.br\/gpinterconexoes\/wp-content\/uploads\/sites\/4\/2018\/10\/LATTES.jpg\" alt=\"\" width=\"26\" height=\"25\" \/><\/a><\/td>\n<\/tr>\n<tr>\n<td width=\"213\">Margit\u00a0Hauer<\/td>\n<td>Doutorado<\/td>\n<td width=\"82\"><a href=\"http:\/\/lattes.cnpq.br\/4470334661225711\" target=\"_blank\" rel=\"noopener\"><img loading=\"lazy\" class=\"aligncenter wp-image-750 size-full\" src=\"http:\/\/www2.uepg.br\/gpinterconexoes\/wp-content\/uploads\/sites\/4\/2018\/10\/LATTES.jpg\" alt=\"\" width=\"26\" height=\"25\" \/><\/a><\/td>\n<\/tr>\n<tr>\n<td width=\"213\">Maximillian\u00a0Ferreira Clarindo<\/td>\n<td>Msc\/Doutorando<\/td>\n<td width=\"82\"><a href=\"http:\/\/lattes.cnpq.br\/4834619883561958\" target=\"_blank\" rel=\"noopener\"><img loading=\"lazy\" class=\"aligncenter wp-image-750 size-full\" src=\"http:\/\/www2.uepg.br\/gpinterconexoes\/wp-content\/uploads\/sites\/4\/2018\/10\/LATTES.jpg\" alt=\"\" width=\"26\" height=\"25\" \/><\/a><\/td>\n<\/tr>\n<tr>\n<td width=\"213\">Nicolas\u00a0Floriani<\/td>\n<td>Doutorado<\/td>\n<td width=\"82\"><a href=\"http:\/\/lattes.cnpq.br\/5059063402543231\" target=\"_blank\" rel=\"noopener\"><img loading=\"lazy\" class=\"aligncenter wp-image-750 size-full\" src=\"http:\/\/www2.uepg.br\/gpinterconexoes\/wp-content\/uploads\/sites\/4\/2018\/10\/LATTES.jpg\" alt=\"\" width=\"26\" height=\"25\" \/><\/a><\/td>\n<\/tr>\n<tr>\n<td width=\"213\">Renato Pereira<\/td>\n<td>Msc\/Doutorando<\/td>\n<td width=\"82\"><a href=\"http:\/\/lattes.cnpq.br\/9253438256465336\" target=\"_blank\" rel=\"noopener\"><img loading=\"lazy\" class=\"aligncenter wp-image-750 size-full\" src=\"http:\/\/www2.uepg.br\/gpinterconexoes\/wp-content\/uploads\/sites\/4\/2018\/10\/LATTES.jpg\" alt=\"\" width=\"26\" height=\"25\" \/><\/a><\/td>\n<\/tr>\n<tr>\n<td width=\"213\">Sandra Andrea\u00a0Engelmann<\/td>\n<td>Msc\/Doutoranda<\/td>\n<td width=\"82\"><a href=\"http:\/\/lattes.cnpq.br\/0813987770491763\" target=\"_blank\" rel=\"noopener\"><img loading=\"lazy\" class=\"aligncenter wp-image-750 size-full\" src=\"http:\/\/www2.uepg.br\/gpinterconexoes\/wp-content\/uploads\/sites\/4\/2018\/10\/LATTES.jpg\" alt=\"\" width=\"26\" height=\"25\" \/><\/a><\/td>\n<\/tr>\n<tr>\n<td width=\"213\">Tanize\u00a0Tomasi<\/td>\n<td>Doutorado<\/td>\n<td width=\"82\"><a href=\"http:\/\/lattes.cnpq.br\/5242386520764370\" target=\"_blank\" rel=\"noopener\"><img loading=\"lazy\" class=\"aligncenter wp-image-750 size-full\" src=\"http:\/\/www2.uepg.br\/gpinterconexoes\/wp-content\/uploads\/sites\/4\/2018\/10\/LATTES.jpg\" alt=\"\" width=\"26\" height=\"25\" \/><\/a><\/td>\n<\/tr>\n<tr>\n<td width=\"213\">Vanderlei Marinheski<\/td>\n<td>Msc\/Doutorando<\/td>\n<td width=\"82\"><a href=\"http:\/\/lattes.cnpq.br\/1479742023830952\" target=\"_blank\" rel=\"noopener\"><img loading=\"lazy\" class=\"aligncenter wp-image-750 size-full\" src=\"http:\/\/www2.uepg.br\/gpinterconexoes\/wp-content\/uploads\/sites\/4\/2018\/10\/LATTES.jpg\" alt=\"\" width=\"26\" height=\"25\" \/><\/a><\/td>\n<\/tr>\n<\/tbody>\n<\/table>\n<p><strong>Bolsistas &#8211; Projeto\u00a0\u00a0Sistema Participativo de Certifica\u00e7\u00e3o Socioambiental da Agrofloresta Faxinalense<\/strong><\/p>\n<table>\n<thead>\n<tr>\n<td width=\"213\"><\/td>\n<td><\/td>\n<td width=\"82\"><\/td>\n<\/tr>\n<\/thead>\n<tbody>\n<tr>\n<td width=\"213\">Brenda Olinek<\/td>\n<td>Estudante<\/td>\n<td width=\"82\"><\/td>\n<\/tr>\n<tr>\n<td width=\"213\">Fernanda de Arruda Paes<\/td>\n<td>Rec\u00e9m-formada<\/td>\n<td width=\"82\"><\/td>\n<\/tr>\n<tr>\n<td width=\"213\">Lorena Rodrigues Ramos<\/td>\n<td>Rec\u00e9m-formada<\/td>\n<td width=\"82\"><\/td>\n<\/tr>\n<\/tbody>\n<\/table>\n","protected":false},"excerpt":{"rendered":"<p>Pesquisadores Titula\u00e7\u00e3o m\u00e1xima Curr\u00edculo Antonio\u00a0Marcio\u00a0Haliski Doutorado Cleusi\u00a0Teresinha\u00a0Bobato Msc\/Doutoranda Dimas\u00a0Floriani Doutorado Juliano\u00a0Strachulski Doutorado Margit\u00a0Hauer Doutorado Maximillian\u00a0Ferreira Clarindo Msc\/Doutorando Nicolas\u00a0Floriani Doutorado Renato Pereira Msc\/Doutorando Sandra Andrea\u00a0Engelmann Msc\/Doutoranda Tanize\u00a0Tomasi Doutorado Vanderlei Marinheski Msc\/Doutorando Bolsistas &#8211; Projeto\u00a0\u00a0Sistema Participativo de Certifica\u00e7\u00e3o Socioambiental da Agrofloresta Faxinalense Brenda Olinek Estudante Fernanda de Arruda Paes Rec\u00e9m-formada Lorena Rodrigues Ramos Rec\u00e9m-formada<\/p>\n","protected":false},"author":9,"featured_media":0,"parent":0,"menu_order":0,"comment_status":"closed","ping_status":"closed","template":"","meta":[],"_links":{"self":[{"href":"https:\/\/www2.uepg.br\/gpinterconexoes\/wp-json\/wp\/v2\/pages\/22"}],"collection":[{"href":"https:\/\/www2.uepg.br\/gpinterconexoes\/wp-json\/wp\/v2\/pages"}],"about":[{"href":"https:\/\/www2.uepg.br\/gpinterconexoes\/wp-json\/wp\/v2\/types\/page"}],"author":[{"embeddable":true,"href":"https:\/\/www2.uepg.br\/gpinterconexoes\/wp-json\/wp\/v2\/users\/9"}],"replies":[{"embeddable":true,"href":"https:\/\/www2.uepg.br\/gpinterconexoes\/wp-json\/wp\/v2\/comments?post=22"}],"version-history":[{"count":37,"href":"https:\/\/www2.uepg.br\/gpinterconexoes\/wp-json\/wp\/v2\/pages\/22\/revisions"}],"predecessor-version":[{"id":761,"href":"https:\/\/www2.uepg.br\/gpinterconexoes\/wp-json\/wp\/v2\/pages\/22\/revisions\/761"}],"wp:attachment":[{"href":"https:\/\/www2.uepg.br\/gpinterconexoes\/wp-json\/wp\/v2\/media?parent=22"}],"curies":[{"name":"wp","href":"https:\/\/api.w.org\/{rel}","templated":true}]}}