{"id":227,"date":"2018-09-23T19:30:32","date_gmt":"2018-09-23T19:30:32","guid":{"rendered":"http:\/\/www2.uepg.br\/gpinterconexoes\/?page_id=227"},"modified":"2018-09-23T20:04:51","modified_gmt":"2018-09-23T20:04:51","slug":"artigos","status":"publish","type":"page","link":"https:\/\/www2.uepg.br\/gpinterconexoes\/publicacoes\/artigos\/","title":{"rendered":"Artigos"},"content":{"rendered":"<p><a href=\"http:\/\/revistas.aba-agroecologia.org.br\/index.php\/rbagroecologia\/article\/view\/9529\" target=\"_blank\" rel=\"noopener noreferrer\">Saber Ambiental Complexo: aportes cognitivos ao pensamento agroecol\u00f3gico<\/a>. Nicolas Floriani, Dimas Floriani. ~<em>Rev.Bras.deAgroecologia<\/em><\/p>\n<p><a href=\"https:\/\/revistas.ufpr.br\/made\/article\/view\/11904\" target=\"_blank\" rel=\"noopener noreferrer\">O planejamento do espa\u00e7o rural periurbano: da abordagem funcional do territ\u00f3rio \u00e0s territorialidades da autonomia<\/a>. Nicolas Floriani. ~<em>Desenvolvimento e Meio Ambiente<\/em><\/p>\n<p><a href=\"https:\/\/scielo.conicyt.cl\/scielo.php?pid=S0718-65682013000100005&amp;script=sci_arttext\" target=\"_blank\" rel=\"noopener noreferrer\">Territorialidades alternativas e hibridismos no mundo rural: resili\u00eancia e reprodu\u00e7ao da sociobiodiversidade em comunidades tradicionais do Brasil e Chile meridionais<\/a>. Nicolas Floriani, Francisco Ther R\u00edos, Dimas Floriani. ~<em>Polis, Revista Latinoamericana<\/em><\/p>\n<p><a href=\"https:\/\/revistas.ufpr.br\/geografar\/article\/view\/12914\" target=\"_blank\" rel=\"noopener noreferrer\">Desvendando os terroirs agroecol\u00f3gicos de Rio Branco do Sul-PR: uma abordagem geo-s\u00f3cio-agron\u00f4mica da paisagem rural e do diagn\u00f3stico participativo do territ\u00f3rio<\/a>.\u00a0Nicolas Floriani, Dimas Floriani, Leonardo Jos\u00e9 Cordeiro Santos, Celina Wisniewiski, Alfio Brandenburg. ~<em>Geografar<\/em><\/p>\n","protected":false},"excerpt":{"rendered":"<p>Saber Ambiental Complexo: aportes cognitivos ao pensamento agroecol\u00f3gico. Nicolas Floriani, Dimas Floriani. ~Rev.Bras.deAgroecologia O planejamento do espa\u00e7o rural periurbano: da abordagem funcional do territ\u00f3rio \u00e0s territorialidades da autonomia. Nicolas Floriani. ~Desenvolvimento e Meio Ambiente Territorialidades alternativas e hibridismos no mundo rural: resili\u00eancia e reprodu\u00e7ao da sociobiodiversidade em comunidades tradicionais do Brasil e Chile meridionais. Nicolas &hellip; <\/p>\n<p class=\"link-more\"><a href=\"https:\/\/www2.uepg.br\/gpinterconexoes\/publicacoes\/artigos\/\" class=\"more-link\">Continue lendo<span class=\"screen-reader-text\"> &#8220;Artigos&#8221;<\/span><\/a><\/p>\n","protected":false},"author":9,"featured_media":0,"parent":26,"menu_order":0,"comment_status":"closed","ping_status":"closed","template":"","meta":[],"_links":{"self":[{"href":"https:\/\/www2.uepg.br\/gpinterconexoes\/wp-json\/wp\/v2\/pages\/227"}],"collection":[{"href":"https:\/\/www2.uepg.br\/gpinterconexoes\/wp-json\/wp\/v2\/pages"}],"about":[{"href":"https:\/\/www2.uepg.br\/gpinterconexoes\/wp-json\/wp\/v2\/types\/page"}],"author":[{"embeddable":true,"href":"https:\/\/www2.uepg.br\/gpinterconexoes\/wp-json\/wp\/v2\/users\/9"}],"replies":[{"embeddable":true,"href":"https:\/\/www2.uepg.br\/gpinterconexoes\/wp-json\/wp\/v2\/comments?post=227"}],"version-history":[{"count":6,"href":"https:\/\/www2.uepg.br\/gpinterconexoes\/wp-json\/wp\/v2\/pages\/227\/revisions"}],"predecessor-version":[{"id":239,"href":"https:\/\/www2.uepg.br\/gpinterconexoes\/wp-json\/wp\/v2\/pages\/227\/revisions\/239"}],"up":[{"embeddable":true,"href":"https:\/\/www2.uepg.br\/gpinterconexoes\/wp-json\/wp\/v2\/pages\/26"}],"wp:attachment":[{"href":"https:\/\/www2.uepg.br\/gpinterconexoes\/wp-json\/wp\/v2\/media?parent=227"}],"curies":[{"name":"wp","href":"https:\/\/api.w.org\/{rel}","templated":true}]}}