{"id":276,"date":"2018-10-04T14:12:42","date_gmt":"2018-10-04T14:12:42","guid":{"rendered":"http:\/\/www2.uepg.br\/gpinterconexoes\/?page_id=276"},"modified":"2020-10-15T00:28:45","modified_gmt":"2020-10-15T00:28:45","slug":"selo-socioambiental-produtos-da-agrofloresta-faxinalense","status":"publish","type":"page","link":"https:\/\/www2.uepg.br\/gpinterconexoes\/projetos\/selo-socioambiental-produtos-da-agrofloresta-faxinalense\/","title":{"rendered":"Selo Socioambiental Produtos da Agrofloresta Faxinalense"},"content":{"rendered":"<h6>USF &#8211; Subprograma Agricultura Familiar e Agroecologia<\/h6>\n<table border=\"0\">\n<tbody>\n<tr>\n<td>\n<h5>EDITAL USF-SETI 07\/2017<\/h5>\n<ul>\n<li>Per\u00edodo:<\/li>\n<li>Valor Total: R$ 82.500,00<\/li>\n<li><a href=\"http:\/\/www.seti.pr.gov.br\/arquivos\/File\/Editais\/EDITAL_07_2017.pdf\" target=\"_blank\" rel=\"noopener noreferrer\">Edital<\/a><\/li>\n<li><strong><a href=\"http:\/\/www.seti.pr.gov.br\/arquivos\/File\/USF\/07_17_resultado.pdf\" target=\"_blank\" rel=\"noopener noreferrer\">Resultado<\/a><\/strong><\/li>\n<\/ul>\n<\/td>\n<\/tr>\n<tr>\n<td>\n<h5>EDITAL USF-SETI 01\/2016<\/h5>\n<ul>\n<li>Per\u00edodo: 22\/03\/2017 &#8211;\u00a022\/07\/2018<\/li>\n<li>Valor Total: R$ 82.500,00<\/li>\n<li><a href=\"http:\/\/www.seti.pr.gov.br\/arquivos\/File\/Editais\/Edital_01_16.pdf\" target=\"_blank\" rel=\"noopener noreferrer\">Edital<\/a><\/li>\n<li><a href=\"http:\/\/www.seti.pr.gov.br\/arquivos\/File\/Termos\/2017\/TC\/TC_6817.pdf\" target=\"_blank\" rel=\"noopener noreferrer\">Plano de Aplica\u00e7\u00e3o<\/a><\/li>\n<li><a href=\"http:\/\/www.seti.pr.gov.br\/arquivos\/File\/Termos\/2017\/TC\/TC_6817.pdf\" target=\"_blank\" rel=\"noopener noreferrer\">Termo de Coopera\u00e7\u00e3o<\/a><\/li>\n<\/ul>\n<\/td>\n<\/tr>\n<\/tbody>\n<\/table>\n<p>Fonte: USF SETI-PR<\/p>\n","protected":false},"excerpt":{"rendered":"<p>USF &#8211; Subprograma Agricultura Familiar e Agroecologia EDITAL USF-SETI 07\/2017 Per\u00edodo: Valor Total: R$ 82.500,00 Edital Resultado EDITAL USF-SETI 01\/2016 Per\u00edodo: 22\/03\/2017 &#8211;\u00a022\/07\/2018 Valor Total: R$ 82.500,00 Edital Plano de Aplica\u00e7\u00e3o Termo de Coopera\u00e7\u00e3o Fonte: USF SETI-PR<\/p>\n","protected":false},"author":9,"featured_media":0,"parent":76,"menu_order":0,"comment_status":"closed","ping_status":"closed","template":"","meta":[],"_links":{"self":[{"href":"https:\/\/www2.uepg.br\/gpinterconexoes\/wp-json\/wp\/v2\/pages\/276"}],"collection":[{"href":"https:\/\/www2.uepg.br\/gpinterconexoes\/wp-json\/wp\/v2\/pages"}],"about":[{"href":"https:\/\/www2.uepg.br\/gpinterconexoes\/wp-json\/wp\/v2\/types\/page"}],"author":[{"embeddable":true,"href":"https:\/\/www2.uepg.br\/gpinterconexoes\/wp-json\/wp\/v2\/users\/9"}],"replies":[{"embeddable":true,"href":"https:\/\/www2.uepg.br\/gpinterconexoes\/wp-json\/wp\/v2\/comments?post=276"}],"version-history":[{"count":10,"href":"https:\/\/www2.uepg.br\/gpinterconexoes\/wp-json\/wp\/v2\/pages\/276\/revisions"}],"predecessor-version":[{"id":1122,"href":"https:\/\/www2.uepg.br\/gpinterconexoes\/wp-json\/wp\/v2\/pages\/276\/revisions\/1122"}],"up":[{"embeddable":true,"href":"https:\/\/www2.uepg.br\/gpinterconexoes\/wp-json\/wp\/v2\/pages\/76"}],"wp:attachment":[{"href":"https:\/\/www2.uepg.br\/gpinterconexoes\/wp-json\/wp\/v2\/media?parent=276"}],"curies":[{"name":"wp","href":"https:\/\/api.w.org\/{rel}","templated":true}]}}