{"id":318,"date":"2018-10-09T13:38:21","date_gmt":"2018-10-09T13:38:21","guid":{"rendered":"http:\/\/www2.uepg.br\/gpinterconexoes\/?page_id=318"},"modified":"2018-10-18T22:37:17","modified_gmt":"2018-10-18T22:37:17","slug":"eventos","status":"publish","type":"page","link":"https:\/\/www2.uepg.br\/gpinterconexoes\/eventos\/","title":{"rendered":"Eventos"},"content":{"rendered":"<table border=\"0\">\n<tbody>\n<tr>\n<td><a href=\"http:\/\/www2.uepg.br\/gpinterconexoes\/eventos\/encontro-academico-comunitario-saberes-geocologicos-tradicionais-e-diversidade-socioterritorial\/\"><strong>ENCONTRO ACAD\u00caMICO-COMUNIT\u00c1RIO:\u00a0<\/strong><strong>SABERES GEOCOL\u00d3GICOS TRADICIONAIS E DIVERSIDADE SOCIOTERRITORIAL<\/strong><\/a><\/p>\n<p>Realizado anualmente junto \u00e0 disciplina <em>Saberes Geoecol\u00f3gicos Tradicionais e Diversidade Socioterritorial<\/em>, do Programa de P\u00f3s-gradua\u00e7\u00e3o em Geografia da UEPG, sob a responsabilidade do Prof. Dr. Nicolas Floriani.<\/td>\n<\/tr>\n<\/tbody>\n<\/table>\n<p>&nbsp;<\/p>\n","protected":false},"excerpt":{"rendered":"<p>ENCONTRO ACAD\u00caMICO-COMUNIT\u00c1RIO:\u00a0SABERES GEOCOL\u00d3GICOS TRADICIONAIS E DIVERSIDADE SOCIOTERRITORIAL Realizado anualmente junto \u00e0 disciplina Saberes Geoecol\u00f3gicos Tradicionais e Diversidade Socioterritorial, do Programa de P\u00f3s-gradua\u00e7\u00e3o em Geografia da UEPG, sob a responsabilidade do Prof. Dr. Nicolas Floriani. &nbsp;<\/p>\n","protected":false},"author":9,"featured_media":0,"parent":0,"menu_order":0,"comment_status":"closed","ping_status":"closed","template":"","meta":[],"_links":{"self":[{"href":"https:\/\/www2.uepg.br\/gpinterconexoes\/wp-json\/wp\/v2\/pages\/318"}],"collection":[{"href":"https:\/\/www2.uepg.br\/gpinterconexoes\/wp-json\/wp\/v2\/pages"}],"about":[{"href":"https:\/\/www2.uepg.br\/gpinterconexoes\/wp-json\/wp\/v2\/types\/page"}],"author":[{"embeddable":true,"href":"https:\/\/www2.uepg.br\/gpinterconexoes\/wp-json\/wp\/v2\/users\/9"}],"replies":[{"embeddable":true,"href":"https:\/\/www2.uepg.br\/gpinterconexoes\/wp-json\/wp\/v2\/comments?post=318"}],"version-history":[{"count":6,"href":"https:\/\/www2.uepg.br\/gpinterconexoes\/wp-json\/wp\/v2\/pages\/318\/revisions"}],"predecessor-version":[{"id":767,"href":"https:\/\/www2.uepg.br\/gpinterconexoes\/wp-json\/wp\/v2\/pages\/318\/revisions\/767"}],"wp:attachment":[{"href":"https:\/\/www2.uepg.br\/gpinterconexoes\/wp-json\/wp\/v2\/media?parent=318"}],"curies":[{"name":"wp","href":"https:\/\/api.w.org\/{rel}","templated":true}]}}