{"id":323,"date":"2018-10-09T13:43:53","date_gmt":"2018-10-09T13:43:53","guid":{"rendered":"http:\/\/www2.uepg.br\/gpinterconexoes\/?page_id=323"},"modified":"2018-10-17T18:57:36","modified_gmt":"2018-10-17T18:57:36","slug":"encontro-academico-comunitario-saberes-geocologicos-tradicionais-e-diversidade-socioterritorial","status":"publish","type":"page","link":"https:\/\/www2.uepg.br\/gpinterconexoes\/eventos\/encontro-academico-comunitario-saberes-geocologicos-tradicionais-e-diversidade-socioterritorial\/","title":{"rendered":"ENCONTRO ACAD\u00caMICO-COMUNIT\u00c1RIO SABERES GEOCOL\u00d3GICOS TRADICIONAIS E DIVERSIDADE SOCIOTERRITORIAL"},"content":{"rendered":"<p>Apoiado pela Pr\u00f3-Reitoria de Extens\u00e3o e Assuntos Culturais (UEPG) pelos Programas de P\u00f3s-Gradua\u00e7\u00e3o em Geografia (UEPG) e Meio Ambiente e Desenvolvimento (UFPR), pelo Instituto Federal do Paran\u00e1 (IFPR, Paranagu\u00e1) e outros professores e profissionais volunt\u00e1rios da Rede Casla-Cepial decidiu-se por realizar um per\u00edodo de viv\u00eancia de uma semana em tr\u00eas comunidades tradicionais paranaenses, benefici\u00e1rias do projeto aprovado pelo CNPq (DAS TERRITORIALIDADES TRADICIONAIS \u00c0S TERRITORIALIZA\u00c7\u00d5ES DA AGROECOLOGIA) e onde ser\u00e3o trocadas experi\u00eancias entre acad\u00eamicos e habitantes do Faxinal.<\/p>\n<p>A ideia vem ao encontro dos princ\u00edpios da UNITINERANTE, projeto idealizado pela Casa Latino-americana (CASLA), que \u00e9 dar voz aos atores sociais historicamente inviabilizados pelas institui\u00e7\u00f5es formais (sistemas jur\u00eddicos, educacionais, democr\u00e1tico, etc), marcados pelo processo de moderniza\u00e7\u00e3o excludente, aproximando-se, com isso, das demandas reais das comunidades vulner\u00e1veis e em situa\u00e7\u00e3o de conflitos socioterritoriais.<\/p>\n<figure id=\"attachment_322\" aria-describedby=\"caption-attachment-322\" style=\"width: 300px\" class=\"wp-caption aligncenter\"><img loading=\"lazy\" class=\"wp-image-322 size-medium\" src=\"http:\/\/www2.uepg.br\/gpinterconexoes\/wp-content\/uploads\/sites\/4\/2018\/10\/foto_1unitinerante-300x169.jpg\" alt=\"\" width=\"300\" height=\"169\" srcset=\"https:\/\/www2.uepg.br\/gpinterconexoes\/wp-content\/uploads\/sites\/4\/2018\/10\/foto_1unitinerante-300x169.jpg 300w, https:\/\/www2.uepg.br\/gpinterconexoes\/wp-content\/uploads\/sites\/4\/2018\/10\/foto_1unitinerante-768x432.jpg 768w, https:\/\/www2.uepg.br\/gpinterconexoes\/wp-content\/uploads\/sites\/4\/2018\/10\/foto_1unitinerante.jpg 960w\" sizes=\"(max-width: 300px) 100vw, 300px\" \/><figcaption id=\"caption-attachment-322\" class=\"wp-caption-text\">Oficina Participativa realizada no 1\u00ba Evento Acad\u00eamico-comunit\u00e1rio da UNITINERANTE, em outubro de 2017, no Faxinal Sete Saltos, Paran\u00e1<\/figcaption><\/figure>\n<p>A disciplina contar\u00e1 com a participa\u00e7\u00e3o de professores, lideran\u00e7as comunit\u00e1rias e representantes do poder p\u00fablico e de ONG, buscando colocar em um mesmo patamar de discuss\u00e3o as diferentes narrativas de realidades sociais e territoriais.<\/p>\n<p>O objetivo do evento acad\u00eamico-comunit\u00e1rio \u00e9 a forma\u00e7\u00e3o-capacita\u00e7\u00e3o de profissionais, p\u00f3s-graduandos e moradores das comunidades.<\/p>\n<p>A programa\u00e7\u00e3o das atividades inclui Oficinas participativas, palestras e pr\u00e1ticas de campo nos referidos territ\u00f3rio rurais tradicionais.<\/p>\n","protected":false},"excerpt":{"rendered":"<p>Apoiado pela Pr\u00f3-Reitoria de Extens\u00e3o e Assuntos Culturais (UEPG) pelos Programas de P\u00f3s-Gradua\u00e7\u00e3o em Geografia (UEPG) e Meio Ambiente e Desenvolvimento (UFPR), pelo Instituto Federal do Paran\u00e1 (IFPR, Paranagu\u00e1) e outros professores e profissionais volunt\u00e1rios da Rede Casla-Cepial decidiu-se por realizar um per\u00edodo de viv\u00eancia de uma semana em tr\u00eas comunidades tradicionais paranaenses, benefici\u00e1rias do &hellip; <\/p>\n<p class=\"link-more\"><a href=\"https:\/\/www2.uepg.br\/gpinterconexoes\/eventos\/encontro-academico-comunitario-saberes-geocologicos-tradicionais-e-diversidade-socioterritorial\/\" class=\"more-link\">Continue lendo<span class=\"screen-reader-text\"> &#8220;ENCONTRO ACAD\u00caMICO-COMUNIT\u00c1RIO SABERES GEOCOL\u00d3GICOS TRADICIONAIS E DIVERSIDADE SOCIOTERRITORIAL&#8221;<\/span><\/a><\/p>\n","protected":false},"author":9,"featured_media":0,"parent":318,"menu_order":0,"comment_status":"closed","ping_status":"closed","template":"","meta":[],"_links":{"self":[{"href":"https:\/\/www2.uepg.br\/gpinterconexoes\/wp-json\/wp\/v2\/pages\/323"}],"collection":[{"href":"https:\/\/www2.uepg.br\/gpinterconexoes\/wp-json\/wp\/v2\/pages"}],"about":[{"href":"https:\/\/www2.uepg.br\/gpinterconexoes\/wp-json\/wp\/v2\/types\/page"}],"author":[{"embeddable":true,"href":"https:\/\/www2.uepg.br\/gpinterconexoes\/wp-json\/wp\/v2\/users\/9"}],"replies":[{"embeddable":true,"href":"https:\/\/www2.uepg.br\/gpinterconexoes\/wp-json\/wp\/v2\/comments?post=323"}],"version-history":[{"count":3,"href":"https:\/\/www2.uepg.br\/gpinterconexoes\/wp-json\/wp\/v2\/pages\/323\/revisions"}],"predecessor-version":[{"id":701,"href":"https:\/\/www2.uepg.br\/gpinterconexoes\/wp-json\/wp\/v2\/pages\/323\/revisions\/701"}],"up":[{"embeddable":true,"href":"https:\/\/www2.uepg.br\/gpinterconexoes\/wp-json\/wp\/v2\/pages\/318"}],"wp:attachment":[{"href":"https:\/\/www2.uepg.br\/gpinterconexoes\/wp-json\/wp\/v2\/media?parent=323"}],"curies":[{"name":"wp","href":"https:\/\/api.w.org\/{rel}","templated":true}]}}