{"id":76,"date":"2018-09-22T04:10:14","date_gmt":"2018-09-22T04:10:14","guid":{"rendered":"http:\/\/www2.uepg.br\/gpinterconexoes\/?page_id=76"},"modified":"2018-10-04T14:13:09","modified_gmt":"2018-10-04T14:13:09","slug":"projetos","status":"publish","type":"page","link":"https:\/\/www2.uepg.br\/gpinterconexoes\/projetos\/","title":{"rendered":"Projetos"},"content":{"rendered":"<table border=\"0\">\n<tbody>\n<tr>\n<th>T\u00edtulo<\/th>\n<th>Modalidade<\/th>\n<th>Situa\u00e7\u00e3o<\/th>\n<\/tr>\n<tr>\n<td><a href=\"http:\/\/www2.uepg.br\/gpinterconexoes\/projetos\/das-territorialidades-tradicionais-a-territorializacao-da-agroecologia\/\">Das territorialidades tradicionais \u00e0 territorializa\u00e7\u00e3o da agroecologia: saberes, pr\u00e1ticas e pol\u00edticas de natureza comunidades rurais paranaenses<\/a><\/td>\n<td>Pesquisa<\/td>\n<td>\u00a0Em andamento<\/td>\n<\/tr>\n<tr>\n<td><a href=\"http:\/\/www2.uepg.br\/gpinterconexoes\/projetos\/selo-socioambiental-produtos-da-agrofloresta-faxinalense\/\">Selo Socioambiental Produtos da Agrofloresta Faxinalense: Capacita\u00e7\u00e3o sociot\u00e9cnica e empoderamento jur\u00eddico para a inclus\u00e3o social e gera\u00e7\u00e3o de renda em comunidades rurais faxinalenses do Paran\u00e1<\/a><\/td>\n<td>USF<\/td>\n<td>\u00a0Em andamento<\/td>\n<\/tr>\n<tr>\n<td><\/td>\n<td><\/td>\n<td><\/td>\n<\/tr>\n<\/tbody>\n<\/table>\n","protected":false},"excerpt":{"rendered":"<p>T\u00edtulo Modalidade Situa\u00e7\u00e3o Das territorialidades tradicionais \u00e0 territorializa\u00e7\u00e3o da agroecologia: saberes, pr\u00e1ticas e pol\u00edticas de natureza comunidades rurais paranaenses Pesquisa \u00a0Em andamento Selo Socioambiental Produtos da Agrofloresta Faxinalense: Capacita\u00e7\u00e3o sociot\u00e9cnica e empoderamento jur\u00eddico para a inclus\u00e3o social e gera\u00e7\u00e3o de renda em comunidades rurais faxinalenses do Paran\u00e1 USF \u00a0Em andamento<\/p>\n","protected":false},"author":9,"featured_media":0,"parent":0,"menu_order":0,"comment_status":"closed","ping_status":"closed","template":"","meta":[],"_links":{"self":[{"href":"https:\/\/www2.uepg.br\/gpinterconexoes\/wp-json\/wp\/v2\/pages\/76"}],"collection":[{"href":"https:\/\/www2.uepg.br\/gpinterconexoes\/wp-json\/wp\/v2\/pages"}],"about":[{"href":"https:\/\/www2.uepg.br\/gpinterconexoes\/wp-json\/wp\/v2\/types\/page"}],"author":[{"embeddable":true,"href":"https:\/\/www2.uepg.br\/gpinterconexoes\/wp-json\/wp\/v2\/users\/9"}],"replies":[{"embeddable":true,"href":"https:\/\/www2.uepg.br\/gpinterconexoes\/wp-json\/wp\/v2\/comments?post=76"}],"version-history":[{"count":9,"href":"https:\/\/www2.uepg.br\/gpinterconexoes\/wp-json\/wp\/v2\/pages\/76\/revisions"}],"predecessor-version":[{"id":278,"href":"https:\/\/www2.uepg.br\/gpinterconexoes\/wp-json\/wp\/v2\/pages\/76\/revisions\/278"}],"wp:attachment":[{"href":"https:\/\/www2.uepg.br\/gpinterconexoes\/wp-json\/wp\/v2\/media?parent=76"}],"curies":[{"name":"wp","href":"https:\/\/api.w.org\/{rel}","templated":true}]}}