{"id":89,"date":"2018-09-22T04:20:10","date_gmt":"2018-09-22T04:20:10","guid":{"rendered":"http:\/\/www2.uepg.br\/gpinterconexoes\/?page_id=89"},"modified":"2018-09-23T19:44:06","modified_gmt":"2018-09-23T19:44:06","slug":"teses-e-dissertacoes","status":"publish","type":"page","link":"https:\/\/www2.uepg.br\/gpinterconexoes\/publicacoes\/teses-e-dissertacoes\/","title":{"rendered":"Teses e Disserta\u00e7\u00f5es"},"content":{"rendered":"<p><strong>2018<\/strong><\/p>\n<p><i>KAGWYRI\u2019PE JIHOI<\/i>: O TERRIT\u00d3RIO COMO FUNDAMENTO DO SABER TRADICIONAL\u00a0<i>PARINTINTIN<\/i>\u00a0NA ALDEIA TRA\u00cdRA DA TERRA IND\u00cdGENA NOVE DE JANEIRO, HUMAIT\u00c1 &#8211; AM, Juliano\u00a0Strachulski\u00a0<img loading=\"lazy\" class=\"alignnone size-full wp-image-232\" src=\"http:\/\/www2.uepg.br\/gpinterconexoes\/wp-content\/uploads\/sites\/4\/2018\/09\/TESE.jpg\" alt=\"\" width=\"18\" height=\"18\" \/><\/p>\n<p><strong>2016<\/strong><\/p>\n<p><a title=\"Ver arquivo\" href=\"http:\/\/tede2.uepg.br\/jspui\/bitstream\/prefix\/583\/1\/Adelita%20Staniski.pdf\" target=\"_blank\" rel=\"noopener noreferrer\">OS SABERES MATEIROS DAS COMUNIDADES TRADICIONAIS DA REGI\u00c3O SERRA DAS ALMAS, PARAN\u00c1: HIST\u00d3RIAS DE VIDA E PAISAGENS<\/a>,\u00a0Adelita Staniski\u00a0<img loading=\"lazy\" class=\"alignnone size-full wp-image-231\" src=\"http:\/\/www2.uepg.br\/gpinterconexoes\/wp-content\/uploads\/sites\/4\/2018\/09\/DISSERT.jpg\" alt=\"\" width=\"18\" height=\"18\" \/><\/p>\n<p><strong>2014<\/strong><\/p>\n<p><a title=\"Ver arquivo\" href=\"http:\/\/tede2.uepg.br\/jspui\/bitstream\/prefix\/624\/1\/Juliano%20Strachulski.pdf\" target=\"_blank\" rel=\"noopener noreferrer\">OS SABERES ECOL\u00d3GICOS TRADICIONAIS DE AGRICULTORES DA COMUNIDADE RURAL LINHA CRICIUMAL E SUA RELA\u00c7\u00c3O COM A PAISAGEM RURAL &#8211; C\u00c2NDIDO DE ABREU, PR<\/a>,\u00a0Juliano Strachulski\u00a0<img loading=\"lazy\" class=\"alignnone size-full wp-image-231\" src=\"http:\/\/www2.uepg.br\/gpinterconexoes\/wp-content\/uploads\/sites\/4\/2018\/09\/DISSERT.jpg\" alt=\"\" width=\"18\" height=\"18\" \/><\/p>\n<hr \/>\n<p><a title=\"Ver arquivo\" href=\"http:\/\/tede2.uepg.br\/jspui\/bitstream\/prefix\/564\/1\/Maximillian%20Ferreira%20Clarindo.pdf\" target=\"_blank\" rel=\"noopener noreferrer\">MEDICINA POPULAR E COMUNIDADES RURAIS DA REGI\u00c3O DA SERRA DAS ALMAS, PARAN\u00c1: O AM\u00c1LGAMA COSMO-M\u00cdTICO-RELIGIOSO TRADICIONAL<\/a>, Maximillian Ferreira Clarindo\u00a0<img loading=\"lazy\" class=\"alignnone size-full wp-image-231\" src=\"http:\/\/www2.uepg.br\/gpinterconexoes\/wp-content\/uploads\/sites\/4\/2018\/09\/DISSERT.jpg\" alt=\"\" width=\"18\" height=\"18\" \/><\/p>\n<p><strong>2013<\/strong><\/p>\n<p><a title=\"Ver arquivo\" href=\"http:\/\/tede2.uepg.br\/jspui\/bitstream\/prefix\/608\/1\/Carlos%20Roberto%20Scheibel.pdf\" target=\"_blank\" rel=\"noopener noreferrer\">PR\u00c1TICAS, T\u00c9CNICAS E GEOSS\u00cdMBOLOS DA CULTURA DA PESCA VENACULAR NA PAISAGEM FLUVIAL DO PITANGUI-JOTUVA-REGI\u00c3O DOS CAMPOS GERAIS (PR)<\/a>, Carlos Roberto Scheibel\u00a0<img loading=\"lazy\" class=\"alignnone size-full wp-image-231\" src=\"http:\/\/www2.uepg.br\/gpinterconexoes\/wp-content\/uploads\/sites\/4\/2018\/09\/DISSERT.jpg\" alt=\"\" width=\"18\" height=\"18\" \/><\/p>\n<p><strong>2012<\/strong><\/p>\n<p><a title=\"Ver arquivo\" href=\"http:\/\/tede2.uepg.br\/jspui\/bitstream\/prefix\/598\/1\/ANDREA%20INACIO%20SILVA.pdf\" target=\"_blank\" rel=\"noopener noreferrer\">PARA COMPREENDER A TRANSFORMA\u00c7\u00c3O DO PATRIM\u00d4NIO COGNITIVO AGR\u00cdCOLA E ECOL\u00d3GICO NO FAXINAL TAQUARI DOS RIBEIROS, RIO AZUL, PARAN\u00c1: ABORDAGENS ETNOCIENT\u00cdFICA E GEOGR\u00c1FICA<\/a>, Andr\u00e9a Aparecida In\u00e1cio da Silva\u00a0<img loading=\"lazy\" class=\"alignnone size-full wp-image-231\" src=\"http:\/\/www2.uepg.br\/gpinterconexoes\/wp-content\/uploads\/sites\/4\/2018\/09\/DISSERT.jpg\" alt=\"\" width=\"18\" height=\"18\" \/><\/p>\n<hr \/>\n<p><a title=\"Ver arquivo\" href=\"http:\/\/tede2.uepg.br\/jspui\/bitstream\/prefix\/559\/1\/Melania%20Ferronato.pdf\" target=\"_blank\" rel=\"noopener noreferrer\">AVALIA\u00c7\u00c3O DA PERCEP\u00c7\u00c3O E REPRESENTA\u00c7\u00c3O ESPACIAL DA QUALIDADE VISUAL DA PAISAGEM NA FLONA-IRATI\/PR<\/a>, Mel\u00e2nia Zampronho Ferronato\u00a0<img loading=\"lazy\" class=\"alignnone size-full wp-image-231\" src=\"http:\/\/www2.uepg.br\/gpinterconexoes\/wp-content\/uploads\/sites\/4\/2018\/09\/DISSERT.jpg\" alt=\"\" width=\"18\" height=\"18\" \/><\/p>\n<hr \/>\n<p><a title=\"Ver arquivo\" href=\"http:\/\/tede2.uepg.br\/jspui\/bitstream\/prefix\/556\/1\/Maycon%20Luiz%20Tcchmolo.pdf\" target=\"_blank\" rel=\"noopener noreferrer\">PR\u00c1TICAS SOCIAIS E PLANEJAMENTO TUR\u00cdSTICO NO MUNIC\u00cdPIO DE IRATI-PR, SOB O ENFOQUE DAS CATEGORIAS ANAL\u00cdTICAS GEOGR\u00c1FICAS: LUGAR E PAISAGEM<\/a>, Maycon Luiz Tchmolo\u00a0<img loading=\"lazy\" class=\"alignnone size-full wp-image-231\" src=\"http:\/\/www2.uepg.br\/gpinterconexoes\/wp-content\/uploads\/sites\/4\/2018\/09\/DISSERT.jpg\" alt=\"\" width=\"18\" height=\"18\" \/><\/p>\n","protected":false},"excerpt":{"rendered":"<p>2018 KAGWYRI\u2019PE JIHOI: O TERRIT\u00d3RIO COMO FUNDAMENTO DO SABER TRADICIONAL\u00a0PARINTINTIN\u00a0NA ALDEIA TRA\u00cdRA DA TERRA IND\u00cdGENA NOVE DE JANEIRO, HUMAIT\u00c1 &#8211; AM, Juliano\u00a0Strachulski\u00a0 2016 OS SABERES MATEIROS DAS COMUNIDADES TRADICIONAIS DA REGI\u00c3O SERRA DAS ALMAS, PARAN\u00c1: HIST\u00d3RIAS DE VIDA E PAISAGENS,\u00a0Adelita Staniski\u00a0 2014 OS SABERES ECOL\u00d3GICOS TRADICIONAIS DE AGRICULTORES DA COMUNIDADE RURAL LINHA CRICIUMAL E SUA &hellip; <\/p>\n<p class=\"link-more\"><a href=\"https:\/\/www2.uepg.br\/gpinterconexoes\/publicacoes\/teses-e-dissertacoes\/\" class=\"more-link\">Continue lendo<span class=\"screen-reader-text\"> &#8220;Teses e Disserta\u00e7\u00f5es&#8221;<\/span><\/a><\/p>\n","protected":false},"author":9,"featured_media":0,"parent":26,"menu_order":0,"comment_status":"closed","ping_status":"closed","template":"","meta":[],"_links":{"self":[{"href":"https:\/\/www2.uepg.br\/gpinterconexoes\/wp-json\/wp\/v2\/pages\/89"}],"collection":[{"href":"https:\/\/www2.uepg.br\/gpinterconexoes\/wp-json\/wp\/v2\/pages"}],"about":[{"href":"https:\/\/www2.uepg.br\/gpinterconexoes\/wp-json\/wp\/v2\/types\/page"}],"author":[{"embeddable":true,"href":"https:\/\/www2.uepg.br\/gpinterconexoes\/wp-json\/wp\/v2\/users\/9"}],"replies":[{"embeddable":true,"href":"https:\/\/www2.uepg.br\/gpinterconexoes\/wp-json\/wp\/v2\/comments?post=89"}],"version-history":[{"count":7,"href":"https:\/\/www2.uepg.br\/gpinterconexoes\/wp-json\/wp\/v2\/pages\/89\/revisions"}],"predecessor-version":[{"id":234,"href":"https:\/\/www2.uepg.br\/gpinterconexoes\/wp-json\/wp\/v2\/pages\/89\/revisions\/234"}],"up":[{"embeddable":true,"href":"https:\/\/www2.uepg.br\/gpinterconexoes\/wp-json\/wp\/v2\/pages\/26"}],"wp:attachment":[{"href":"https:\/\/www2.uepg.br\/gpinterconexoes\/wp-json\/wp\/v2\/media?parent=89"}],"curies":[{"name":"wp","href":"https:\/\/api.w.org\/{rel}","templated":true}]}}