{"id":92,"date":"2018-09-22T04:21:00","date_gmt":"2018-09-22T04:21:00","guid":{"rendered":"http:\/\/www2.uepg.br\/gpinterconexoes\/?page_id=92"},"modified":"2018-10-17T17:21:12","modified_gmt":"2018-10-17T17:21:12","slug":"livro","status":"publish","type":"page","link":"https:\/\/www2.uepg.br\/gpinterconexoes\/publicacoes\/livro\/","title":{"rendered":"Livros\/cap\u00edtulos"},"content":{"rendered":"<table border=\"0\">\n<tbody>\n<tr>\n<td>\u00a0<img loading=\"lazy\" class=\"aligncenter wp-image-601 size-full\" src=\"http:\/\/www2.uepg.br\/gpinterconexoes\/wp-content\/uploads\/sites\/4\/2018\/10\/Capa_Uma-viagem.jpg\" alt=\"\" width=\"200\" height=\"267\" \/><\/td>\n<td>Uma Viagem ao Mundo dos Pykahu-Parintintin: olhares, percep\u00e7\u00f5es e sentidos. Adnilson de Almeida Silva, Maria das Gra\u00e7as Silva Nascimento Silva, Josu\u00e9 da Costa, Nicolas Floriani (Orgs.) ~2017<\/td>\n<\/tr>\n<tr>\n<td>\u00a0<img loading=\"lazy\" class=\"alignnone size-full wp-image-249\" src=\"http:\/\/www2.uepg.br\/gpinterconexoes\/wp-content\/uploads\/sites\/4\/2018\/09\/livro_faxinal-taquari.jpg\" alt=\"\" width=\"200\" height=\"267\" \/><\/td>\n<td>Faxinal Taquari dos Ribeiros: Di\u00e1logos Interdisciplinares, Sustentabilidade e Etnoecologia.\u00a0Silvia Meri Carvalho, Nicolas Floriani (Orgs.) ~2017<\/td>\n<\/tr>\n<tr>\n<td>\u00a0<img loading=\"lazy\" class=\"alignnone size-full wp-image-247\" src=\"http:\/\/www2.uepg.br\/gpinterconexoes\/wp-content\/uploads\/sites\/4\/2018\/09\/livro_saberes-paisagens.jpg\" alt=\"\" width=\"200\" height=\"267\" \/><\/td>\n<td>Saberes, paisagens e territ\u00f3rios rurais da Am\u00e9rica Latina. Narciso Barrera-Bassols, Nicolas Floriani (Orgs.) \u00a0~2016<\/td>\n<\/tr>\n<tr>\n<td>\u00a0<img loading=\"lazy\" class=\"alignnone size-full wp-image-246\" src=\"http:\/\/www2.uepg.br\/gpinterconexoes\/wp-content\/uploads\/sites\/4\/2018\/09\/livro_saberes1.jpg\" alt=\"\" width=\"200\" height=\"267\" \/><\/td>\n<td>\u00a0Saberes e Pr\u00e1ticas de Territ\u00f3rios Agroecol\u00f3gicos. Nicolas Floriani\u00a0 ~2011<\/td>\n<\/tr>\n<\/tbody>\n<\/table>\n","protected":false},"excerpt":{"rendered":"<p>\u00a0 Uma Viagem ao Mundo dos Pykahu-Parintintin: olhares, percep\u00e7\u00f5es e sentidos. Adnilson de Almeida Silva, Maria das Gra\u00e7as Silva Nascimento Silva, Josu\u00e9 da Costa, Nicolas Floriani (Orgs.) ~2017 \u00a0 Faxinal Taquari dos Ribeiros: Di\u00e1logos Interdisciplinares, Sustentabilidade e Etnoecologia.\u00a0Silvia Meri Carvalho, Nicolas Floriani (Orgs.) ~2017 \u00a0 Saberes, paisagens e territ\u00f3rios rurais da Am\u00e9rica Latina. Narciso Barrera-Bassols, &hellip; <\/p>\n<p class=\"link-more\"><a href=\"https:\/\/www2.uepg.br\/gpinterconexoes\/publicacoes\/livro\/\" class=\"more-link\">Continue lendo<span class=\"screen-reader-text\"> &#8220;Livros\/cap\u00edtulos&#8221;<\/span><\/a><\/p>\n","protected":false},"author":9,"featured_media":0,"parent":26,"menu_order":0,"comment_status":"closed","ping_status":"closed","template":"","meta":[],"_links":{"self":[{"href":"https:\/\/www2.uepg.br\/gpinterconexoes\/wp-json\/wp\/v2\/pages\/92"}],"collection":[{"href":"https:\/\/www2.uepg.br\/gpinterconexoes\/wp-json\/wp\/v2\/pages"}],"about":[{"href":"https:\/\/www2.uepg.br\/gpinterconexoes\/wp-json\/wp\/v2\/types\/page"}],"author":[{"embeddable":true,"href":"https:\/\/www2.uepg.br\/gpinterconexoes\/wp-json\/wp\/v2\/users\/9"}],"replies":[{"embeddable":true,"href":"https:\/\/www2.uepg.br\/gpinterconexoes\/wp-json\/wp\/v2\/comments?post=92"}],"version-history":[{"count":11,"href":"https:\/\/www2.uepg.br\/gpinterconexoes\/wp-json\/wp\/v2\/pages\/92\/revisions"}],"predecessor-version":[{"id":603,"href":"https:\/\/www2.uepg.br\/gpinterconexoes\/wp-json\/wp\/v2\/pages\/92\/revisions\/603"}],"up":[{"embeddable":true,"href":"https:\/\/www2.uepg.br\/gpinterconexoes\/wp-json\/wp\/v2\/pages\/26"}],"wp:attachment":[{"href":"https:\/\/www2.uepg.br\/gpinterconexoes\/wp-json\/wp\/v2\/media?parent=92"}],"curies":[{"name":"wp","href":"https:\/\/api.w.org\/{rel}","templated":true}]}}