{"id":12,"date":"2019-06-05T09:33:42","date_gmt":"2019-06-05T12:33:42","guid":{"rendered":"http:\/\/www2.uepg.br\/iesol\/?page_id=12"},"modified":"2026-04-02T15:52:18","modified_gmt":"2026-04-02T18:52:18","slug":"projetos-encerrados","status":"publish","type":"page","link":"https:\/\/www2.uepg.br\/iesol\/projetos-encerrados\/","title":{"rendered":"Projetos Encerrados"},"content":{"rendered":"<h3 style=\"text-align: center\"><strong>Translighthouse: Para al\u00e9m do verde \u2013 Far\u00f3is de solu\u00e7\u00f5es transformadoras baseadas na natureza para comunidades inclusivas. Coordena\u00e7\u00e3o: Centro de Estudos Sociais \u2013 Universidade de Coimbra.<\/strong><\/h3>\n<h3 style=\"text-align: center\"><strong>(2023-2026)<\/strong><\/h3>\n<p><a href=\"https:\/\/www2.uepg.br\/iesol\/projetos-encerrados\/captura-de-tela-55\/\" rel=\"attachment wp-att-757\"><img loading=\"lazy\" class=\"aligncenter size-medium wp-image-757\" src=\"http:\/\/www2.uepg.br\/iesol\/wp-content\/uploads\/sites\/20\/2026\/04\/Captura-de-Tela-55-300x170.png\" alt=\"\" width=\"300\" height=\"170\" srcset=\"https:\/\/www2.uepg.br\/iesol\/wp-content\/uploads\/sites\/20\/2026\/04\/Captura-de-Tela-55-300x170.png 300w, https:\/\/www2.uepg.br\/iesol\/wp-content\/uploads\/sites\/20\/2026\/04\/Captura-de-Tela-55.png 473w\" sizes=\"(max-width: 300px) 100vw, 300px\" \/><\/a><\/p>\n<p><span style=\"color: #000000\"><strong>Objetivo Geral:<\/strong>\u00a0\u00a0Compreender as potencialidades e limita\u00e7\u00f5es no desenho e implementa\u00e7\u00e3o de solu\u00e7\u00f5es baseadas na natureza.<\/span><\/p>\n<p><span style=\"color: #000000\"><strong>Objetivos Espec\u00edficos:<\/strong><\/span><\/p>\n<p><span style=\"color: #000000\">&#8211; Integrar uma rede de \u201cfar\u00f3is\u201d em \u00e1reas urbanas, rurais, costeiras e florestais;<\/span><\/p>\n<p><span style=\"color: #000000\">&#8211; Melhorar as contribui\u00e7\u00f5es das solu\u00e7\u00f5es baseadas na natureza e alcan\u00e7ar, de forma integrada, objetivos ecol\u00f3gicos, sociais e econ\u00f4micos;<\/span><\/p>\n<p><span style=\"color: #000000\">&#8211; Testar novos modelos de governan\u00e7a, abordagens e ferramentas de cocria\u00e7\u00e3o em projetos de pequena escala, mas de ampla proje\u00e7\u00e3o, que podem ser aprimorados ao longo do tempo.<\/span><\/p>\n<p>&nbsp;<\/p>\n<h3 style=\"text-align: center\"><strong>Sustentabilidade, quest\u00e3o ambiental e economia solid\u00e1ria: fortalecendo e divulgando pr\u00e1ticas a partir da IESOL &#8211; Incubadora de Empreendimentos Solid\u00e1rios &#8211; (2024-2025)<\/strong><\/h3>\n<p><a href=\"https:\/\/www2.uepg.br\/iesol\/projetos-encerrados\/8915f9d8-cbfc-43fc-ad75-c07fe0ee5357\/\" rel=\"attachment wp-att-752\"><img loading=\"lazy\" class=\"aligncenter wp-image-752\" src=\"http:\/\/www2.uepg.br\/iesol\/wp-content\/uploads\/sites\/20\/2026\/03\/8915f9d8-cbfc-43fc-ad75-c07fe0ee5357-300x91.jpg\" alt=\"\" width=\"297\" height=\"90\" srcset=\"https:\/\/www2.uepg.br\/iesol\/wp-content\/uploads\/sites\/20\/2026\/03\/8915f9d8-cbfc-43fc-ad75-c07fe0ee5357-300x91.jpg 300w, https:\/\/www2.uepg.br\/iesol\/wp-content\/uploads\/sites\/20\/2026\/03\/8915f9d8-cbfc-43fc-ad75-c07fe0ee5357-1024x312.jpg 1024w, https:\/\/www2.uepg.br\/iesol\/wp-content\/uploads\/sites\/20\/2026\/03\/8915f9d8-cbfc-43fc-ad75-c07fe0ee5357-768x234.jpg 768w, https:\/\/www2.uepg.br\/iesol\/wp-content\/uploads\/sites\/20\/2026\/03\/8915f9d8-cbfc-43fc-ad75-c07fe0ee5357-1536x468.jpg 1536w, https:\/\/www2.uepg.br\/iesol\/wp-content\/uploads\/sites\/20\/2026\/03\/8915f9d8-cbfc-43fc-ad75-c07fe0ee5357-1232x375.jpg 1232w, https:\/\/www2.uepg.br\/iesol\/wp-content\/uploads\/sites\/20\/2026\/03\/8915f9d8-cbfc-43fc-ad75-c07fe0ee5357.jpg 1600w\" sizes=\"(max-width: 297px) 100vw, 297px\" \/><\/a><\/p>\n<p><span style=\"color: #000000\"><strong><b>Objetivo Geral &#8211; <\/b><\/strong>Potencializar as pr\u00e1ticas e reflex\u00f5es de sustentabilidade territorial a partir da economia solid\u00e1ria, a fim de cumprir com os Objetivos do Desenvolvimento Sustent\u00e1vel &#8211; ODS, junto ao p\u00fablico dos empreendimentos econ\u00f4micos solid\u00e1rios, extens\u00e3o universit\u00e1ria e comunidade em geral.<\/span><\/p>\n<p>&nbsp;<\/p>\n<p><span style=\"color: #000000\"><strong>Objetivos Espec\u00edficos:<\/strong><\/span><\/p>\n<p><span style=\"color: #000000\">-Capacitar a equipe do projeto para atua\u00e7\u00e3o e reflex\u00e3o sobre sustentabilidade, ODS e os princ\u00edpios da economia solid\u00e1ria (ECOSOL) como potencial de pr\u00e1tica de constru\u00e7\u00e3o de sustentabilidade territorial;<\/span><\/p>\n<p><span style=\"color: #000000\">-Realizar atividades de forma\u00e7\u00e3o sobre a tem\u00e1tica ambiental, economia solid\u00e1ria e sua rela\u00e7\u00e3o com os ODS \u00a0para o p\u00fablico da ecosol, da \u00a0extens\u00e3o universit\u00e1ria e \u00a0comunidade em geral;<\/span><\/p>\n<p><span style=\"color: #000000\">-Fortalecer as a\u00e7\u00f5es j\u00e1 em andamento da economia solid\u00e1ria que contribuem para \u00a0a redu\u00e7\u00e3o da desigualdade social e do consumo e produ\u00e7\u00e3o respons\u00e1veis;<\/span><\/p>\n<p><span style=\"color: #000000\">-Possibilitar que o projeto seja um campo de realiza\u00e7\u00e3o de atividades de curriculariza\u00e7\u00e3o da Extens\u00e3o que promovam a reflex\u00e3o sobre comunidades sustent\u00e1veis;<\/span><\/p>\n<p><span style=\"color: #000000\">-Promover divulga\u00e7\u00e3o cient\u00edfica e de a\u00e7\u00f5es do projeto e dos temas relacionados.<\/span><\/p>\n<p>&nbsp;<\/p>\n<h3 style=\"text-align: center\"><strong><span style=\"color: #000000\">Apoio ao Programa de Extens\u00e3o Incubadora de Empreendimentos Solid\u00e1rios da Universidade Estadual de Ponta Grossa (IESol\/UEPG) &#8211; (2025-2026)<\/span><\/strong><\/h3>\n<p><span style=\"color: #000000\"><a style=\"color: #000000\" href=\"https:\/\/www2.uepg.br\/iesol\/projetos-encerrados\/unnamed\/\" rel=\"attachment wp-att-750\"><img loading=\"lazy\" class=\"aligncenter wp-image-750\" src=\"http:\/\/www2.uepg.br\/iesol\/wp-content\/uploads\/sites\/20\/2026\/03\/unnamed-300x132.png\" alt=\"\" width=\"291\" height=\"128\" srcset=\"https:\/\/www2.uepg.br\/iesol\/wp-content\/uploads\/sites\/20\/2026\/03\/unnamed-300x132.png 300w, https:\/\/www2.uepg.br\/iesol\/wp-content\/uploads\/sites\/20\/2026\/03\/unnamed.png 512w\" sizes=\"(max-width: 291px) 100vw, 291px\" \/><\/a><\/span><\/p>\n<p><span style=\"color: #000000\"><strong><b>Objetivo Geral &#8211; \u00a0<\/b><\/strong>Consolidar os processos de incuba\u00e7\u00e3o, forma\u00e7\u00e3o e assessoria<\/span><\/p>\n<p><span style=\"color: #000000\">desenvolvidas pela Incubadora de Empreendimentos Solid\u00e1rios da Universidade Estadual de Ponta Grossa &#8211; IESol\/UEPG.<\/span><\/p>\n<p><span style=\"color: #000000\"><strong><b>Objetivos Espec\u00edficos:<\/b><\/strong><\/span><\/p>\n<p><span style=\"color: #000000\">-Atuar no processo de incuba\u00e7\u00e3o, forma\u00e7\u00e3o e assessoria a grupos e Empreendimentos Econ\u00f4micos Solid\u00e1rios no munic\u00edpio de Ponta Grossa e entorno.<\/span><\/p>\n<p><span style=\"color: #000000\">-Proporcionar forma\u00e7\u00e3o com grupos de trabalhadores e trabalhadoras, usu\u00e1rios de equipamentos p\u00fablicos com potencial de constitui\u00e7\u00e3o de grupos de economia solid\u00e1ria nas tem\u00e1ticas ligadas \u00e0 economia solid\u00e1ria, destacando quest\u00f5es relativas a tecnologia social, inova\u00e7\u00e3o social, agroecologia e outras tem\u00e1ticas a partir da demanda concreta destes grupos em um processo de cocria\u00e7\u00e3o.<\/span><\/p>\n<p><span style=\"color: #000000\">-Apoiar a articula\u00e7\u00e3o com as incubadoras de economia solid\u00e1ria de IES do Paran\u00e1 atrav\u00e9s da consolida\u00e7\u00e3o da Rede RIU-Paran\u00e1, fomentando um processo de reuni\u00f5es sistem\u00e1ticas, promovendo interc\u00e2mbio entre as equipes e atuando na organiza\u00e7\u00e3o de um evento conjunto.<\/span><\/p>\n<p><span style=\"color: #000000\">-Divulgar as a\u00e7\u00f5es e produ\u00e7\u00e3o t\u00e9cnico\/cient\u00edfica do projeto.<\/span><\/p>\n<p>&nbsp;<\/p>\n<h3 style=\"text-align: center\"><strong>Educa\u00e7\u00e3o para a Cidadania: Economia Solid\u00e1ria, Coopera\u00e7\u00e3o e Respeito \u00e0 Natureza &#8211; (2025-2026)<\/strong><\/h3>\n<p><a href=\"https:\/\/www2.uepg.br\/iesol\/projetos-encerrados\/unnamed\/\" rel=\"attachment wp-att-750\"><img loading=\"lazy\" class=\"aligncenter wp-image-750\" src=\"http:\/\/www2.uepg.br\/iesol\/wp-content\/uploads\/sites\/20\/2026\/03\/unnamed-300x132.png\" alt=\"\" width=\"282\" height=\"124\" srcset=\"https:\/\/www2.uepg.br\/iesol\/wp-content\/uploads\/sites\/20\/2026\/03\/unnamed-300x132.png 300w, https:\/\/www2.uepg.br\/iesol\/wp-content\/uploads\/sites\/20\/2026\/03\/unnamed.png 512w\" sizes=\"(max-width: 282px) 100vw, 282px\" \/><\/a><\/p>\n<p><span style=\"color: #000000\"><strong><b>Objetivo Geral &#8211; <\/b><\/strong>Promover o conhecimento, a dissemina\u00e7\u00e3o e potencial da economia solid\u00e1ria nos munic\u00edpios de baixo IDH de abrang\u00eancia da extens\u00e3o da IESOL, visando a forma\u00e7\u00e3o de cidad\u00e3os capazes de atuar de forma ativa e sustent\u00e1vel na sociedade.<\/span><\/p>\n<p><span style=\"color: #000000\"><strong><b>Objetivos Espec\u00edficos:<\/b><\/strong><\/span><\/p>\n<p><span style=\"color: #000000\">-Proporcionar a troca de experi\u00eancias sobre os princ\u00edpios da ECOSOL de coletividade, autogest\u00e3o, fomento do consumo solid\u00e1rio e sustent\u00e1vel e valoriza\u00e7\u00e3o dos conhecimentos locais.<\/span><\/p>\n<p><span style=\"color: #000000\">-Promover forma\u00e7\u00f5es partindo da discuss\u00e3o dos Objetivos do Desenvolvimento Sustent\u00e1veis (ODS) e as Solu\u00e7\u00f5es Baseadas na Natureza (NBS).<\/span><\/p>\n<p><span style=\"color: #000000\">-Realizar um mapeamento de potenciais grupos para gera\u00e7\u00e3o de trabalho e renda e incuba\u00e7\u00e3o a partir da economia solid\u00e1ria em munic\u00edpios de baixo IDH que j\u00e1 tem atividades no alcance da IESOL\/UEPG.<\/span><\/p>\n<p><span style=\"color: #000000\">&#8211; Divulgar as a\u00e7\u00f5es e produ\u00e7\u00e3o t\u00e9cnico\/cient\u00edfica do projeto.<\/span><\/p>\n<p>&nbsp;<\/p>\n<h3 style=\"text-align: center\"><strong>A ECONOMIA SOLID\u00c1RIA NOS CAMPOS GERAIS &#8211; (2023-2024)<\/strong><\/h3>\n<p><img class=\"aligncenter\" src=\"http:\/\/www2.uepg.br\/iesol\/wp-content\/uploads\/sites\/20\/2022\/07\/USF-IESOL.png\" \/><\/p>\n<p style=\"text-align: left\"><strong>T\u00cdTULO: <span style=\"font-weight: 400\">A Economia Solid\u00e1ria nos Campos Gerais: Trabalho, Renda e Inova\u00e7\u00e3o Social.<\/span><\/strong><\/p>\n<p><strong>OBJETIVO GERAL: <\/strong><span style=\"font-weight: 400\">Contribuir na organiza\u00e7\u00e3o e consolida\u00e7\u00e3o de grupos de gera\u00e7\u00e3o de trabalho e renda atrav\u00e9s dos processos de forma\u00e7\u00e3o, incuba\u00e7\u00e3o e assessoria de Empreendimentos Econ\u00f4micos Solid\u00e1rios (EES) com uso de tecnologias sociais na perspectiva da Inova\u00e7\u00e3o Social.<\/span><\/p>\n<p>&nbsp;<\/p>\n<h3 style=\"text-align: center\"><strong><span style=\"color: #000000\">MULHERES NA ECONOMIA SOLID\u00c1RIA &#8211; (2022-2024)<\/span><\/strong><\/h3>\n<p style=\"text-align: center\"><a href=\"https:\/\/www2.uepg.br\/iesol\/projetos-encerrados\/captura-de-tela-53\/\" rel=\"attachment wp-att-755\"><img loading=\"lazy\" class=\"aligncenter wp-image-755\" src=\"http:\/\/www2.uepg.br\/iesol\/wp-content\/uploads\/sites\/20\/2026\/04\/Captura-de-Tela-53-300x122.png\" alt=\"\" width=\"342\" height=\"139\" srcset=\"https:\/\/www2.uepg.br\/iesol\/wp-content\/uploads\/sites\/20\/2026\/04\/Captura-de-Tela-53-300x122.png 300w, https:\/\/www2.uepg.br\/iesol\/wp-content\/uploads\/sites\/20\/2026\/04\/Captura-de-Tela-53.png 544w\" sizes=\"(max-width: 342px) 100vw, 342px\" \/><\/a><\/p>\n<p><span style=\"color: #000000\"><strong>T\u00cdTULO: <span style=\"font-weight: 400\">\u201cMulheres na Economia Solid\u00e1ria: Perspectivas de empoderamento na cidade de Ponta Grossa e Regi\u00e3o&#8221;\u00a0<\/span><\/strong><\/span><\/p>\n<p><span style=\"color: #000000\"><strong>OBJETIVO GERAL:<\/strong> Estimular o protagonismo e empoderamento de mulheres em vulnerabilidade social de Ponta Grossa e regi\u00e3o, a partir da Economia Solid\u00e1ria.\u00a0<\/span><\/p>\n<p><span style=\"color: #000000\"><strong>\u00a0OBJETIVOS ESPEC\u00cdFICOS:<\/strong><span style=\"font-weight: 400\"><strong>\u00a0<\/strong><\/span><\/span><\/p>\n<p><span style=\"color: #000000\"><span style=\"font-weight: 400\">&#8211; Fortalecer as mulheres em vulnerabilidade social na regi\u00e3o de Ponta Grossa para gera\u00e7\u00e3o de trabalho e renda, comercializa\u00e7\u00e3o e pr\u00e1ticas de consumo de acordo com os princ\u00edpios da Economia Solid\u00e1ria;<\/span><\/span><\/p>\n<p><span style=\"font-weight: 400;color: #000000\"> &#8211; Incentivar a lideran\u00e7a de mulheres vinculadas a IESol nas inst\u00e2ncias de participa\u00e7\u00e3o das pol\u00edticas p\u00fablicas na \u00e1reas afins da Economia Solid\u00e1ria;<\/span><\/p>\n<p><span style=\"font-weight: 400;color: #000000\">&#8211; Capacitar as trabalhadoras da Economia Solid\u00e1ria no uso de plataformas digitais para comercializa\u00e7\u00e3o e incentivo ao consumo respons\u00e1vel e solid\u00e1rio;<\/span><\/p>\n<p><span style=\"font-weight: 400;color: #000000\">&#8211; Construir estrat\u00e9gias de divulga\u00e7\u00e3o das viv\u00eancias e do movimento da Economia Solid\u00e1ria no empoderamento das mulheres;<\/span><\/p>\n<p><span style=\"font-weight: 400;color: #000000\">&#8211; Produ\u00e7\u00e3o de conhecimento e participa\u00e7\u00e3o em eventos acad\u00eamicos para trocas de experi\u00eancias extensionistas;<\/span><\/p>\n<h3><\/h3>\n<h3 style=\"text-align: center\"><span style=\"color: #000000\"><strong>USF &#8211; UNIVERSIDADE SEM FRONTEIRAS<\/strong><\/span><\/h3>\n<p><img loading=\"lazy\" class=\"size-full wp-image-364 aligncenter\" src=\"http:\/\/www2.uepg.br\/iesol\/wp-content\/uploads\/sites\/20\/2022\/07\/USF-IESOL.png\" alt=\"\" width=\"300\" height=\"78\" \/><\/p>\n<p>&nbsp;<\/p>\n<p><span style=\"color: #000000\"><b>T\u00cdTULO<\/b><span style=\"font-weight: 400\"> &#8211; \u201cEconomia Solid\u00e1ria como alternativa de supera\u00e7\u00e3o da vulnerabilidade social em munic\u00edpios dos Campos Gerais-PR<\/span><span style=\"font-weight: 400\">\u201d<\/span><\/span><\/p>\n<p><span style=\"color: #000000\"><b>OBJETIVO GERAL<\/b><span style=\"font-weight: 400\"> : Promover a\u00e7\u00f5es de forma\u00e7\u00e3o em Economia Solid\u00e1ria para p\u00fablico em situa\u00e7\u00e3o de vulnerabilidade social em munic\u00edpios da regi\u00e3o dos Campos Gerais<\/span><\/span><\/p>\n<p><span style=\"color: #000000\"><strong>OBJETIVOS ESPEC\u00cdFICOS:<\/strong> Atuar com grupos de usu\u00e1rios de Centros de Assist\u00eancia municipais visando a inclus\u00e3o produtiva e cultural; <\/span><\/p>\n<p><span style=\"color: #000000\">&#8211; Realizar atividades de forma\u00e7\u00e3o continuada em Ecosol voltadas para jovens e adolescentes em escolas e col\u00e9gios; <\/span><\/p>\n<p><span style=\"color: #000000\">&#8211; Apresentar a Ecosol como alternativa de gera\u00e7\u00e3o de trabalho e renda a jovens e adolescentes em situa\u00e7\u00e3o de vulnerabilidade social; <\/span><\/p>\n<p><span style=\"color: #000000\">&#8211; Apresentar a Ecosol para gestores p\u00fablicos; <\/span><\/p>\n<p><span style=\"color: #000000\">&#8211; Realizar atividades de forma\u00e7\u00e3o em Ecosol para p\u00fablicos diversos; <\/span><\/p>\n<p><span style=\"color: #000000\">&#8211; Divulgar a\u00e7\u00f5es do projeto.<\/span><\/p>\n<p>&nbsp;<\/p>\n<h3 style=\"text-align: center\"><span style=\"color: #000000\"><b>USF &#8211; UNIVERSIDADE SEM FRONTEIRAS &#8211; (2022)<\/b><\/span><\/h3>\n<p>&nbsp;<\/p>\n<h3 style=\"text-align: center\"><img loading=\"lazy\" class=\"size-medium wp-image-142 aligncenter\" src=\"http:\/\/www2.uepg.br\/iesol\/wp-content\/uploads\/sites\/20\/2019\/09\/IMG_0925-300x78.png\" alt=\"\" width=\"300\" height=\"78\" srcset=\"https:\/\/www2.uepg.br\/iesol\/wp-content\/uploads\/sites\/20\/2019\/09\/IMG_0925-300x78.png 300w, https:\/\/www2.uepg.br\/iesol\/wp-content\/uploads\/sites\/20\/2019\/09\/IMG_0925.png 532w\" sizes=\"(max-width: 300px) 100vw, 300px\" \/><\/h3>\n<p>&nbsp;<\/p>\n<p><span style=\"color: #000000\"><b>T\u00cdTULO<\/b><span style=\"font-weight: 400\"> &#8211; \u201cDesenvolvimento local e forma\u00e7\u00e3o em Economia Solid\u00e1ria para Gestores e Grupos vulner\u00e1veis em<br \/>\nmunic\u00edpios de Ponta Grossa e regi\u00e3o<\/span><span style=\"font-weight: 400\">\u201d<\/span><\/span><\/p>\n<p><span style=\"color: #000000\"><b>OBJETIVO GERAL<\/b><span style=\"font-weight: 400\"> : <\/span>Desenvolver a\u00e7\u00f5es voltadas a forma\u00e7\u00e3o em Economia Solid\u00e1ria, direcionadas ao p\u00fablico em situa\u00e7\u00e3o de vulnerabilidade social bem como gestores p\u00fablicos de munic\u00edpios da regi\u00e3o dos Campos Gerais, visando a expans\u00e3o e promo\u00e7\u00e3o da economia solid\u00e1ria como alternativa de trabalho, renda, socializa\u00e7\u00e3o e valoriza\u00e7\u00e3o do ser humano, incentivando a cria\u00e7\u00e3o de novos empreendimentos econ\u00f4micos solid\u00e1rios (EES).<\/span><\/p>\n<p><span style=\"color: #000000\"><strong>OBJETIVOS ESPEC\u00cdFICOS:<\/strong> Atuar com grupos de usu\u00e1rios de Centros de Assist\u00eancia municipais visando a inclus\u00e3o produtiva e cultural; <\/span><\/p>\n<p><span style=\"color: #000000\">&#8211; Realizar atividades de forma\u00e7\u00e3o continuada em Ecosol voltadas para jovens e adolescentes em escolas e col\u00e9gios; <\/span><\/p>\n<p><span style=\"color: #000000\">&#8211; Apresentar a Ecosol como alternativa de gera\u00e7\u00e3o de trabalho e renda a jovens e adolescentes em situa\u00e7\u00e3o de vulnerabilidade social; <\/span><\/p>\n<p><span style=\"color: #000000\">&#8211; Apresentar a Ecosol para gestores p\u00fablicos; <\/span><\/p>\n<p><span style=\"color: #000000\">&#8211; Realizar atividades de forma\u00e7\u00e3o em Ecosol para p\u00fablicos diversos; <\/span><\/p>\n<p><span style=\"color: #000000\">&#8211; Divulgar a\u00e7\u00f5es do projeto;<\/span><\/p>\n<p><span style=\"color: #000000\">&#8211; Prestar contas<\/span><\/p>\n<hr \/>\n<h3 style=\"text-align: center\"><span style=\"color: #000000\"><strong>PRONINC\/CNPq<\/strong><\/span><\/h3>\n<p>&nbsp;<\/p>\n<p><img loading=\"lazy\" class=\"size-full wp-image-366 aligncenter\" src=\"http:\/\/www2.uepg.br\/iesol\/wp-content\/uploads\/sites\/20\/2022\/07\/CNPQ-300x150-1.jpg\" alt=\"\" width=\"300\" height=\"150\" \/><\/p>\n<p>&nbsp;<\/p>\n<p><span style=\"color: #000000\"><strong>T\u00cdTULO:<\/strong>\u00a0\u201cEconomia solid\u00e1ria, redes de coopera\u00e7\u00e3o e tecnologias sociais: fomentando e consolidando empreendimentos econ\u00f4micos solid\u00e1rios \u2013 ees vinculados a Incubadora de Empreendimentos Solid\u00e1rios \u2013 IESol da Universidade Estadual de Ponta Grossa \u2013 PR\u201d<\/span><\/p>\n<p><span style=\"color: #000000\"><strong>OBJETIVO GERAL:\u00a0<\/strong>Promover a\u00e7\u00f5es de pesquisa cient\u00edfica, cria\u00e7\u00e3o de tecnologias sociais e de desenvolvimento territorial numa perspectiva de rede com os EES beneficiados no projeto.<\/span><\/p>\n<p><span style=\"color: #000000\"><strong>OBJETIVOS ESPEC\u00cdFICOS:\u00a0<\/strong>Discutir a inser\u00e7\u00e3o dos EES no contexto atual do capitalismo brasileiro.<\/span><\/p>\n<p><span style=\"color: #000000\">\u2013 Examinar a din\u00e2mica territorial e social dos processos de incuba\u00e7\u00e3o do EES\u00a0abordados pela pesquisa.<\/span><\/p>\n<p><span style=\"color: #000000\">\u2013\u00a0Compreender as territorialidades que envolvem os atores e sujeitos da pesquisa.<\/span><\/p>\n<p><span style=\"color: #000000\">\u2013 Analisar a articula\u00e7\u00e3o das atividades de pesquisa, ensino e extens\u00e3o a partir das\u00a0a\u00e7\u00f5es relacionadas \u00e0 incuba\u00e7\u00e3o dos EES examinados.<\/span><\/p>\n<hr \/>\n<h3 style=\"text-align: center\"><span style=\"color: #000000\"><strong>EMENDA 028186\/2016<\/strong><\/span><\/h3>\n<p>&nbsp;<\/p>\n<p><img loading=\"lazy\" class=\"size-full wp-image-367 aligncenter\" src=\"http:\/\/www2.uepg.br\/iesol\/wp-content\/uploads\/sites\/20\/2022\/07\/EMENDA-PARLAMENTAR-e1567446397443-300x122-1.png\" alt=\"\" width=\"300\" height=\"122\" \/><\/p>\n<p>&nbsp;<\/p>\n<p><span style=\"color: #000000\"><strong>T\u00cdTULO:\u00a0<\/strong>\u201cForma\u00e7\u00e3o \u00e0 pesquisa e inova\u00e7\u00e3o em empreendimentos econ\u00f4micos solid\u00e1rios atrav\u00e9s de tecnologias sociais\u201d\u00a0(CNPQ)<\/span><\/p>\n<p><span style=\"color: #000000\"><strong>OBJETIVO GERAL:<\/strong>\u00a0Identificar e avaliar tecnologias sociais para potencial aplica\u00e7\u00e3o\/desenvolvimento\/utiliza\u00e7\u00e3o nos empreendimentos econ\u00f4micos solid\u00e1rios apoiados pela Incubadora de Economia Solid\u00e1ria da Universidade Estadual de Ponta Grossa (IESol\/UEPG).<\/span><\/p>\n<p><span style=\"color: #000000\"><strong>\u00a0OBJETIVOS ESPEC\u00cdFICOS:<\/strong><strong>\u00a0<\/strong>Pesquisar a rela\u00e7\u00e3o entre tecnologia social, economia solid\u00e1ria e inova\u00e7\u00e3o;<\/span><\/p>\n<p><span style=\"color: #000000\">\u2013 Avaliar, junto com os empreendimentos econ\u00f4micos solid\u00e1rios, tecnologias produzidas pela UEPG e verificar em que medida estas podem ser utilizadas ou adaptadas como tecnologias sociais;<\/span><\/p>\n<p><span style=\"color: #000000\">\u2013\u00a0Divulgar junto a comunidade acad\u00eamica e geral a tecnologia social como instrumentos para potencializar a gera\u00e7\u00e3o de renda junto a empreendimentos econ\u00f4micos solid\u00e1rios populares.<\/span><\/p>\n<hr \/>\n<p>&nbsp;<\/p>\n","protected":false},"excerpt":{"rendered":"<p>Translighthouse: Para al\u00e9m do verde \u2013 Far\u00f3is de solu\u00e7\u00f5es transformadoras baseadas na natureza para comunidades inclusivas. Coordena\u00e7\u00e3o: Centro de Estudos Sociais \u2013 Universidade de Coimbra. (2023-2026) Objetivo Geral:\u00a0\u00a0Compreender as potencialidades e limita\u00e7\u00f5es no desenho e implementa\u00e7\u00e3o de solu\u00e7\u00f5es baseadas na natureza. Objetivos Espec\u00edficos: &#8211; Integrar uma rede de \u201cfar\u00f3is\u201d em \u00e1reas urbanas, rurais, costeiras e&nbsp;&hellip;<\/p>\n","protected":false},"author":24,"featured_media":0,"parent":0,"menu_order":0,"comment_status":"closed","ping_status":"closed","template":"","meta":[],"_links":{"self":[{"href":"https:\/\/www2.uepg.br\/iesol\/wp-json\/wp\/v2\/pages\/12"}],"collection":[{"href":"https:\/\/www2.uepg.br\/iesol\/wp-json\/wp\/v2\/pages"}],"about":[{"href":"https:\/\/www2.uepg.br\/iesol\/wp-json\/wp\/v2\/types\/page"}],"author":[{"embeddable":true,"href":"https:\/\/www2.uepg.br\/iesol\/wp-json\/wp\/v2\/users\/24"}],"replies":[{"embeddable":true,"href":"https:\/\/www2.uepg.br\/iesol\/wp-json\/wp\/v2\/comments?post=12"}],"version-history":[{"count":15,"href":"https:\/\/www2.uepg.br\/iesol\/wp-json\/wp\/v2\/pages\/12\/revisions"}],"predecessor-version":[{"id":763,"href":"https:\/\/www2.uepg.br\/iesol\/wp-json\/wp\/v2\/pages\/12\/revisions\/763"}],"wp:attachment":[{"href":"https:\/\/www2.uepg.br\/iesol\/wp-json\/wp\/v2\/media?parent=12"}],"curies":[{"name":"wp","href":"https:\/\/api.w.org\/{rel}","templated":true}]}}