{"id":14,"date":"2019-06-05T09:34:01","date_gmt":"2019-06-05T12:34:01","guid":{"rendered":"http:\/\/www2.uepg.br\/iesol\/?page_id=14"},"modified":"2024-05-07T15:29:34","modified_gmt":"2024-05-07T18:29:34","slug":"projetos-em-andamento","status":"publish","type":"page","link":"https:\/\/www2.uepg.br\/iesol\/projetos-em-andamento\/","title":{"rendered":"Projetos em Andamento"},"content":{"rendered":"<h2 style=\"text-align: center\"><span style=\"color: #000000\">PROJETOS<\/span><\/h2>\n<h3 style=\"text-align: center\"><strong><span style=\"color: #000000\">FEIRA SOLID\u00c1RIA IESOL\/UEPG<\/span><\/strong><\/h3>\n<p><img loading=\"lazy\" class=\"aligncenter wp-image-369 size-medium\" src=\"http:\/\/www2.uepg.br\/iesol\/wp-content\/uploads\/sites\/20\/2022\/07\/vermelho-254x300.jpg\" alt=\"\" width=\"254\" height=\"300\" srcset=\"https:\/\/www2.uepg.br\/iesol\/wp-content\/uploads\/sites\/20\/2022\/07\/vermelho-254x300.jpg 254w, https:\/\/www2.uepg.br\/iesol\/wp-content\/uploads\/sites\/20\/2022\/07\/vermelho-866x1024.jpg 866w, https:\/\/www2.uepg.br\/iesol\/wp-content\/uploads\/sites\/20\/2022\/07\/vermelho-768x908.jpg 768w, https:\/\/www2.uepg.br\/iesol\/wp-content\/uploads\/sites\/20\/2022\/07\/vermelho-1299x1536.jpg 1299w, https:\/\/www2.uepg.br\/iesol\/wp-content\/uploads\/sites\/20\/2022\/07\/vermelho-1733x2048.jpg 1733w, https:\/\/www2.uepg.br\/iesol\/wp-content\/uploads\/sites\/20\/2022\/07\/vermelho-1232x1456.jpg 1232w, https:\/\/www2.uepg.br\/iesol\/wp-content\/uploads\/sites\/20\/2022\/07\/vermelho-914x1080.jpg 914w\" sizes=\"(max-width: 254px) 100vw, 254px\" \/><\/p>\n<p>&nbsp;<\/p>\n<p><span style=\"color: #000000\"><strong>T\u00cdTULO: <span style=\"font-weight: 400\">\u201cFeira Solid\u00e1ria IESol\/UEPG: para al\u00e9m da comercializa\u00e7\u00e3o&#8221;<\/span><\/strong><\/span><\/p>\n<p><span style=\"color: #000000\"><strong>OBJETIVO GERAL:<\/strong> Propiciar um espa\u00e7o permanente para exposi\u00e7\u00e3o, divulga\u00e7\u00e3o e comercializa\u00e7\u00e3o dos produtos oriundos dos empreendimentos apoiados pela IESol.\u00a0<\/span><\/p>\n<p><span style=\"color: #000000\"><strong>\u00a0OBJETIVOS ESPEC\u00cdFICOS:<\/strong><span style=\"font-weight: 400\"><strong>\u00a0<\/strong><\/span><\/span><\/p>\n<p><span style=\"color: #000000\"><span style=\"font-weight: 400\">&#8211; Promover atividades de forma\u00e7\u00e3o, pesquisa e culturais durante as feiras;<\/span><\/span><\/p>\n<p><span style=\"font-weight: 400;color: #000000\"> &#8211; Promover semin\u00e1rios com feirantes;<\/span><\/p>\n<p><span style=\"font-weight: 400;color: #000000\">&#8211; Divulgar os empreendimentos e sua produ\u00e7\u00e3o;<\/span><\/p>\n<p><span style=\"font-weight: 400;color: #000000\">&#8211; Divulgar a IESol e a extens\u00e3o<\/span><\/p>\n<p><span style=\"font-weight: 400;color: #000000\">&#8211; Estimular o consumo solid\u00e1rio;<\/span><\/p>\n<p><span style=\"font-weight: 400;color: #000000\">&#8211; Estimular o acesso \u00e0 Universidade para a comunidade em geral.<\/span><\/p>\n<p>&nbsp;<\/p>\n<p>&nbsp;<\/p>\n<p style=\"text-align: center\"><strong>UNIVERSIDADE SEM FRONTEIRAS &#8211; USF (SETI)<\/strong><\/p>\n<p><strong>T\u00cdTULO: <\/strong>&#8220;A Economia Solid\u00e1ria nos Campos Gerais: Trabalho, Renda e Inova\u00e7\u00e3o Social&#8221;<\/p>\n<p style=\"text-align: left\"><strong>OBJETIVO GERAL:<\/strong> Contribuir na organiza\u00e7\u00e3o e consolida\u00e7\u00e3o de grupos de gera\u00e7\u00e3o de trabalho e renda atrav\u00e9s dos processos de forma\u00e7\u00e3o, incuba\u00e7\u00e3o e assessoria de Empreendimentos Econ\u00f4micos Solid\u00e1rios (EES) com uso de tecnologias sociais na perspectiva da Inova\u00e7\u00e3o Social.<\/p>\n<p style=\"text-align: left\">\n","protected":false},"excerpt":{"rendered":"<p>PROJETOS FEIRA SOLID\u00c1RIA IESOL\/UEPG &nbsp; T\u00cdTULO: \u201cFeira Solid\u00e1ria IESol\/UEPG: para al\u00e9m da comercializa\u00e7\u00e3o&#8221; OBJETIVO GERAL: Propiciar um espa\u00e7o permanente para exposi\u00e7\u00e3o, divulga\u00e7\u00e3o e comercializa\u00e7\u00e3o dos produtos oriundos dos empreendimentos apoiados pela IESol.\u00a0 \u00a0OBJETIVOS ESPEC\u00cdFICOS:\u00a0 &#8211; Promover atividades de forma\u00e7\u00e3o, pesquisa e culturais durante as feiras; &#8211; Promover semin\u00e1rios com feirantes; &#8211; Divulgar os empreendimentos e&nbsp;&hellip;<\/p>\n","protected":false},"author":24,"featured_media":0,"parent":0,"menu_order":0,"comment_status":"closed","ping_status":"closed","template":"","meta":[],"_links":{"self":[{"href":"https:\/\/www2.uepg.br\/iesol\/wp-json\/wp\/v2\/pages\/14"}],"collection":[{"href":"https:\/\/www2.uepg.br\/iesol\/wp-json\/wp\/v2\/pages"}],"about":[{"href":"https:\/\/www2.uepg.br\/iesol\/wp-json\/wp\/v2\/types\/page"}],"author":[{"embeddable":true,"href":"https:\/\/www2.uepg.br\/iesol\/wp-json\/wp\/v2\/users\/24"}],"replies":[{"embeddable":true,"href":"https:\/\/www2.uepg.br\/iesol\/wp-json\/wp\/v2\/comments?post=14"}],"version-history":[{"count":23,"href":"https:\/\/www2.uepg.br\/iesol\/wp-json\/wp\/v2\/pages\/14\/revisions"}],"predecessor-version":[{"id":134,"href":"https:\/\/www2.uepg.br\/iesol\/wp-json\/wp\/v2\/pages\/14\/revisions\/134"}],"wp:attachment":[{"href":"https:\/\/www2.uepg.br\/iesol\/wp-json\/wp\/v2\/media?parent=14"}],"curies":[{"name":"wp","href":"https:\/\/api.w.org\/{rel}","templated":true}]}}