{"id":16,"date":"2019-06-05T09:34:51","date_gmt":"2019-06-05T12:34:51","guid":{"rendered":"http:\/\/www2.uepg.br\/iesol\/?page_id=16"},"modified":"2026-04-09T15:47:09","modified_gmt":"2026-04-09T18:47:09","slug":"arquivos","status":"publish","type":"page","link":"https:\/\/www2.uepg.br\/iesol\/arquivos\/","title":{"rendered":"Produ\u00e7\u00f5es"},"content":{"rendered":"<div id=\"pl-16\"  class=\"panel-layout\"><div id=\"pg-16-0\"  class=\"panel-grid panel-no-style\"><div id=\"pgc-16-0-0\"  class=\"panel-grid-cell\"><div id=\"panel-16-0-0-0\" class=\"so-panel widget widget_sow-editor panel-first-child panel-last-child\" data-index=\"0\"><div\n\t\t\t\n\t\t\tclass=\"so-widget-sow-editor so-widget-sow-editor-base\">\n<div class=\"siteorigin-widget-tinymce textwidget\">\n\t<h1><span style=\"color: #000000\"><strong>Cartilha: Projeto Interven\u00e7\u00e3o<\/strong><\/span><\/h1>\n<p><span style=\"color: #000000\">O intuito dessa cartilha feita por acad\u00eamicos da Universidade Estadual de Ponta Grossa integrantes da IESOL, \u00e9 trazer a reflex\u00e3o e o estimulo da escuta dentro dos ambientes de trabalhos coletivos, com o objetivo de melhorar os v\u00ednculos dos participantes, podendo assim fazer de cada experi\u00eancia um momento de acolhimento e de boa conviv\u00eancia.<\/span><\/p>\n<h1><a href=\"https:\/\/www2.uepg.br\/iesol\/arquivos\/captura-de-tela-58\/\" rel=\"attachment wp-att-781\"><img loading=\"lazy\" class=\"aligncenter wp-image-781\" src=\"http:\/\/www2.uepg.br\/iesol\/wp-content\/uploads\/sites\/20\/2026\/04\/Captura-de-Tela-58-300x193.png\" alt=\"\" width=\"610\" height=\"393\" srcset=\"https:\/\/www2.uepg.br\/iesol\/wp-content\/uploads\/sites\/20\/2026\/04\/Captura-de-Tela-58-300x193.png 300w, https:\/\/www2.uepg.br\/iesol\/wp-content\/uploads\/sites\/20\/2026\/04\/Captura-de-Tela-58.png 677w\" sizes=\"(max-width: 610px) 100vw, 610px\" \/><\/a><\/h1>\n<h1><\/h1>\n<h1><\/h1>\n<h1><strong><span style=\"color: #000000\">Jogo ODS'S e ECOSOL (Itaipu Parquetec)<\/span><\/strong><\/h1>\n<p><span style=\"color: #000000\">O jogo em tabuleiro elaborado pelos bolsistas da Itaipu Parquetec, trabalha os Objetivos de Desenvolvimento Sustent\u00e1vel em conson\u00e2ncia com os princ\u00edpios da Economia Solid\u00e1ria. A proposta foi aplicada em estudantes em escolas pelos extensionistas da Incubadora de Empreendimentos Solid\u00e1rios (IESol). Fa\u00e7a o download do jogo pelos links abaixo.<\/span><\/p>\n<p><span style=\"color: #000000\"><a style=\"color: #000000\" href=\"https:\/\/www2.uepg.br\/iesol\/?attachment_id=705\" rel=\"attachment wp-att-705\"><img loading=\"lazy\" class=\"aligncenter wp-image-705\" src=\"http:\/\/www2.uepg.br\/iesol\/wp-content\/uploads\/sites\/20\/2025\/09\/JOGO-ODS-E-ECOSOL-_page-0001-300x180.jpg\" alt=\"\" width=\"581\" height=\"349\" srcset=\"https:\/\/www2.uepg.br\/iesol\/wp-content\/uploads\/sites\/20\/2025\/09\/JOGO-ODS-E-ECOSOL-_page-0001-300x180.jpg 300w, https:\/\/www2.uepg.br\/iesol\/wp-content\/uploads\/sites\/20\/2025\/09\/JOGO-ODS-E-ECOSOL-_page-0001-1024x613.jpg 1024w, https:\/\/www2.uepg.br\/iesol\/wp-content\/uploads\/sites\/20\/2025\/09\/JOGO-ODS-E-ECOSOL-_page-0001-768x460.jpg 768w, https:\/\/www2.uepg.br\/iesol\/wp-content\/uploads\/sites\/20\/2025\/09\/JOGO-ODS-E-ECOSOL-_page-0001-1536x919.jpg 1536w, https:\/\/www2.uepg.br\/iesol\/wp-content\/uploads\/sites\/20\/2025\/09\/JOGO-ODS-E-ECOSOL-_page-0001-2048x1226.jpg 2048w, https:\/\/www2.uepg.br\/iesol\/wp-content\/uploads\/sites\/20\/2025\/09\/JOGO-ODS-E-ECOSOL-_page-0001-1232x737.jpg 1232w, https:\/\/www2.uepg.br\/iesol\/wp-content\/uploads\/sites\/20\/2025\/09\/JOGO-ODS-E-ECOSOL-_page-0001-1804x1080.jpg 1804w\" sizes=\"(max-width: 581px) 100vw, 581px\" \/><\/a><\/span><\/p>\n<p><span style=\"color: #000000\"><a style=\"color: #000000\" href=\"https:\/\/www2.uepg.br\/iesol\/?attachment_id=703\" rel=\"attachment wp-att-703\">CARTAS E REGRAS<\/a><\/span><\/p>\n<p><span style=\"color: #000000\"><a style=\"color: #000000\" href=\"https:\/\/www2.uepg.br\/iesol\/?attachment_id=707\" rel=\"attachment wp-att-707\">TABULEIRO<\/a><\/span><\/p>\n<h1 class=\"style-scope ytd-watch-metadata\"><strong><span style=\"color: #000000\"><span class=\"style-scope yt-formatted-string\" dir=\"auto\">18 anos - <\/span><span class=\"style-scope yt-formatted-string\" dir=\"auto\">Incubadora de Empreendimentos Solid\u00e1rios UEPG (IESol-UEPG) | Mini-document\u00e1rio<\/span><\/span><\/strong><\/h1>\n<p><span style=\"color: #000000\">Como forma de comemorar mais um anivers\u00e1rio da IESol, foi produzido um mini-document\u00e1rio com relatos do que a incubadora representa para estagi\u00e1rias iesolenses e participantes dos grupos incubados. E a\u00ed: o que \u00e9 a IESol para voc\u00ea?<\/span><\/p>\n<p><span style=\"color: #000000\">Por: Vinicius Sampaio<\/span><\/p>\n<div style=\"width: 1280px;\" class=\"wp-video\"><!--[if lt IE 9]><script>document.createElement('video');<\/script><![endif]-->\n<video class=\"wp-video-shortcode\" id=\"video-16-1\" width=\"1280\" height=\"720\" preload=\"metadata\" controls=\"controls\"><source type=\"video\/mp4\" src=\"http:\/\/www2.uepg.br\/iesol\/wp-content\/uploads\/sites\/20\/2024\/05\/incubadora-de-empreendimentos-solidarios-uepg-18-anos-documentario_c9wKHQZN.mp4?_=1\" \/><a href=\"http:\/\/www2.uepg.br\/iesol\/wp-content\/uploads\/sites\/20\/2024\/05\/incubadora-de-empreendimentos-solidarios-uepg-18-anos-documentario_c9wKHQZN.mp4\">http:\/\/www2.uepg.br\/iesol\/wp-content\/uploads\/sites\/20\/2024\/05\/incubadora-de-empreendimentos-solidarios-uepg-18-anos-documentario_c9wKHQZN.mp4<\/a><\/video><\/div>\n<p>&nbsp;<\/p>\n<p>&nbsp;<\/p>\n<h3><strong><span style=\"color: #000000\">14 anos da IESol: uma trajet\u00f3ria de solidariedade e coopera\u00e7\u00e3o.<\/span><\/strong><\/h3>\n<p style=\"text-align: left\"><span style=\"color: #000000\">\u00a0 \u00a0Mini document\u00e1rio produzido em 2019 pelo N\u00facleo de Comunica\u00e7\u00e3o da IESol sobre a trajet\u00f3ria da Incubadora nesses 14 anos de projeto. A produ\u00e7\u00e3o resgata hist\u00f3rias contadas por pessoas que pensaram e idealizaram a IESol e outras que contribuem no projeto atualmente e tamb\u00e9m imagens da trajet\u00f3ria da Incubadora ao longo de quase 15 anos.<\/span><\/p>\n<p><span style=\"color: #000000\"><a style=\"color: #000000\" href=\"https:\/\/www.youtube.com\/watch?v=dRtynImrqSU\"><img loading=\"lazy\" class=\"alignnone wp-image-291 aligncenter\" src=\"http:\/\/www2.uepg.br\/iesol\/wp-content\/uploads\/sites\/20\/2020\/05\/tel.png\" alt=\"\" width=\"637\" height=\"353\" srcset=\"https:\/\/www2.uepg.br\/iesol\/wp-content\/uploads\/sites\/20\/2020\/05\/tel.png 846w, https:\/\/www2.uepg.br\/iesol\/wp-content\/uploads\/sites\/20\/2020\/05\/tel-300x166.png 300w, https:\/\/www2.uepg.br\/iesol\/wp-content\/uploads\/sites\/20\/2020\/05\/tel-768x426.png 768w\" sizes=\"(max-width: 637px) 100vw, 637px\" \/><\/a><\/span><\/p>\n<h3><\/h3>\n<p>&nbsp;<\/p>\n<h3 style=\"text-align: center\"><strong><span style=\"color: #000000\">Livros IESol\/UEPG<\/span><\/strong><\/h3>\n<p>&nbsp;<\/p>\n<p><span style=\"color: #000000\"><a style=\"color: #000000\" href=\"https:\/\/drive.google.com\/file\/d\/1V9BSVPlOv0ynNVl-FFBWAEuYMSVoqKJ8\/view\"><img loading=\"lazy\" class=\"size-full wp-image-273 aligncenter\" src=\"http:\/\/www2.uepg.br\/iesol\/wp-content\/uploads\/sites\/20\/2019\/12\/WhatsApp-Image-2019-12-16-at-21.26.51.jpeg\" alt=\"\" width=\"497\" height=\"612\" srcset=\"https:\/\/www2.uepg.br\/iesol\/wp-content\/uploads\/sites\/20\/2019\/12\/WhatsApp-Image-2019-12-16-at-21.26.51.jpeg 497w, https:\/\/www2.uepg.br\/iesol\/wp-content\/uploads\/sites\/20\/2019\/12\/WhatsApp-Image-2019-12-16-at-21.26.51-244x300.jpeg 244w\" sizes=\"(max-width: 497px) 100vw, 497px\" \/><\/a><\/span><\/p>\n<p>&nbsp;<\/p>\n<p>&nbsp;<\/p>\n<p>&nbsp;<\/p>\n<p><span style=\"color: #000000\"><a style=\"color: #000000\" href=\"https:\/\/drive.google.com\/file\/d\/12GHOPvhcixW24ty3n6Zm6uhPiPLMrQeV\/view\"><img loading=\"lazy\" class=\"size-full wp-image-274 aligncenter\" src=\"http:\/\/www2.uepg.br\/iesol\/wp-content\/uploads\/sites\/20\/2019\/12\/WhatsApp-Image-2019-12-16-at-21.24.48.jpeg\" alt=\"\" width=\"502\" height=\"548\" srcset=\"https:\/\/www2.uepg.br\/iesol\/wp-content\/uploads\/sites\/20\/2019\/12\/WhatsApp-Image-2019-12-16-at-21.24.48.jpeg 502w, https:\/\/www2.uepg.br\/iesol\/wp-content\/uploads\/sites\/20\/2019\/12\/WhatsApp-Image-2019-12-16-at-21.24.48-275x300.jpeg 275w\" sizes=\"(max-width: 502px) 100vw, 502px\" \/><\/a><\/span><\/p>\n<p>&nbsp;<\/p>\n<p>&nbsp;<\/p>\n<p>&nbsp;<\/p>\n<h3 style=\"text-align: left\"><span style=\"color: #000000\"><a style=\"color: #000000\" href=\"https:\/\/drive.google.com\/file\/d\/15n-a515OurqLJQxjcbQIzwBYr9czURPx\/view?usp=drivesdk\"><img loading=\"lazy\" class=\"aligncenter wp-image-587\" src=\"http:\/\/www2.uepg.br\/iesol\/wp-content\/uploads\/sites\/20\/2023\/09\/Livroiesol.jpg\" alt=\"\" width=\"492\" height=\"720\" \/><\/a><\/span><\/h3>\n<p>&nbsp;<\/p>\n<p>&nbsp;<\/p>\n<p>&nbsp;<\/p>\n<h3 style=\"text-align: center\"><strong><span style=\"color: #000000\">Mapa de Territorializa\u00e7\u00e3o da Rede Governamental da Pol\u00edtica P\u00fablica de Assist\u00eancia Social do Munic\u00edpio de Ponta Grossa - 2019<\/span><\/strong><\/h3>\n<p><span style=\"color: #000000\"><\/span><\/p><\/div><\/div><\/div><\/div><\/div><\/div><p> <a href=\"https:\/\/www2.uepg.br\/iesol\/arquivos\/#more-16\" class=\"more-link\">Leia mais<\/a><\/p>","protected":false},"excerpt":{"rendered":"<p>Cartilha: Projeto Interven\u00e7\u00e3o O intuito dessa cartilha feita por acad\u00eamicos da Universidade Estadual de Ponta Grossa integrantes da IESOL, \u00e9 trazer a reflex\u00e3o e o estimulo da escuta dentro dos ambientes de trabalhos coletivos, com o objetivo de melhorar os v\u00ednculos dos participantes, podendo assim fazer de cada experi\u00eancia um momento de acolhimento e de&nbsp;&hellip;<\/p>\n","protected":false},"author":24,"featured_media":0,"parent":0,"menu_order":0,"comment_status":"closed","ping_status":"closed","template":"","meta":[],"_links":{"self":[{"href":"https:\/\/www2.uepg.br\/iesol\/wp-json\/wp\/v2\/pages\/16"}],"collection":[{"href":"https:\/\/www2.uepg.br\/iesol\/wp-json\/wp\/v2\/pages"}],"about":[{"href":"https:\/\/www2.uepg.br\/iesol\/wp-json\/wp\/v2\/types\/page"}],"author":[{"embeddable":true,"href":"https:\/\/www2.uepg.br\/iesol\/wp-json\/wp\/v2\/users\/24"}],"replies":[{"embeddable":true,"href":"https:\/\/www2.uepg.br\/iesol\/wp-json\/wp\/v2\/comments?post=16"}],"version-history":[{"count":40,"href":"https:\/\/www2.uepg.br\/iesol\/wp-json\/wp\/v2\/pages\/16\/revisions"}],"predecessor-version":[{"id":783,"href":"https:\/\/www2.uepg.br\/iesol\/wp-json\/wp\/v2\/pages\/16\/revisions\/783"}],"wp:attachment":[{"href":"https:\/\/www2.uepg.br\/iesol\/wp-json\/wp\/v2\/media?parent=16"}],"curies":[{"name":"wp","href":"https:\/\/api.w.org\/{rel}","templated":true}]}}