{"id":1626,"date":"2025-08-11T10:27:39","date_gmt":"2025-08-11T13:27:39","guid":{"rendered":"https:\/\/www2.uepg.br\/jogosdaprimavera\/?page_id=1626"},"modified":"2025-08-15T11:02:10","modified_gmt":"2025-08-15T14:02:10","slug":"tutoriais","status":"publish","type":"page","link":"https:\/\/www2.uepg.br\/jogosdaprimavera\/tutoriais\/","title":{"rendered":"Tutoriais"},"content":{"rendered":"<p>Para acesso ao tutorial de inscri\u00e7\u00e3o, clique no link:<a href=\"https:\/\/www2.uepg.br\/jogosdaprimavera\/inscricoes\/sportapp-tutorial-de-inscricoes-sistema-inga-jep-uepg\/\" rel=\"attachment wp-att-1640\">TUTORIAL DE INSCRI\u00c7\u00c3O 2025<\/a><\/p>\n<h2><\/h2>\n<h2 style=\"text-align: center\"><span style=\"color: #333399\">ATEN\u00c7\u00c3O: CADA INSTITUI\u00c7\u00c3O DE ENSINO DEVE REALIZAR UM \u00daNICO CADASTRO. N\u00c3O SER\u00c1 PERMITIDO OUTROS CADASTROS DE USU\u00c1RIOS POR INSTITUI\u00c7\u00c3O DE ENSINO. PREFERENCIALMENTE E-MAILS INSTITUCIONAL!<\/span><\/h2>\n<h3 style=\"text-align: center\"><span style=\"color: #333399\"><strong>Inscri\u00e7\u00f5es Beach Tennis e Ciclismo Grupo Aberto &#8211; At\u00e9 o dia 15\/09\/2025<\/strong><\/span><\/h3>\n<p>Para as inscri\u00e7\u00f5es do Beach Tennis e Ciclismo Grupo Aberto, ser\u00e1 utilizado um formul\u00e1rio espec\u00edfico, n\u00e3o necessitando realizar o Cadastro no Sistema Ing\u00e1 Digital.<\/p>\n<p>Para realizar a inscri\u00e7\u00e3o no grupo aberto, na modalidade de beach tennis, preencher o formul\u00e1rio: <a href=\"https:\/\/forms.gle\/zrPkMkXMUHfSewUb6\">https:\/\/forms.gle\/zrPkMkXMUHfSewUb6<\/a><\/p>\n<p>Para realizar a inscri\u00e7\u00e3o no grupo aberto, na modalidade de ciclismo, preencher o formul\u00e1rio: <a href=\"https:\/\/forms.gle\/k9DEkLLKbi4fNmpy6\">https:\/\/forms.gle\/k9DEkLLKbi4fNmpy6<\/a><\/p>\n","protected":false},"excerpt":{"rendered":"<p>Para acesso ao tutorial de inscri\u00e7\u00e3o, clique no link:TUTORIAL DE INSCRI\u00c7\u00c3O 2025 ATEN\u00c7\u00c3O: CADA INSTITUI\u00c7\u00c3O DE ENSINO DEVE REALIZAR UM \u00daNICO CADASTRO. N\u00c3O SER\u00c1 PERMITIDO OUTROS CADASTROS DE USU\u00c1RIOS POR INSTITUI\u00c7\u00c3O DE ENSINO. PREFERENCIALMENTE E-MAILS INSTITUCIONAL! Inscri\u00e7\u00f5es Beach Tennis e Ciclismo Grupo Aberto &#8211; At\u00e9 o dia 15\/09\/2025 Para as inscri\u00e7\u00f5es do Beach Tennis e&nbsp;&hellip;<\/p>\n","protected":false},"author":378,"featured_media":0,"parent":0,"menu_order":0,"comment_status":"closed","ping_status":"closed","template":"","meta":[],"_links":{"self":[{"href":"https:\/\/www2.uepg.br\/jogosdaprimavera\/wp-json\/wp\/v2\/pages\/1626"}],"collection":[{"href":"https:\/\/www2.uepg.br\/jogosdaprimavera\/wp-json\/wp\/v2\/pages"}],"about":[{"href":"https:\/\/www2.uepg.br\/jogosdaprimavera\/wp-json\/wp\/v2\/types\/page"}],"author":[{"embeddable":true,"href":"https:\/\/www2.uepg.br\/jogosdaprimavera\/wp-json\/wp\/v2\/users\/378"}],"replies":[{"embeddable":true,"href":"https:\/\/www2.uepg.br\/jogosdaprimavera\/wp-json\/wp\/v2\/comments?post=1626"}],"version-history":[{"count":10,"href":"https:\/\/www2.uepg.br\/jogosdaprimavera\/wp-json\/wp\/v2\/pages\/1626\/revisions"}],"predecessor-version":[{"id":1751,"href":"https:\/\/www2.uepg.br\/jogosdaprimavera\/wp-json\/wp\/v2\/pages\/1626\/revisions\/1751"}],"wp:attachment":[{"href":"https:\/\/www2.uepg.br\/jogosdaprimavera\/wp-json\/wp\/v2\/media?parent=1626"}],"curies":[{"name":"wp","href":"https:\/\/api.w.org\/{rel}","templated":true}]}}