{"id":1634,"date":"2025-08-11T10:32:12","date_gmt":"2025-08-11T13:32:12","guid":{"rendered":"https:\/\/www2.uepg.br\/jogosdaprimavera\/?page_id=1634"},"modified":"2025-09-23T15:20:20","modified_gmt":"2025-09-23T18:20:20","slug":"cronograma-de-competicao","status":"publish","type":"page","link":"https:\/\/www2.uepg.br\/jogosdaprimavera\/cronograma-de-competicao\/","title":{"rendered":"Cronograma de Competi\u00e7\u00e3o"},"content":{"rendered":"<h2 style=\"text-align: center\"><span style=\"color: #333399\">Cronograma de Competi\u00e7\u00e3o &#8211; Atualizado 23\/09\/2025<\/span><\/h2>\n<p>Para acesso ao cronograma de competi\u00e7\u00e3o clique no link: <a href=\"https:\/\/www2.uepg.br\/jogosdaprimavera\/cronograma-de-competicao\/2025-jep-cronograma-de-competicao-atualizado-23-09\/\" rel=\"attachment wp-att-1973\">2025 JEP CRONOGRAMA DE COMPETI\u00c7\u00c3O &#8211; ATUALIZADO 23-09<\/a><\/p>\n<p>Para o acesso ao cronograma de atividades e prepara\u00e7\u00e3o clique no link: <a href=\"https:\/\/www2.uepg.br\/jogosdaprimavera\/cronograma-de-competicao\/cronograma-de-atividades-e-preparacao-2025-2\/\" rel=\"attachment wp-att-1755\">2025 JEP CRONOGRAMA DE ATIVIDADES E PREPARA\u00c7\u00c3O 2025\u00a0<\/a><\/p>\n<p>&nbsp;<\/p>\n<h3 style=\"text-align: center\"><span style=\"color: #333399\"><strong>Informa\u00e7\u00f5es Importantes:<\/strong><\/span><\/h3>\n<p><strong>Pr\u00e9-inscri\u00e7\u00e3o:<\/strong> 11 de agosto de 2025 (13h00min) a 25 de agosto de 2025 (18h00min)<\/p>\n<p><strong>Mapa de Inscri\u00e7\u00e3o:<\/strong> 11 de agosto de 2025 (13h00min) a 25 de agosto de 2025 (18h00min)<\/p>\n<p><strong>Vincula\u00e7\u00e3o de Atletas:<\/strong><br \/>\n<strong>Modalidades Individuais:<\/strong> 14 de agosto de 2025 (08h00min) a 5 de setembro de 2025 (18h00min)<br \/>\n<strong>Modalidades Coletivas:<\/strong> 14 de agosto de 2025 (08h00min) a 10 de setembro de 2025 (18h00min)<\/p>\n<p><strong>Envio de ficha de desist\u00eancia e solicita\u00e7\u00e3o de alojamento:<\/strong> at\u00e9 \u00e0s 18:00 horas do dia 27\/08\/2025 no e-mail: <a href=\"mailto:jogosdaprimavera@uepg.br\">jogosdaprimavera@uepg.br<\/a><\/p>\n<p><strong>Envio do comprovante de pagamento:<\/strong> at\u00e9 \u00e0s 18:00 horas do dia 10\/09\/2025 no e-mail: <a href=\"mailto:jogosdaprimavera@uepg.br\">jogosdaprimavera@uepg.br<\/a><\/p>\n<p><strong>Congresso T\u00e9cnico &#8211; Sess\u00e3o Preliminar:<\/strong> dia 29\/08\/2025 &#8211; 14 horas &#8211; link da videoconfer\u00eancia: <a href=\"https:\/\/meet.google.com\/yeo-xoxv-kbk\">https:\/\/meet.google.com\/yeo-xoxv-kbk<\/a><\/p>\n<p><strong>Inscri\u00e7\u00e3o Grupo Aberto &#8211; Beach Tennis e Ciclismo &#8211; At\u00e9 15\/09\/2025:<\/strong><\/p>\n<p>Para realizar a inscri\u00e7\u00e3o no grupo aberto, na modalidade de beach tennis, preencher o formul\u00e1rio:\u00a0<a href=\"https:\/\/forms.gle\/zrPkMkXMUHfSewUb6\">https:\/\/forms.gle\/zrPkMkXMUHfSewUb6<\/a><\/p>\n<p>Para realizar a inscri\u00e7\u00e3o no grupo aberto, na modalidade de ciclismo, preencher o formul\u00e1rio:\u00a0<a href=\"https:\/\/forms.gle\/k9DEkLLKbi4fNmpy6\">https:\/\/forms.gle\/k9DEkLLKbi4fNmpy6<\/a><\/p>\n<p><strong>Vincula\u00e7\u00e3o de Dirigentes:<\/strong> at\u00e9 \u00e0s 18 horas do dia 25 de setembro<\/p>\n<p><strong>Cerimonial de Abertura:<\/strong> 26 de setembro \u00e0s 19 horas. Local: Arena Multiuso &#8211; rua Venezuela, s\/n &#8211; Bairro Olarias.<\/p>\n<p><strong>Realiza\u00e7\u00e3o:<\/strong> 26 de setembro a 5 de outubro de 2025<\/p>\n<p>&nbsp;<\/p>\n","protected":false},"excerpt":{"rendered":"<p>Cronograma de Competi\u00e7\u00e3o &#8211; Atualizado 23\/09\/2025 Para acesso ao cronograma de competi\u00e7\u00e3o clique no link: 2025 JEP CRONOGRAMA DE COMPETI\u00c7\u00c3O &#8211; ATUALIZADO 23-09 Para o acesso ao cronograma de atividades e prepara\u00e7\u00e3o clique no link: 2025 JEP CRONOGRAMA DE ATIVIDADES E PREPARA\u00c7\u00c3O 2025\u00a0 &nbsp; Informa\u00e7\u00f5es Importantes: Pr\u00e9-inscri\u00e7\u00e3o: 11 de agosto de 2025 (13h00min) a 25&nbsp;&hellip;<\/p>\n","protected":false},"author":378,"featured_media":0,"parent":0,"menu_order":0,"comment_status":"closed","ping_status":"closed","template":"","meta":[],"_links":{"self":[{"href":"https:\/\/www2.uepg.br\/jogosdaprimavera\/wp-json\/wp\/v2\/pages\/1634"}],"collection":[{"href":"https:\/\/www2.uepg.br\/jogosdaprimavera\/wp-json\/wp\/v2\/pages"}],"about":[{"href":"https:\/\/www2.uepg.br\/jogosdaprimavera\/wp-json\/wp\/v2\/types\/page"}],"author":[{"embeddable":true,"href":"https:\/\/www2.uepg.br\/jogosdaprimavera\/wp-json\/wp\/v2\/users\/378"}],"replies":[{"embeddable":true,"href":"https:\/\/www2.uepg.br\/jogosdaprimavera\/wp-json\/wp\/v2\/comments?post=1634"}],"version-history":[{"count":20,"href":"https:\/\/www2.uepg.br\/jogosdaprimavera\/wp-json\/wp\/v2\/pages\/1634\/revisions"}],"predecessor-version":[{"id":1974,"href":"https:\/\/www2.uepg.br\/jogosdaprimavera\/wp-json\/wp\/v2\/pages\/1634\/revisions\/1974"}],"wp:attachment":[{"href":"https:\/\/www2.uepg.br\/jogosdaprimavera\/wp-json\/wp\/v2\/media?parent=1634"}],"curies":[{"name":"wp","href":"https:\/\/api.w.org\/{rel}","templated":true}]}}