{"id":1713,"date":"2025-08-13T16:57:05","date_gmt":"2025-08-13T19:57:05","guid":{"rendered":"https:\/\/www2.uepg.br\/jogosdaprimavera\/?page_id=1713"},"modified":"2025-10-06T22:24:27","modified_gmt":"2025-10-07T01:24:27","slug":"classificacao-final","status":"publish","type":"page","link":"https:\/\/www2.uepg.br\/jogosdaprimavera\/classificacao-final\/","title":{"rendered":"Classifica\u00e7\u00e3o Final"},"content":{"rendered":"<p><a href=\"https:\/\/www2.uepg.br\/jogosdaprimavera\/classificacao-final\/2025-jep-campeao-geral-por-grupo-3\/\" rel=\"attachment wp-att-2275\">2025 JEP CAMPE\u00c3O GERAL POR GRUPO E G\u00caNERO<\/a><\/p>\n<p><a href=\"https:\/\/www2.uepg.br\/jogosdaprimavera\/classificacao-final\/2025-jep-classificacao-final-3\/\" rel=\"attachment wp-att-2269\">2025 JEP CLASSIFICA\u00c7\u00c3O FINAL POR MODALIDADE \/ GRUPO \/ G\u00caNERO<\/a><\/p>\n<p><a href=\"https:\/\/www2.uepg.br\/jogosdaprimavera\/classificacao-final\/2025-jep-classificacao-dos-grupos-final-2\/\" rel=\"attachment wp-att-2254\">2025 JEP CLASSIFICA\u00c7\u00c3O DOS GRUPOS FINAL<\/a><\/p>\n","protected":false},"excerpt":{"rendered":"<p>2025 JEP CAMPE\u00c3O GERAL POR GRUPO E G\u00caNERO 2025 JEP CLASSIFICA\u00c7\u00c3O FINAL POR MODALIDADE \/ GRUPO \/ G\u00caNERO 2025 JEP CLASSIFICA\u00c7\u00c3O DOS GRUPOS FINAL<\/p>\n","protected":false},"author":378,"featured_media":0,"parent":0,"menu_order":0,"comment_status":"closed","ping_status":"closed","template":"","meta":[],"_links":{"self":[{"href":"https:\/\/www2.uepg.br\/jogosdaprimavera\/wp-json\/wp\/v2\/pages\/1713"}],"collection":[{"href":"https:\/\/www2.uepg.br\/jogosdaprimavera\/wp-json\/wp\/v2\/pages"}],"about":[{"href":"https:\/\/www2.uepg.br\/jogosdaprimavera\/wp-json\/wp\/v2\/types\/page"}],"author":[{"embeddable":true,"href":"https:\/\/www2.uepg.br\/jogosdaprimavera\/wp-json\/wp\/v2\/users\/378"}],"replies":[{"embeddable":true,"href":"https:\/\/www2.uepg.br\/jogosdaprimavera\/wp-json\/wp\/v2\/comments?post=1713"}],"version-history":[{"count":40,"href":"https:\/\/www2.uepg.br\/jogosdaprimavera\/wp-json\/wp\/v2\/pages\/1713\/revisions"}],"predecessor-version":[{"id":2276,"href":"https:\/\/www2.uepg.br\/jogosdaprimavera\/wp-json\/wp\/v2\/pages\/1713\/revisions\/2276"}],"wp:attachment":[{"href":"https:\/\/www2.uepg.br\/jogosdaprimavera\/wp-json\/wp\/v2\/media?parent=1713"}],"curies":[{"name":"wp","href":"https:\/\/api.w.org\/{rel}","templated":true}]}}