{"id":30,"date":"2019-09-03T09:55:33","date_gmt":"2019-09-03T12:55:33","guid":{"rendered":"http:\/\/www2.uepg.br\/jogosdaprimavera\/?page_id=30"},"modified":"2025-08-15T11:03:10","modified_gmt":"2025-08-15T14:03:10","slug":"inscricoes","status":"publish","type":"page","link":"https:\/\/www2.uepg.br\/jogosdaprimavera\/inscricoes\/","title":{"rendered":"Inscri\u00e7\u00f5es 2025"},"content":{"rendered":"<h3 style=\"text-align: center\"><span style=\"color: #333399\"><strong>Aten\u00e7\u00e3o, permitido apenas um cadastro por institui\u00e7\u00e3o, preferencialmente e-mails institucional! Inscri\u00e7\u00e3o para o Grupo I, II e III<\/strong><\/span><\/h3>\n<p style=\"text-align: center\">Tutorial de inscri\u00e7\u00e3o no link: <a href=\"https:\/\/www2.uepg.br\/jogosdaprimavera\/inscricoes\/sportapp-tutorial-de-inscricoes-sistema-inga-jep-uepg\/\" rel=\"attachment wp-att-1640\">TUTORIAL DE INSCRI\u00c7\u00c3O 2025<\/a><\/p>\n<h5 style=\"text-align: center\"><span style=\"color: #333399\">Cadastro de Equipe (Primeiro Acesso para todas as Institui\u00e7\u00f5es), clicar no link abaixo:<\/span><\/h5>\n<p style=\"text-align: center\"><a href=\"https:\/\/inga.sportapp.com.br\/inscricao\/fauepg\">https:\/\/inga.sportapp.com.br\/inscricao\/fauepg<\/a><\/p>\n<h5><span style=\"color: #333399\">CADA INSTITUI\u00c7\u00c3O DEVE REALIZAR UM \u00daNICO CADASTRO, N\u00c3O SER\u00c1 PERMITIDO OUTROS CADASTROS DE USU\u00c1RIOS POR INSTITUI\u00c7\u00c3O DE ENSINO<\/span><\/h5>\n<h5 style=\"text-align: center\"><span style=\"color: #333399\">Ap\u00f3s o Cadastro de Usu\u00e1rio, para realizar o Mapa de Inscri\u00e7\u00e3o, Vincula\u00e7\u00e3o de Atletas e Dirigentes, clicar no link abaixo:<\/span><\/h5>\n<p style=\"text-align: center\"><a href=\"https:\/\/inga.sportapp.com.br\/login\">https:\/\/inga.sportapp.com.br\/login<\/a><br \/>\nAcesso atrav\u00e9s do login e senha \u00fanico de usu\u00e1rio cadastrado pela Institui\u00e7\u00e3o\u00a0de\u00a0Ensino.<\/p>\n<p style=\"text-align: center\">I \u2013 Digite seu login (e-mail) e sua senha;<br \/>\nII \u2013 Clique em Entrar.<\/p>\n<h1 style=\"text-align: center\"><a href=\"https:\/\/www2.uepg.br\/jogosdaprimavera\/inscricoes\/sportapp-qr-code\/\" rel=\"attachment wp-att-1687\"><img loading=\"lazy\" class=\"aligncenter size-medium wp-image-1687\" src=\"http:\/\/www2.uepg.br\/jogosdaprimavera\/wp-content\/uploads\/sites\/36\/2025\/08\/SportApp-QR-Code-300x253.jpeg\" alt=\"\" width=\"300\" height=\"253\" srcset=\"https:\/\/www2.uepg.br\/jogosdaprimavera\/wp-content\/uploads\/sites\/36\/2025\/08\/SportApp-QR-Code-300x253.jpeg 300w, https:\/\/www2.uepg.br\/jogosdaprimavera\/wp-content\/uploads\/sites\/36\/2025\/08\/SportApp-QR-Code.jpeg 564w\" sizes=\"(max-width: 300px) 100vw, 300px\" \/><\/a><\/h1>\n<p>&nbsp;<\/p>\n<h3 style=\"text-align: center\"><span style=\"color: #333399\"><strong>Inscri\u00e7\u00f5es Beach Tennis e Ciclismo Grupo Aberto\u00a0<\/strong><\/span><\/h3>\n<h3 style=\"text-align: center\"><span style=\"color: #333399\"><strong>At\u00e9 o dia 15\/09\/2025<\/strong><\/span><\/h3>\n<p>Para as inscri\u00e7\u00f5es do Beach Tennis e Ciclismo Grupo Aberto, ser\u00e1 utilizado um formul\u00e1rio espec\u00edfico, n\u00e3o necessitando realizar o Cadastro no Sistema Ing\u00e1 Digital.<\/p>\n<p>Para realizar a inscri\u00e7\u00e3o no grupo aberto, na modalidade de beach tennis, preencher o formul\u00e1rio: <a href=\"https:\/\/forms.gle\/zrPkMkXMUHfSewUb6\">https:\/\/forms.gle\/zrPkMkXMUHfSewUb6<\/a><\/p>\n<p>Para realizar a inscri\u00e7\u00e3o no grupo aberto, na modalidade de ciclismo, preencher o formul\u00e1rio: <a href=\"https:\/\/forms.gle\/k9DEkLLKbi4fNmpy6\">https:\/\/forms.gle\/k9DEkLLKbi4fNmpy6<\/a><\/p>\n","protected":false},"excerpt":{"rendered":"<p>Aten\u00e7\u00e3o, permitido apenas um cadastro por institui\u00e7\u00e3o, preferencialmente e-mails institucional! Inscri\u00e7\u00e3o para o Grupo I, II e III Tutorial de inscri\u00e7\u00e3o no link: TUTORIAL DE INSCRI\u00c7\u00c3O 2025 Cadastro de Equipe (Primeiro Acesso para todas as Institui\u00e7\u00f5es), clicar no link abaixo: https:\/\/inga.sportapp.com.br\/inscricao\/fauepg CADA INSTITUI\u00c7\u00c3O DEVE REALIZAR UM \u00daNICO CADASTRO, N\u00c3O SER\u00c1 PERMITIDO OUTROS CADASTROS DE USU\u00c1RIOS&nbsp;&hellip;<\/p>\n","protected":false},"author":24,"featured_media":0,"parent":0,"menu_order":0,"comment_status":"closed","ping_status":"closed","template":"","meta":[],"_links":{"self":[{"href":"https:\/\/www2.uepg.br\/jogosdaprimavera\/wp-json\/wp\/v2\/pages\/30"}],"collection":[{"href":"https:\/\/www2.uepg.br\/jogosdaprimavera\/wp-json\/wp\/v2\/pages"}],"about":[{"href":"https:\/\/www2.uepg.br\/jogosdaprimavera\/wp-json\/wp\/v2\/types\/page"}],"author":[{"embeddable":true,"href":"https:\/\/www2.uepg.br\/jogosdaprimavera\/wp-json\/wp\/v2\/users\/24"}],"replies":[{"embeddable":true,"href":"https:\/\/www2.uepg.br\/jogosdaprimavera\/wp-json\/wp\/v2\/comments?post=30"}],"version-history":[{"count":98,"href":"https:\/\/www2.uepg.br\/jogosdaprimavera\/wp-json\/wp\/v2\/pages\/30\/revisions"}],"predecessor-version":[{"id":1754,"href":"https:\/\/www2.uepg.br\/jogosdaprimavera\/wp-json\/wp\/v2\/pages\/30\/revisions\/1754"}],"wp:attachment":[{"href":"https:\/\/www2.uepg.br\/jogosdaprimavera\/wp-json\/wp\/v2\/media?parent=30"}],"curies":[{"name":"wp","href":"https:\/\/api.w.org\/{rel}","templated":true}]}}