{"id":44,"date":"2019-09-03T10:00:50","date_gmt":"2019-09-03T13:00:50","guid":{"rendered":"http:\/\/www2.uepg.br\/jogosdaprimavera\/?page_id=44"},"modified":"2025-10-21T15:33:20","modified_gmt":"2025-10-21T18:33:20","slug":"tribunal-de-justica","status":"publish","type":"page","link":"https:\/\/www2.uepg.br\/jogosdaprimavera\/tribunal-de-justica\/","title":{"rendered":"Tribunal de Justi\u00e7a"},"content":{"rendered":"<h2 style=\"text-align: center\"><strong>TERMOS DE DECIS\u00c3O 70\u00ba JEP<\/strong><\/h2>\n<p style=\"text-align: center\"><a href=\"https:\/\/www2.uepg.br\/jogosdaprimavera\/tribunal-de-justica\/termo-de-decisao-001-2025\/\" rel=\"attachment wp-att-2060\">Termo de decis\u00e3o 001-2025<\/a><\/p>\n<p style=\"text-align: center\"><a href=\"https:\/\/www2.uepg.br\/jogosdaprimavera\/tribunal-de-justica\/termo-de-decisao-002-2025\/\" rel=\"attachment wp-att-2085\">Termo de decis\u00e3o 002-2025<\/a><\/p>\n<p style=\"text-align: center\"><a href=\"https:\/\/www2.uepg.br\/jogosdaprimavera\/tribunal-de-justica\/termo-de-decisao-003-2025\/\" rel=\"attachment wp-att-2086\">Termo de decis\u00e3o 003-2025<\/a><\/p>\n<p style=\"text-align: center\"><a href=\"https:\/\/www2.uepg.br\/jogosdaprimavera\/tribunal-de-justica\/termo-de-decisao-004-2025\/\" rel=\"attachment wp-att-2093\">Termo de decis\u00e3o 004-2025<\/a><\/p>\n<p style=\"text-align: center\"><a href=\"https:\/\/www2.uepg.br\/jogosdaprimavera\/tribunal-de-justica\/termo-de-decisao-005-2025\/\" rel=\"attachment wp-att-2103\">Termo de decis\u00e3o 005-2025<\/a><\/p>\n<p style=\"text-align: center\"><a href=\"https:\/\/www2.uepg.br\/jogosdaprimavera\/tribunal-de-justica\/termo-de-decisao-006-2025-2\/\" rel=\"attachment wp-att-2285\">Termo de decis\u00e3o 006-2025<\/a><\/p>\n<p style=\"text-align: center\"><a href=\"https:\/\/www2.uepg.br\/jogosdaprimavera\/tribunal-de-justica\/termo-de-decisao-007-2025\/\" rel=\"attachment wp-att-2283\">Termo de decis\u00e3o 007-2025<\/a><\/p>\n<h2 style=\"text-align: center\"><strong>TERMOS DE DECIS\u00c3O 69\u00ba JEP<\/strong><\/h2>\n<p style=\"text-align: center\"><a href=\"http:\/\/www2.uepg.br\/jogosdaprimavera\/wp-content\/uploads\/sites\/36\/2024\/10\/Termo-de-decisao-processo-003.pdf\">Termo de decis\u00e3o 003\/2024<\/a><\/p>\n<p style=\"text-align: center\"><a href=\"http:\/\/www2.uepg.br\/jogosdaprimavera\/wp-content\/uploads\/sites\/36\/2024\/09\/Termo-de-decisao-processo-002.pdf\">Termo de decis\u00e3o 002\/2024<\/a><\/p>\n<p style=\"text-align: center\"><a href=\"http:\/\/www2.uepg.br\/jogosdaprimavera\/wp-content\/uploads\/sites\/36\/2024\/09\/Termo-de-decisao-001-site.pdf\">Termo de decis\u00e3o 001\/2024<\/a><\/p>\n<p>&nbsp;<\/p>\n<h2 style=\"text-align: center\">PARECER DE ARQUIVAMENTO 68\u00ba JEP<\/h2>\n<p style=\"text-align: center\"><a href=\"http:\/\/www2.uepg.br\/jogosdaprimavera\/wp-content\/uploads\/sites\/36\/2023\/10\/Parecer-de-arquivamento-001-Pres-1.pdf\">001\/2023<\/a><\/p>\n<h2><\/h2>\n<h2 style=\"text-align: center\"><strong>TERMOS DE DECIS\u00c3O 67\u00ba JEP<\/strong><\/h2>\n<p style=\"text-align: center\"><a href=\"http:\/\/www2.uepg.br\/jogosdaprimavera\/wp-content\/uploads\/sites\/36\/2022\/10\/Termo-de-decisao-003-2022.pdf\">Termo de decis\u00e3o 003 2022<\/a><\/p>\n<p style=\"text-align: center\"><a href=\"http:\/\/www2.uepg.br\/jogosdaprimavera\/wp-content\/uploads\/sites\/36\/2022\/10\/Termo-de-decisao-002-2022.pdf\">Termo de decis\u00e3o 002 2022<\/a><\/p>\n<p style=\"text-align: center\"><a href=\"http:\/\/www2.uepg.br\/jogosdaprimavera\/wp-content\/uploads\/sites\/36\/2022\/10\/Termo-de-decisao-001-JogosPrimavera-2022.pdf\">Termo de decis\u00e3o 001 2022<\/a><\/p>\n<h2 style=\"text-align: center\"><\/h2>\n<h2 style=\"text-align: center\"><strong>PARECER 67\u00ba JEPS<\/strong><\/h2>\n<p style=\"text-align: center\"><a href=\"http:\/\/www2.uepg.br\/jogosdaprimavera\/wp-content\/uploads\/sites\/36\/2022\/10\/Parecer-003-2022-1.pdf\">Parecer 003 2022<\/a><\/p>\n<p style=\"text-align: center\"><a href=\"http:\/\/www2.uepg.br\/jogosdaprimavera\/wp-content\/uploads\/sites\/36\/2022\/10\/Parecer-002-2022-1.pdf\">Parecer 002 2022<\/a><\/p>\n<p style=\"text-align: center\"><a href=\"http:\/\/www2.uepg.br\/jogosdaprimavera\/wp-content\/uploads\/sites\/36\/2022\/10\/Parecer-001-2022-Primavera.pdf\">Parecer 001 2022<\/a><\/p>\n<h6><\/h6>\n<h4 style=\"text-align: center\"><a href=\"http:\/\/www2.uepg.br\/jogosdaprimavera\/wp-content\/uploads\/sites\/36\/2020\/10\/Codigo-Oficial-Justica-Desportiva_2019_publicado.pdf\">C\u00f3digo Oficial Justi\u00e7a Desportiva<\/a><\/h4>\n<p>&nbsp;<\/p>\n<p style=\"text-align: center\"><strong>TERMOS DE DECIS\u00c3O 64\u00ba JEPS<\/strong><\/p>\n<p style=\"text-align: center\"><a href=\"http:\/\/www2.uepg.br\/jogosdaprimavera\/wp-content\/uploads\/sites\/36\/2019\/10\/TERMO-DE-DECIS\u00c3O-EDITAL.pdf\">TERMO DE DECIS\u00c3O\u00a0 001\/2019<\/a><\/p>\n<p style=\"text-align: center\"><a href=\"http:\/\/www2.uepg.br\/jogosdaprimavera\/wp-content\/uploads\/sites\/36\/2019\/10\/termo-de-decis\u00e3o.pdf\">TERMO DE DECIS\u00c3O 002\/2019<\/a><\/p>\n<p style=\"text-align: center\"><a href=\"http:\/\/www2.uepg.br\/jogosdaprimavera\/wp-content\/uploads\/sites\/36\/2019\/10\/termo-de-decis\u00e3o-03-2019.pdf\">TERMO DE DECIS\u00c3O 003\/2019<\/a><\/p>\n<p style=\"text-align: center\"><a href=\"http:\/\/www2.uepg.br\/jogosdaprimavera\/wp-content\/uploads\/sites\/36\/2019\/10\/termo-de-decis\u00e3o-04-2019.pdf\">TERMO DE DECIS\u00c3O 004\/2019<\/a><\/p>\n<p style=\"text-align: center\"><a href=\"http:\/\/www2.uepg.br\/jogosdaprimavera\/wp-content\/uploads\/sites\/36\/2019\/10\/termo-de-decis\u00e3o-005-2019.pdf\">TERMO DECECIS\u00c3O 005\/2019<\/a><\/p>\n<p style=\"text-align: center\"><a href=\"http:\/\/www2.uepg.br\/jogosdaprimavera\/wp-content\/uploads\/sites\/36\/2019\/10\/termo-de-decis\u00e3o-006-2019.pdf\">TERMO DE DECIS\u00c3O 006\/2019<\/a><\/p>\n<p style=\"text-align: center\"><a href=\"http:\/\/www2.uepg.br\/jogosdaprimavera\/wp-content\/uploads\/sites\/36\/2019\/10\/termo-de-decis\u00e3o-007-2019.pdf\">TERMO DE DECIS\u00c3O 007\/2019<\/a><\/p>\n<p style=\"text-align: center\"><a href=\"http:\/\/www2.uepg.br\/jogosdaprimavera\/wp-content\/uploads\/sites\/36\/2019\/10\/termo-de-decis\u00e3o-008-2019.pdf\">TERMO DE DECIS\u00c3O 008\/2019<\/a><\/p>\n<p style=\"text-align: center\"><a href=\"http:\/\/www2.uepg.br\/jogosdaprimavera\/wp-content\/uploads\/sites\/36\/2019\/10\/TERMO-DE-DECIS\u00c3O-009-2019.pdf\">TERMO DE DECIS\u00c3O 009\/2019<\/a><\/p>\n<p style=\"text-align: center\"><a href=\"http:\/\/www2.uepg.br\/jogosdaprimavera\/wp-content\/uploads\/sites\/36\/2019\/10\/TERMO-DE-DECIS\u00c3O-010-2019.pdf\">TERMO DE DECIS\u00c3O 010\/2019<\/a><\/p>\n<p style=\"text-align: center\"><a href=\"http:\/\/www2.uepg.br\/jogosdaprimavera\/wp-content\/uploads\/sites\/36\/2019\/10\/termo-de-decis\u00e3o-11-2019.pdf\">TERMO DE DECIS\u00c3O 011\/2019<\/a><\/p>\n<p style=\"text-align: center\"><a href=\"http:\/\/www2.uepg.br\/jogosdaprimavera\/wp-content\/uploads\/sites\/36\/2019\/10\/TERMO-DE-DECIS\u00c3O-12-2019.pdf\">TERMO DE DECIS\u00c3O 12\/2019<\/a><\/p>\n<p>&nbsp;<\/p>\n<p style=\"text-align: center\"><strong>TERMOS DE DECIS\u00c3O 63\u00ba JEPS<\/strong><\/p>\n<p style=\"text-align: center\"><a href=\"http:\/\/www2.uepg.br\/jogosdaprimavera\/wp-content\/uploads\/sites\/36\/2019\/09\/Termo-de-Decis\u00e3o-003-2018-edital.pdf\" target=\"_blank\" rel=\"noopener noreferrer\">TERMO DE DECIS\u00c3O 001\/2018<\/a><\/p>\n<p style=\"text-align: center\"><a href=\"http:\/\/www2.uepg.br\/jogosdaprimavera\/wp-content\/uploads\/sites\/36\/2019\/09\/termo-de-decis\u00e3o-002-2018-1.pdf\" target=\"_blank\" rel=\"noopener noreferrer\">termo de decis\u00e3o 002\/2018<\/a><\/p>\n<p style=\"text-align: center\"><a href=\"http:\/\/www2.uepg.br\/jogosdaprimavera\/wp-content\/uploads\/sites\/36\/2019\/09\/termo-de-decis\u00e3o-004-2018-1.pdf\" target=\"_blank\" rel=\"noopener noreferrer\">termo de decis\u00e3o 004\/2018<\/a><\/p>\n<p style=\"text-align: center\"><a href=\"http:\/\/www2.uepg.br\/jogosdaprimavera\/wp-content\/uploads\/sites\/36\/2019\/09\/termo-de-decis\u00e3o-005-2018-1.pdf\" target=\"_blank\" rel=\"noopener noreferrer\">termo de decis\u00e3o 005\/2018<\/a><\/p>\n<p style=\"text-align: center\"><a href=\"http:\/\/www2.uepg.br\/jogosdaprimavera\/wp-content\/uploads\/sites\/36\/2019\/09\/termo-de-decis\u00e3o-001-2018-1.pdf\" target=\"_blank\" rel=\"noopener noreferrer\">termo de decis\u00e3o 001\/2018<\/a><\/p>\n<p style=\"text-align: center\"><a href=\"http:\/\/www2.uepg.br\/jogosdaprimavera\/wp-content\/uploads\/sites\/36\/2019\/09\/TERMO-DE-DECIS\u00c3O-006-2018.pdf\" target=\"_blank\" rel=\"noopener noreferrer\">TERMO DE DECIS\u00c3O 006\/2018<\/a><\/p>\n<p>&nbsp;<\/p>\n<h4 class=\"entry-title\" style=\"text-align: center\"><span style=\"font-size: 16px\"><a href=\"http:\/\/www2.uepg.br\/jogosdaprimavera\/wp-content\/uploads\/sites\/36\/2019\/09\/Quadro-Punicoes-JEPs-2017.pdf\" target=\"_blank\" rel=\"noopener noreferrer\">Quadro Puni\u00e7\u00f5es JEPs 2017<\/a><\/span><\/h4>\n<p>&nbsp;<\/p>\n<p>O pagamento das multas referentes as puni\u00e7\u00f5es aplicadas \u00e0s institui\u00e7\u00f5es\/equipes na edi\u00e7\u00e3o de 2017 dever\u00e3o ser realizadas atrav\u00e9s de Dep\u00f3sito Banc\u00e1rio, em nome da Funda\u00e7\u00e3o de Apoio ao Desenvolvimento Cient\u00edfico e Tecnol\u00f3gico da UEPG (FAUEPG), Caixa Econ\u00f4mica Federal, Ag\u00eancia: 3186, Conta Corrente: 58-8.<\/p>\n<p>Somente ap\u00f3s o pagamento da(s) respectiva(s) multa(s) a institui\u00e7\u00e3o\/equipe poder\u00e1 participar dos 63\u00b0 JEPs.<\/p>\n<p>O representante da institui\u00e7\u00e3o\/equipe dever\u00e1 apresentar o comprovante de Dep\u00f3sito \u00e0 CCO e ao Tribunal de Justi\u00e7a dos 63\u00b0 JEPS, durante o congresso t\u00e9cnico a ser realizado no dia 04\/09\/2018 no Observat\u00f3rio Astron\u00f4mico Campus de Uvaranas, a partir das 16h.<\/p>\n<p>&nbsp;<\/p>\n<p style=\"text-align: center\">\n","protected":false},"excerpt":{"rendered":"<p>TERMOS DE DECIS\u00c3O 70\u00ba JEP Termo de decis\u00e3o 001-2025 Termo de decis\u00e3o 002-2025 Termo de decis\u00e3o 003-2025 Termo de decis\u00e3o 004-2025 Termo de decis\u00e3o 005-2025 Termo de decis\u00e3o 006-2025 Termo de decis\u00e3o 007-2025 TERMOS DE DECIS\u00c3O 69\u00ba JEP Termo de decis\u00e3o 003\/2024 Termo de decis\u00e3o 002\/2024 Termo de decis\u00e3o 001\/2024 &nbsp; PARECER DE ARQUIVAMENTO 68\u00ba&nbsp;&hellip;<\/p>\n","protected":false},"author":24,"featured_media":0,"parent":0,"menu_order":0,"comment_status":"closed","ping_status":"closed","template":"","meta":[],"_links":{"self":[{"href":"https:\/\/www2.uepg.br\/jogosdaprimavera\/wp-json\/wp\/v2\/pages\/44"}],"collection":[{"href":"https:\/\/www2.uepg.br\/jogosdaprimavera\/wp-json\/wp\/v2\/pages"}],"about":[{"href":"https:\/\/www2.uepg.br\/jogosdaprimavera\/wp-json\/wp\/v2\/types\/page"}],"author":[{"embeddable":true,"href":"https:\/\/www2.uepg.br\/jogosdaprimavera\/wp-json\/wp\/v2\/users\/24"}],"replies":[{"embeddable":true,"href":"https:\/\/www2.uepg.br\/jogosdaprimavera\/wp-json\/wp\/v2\/comments?post=44"}],"version-history":[{"count":50,"href":"https:\/\/www2.uepg.br\/jogosdaprimavera\/wp-json\/wp\/v2\/pages\/44\/revisions"}],"predecessor-version":[{"id":2286,"href":"https:\/\/www2.uepg.br\/jogosdaprimavera\/wp-json\/wp\/v2\/pages\/44\/revisions\/2286"}],"wp:attachment":[{"href":"https:\/\/www2.uepg.br\/jogosdaprimavera\/wp-json\/wp\/v2\/media?parent=44"}],"curies":[{"name":"wp","href":"https:\/\/api.w.org\/{rel}","templated":true}]}}