{"id":6,"date":"2019-09-03T09:19:53","date_gmt":"2019-09-03T12:19:53","guid":{"rendered":"http:\/\/www2.uepg.br\/jogosdaprimavera\/?page_id=6"},"modified":"2025-10-04T20:38:35","modified_gmt":"2025-10-04T23:38:35","slug":"boletins-informativos-e-de-programacao","status":"publish","type":"page","link":"https:\/\/www2.uepg.br\/jogosdaprimavera\/boletins-informativos-e-de-programacao\/","title":{"rendered":"Boletins"},"content":{"rendered":"<h2 style=\"text-align: center\"><span style=\"color: #333399\">Boletim Informativo Atualizado &#8211; 13\/09\/2025<\/span><\/h2>\n<p><a href=\"https:\/\/www2.uepg.br\/jogosdaprimavera\/boletins-informativos-e-de-programacao\/2025-jep-boletim-informativo-26-09-3\/\" rel=\"attachment wp-att-2213\">2025 JEP BOLETIM INFORMATIVO 26-09<\/a><\/p>\n<h2 style=\"text-align: center\"><span style=\"color: #333399\">Rela\u00e7\u00e3o de Dirigentes<\/span><\/h2>\n<p><a href=\"https:\/\/www2.uepg.br\/jogosdaprimavera\/boletins-informativos-e-de-programacao\/2025-jep-relacao-de-dirigentes-3\/\" rel=\"attachment wp-att-2154\">2025 JEP RELA\u00c7\u00c3O DE DIRIGENTES<\/a><\/p>\n<h2 style=\"text-align: center\"><span style=\"color: #333399\">Rela\u00e7\u00e3o de Atletas<\/span><\/h2>\n<p><a href=\"https:\/\/www2.uepg.br\/jogosdaprimavera\/boletins-informativos-e-de-programacao\/2025-jep-atletismo-relacao-de-atletas-4\/\" rel=\"attachment wp-att-1939\">2025 JEP ATLETISMO &#8211; RELA\u00c7\u00c3O DE ATLETAS<\/a><\/p>\n<p><a href=\"https:\/\/www2.uepg.br\/jogosdaprimavera\/boletins-informativos-e-de-programacao\/2025-jep-basquetebol-relacao-de-atletas-4\/\" rel=\"attachment wp-att-2001\">2025 JEP BASQUETEBOL &#8211; RELA\u00c7\u00c3O DE ATLETAS<\/a><\/p>\n<p><a href=\"https:\/\/www2.uepg.br\/jogosdaprimavera\/boletins-informativos-e-de-programacao\/2025-jep-basquetebol-3x3-relacao-de-atletas-2\/\" rel=\"attachment wp-att-1910\">2025 JEP BASQUETEBOL 3X3 &#8211; RELA\u00c7\u00c3O DE ATLETAS<\/a><\/p>\n<p><a href=\"https:\/\/www2.uepg.br\/jogosdaprimavera\/boletins-informativos-e-de-programacao\/2025-jep-beach-tennis-relacao-de-atletas-3\/\" rel=\"attachment wp-att-1911\">2025 JEP BEACH TENNIS &#8211; RELA\u00c7\u00c3O DE ATLETAS<\/a><\/p>\n<p><a href=\"https:\/\/www2.uepg.br\/jogosdaprimavera\/boletins-informativos-e-de-programacao\/2025-jep-ciclismo-relacao-de-atletas-3\/\" rel=\"attachment wp-att-1912\">2025 JEP CICLISMO &#8211; RELA\u00c7\u00c3O DE ATLETAS<\/a><\/p>\n<p><a href=\"https:\/\/www2.uepg.br\/jogosdaprimavera\/boletins-informativos-e-de-programacao\/2025-jep-e-sports-fifa-relacao-de-atletas-3\/\" rel=\"attachment wp-att-1913\">2025 JEP E-SPORTS FIFA &#8211; RELA\u00c7\u00c3O DE ATLETAS<\/a><\/p>\n<p><a href=\"https:\/\/www2.uepg.br\/jogosdaprimavera\/boletins-informativos-e-de-programacao\/2025-jep-e-sports-lol-relacao-de-atletas-2\/\" rel=\"attachment wp-att-1914\">2025 JEP E-SPORTS LOL &#8211; RELA\u00c7\u00c3O DE ATLETAS<\/a><\/p>\n<p><a href=\"https:\/\/www2.uepg.br\/jogosdaprimavera\/boletins-informativos-e-de-programacao\/2025-jep-futebol-relacao-de-atletas-2\/\" rel=\"attachment wp-att-1915\">2025 JEP FUTEBOL &#8211; RELA\u00c7\u00c3O DE ATLETAS<\/a><\/p>\n<p><a href=\"https:\/\/www2.uepg.br\/jogosdaprimavera\/boletins-informativos-e-de-programacao\/2025-jep-futebol-society-relacao-de-atletas-2\/\" rel=\"attachment wp-att-1916\">2025 JEP FUTEBOL SOCIETY &#8211; RELA\u00c7\u00c3O DE ATLETAS<\/a><\/p>\n<p><a href=\"https:\/\/www2.uepg.br\/jogosdaprimavera\/boletins-informativos-e-de-programacao\/2025-jep-futsal-relacao-de-atletas-2\/\" rel=\"attachment wp-att-1917\">2025 JEP FUTSAL &#8211; RELA\u00c7\u00c3O DE ATLETAS<\/a><\/p>\n<p><a href=\"https:\/\/www2.uepg.br\/jogosdaprimavera\/boletins-informativos-e-de-programacao\/2025-jep-handebol-relacao-de-atletas-2\/\" rel=\"attachment wp-att-1918\">2025 JEP HANDEBOL &#8211; RELA\u00c7\u00c3O DE ATLETAS<\/a><\/p>\n<p><a href=\"https:\/\/www2.uepg.br\/jogosdaprimavera\/boletins-informativos-e-de-programacao\/2025-jep-judo-relacao-de-atletas-3\/\" rel=\"attachment wp-att-1919\">2025 JEP JUD\u00d4 &#8211; RELA\u00c7\u00c3O DE ATLETAS<\/a><\/p>\n<p><a href=\"https:\/\/www2.uepg.br\/jogosdaprimavera\/boletins-informativos-e-de-programacao\/2025-jep-natacao-relacao-de-atletas-3\/\" rel=\"attachment wp-att-1920\">2025 JEP NATA\u00c7\u00c3O &#8211; RELA\u00c7\u00c3O DE ATLETAS<\/a><\/p>\n<p><a href=\"https:\/\/www2.uepg.br\/jogosdaprimavera\/boletins-informativos-e-de-programacao\/2025-jep-skate-relacao-de-atletas-3\/\" rel=\"attachment wp-att-1921\">2025 JEP SKATE &#8211; RELA\u00c7\u00c3O DE ATLETAS<\/a><\/p>\n<p><a href=\"https:\/\/www2.uepg.br\/jogosdaprimavera\/boletins-informativos-e-de-programacao\/2025-jep-taekwondo-relacao-de-atletas-3\/\" rel=\"attachment wp-att-1922\">2025 JEP TAEKWONDO &#8211; RELA\u00c7\u00c3O DE ATLETAS<\/a><\/p>\n<p><a href=\"https:\/\/www2.uepg.br\/jogosdaprimavera\/boletins-informativos-e-de-programacao\/2025-jep-tenis-de-mesa-relacao-de-atletas-3\/\" rel=\"attachment wp-att-1923\">2025 JEP T\u00caNIS DE MESA &#8211; RELA\u00c7\u00c3O DE ATLETAS<\/a><\/p>\n<p><a href=\"https:\/\/www2.uepg.br\/jogosdaprimavera\/boletins-informativos-e-de-programacao\/2025-jep-volei-de-praia-relacao-de-atletas-2\/\" rel=\"attachment wp-att-1924\">2025 JEP V\u00d4LEI DE PRAIA &#8211; RELA\u00c7\u00c3O DE ATLETAS<\/a><\/p>\n<p><a href=\"https:\/\/www2.uepg.br\/jogosdaprimavera\/boletins-informativos-e-de-programacao\/2025-jep-voleibol-relacao-de-atletas-2\/\" rel=\"attachment wp-att-1925\">2025 JEP VOLEIBOL &#8211; RELA\u00c7\u00c3O DE ATLETAS<\/a><\/p>\n<p><a href=\"https:\/\/www2.uepg.br\/jogosdaprimavera\/boletins-informativos-e-de-programacao\/2025-jep-xadrez-relacao-de-atletas-3\/\" rel=\"attachment wp-att-1926\">2025 JEP XADREZ &#8211; RELA\u00c7\u00c3O DE ATLETAS<\/a><\/p>\n<h2 style=\"text-align: center\"><span style=\"color: #333399\">Demonstrativo de Participa\u00e7\u00e3o &#8211; 2025<\/span><\/h2>\n<p><a href=\"https:\/\/www2.uepg.br\/jogosdaprimavera\/boletins-informativos-e-de-programacao\/2025-jep-quadro-demonstrativo-de-participacao-por-modalidade-2\/\" rel=\"attachment wp-att-1881\">2025 JEP QUADRO DEMONSTRATIVO DE PARTICIPA\u00c7\u00c3O &#8211; POR MODALIDADE<\/a><\/p>\n<h2 style=\"text-align: center\"><span style=\"color: #333399\">Quadro de Controle de Inscri\u00e7\u00e3o &#8211; 2025<\/span><\/h2>\n<p><a href=\"https:\/\/www2.uepg.br\/jogosdaprimavera\/boletins-informativos-e-de-programacao\/2025-jep-quadro-de-controle-de-inscricao-por-modalidade\/\" rel=\"attachment wp-att-1936\">2025 JEP QUADRO DE CONTROLE DE INSCRI\u00c7\u00c3O POR MODALIDADE<\/a><\/p>\n<h2 style=\"text-align: center\"><span style=\"color: #333399\">Demonstrativo de Inscri\u00e7\u00e3o &#8211; 2025<\/span><\/h2>\n<p><a href=\"https:\/\/www2.uepg.br\/jogosdaprimavera\/boletins-informativos-e-de-programacao\/2025-jep-demonstrativo-de-inscricao-6\/\" rel=\"attachment wp-att-1932\">2025 JEP DEMONSTRATIVO DE INSCRI\u00c7\u00c3O<\/a><\/p>\n<p>&nbsp;<\/p>\n<p>&nbsp;<\/p>\n<p>&nbsp;<\/p>\n","protected":false},"excerpt":{"rendered":"<p>Boletim Informativo Atualizado &#8211; 13\/09\/2025 2025 JEP BOLETIM INFORMATIVO 26-09 Rela\u00e7\u00e3o de Dirigentes 2025 JEP RELA\u00c7\u00c3O DE DIRIGENTES Rela\u00e7\u00e3o de Atletas 2025 JEP ATLETISMO &#8211; RELA\u00c7\u00c3O DE ATLETAS 2025 JEP BASQUETEBOL &#8211; RELA\u00c7\u00c3O DE ATLETAS 2025 JEP BASQUETEBOL 3X3 &#8211; RELA\u00c7\u00c3O DE ATLETAS 2025 JEP BEACH TENNIS &#8211; RELA\u00c7\u00c3O DE ATLETAS 2025 JEP CICLISMO &#8211;&nbsp;&hellip;<\/p>\n","protected":false},"author":24,"featured_media":0,"parent":0,"menu_order":0,"comment_status":"closed","ping_status":"closed","template":"","meta":[],"_links":{"self":[{"href":"https:\/\/www2.uepg.br\/jogosdaprimavera\/wp-json\/wp\/v2\/pages\/6"}],"collection":[{"href":"https:\/\/www2.uepg.br\/jogosdaprimavera\/wp-json\/wp\/v2\/pages"}],"about":[{"href":"https:\/\/www2.uepg.br\/jogosdaprimavera\/wp-json\/wp\/v2\/types\/page"}],"author":[{"embeddable":true,"href":"https:\/\/www2.uepg.br\/jogosdaprimavera\/wp-json\/wp\/v2\/users\/24"}],"replies":[{"embeddable":true,"href":"https:\/\/www2.uepg.br\/jogosdaprimavera\/wp-json\/wp\/v2\/comments?post=6"}],"version-history":[{"count":144,"href":"https:\/\/www2.uepg.br\/jogosdaprimavera\/wp-json\/wp\/v2\/pages\/6\/revisions"}],"predecessor-version":[{"id":2214,"href":"https:\/\/www2.uepg.br\/jogosdaprimavera\/wp-json\/wp\/v2\/pages\/6\/revisions\/2214"}],"wp:attachment":[{"href":"https:\/\/www2.uepg.br\/jogosdaprimavera\/wp-json\/wp\/v2\/media?parent=6"}],"curies":[{"name":"wp","href":"https:\/\/api.w.org\/{rel}","templated":true}]}}