{"id":1038,"date":"2023-04-19T21:45:20","date_gmt":"2023-04-20T00:45:20","guid":{"rendered":"https:\/\/www2.uepg.br\/labclimeam\/?page_id=1038"},"modified":"2023-06-29T10:07:22","modified_gmt":"2023-06-29T13:07:22","slug":"projeto-de-extensao-visitas-monitoradas-agendamento","status":"publish","type":"page","link":"https:\/\/www2.uepg.br\/labclimeam\/projeto-de-extensao-visitas-monitoradas-agendamento\/","title":{"rendered":"Projeto de Extens\u00e3o &#8211; Visitas Monitoradas &#8211; Agendamento"},"content":{"rendered":"<h3 style=\"text-align: center\"><strong>PROJETO LABCLIMEAM<\/strong><\/h3>\n<p style=\"text-align: justify\">Trata-se de um projeto de presta\u00e7\u00e3o de servi\u00e7o extencionista, que tem por finalidade viabilizar a realiza\u00e7\u00e3o de visitas monitoradas na Esta\u00e7\u00e3o Meteorol\u00f3gica do LABCLIMEAM &#8211; Laborat\u00f3rio de Climatologia e Estudos Ambientais, para a realiza\u00e7\u00e3o de ensino, pesquisa e extens\u00e3o, por parte da comunidade interna e externa.<\/p>\n<p style=\"text-align: justify\">Este projeto est\u00e1 vinculado ao LABCLIMEAM &#8211; Laborat\u00f3rio de Climatologia e Estudos Ambientais do Departamento de Geoci\u00eancias e tem como objetivo divulgar a Climatologia e a Meteorologia, proporcionando a sociedade, principalmente, aos estudantes de todos os n\u00edveis de ensino a oportunidade de participar de visitas monitoradas \u00e0 Esta\u00e7\u00e3o Meteorol\u00f3gica, onde poder\u00e3o observar como s\u00e3o registrados os dados meteorol\u00f3gicos e ter acesso aos mais diferentes temas da Climatologia e Meteorologia. Os visitantes poder\u00e3o observar dois tipos de esta\u00e7\u00e3o, uma Autom\u00e1tica, onde s\u00e3o registrados os dados que ser\u00e3o disponibilizados a comunidade e utilizados nas pesquisas e a Convencional, que funcionar\u00e1 como um minimuseu de meteorologia, no qual apenas alguns instrumentos ser\u00e3o utilizados para registro de dados, mas a mesma possibilitar\u00e1 entender como eram registrados os dados meteorol\u00f3gicos do passado e em alguns casos, ainda no presente.<\/p>\n<p style=\"text-align: justify\">A Esta\u00e7\u00e3o Meteorol\u00f3gica do LABCLIMEAM &#8211; DEGEO &#8211; UEPG instalada no Campus de Uvaranas, tem por finalidade constituir um espa\u00e7o de registro de dados para subsidiar projetos de pesquisa do laborat\u00f3rio e funcionar como ferramenta pedag\u00f3gica para aulas das disciplinas de Climatologia, assim como um espa\u00e7o de visita\u00e7\u00e3o para a comunidade em geral, a qual ter\u00e1 a oportunidade de ver e ouvir explica\u00e7\u00f5es sobre as funcionalidades de instrumentos e sensores utilizados na Climatologia. Desta forma, utilizar a Esta\u00e7\u00e3o Meteorol\u00f3gica como ferramenta de ensino, pesquisa e extens\u00e3o \u00e9 a principal premissa do presente projeto de extens\u00e3o.<\/p>\n<p>&nbsp;<\/p>\n<h3 style=\"text-align: center\"><span style=\"color: #000080\"><strong>AGENDAMENTO DE VISITAS MONITORADAS<\/strong><\/span><\/h3>\n<p style=\"text-align: justify\"><span style=\"color: #000080\">A Esta\u00e7\u00e3o Meteorol\u00f3gica do LABCLIMEAM &#8211; DEGEO &#8211; UEPG est\u00e1 situada no Campus Uvaranas em Ponta Grossa (PR) e atende todos os p\u00fablicos.<\/span><\/p>\n<p style=\"text-align: justify\"><span style=\"color: #000080\">Est\u00e1 aberta para visita\u00e7\u00e3o gratuita, de ter\u00e7a-feira a sexta-feira das 9:00 \u00e0s 12:00 e das 14:00 \u00e0s 17:00.<\/span><\/p>\n<p style=\"text-align: justify\"><span style=\"color: #000080\">As visitas monitoradas ter\u00e3o dura\u00e7\u00e3o de 1 h, sendo 30 min de uma apresenta\u00e7\u00e3o, envolvendo a Esta\u00e7\u00e3o Meteorol\u00f3gica Autom\u00e1tica e 30 min de pr\u00e1tica para conhecer os instrumentos da Esta\u00e7\u00e3o Meteorol\u00f3gica Convencional e sensores da Autom\u00e1tica, funcionamento e como s\u00e3o registrados os dados meteorol\u00f3gicos.<\/span><\/p>\n<p style=\"text-align: justify\"><span style=\"color: #000080\">Limite de participantes por grupo: 30 pessoas.\u00a0<\/span><\/p>\n<p style=\"text-align: justify\"><span style=\"color: #000080\">Agendamentos de grupos, universidades, col\u00e9gios e escolas para visitas monitoradas devem ser feitos pelo email:<br \/>\n<\/span><\/p>\n<p style=\"text-align: center\"><a href=\"labclimeam.uepg@gmail.com\">projeto.labclimeam@gmail.com<\/a><br \/>\n<a href=\"labclimeam.uepg@gmail.com\">labclimeam.uepg@gmail.com<\/a><\/p>\n<p style=\"text-align: center\"><a href=\"https:\/\/www2.uepg.br\/labclimeam\/estacao-meteorologica-labclimeam\"><button class=\"btn\" style=\"background-color: blue;border-color: blue;color: white\">Tela inicial<\/button><\/a>\u00a0 \u00a0 <a href=\"https:\/\/www2.uepg.br\/labclimeam\/estacao-meteorologica-labclimeam-informacoes\/\"><button class=\"btn\" style=\"background-color: blue;border-color: blue;color: white\">Informa\u00e7\u00f5es<\/button><\/a>\u00a0 \u00a0 <a href=\"https:\/\/www2.uepg.br\/labclimeam\/traducao\/\/\"><button class=\"btn\" style=\"background-color: blue;border-color: blue;color: white\">Tradu\u00e7\u00e3o<\/button><\/a> \u00a0\u00a0<a href=\"https:\/\/www2.uepg.br\/labclimeam\/estacao-meteorologica-automatica-labclimeam-graficos\/\"><button class=\"btn\" style=\"background-color: blue;border-color: blue;color: white\">Gr\u00e1ficos<\/button><\/a><\/p>\n<p style=\"text-align: center\"><strong><span style=\"color: #000000\">Localiza\u00e7\u00e3o da Esta\u00e7\u00e3o Meteorol\u00f3gica do LABCLIMEAM<br \/>\nUniversidade Estadual de Ponta Grossa &#8211; CAMPUS UVARANAS<br \/>\nEndere\u00e7o: Avenida Carlos Cavalcanti, 4748 (em frente ao Centro Integrar, antigo PDE)<br \/>\nPonta Grossa &#8211; Paran\u00e1<br \/>\n<\/span><span style=\"color: #000000\">Coordenadas Geogr\u00e1ficas: latitude 25\u00ba 05&#8242; 46&#8243; sul e longitude 50\u00ba 06&#8242; 22&#8243; oeste\u00a0 Altitude (msl) 909,11 m<\/span><\/strong><\/p>\n","protected":false},"excerpt":{"rendered":"<p>PROJETO LABCLIMEAM Trata-se de um projeto de presta\u00e7\u00e3o de servi\u00e7o extencionista, que tem por finalidade viabilizar a realiza\u00e7\u00e3o de visitas monitoradas na Esta\u00e7\u00e3o Meteorol\u00f3gica do LABCLIMEAM &#8211; Laborat\u00f3rio de Climatologia e Estudos Ambientais, para a realiza\u00e7\u00e3o de ensino, pesquisa e extens\u00e3o, por parte da comunidade interna e externa. Este projeto est\u00e1 vinculado ao LABCLIMEAM &#8211;&nbsp;&hellip;<\/p>\n","protected":false},"author":458,"featured_media":0,"parent":0,"menu_order":0,"comment_status":"closed","ping_status":"closed","template":"","meta":[],"_links":{"self":[{"href":"https:\/\/www2.uepg.br\/labclimeam\/wp-json\/wp\/v2\/pages\/1038"}],"collection":[{"href":"https:\/\/www2.uepg.br\/labclimeam\/wp-json\/wp\/v2\/pages"}],"about":[{"href":"https:\/\/www2.uepg.br\/labclimeam\/wp-json\/wp\/v2\/types\/page"}],"author":[{"embeddable":true,"href":"https:\/\/www2.uepg.br\/labclimeam\/wp-json\/wp\/v2\/users\/458"}],"replies":[{"embeddable":true,"href":"https:\/\/www2.uepg.br\/labclimeam\/wp-json\/wp\/v2\/comments?post=1038"}],"version-history":[{"count":25,"href":"https:\/\/www2.uepg.br\/labclimeam\/wp-json\/wp\/v2\/pages\/1038\/revisions"}],"predecessor-version":[{"id":1198,"href":"https:\/\/www2.uepg.br\/labclimeam\/wp-json\/wp\/v2\/pages\/1038\/revisions\/1198"}],"wp:attachment":[{"href":"https:\/\/www2.uepg.br\/labclimeam\/wp-json\/wp\/v2\/media?parent=1038"}],"curies":[{"name":"wp","href":"https:\/\/api.w.org\/{rel}","templated":true}]}}