{"id":124,"date":"2022-03-10T12:34:38","date_gmt":"2022-03-10T15:34:38","guid":{"rendered":"https:\/\/www2.uepg.br\/labclimeam\/?page_id=124"},"modified":"2022-03-17T21:11:56","modified_gmt":"2022-03-18T00:11:56","slug":"equipamentos","status":"publish","type":"page","link":"https:\/\/www2.uepg.br\/labclimeam\/equipamentos\/","title":{"rendered":"Equipamentos"},"content":{"rendered":"<p>Inform\u00e1tica<\/p>\n<p>4 Computadores tipo desktop<\/p>\n<p>1 Notebook<\/p>\n<p>Meteorol\u00f3gicos<\/p>\n<p>Termo higr\u00f4metros<\/p>\n<p>Mini abrigos meteorol\u00f3gicos<\/p>\n<p>Madeira<\/p>\n<p>Pl\u00e1stico<\/p>\n<p>Tubo de Pvc<\/p>\n<p>Termo higr\u00f4metro data logger<\/p>\n<p>Termometro Digital Infravermelho Mira Laser<\/p>\n<p>Termometro com haste<\/p>\n<p>Higr\u00f4metro anal\u00f3gico<\/p>\n<p>Term\u00f4metro de m\u00e1xima e m\u00ednima<\/p>\n","protected":false},"excerpt":{"rendered":"<p>Inform\u00e1tica 4 Computadores tipo desktop 1 Notebook Meteorol\u00f3gicos Termo higr\u00f4metros Mini abrigos meteorol\u00f3gicos Madeira Pl\u00e1stico Tubo de Pvc Termo higr\u00f4metro data logger Termometro Digital Infravermelho Mira Laser Termometro com haste Higr\u00f4metro anal\u00f3gico Term\u00f4metro de m\u00e1xima e m\u00ednima<\/p>\n","protected":false},"author":378,"featured_media":0,"parent":0,"menu_order":0,"comment_status":"closed","ping_status":"closed","template":"","meta":[],"_links":{"self":[{"href":"https:\/\/www2.uepg.br\/labclimeam\/wp-json\/wp\/v2\/pages\/124"}],"collection":[{"href":"https:\/\/www2.uepg.br\/labclimeam\/wp-json\/wp\/v2\/pages"}],"about":[{"href":"https:\/\/www2.uepg.br\/labclimeam\/wp-json\/wp\/v2\/types\/page"}],"author":[{"embeddable":true,"href":"https:\/\/www2.uepg.br\/labclimeam\/wp-json\/wp\/v2\/users\/378"}],"replies":[{"embeddable":true,"href":"https:\/\/www2.uepg.br\/labclimeam\/wp-json\/wp\/v2\/comments?post=124"}],"version-history":[{"count":4,"href":"https:\/\/www2.uepg.br\/labclimeam\/wp-json\/wp\/v2\/pages\/124\/revisions"}],"predecessor-version":[{"id":219,"href":"https:\/\/www2.uepg.br\/labclimeam\/wp-json\/wp\/v2\/pages\/124\/revisions\/219"}],"wp:attachment":[{"href":"https:\/\/www2.uepg.br\/labclimeam\/wp-json\/wp\/v2\/media?parent=124"}],"curies":[{"name":"wp","href":"https:\/\/api.w.org\/{rel}","templated":true}]}}