{"id":222,"date":"2023-04-15T11:37:30","date_gmt":"2023-04-15T14:37:30","guid":{"rendered":"https:\/\/www2.uepg.br\/labclimeam\/?page_id=222"},"modified":"2023-06-13T11:49:26","modified_gmt":"2023-06-13T14:49:26","slug":"estacao-meteorologica-automatica-labclimeam-graficos","status":"publish","type":"page","link":"https:\/\/www2.uepg.br\/labclimeam\/estacao-meteorologica-automatica-labclimeam-graficos\/","title":{"rendered":"Esta\u00e7\u00e3o Meteorol\u00f3gica Autom\u00e1tica &#8211; LABCLIMEAM &#8211; Gr\u00e1ficos"},"content":{"rendered":"<div id=\"pl-222\"  class=\"panel-layout\" ><div id=\"pg-222-0\"  class=\"panel-grid panel-no-style\" ><div id=\"pgc-222-0-0\"  class=\"panel-grid-cell\" ><div id=\"panel-222-0-0-0\" class=\"so-panel widget widget_sow-editor panel-first-child\" data-index=\"0\" ><div class=\"panel-widget-style panel-widget-style-for-222-0-0-0\" ><div\n\t\t\t\n\t\t\tclass=\"so-widget-sow-editor so-widget-sow-editor-base\"\n\t\t\t\n\t\t>\n<div class=\"siteorigin-widget-tinymce textwidget\">\n\t<p style=\"text-align: center\"><span style=\"color: #000000\">Comportamento da Temperatura e Umidade Relativa do Ar, Precipita\u00e7\u00e3o,<\/span><br \/>\n<span style=\"color: #000000\">Velocidade do Vento, Dire\u00e7\u00e3o do Vento e \u00cdndice Ultravioleta (24 h)<\/span><br \/>\n<span title=\"Clique aqui no gr\u00e1fico para acessar a tela inicial.\" data-toggle=\"tooltip\" data-placement=\"top\"><a href=\"https:\/\/www2.uepg.br\/labclimeam\/estacao-meteorologica-labclimeam\/\"><img loading=\"lazy\" class=\"aligncenter\" src=\"https:\/\/drive.google.com\/uc?export=view&amp;id=14ml4eDEDa28Sh_9H7BZZbCf3EsELj6N3\" width=\"920\" height=\"auto\" \/><\/a><img loading=\"lazy\" class=\"wp-image-1143 aligncenter\" src=\"https:\/\/www2.uepg.br\/labclimeam\/wp-content\/uploads\/sites\/222\/2023\/04\/admin-ajax-2.png\" alt=\"\" width=\"922\" height=\"65\" srcset=\"https:\/\/www2.uepg.br\/labclimeam\/wp-content\/uploads\/sites\/222\/2023\/04\/admin-ajax-2.png 1270w, https:\/\/www2.uepg.br\/labclimeam\/wp-content\/uploads\/sites\/222\/2023\/04\/admin-ajax-2-300x21.png 300w, https:\/\/www2.uepg.br\/labclimeam\/wp-content\/uploads\/sites\/222\/2023\/04\/admin-ajax-2-1024x73.png 1024w, https:\/\/www2.uepg.br\/labclimeam\/wp-content\/uploads\/sites\/222\/2023\/04\/admin-ajax-2-768x54.png 768w, https:\/\/www2.uepg.br\/labclimeam\/wp-content\/uploads\/sites\/222\/2023\/04\/admin-ajax-2-1232x87.png 1232w\" sizes=\"(max-width: 922px) 100vw, 922px\" \/><br \/>\n<\/span><\/p>\n<\/div>\n<\/div><\/div><\/div><div id=\"panel-222-0-0-1\" class=\"so-panel widget widget_sow-editor panel-last-child\" data-index=\"1\" ><div\n\t\t\t\n\t\t\tclass=\"so-widget-sow-editor so-widget-sow-editor-base\"\n\t\t\t\n\t\t>\n<div class=\"siteorigin-widget-tinymce textwidget\">\n\t<p style=\"text-align: center\"><a href=\"https:\/\/www2.uepg.br\/labclimeam\/estacao-meteorologica-labclimeam\"><button class=\"btn\" style=\"background-color: blue;border-color: blue;color: white\">Tela inicial<\/button><\/a>\u00a0 <a href=\"https:\/\/www2.uepg.br\/labclimeam\/?page_id=1038&amp;preview=true\"><button class=\"btn\" style=\"background-color: blue;border-color: blue;color: white\">Agendamento<\/button><\/a> \u00a0 <a href=\"https:\/\/www2.uepg.br\/labclimeam\/estacao-meteorologica-automatica-labclimeam-graficos\/\"><button class=\"btn\" style=\"background-color: blue;border-color: blue;color: white\">Atualizar<\/button> \u00a0 <\/a><a href=\"https:\/\/www2.uepg.br\/labclimeam\/estacao-meteorologica-labclimeam-informacoes\/\"><button class=\"btn\" style=\"background-color: blue;border-color: blue;color: white\">Informa\u00e7\u00f5es<\/button><\/a>\u00a0 \u00a0 <a href=\"https:\/\/www2.uepg.br\/labclimeam\/traducao\/\"><button class=\"btn\" style=\"background-color: blue;border-color: blue;color: white\">Tradu\u00e7\u00e3o <\/button><\/a><\/p>\n<\/div>\n<\/div><\/div><\/div><\/div><\/div>","protected":false},"excerpt":{"rendered":"<p>Comportamento da Temperatura e Umidade Relativa do Ar, Precipita\u00e7\u00e3o, Velocidade do Vento, Dire\u00e7\u00e3o do Vento e \u00cdndice Ultravioleta (24 h) Tela inicial\u00a0 Agendamento \u00a0 Atualizar \u00a0 Informa\u00e7\u00f5es\u00a0 \u00a0 Tradu\u00e7\u00e3o<\/p>\n","protected":false},"author":458,"featured_media":0,"parent":0,"menu_order":0,"comment_status":"closed","ping_status":"closed","template":"","meta":[],"_links":{"self":[{"href":"https:\/\/www2.uepg.br\/labclimeam\/wp-json\/wp\/v2\/pages\/222"}],"collection":[{"href":"https:\/\/www2.uepg.br\/labclimeam\/wp-json\/wp\/v2\/pages"}],"about":[{"href":"https:\/\/www2.uepg.br\/labclimeam\/wp-json\/wp\/v2\/types\/page"}],"author":[{"embeddable":true,"href":"https:\/\/www2.uepg.br\/labclimeam\/wp-json\/wp\/v2\/users\/458"}],"replies":[{"embeddable":true,"href":"https:\/\/www2.uepg.br\/labclimeam\/wp-json\/wp\/v2\/comments?post=222"}],"version-history":[{"count":203,"href":"https:\/\/www2.uepg.br\/labclimeam\/wp-json\/wp\/v2\/pages\/222\/revisions"}],"predecessor-version":[{"id":1171,"href":"https:\/\/www2.uepg.br\/labclimeam\/wp-json\/wp\/v2\/pages\/222\/revisions\/1171"}],"wp:attachment":[{"href":"https:\/\/www2.uepg.br\/labclimeam\/wp-json\/wp\/v2\/media?parent=222"}],"curies":[{"name":"wp","href":"https:\/\/api.w.org\/{rel}","templated":true}]}}