{"id":300,"date":"2023-03-21T10:37:40","date_gmt":"2023-03-21T13:37:40","guid":{"rendered":"https:\/\/www2.uepg.br\/labclimeam\/?page_id=300"},"modified":"2024-11-19T09:44:40","modified_gmt":"2024-11-19T12:44:40","slug":"estacao-meteorologica-labclimeam","status":"publish","type":"page","link":"https:\/\/www2.uepg.br\/labclimeam\/","title":{"rendered":"Esta\u00e7\u00e3o Meteorol\u00f3gica  Autom\u00e1tica &#8211; LABCLIMEAM: tela inicial"},"content":{"rendered":"<div id=\"pl-300\"  class=\"panel-layout\" ><div id=\"pg-300-0\"  class=\"panel-grid panel-no-style\" ><div id=\"pgc-300-0-0\"  class=\"panel-grid-cell\" ><div id=\"panel-300-0-0-0\" class=\"so-panel widget widget_sow-editor panel-first-child\" data-index=\"0\" ><div\n\t\t\t\n\t\t\tclass=\"so-widget-sow-editor so-widget-sow-editor-base\"\n\t\t\t\n\t\t>\n<div class=\"siteorigin-widget-tinymce textwidget\">\n\t<h4 style=\"text-align: center\"><span style=\"color: #000000\">Tela de visualiza\u00e7\u00e3o dos dados<\/span><\/h4>\n<p><span class=\"aligncenter\" style=\"text-align: center\">  <\/span><\/p>\n<\/div>\n<\/div><\/div><div id=\"panel-300-0-0-1\" class=\"so-panel widget widget_sow-editor panel-last-child\" data-index=\"1\" ><div\n\t\t\t\n\t\t\tclass=\"so-widget-sow-editor so-widget-sow-editor-base\"\n\t\t\t\n\t\t>\n<div class=\"siteorigin-widget-tinymce textwidget\">\n\t<p style=\"text-align: center;\"><a href=\"https:\/\/www2.uepg.br\/labclimeam\/estacao-meteorologica-labclimeam\/\"><button class=\"btn\" style=\"background-color: blue; border-color: blue; color: white;\">Atualizar<\/button><\/a>\u00a0 <a href=\"https:\/\/www2.uepg.br\/labclimeam\/?page_id=1038&amp;preview=true\"><button class=\"btn\" style=\"background-color: blue; border-color: blue; color: white;\">Agendamento<\/button><\/a> \u00a0 <a href=\"https:\/\/www2.uepg.br\/labclimeam\/estacao-meteorologica-labclimeam-informacoes\/\"><button class=\"btn\" style=\"background-color: blue; border-color: blue; color: white;\">Informa\u00e7\u00f5es<\/button><\/a>\u00a0 \u00a0 <a href=\"https:\/\/www2.uepg.br\/labclimeam\/traducao\/\/\"><button class=\"btn\" style=\"background-color: blue; border-color: blue; color: white;\">Tradu\u00e7\u00e3o<\/button><\/a> \u00a0\u00a0<a href=\"https:\/\/www2.uepg.br\/labclimeam\/estacao-meteorologica-automatica-labclimeam-graficos\/\"><button class=\"btn\" style=\"background-color: blue; border-color: blue; color: white;\">Gr\u00e1ficos<\/button><\/a><\/p>\n<p style=\"text-align: center;\"><span style=\"color: #000000;\"><span style=\"color: #000000;\"><b>Localiza\u00e7\u00e3o: <\/b><\/span><span style=\"color: #000000;\"><b>UEPG - CAMPUS UVARANAS<\/b><\/span><br \/>\n<span style=\"color: #000000;\"><b>Avenida Carlos Cavalcanti, 4748 <\/b><\/span><span style=\"color: #000000;\"><b>(em frente ao Centro Integrar, antigo PDE)<\/b><\/span><br \/>\n<\/span><strong><span style=\"color: #000000;\">Latitude 25\u00ba 05' 46\" sul e Longitude 50\u00ba 06' 22\" oeste\u00a0 Altitude (msl) 909,11 m<\/span><\/strong><\/p>\n<p>&nbsp;<\/p>\n<\/div>\n<\/div><\/div><\/div><\/div><\/div>","protected":false},"excerpt":{"rendered":"<p>Tela de visualiza\u00e7\u00e3o dos dados Atualizar\u00a0 Agendamento \u00a0 Informa\u00e7\u00f5es\u00a0 \u00a0 Tradu\u00e7\u00e3o \u00a0\u00a0Gr\u00e1ficos Localiza\u00e7\u00e3o: UEPG &#8211; CAMPUS UVARANAS Avenida Carlos Cavalcanti, 4748 (em frente ao Centro Integrar, antigo PDE) Latitude 25\u00ba 05&#8242; 46&#8243; sul e Longitude 50\u00ba 06&#8242; 22&#8243; oeste\u00a0 Altitude (msl) 909,11 m &nbsp;<\/p>\n","protected":false},"author":458,"featured_media":0,"parent":0,"menu_order":0,"comment_status":"closed","ping_status":"closed","template":"","meta":[],"_links":{"self":[{"href":"https:\/\/www2.uepg.br\/labclimeam\/wp-json\/wp\/v2\/pages\/300"}],"collection":[{"href":"https:\/\/www2.uepg.br\/labclimeam\/wp-json\/wp\/v2\/pages"}],"about":[{"href":"https:\/\/www2.uepg.br\/labclimeam\/wp-json\/wp\/v2\/types\/page"}],"author":[{"embeddable":true,"href":"https:\/\/www2.uepg.br\/labclimeam\/wp-json\/wp\/v2\/users\/458"}],"replies":[{"embeddable":true,"href":"https:\/\/www2.uepg.br\/labclimeam\/wp-json\/wp\/v2\/comments?post=300"}],"version-history":[{"count":329,"href":"https:\/\/www2.uepg.br\/labclimeam\/wp-json\/wp\/v2\/pages\/300\/revisions"}],"predecessor-version":[{"id":1262,"href":"https:\/\/www2.uepg.br\/labclimeam\/wp-json\/wp\/v2\/pages\/300\/revisions\/1262"}],"wp:attachment":[{"href":"https:\/\/www2.uepg.br\/labclimeam\/wp-json\/wp\/v2\/media?parent=300"}],"curies":[{"name":"wp","href":"https:\/\/api.w.org\/{rel}","templated":true}]}}