{"id":327,"date":"2023-03-21T11:50:38","date_gmt":"2023-03-21T14:50:38","guid":{"rendered":"https:\/\/www2.uepg.br\/labclimeam\/?page_id=327"},"modified":"2023-04-21T13:54:27","modified_gmt":"2023-04-21T16:54:27","slug":"traducao","status":"publish","type":"page","link":"https:\/\/www2.uepg.br\/labclimeam\/traducao\/","title":{"rendered":"Esta\u00e7\u00e3o Meteorol\u00f3gica Autom\u00e1tica &#8211;  LABCLIMEAM: Tradu\u00e7\u00e3o"},"content":{"rendered":"<p style=\"text-align: center\"><span title=\"Clique na lista para acessar a tela inicial.\" data-toggle=\"tooltip\" data-placement=\"top\"><br \/>\n<a href=\"https:\/\/www2.uepg.br\/labclimeam\/\"><img loading=\"lazy\" class=\"alignnone wp-image-794 size-full\" src=\"https:\/\/www2.uepg.br\/labclimeam\/wp-content\/uploads\/sites\/222\/2023\/04\/TRADUCAO-DA-INTERFACE-scaled.jpg\" alt=\"\" width=\"946\" height=\"auto\" srcset=\"https:\/\/www2.uepg.br\/labclimeam\/wp-content\/uploads\/sites\/222\/2023\/04\/TRADUCAO-DA-INTERFACE-scaled.jpg 1308w, https:\/\/www2.uepg.br\/labclimeam\/wp-content\/uploads\/sites\/222\/2023\/04\/TRADUCAO-DA-INTERFACE-153x300.jpg 153w, https:\/\/www2.uepg.br\/labclimeam\/wp-content\/uploads\/sites\/222\/2023\/04\/TRADUCAO-DA-INTERFACE-523x1024.jpg 523w, https:\/\/www2.uepg.br\/labclimeam\/wp-content\/uploads\/sites\/222\/2023\/04\/TRADUCAO-DA-INTERFACE-768x1504.jpg 768w, https:\/\/www2.uepg.br\/labclimeam\/wp-content\/uploads\/sites\/222\/2023\/04\/TRADUCAO-DA-INTERFACE-785x1536.jpg 785w, https:\/\/www2.uepg.br\/labclimeam\/wp-content\/uploads\/sites\/222\/2023\/04\/TRADUCAO-DA-INTERFACE-1046x2048.jpg 1046w, https:\/\/www2.uepg.br\/labclimeam\/wp-content\/uploads\/sites\/222\/2023\/04\/TRADUCAO-DA-INTERFACE-1232x2412.jpg 1232w, https:\/\/www2.uepg.br\/labclimeam\/wp-content\/uploads\/sites\/222\/2023\/04\/TRADUCAO-DA-INTERFACE-552x1080.jpg 552w\" sizes=\"(max-width: 1308px) 100vw, 1308px\" \/><\/a><br \/>\n<\/span><br \/>\n<a href=\"https:\/\/www2.uepg.br\/labclimeam\/\"><button class=\"btn\" style=\"background-color: blue;border-color: blue;color: white\">Tela inicial<\/button><\/a>\u00a0 \u00a0<a href=\"https:\/\/www2.uepg.br\/labclimeam\/?page_id=1038&amp;preview=true\"><button class=\"btn\" style=\"background-color: blue;border-color: blue;color: white\">Agendamento<\/button><\/a>\u00a0 \u00a0 <a href=\"https:\/\/www2.uepg.br\/labclimeam\/estacao-meteorologica-labclimeam-informacoes\/\"><button class=\"btn\" style=\"background-color: blue;border-color: blue;color: white\">Informa\u00e7\u00f5es<\/button><\/a>\u00a0 \u00a0 <a href=\"https:\/\/www2.uepg.br\/labclimeam\/estacao-meteorologica-automatica-labclimeam-graficos\/\"><button class=\"btn\" style=\"background-color: blue;border-color: blue;color: white\">Gr\u00e1ficos <\/button><\/a><\/p>\n<p>&nbsp;<\/p>\n","protected":false},"excerpt":{"rendered":"<p>Tela inicial\u00a0 \u00a0Agendamento\u00a0 \u00a0 Informa\u00e7\u00f5es\u00a0 \u00a0 Gr\u00e1ficos &nbsp;<\/p>\n","protected":false},"author":458,"featured_media":0,"parent":0,"menu_order":0,"comment_status":"closed","ping_status":"closed","template":"","meta":[],"_links":{"self":[{"href":"https:\/\/www2.uepg.br\/labclimeam\/wp-json\/wp\/v2\/pages\/327"}],"collection":[{"href":"https:\/\/www2.uepg.br\/labclimeam\/wp-json\/wp\/v2\/pages"}],"about":[{"href":"https:\/\/www2.uepg.br\/labclimeam\/wp-json\/wp\/v2\/types\/page"}],"author":[{"embeddable":true,"href":"https:\/\/www2.uepg.br\/labclimeam\/wp-json\/wp\/v2\/users\/458"}],"replies":[{"embeddable":true,"href":"https:\/\/www2.uepg.br\/labclimeam\/wp-json\/wp\/v2\/comments?post=327"}],"version-history":[{"count":64,"href":"https:\/\/www2.uepg.br\/labclimeam\/wp-json\/wp\/v2\/pages\/327\/revisions"}],"predecessor-version":[{"id":1126,"href":"https:\/\/www2.uepg.br\/labclimeam\/wp-json\/wp\/v2\/pages\/327\/revisions\/1126"}],"wp:attachment":[{"href":"https:\/\/www2.uepg.br\/labclimeam\/wp-json\/wp\/v2\/media?parent=327"}],"curies":[{"name":"wp","href":"https:\/\/api.w.org\/{rel}","templated":true}]}}