{"id":6,"date":"2020-04-20T14:56:52","date_gmt":"2020-04-20T17:56:52","guid":{"rendered":"http:\/\/www2.uepg.br\/labclimeam\/?page_id=6"},"modified":"2023-05-03T15:18:01","modified_gmt":"2023-05-03T18:18:01","slug":"home","status":"publish","type":"page","link":"https:\/\/www2.uepg.br\/labclimeam\/home\/","title":{"rendered":"Laborat\u00f3rio de Climatologia e Estudos Ambientais &#8211; LABCLIMEAM"},"content":{"rendered":"<div id=\"pl-6\"  class=\"panel-layout\" ><div id=\"pg-6-0\"  class=\"panel-grid panel-no-style\" ><div id=\"pgc-6-0-0\"  class=\"panel-grid-cell\" ><div id=\"panel-6-0-0-0\" class=\"so-panel widget widget_sow-editor panel-first-child panel-last-child\" data-index=\"0\" ><div\n\t\t\t\n\t\t\tclass=\"so-widget-sow-editor so-widget-sow-editor-base\"\n\t\t\t\n\t\t>\n<div class=\"siteorigin-widget-tinymce textwidget\">\n\t<h2 class=\"page-title entry-title\">Apresenta\u00e7\u00e3o<\/h2>\n<p style=\"text-align: justify\">O Laborat\u00f3rio de Climatologia e Estudos Ambientais est\u00e1 vinculado ao Departamento de Geoci\u00eancias da Universidade Estadual de Ponta Grossa. O LABCLIMEAM tem por finalidade constituir-se em um espa\u00e7o para produ\u00e7\u00e3o de pesquisas em Climatologia, com foco na Climatologia Urbana e Estudos Ambientais associados a Climatologia. Tamb\u00e9m, constituir\u00e3o campo de pesquisa do laborat\u00f3rio os Estudos Ambientais rurais e urbanos, no \u00e2mbito geral. Do ponto de vista pedag\u00f3gico, o LABCLIMEAM servir\u00e1 de apoio \u00e0s aulas de Climatologia e de disciplinas que possam de alguma forma se apropriarem dos conhecimentos e da estrutura do laborat\u00f3rio. O laborat\u00f3rio e a esta\u00e7\u00e3o meteorol\u00f3gica que a ele est\u00e1 vinculada, servir\u00e3o para o desenvolvimento da extens\u00e3o, atrav\u00e9s de projetos e eventos relacionados com as tem\u00e1ticas de Climatologia e Estudo Ambientais.<\/p>\n<\/div>\n<\/div><\/div><\/div><\/div><div id=\"pg-6-1\"  class=\"panel-grid panel-no-style\" ><div id=\"pgc-6-1-0\"  class=\"panel-grid-cell\" ><div id=\"panel-6-1-0-0\" class=\"so-panel widget widget_sow-editor panel-first-child panel-last-child\" data-index=\"1\" ><div class=\"panel-widget-style panel-widget-style-for-6-1-0-0\" ><div\n\t\t\t\n\t\t\tclass=\"so-widget-sow-editor so-widget-sow-editor-base\"\n\t\t\t\n\t\t>\n<div class=\"siteorigin-widget-tinymce textwidget\">\n\t<h4 style=\"text-align: center;\"><strong>\u00daltimas Not\u00edcias<\/strong><\/h4>\n<p style=\"text-align: center;\">\t\t<div class=\"wppsac-slick-carousel-wrp wppsac-clearfix \">\r\n\t\t\t<div id=\"wppsac-post-carousel-1\" class=\"wppsac-post-slider-init wppsac-post-carousel design-1\">\r\n\t\t\t\t\r\n<div class=\"wppsac-carousel-slides\">\r\n\t\t<div class=\"wppsac-post-content-position\">\r\n\t\t\t\t\t<div class=\"wppsac-post-categories\"><ul class=\"wppsac-post-categories-list\"><li><a href=\"https:\/\/www2.uepg.br\/labclimeam\/category\/noticias\/\" rel=\"category\"> Not\u00edcias <\/a><\/li><\/ul><\/div>\r\n\t\t\t  \t<h2 class=\"wppsac-post-title\">\r\n\t\t\t<a href=\"https:\/\/www2.uepg.br\/labclimeam\/pesquisadores-de-climatologia-geografica-da-regiao-sul-do-brasil-realizaram-evento-em-curitiba-para-a-criacao-da-rede-climas-subtropicais\/\">Pesquisadores de Climatologia Geogr\u00e1fica da Regi\u00e3o Sul do Brasil realizaram evento em Curitiba para a cria\u00e7\u00e3o da Rede Climas Subtropicais<\/a>\r\n\t\t<\/h2>\r\n\t\t\t\t\t<div class=\"wppsac-post-date\">\r\n\t\t\t\t10 de mar\u00e7o de 2022\t\t\t<\/div>\r\n\t\t\t\t\t<\/div>\r\n<\/div>\t\t\t<\/div>\r\n\t\t\t<div class=\"wppsac-carousel-conf wppsac-hide\" data-conf=\"{&quot;slides_to_show&quot;:&quot;4&quot;,&quot;slides_to_scroll&quot;:1,&quot;dots&quot;:&quot;false&quot;,&quot;arrows&quot;:&quot;true&quot;,&quot;autoplay&quot;:&quot;true&quot;,&quot;autoplay_interval&quot;:&quot;19500&quot;,&quot;speed&quot;:500,&quot;rtl&quot;:&quot;false&quot;,&quot;lazyload&quot;:&quot;&quot;}\"><\/div>\r\n\t\t<\/div>\r\n\t<\/p>\n<\/div>\n<\/div><\/div><\/div><\/div><\/div><div id=\"pg-6-2\"  class=\"panel-grid panel-no-style\" ><div id=\"pgc-6-2-0\"  class=\"panel-grid-cell\" ><div id=\"panel-6-2-0-0\" class=\"so-panel widget widget_sow-button panel-first-child panel-last-child\" data-index=\"2\" ><div class=\"panel-widget-style panel-widget-style-for-6-2-0-0\" ><div\n\t\t\t\n\t\t\tclass=\"so-widget-sow-button so-widget-sow-button-atom-f28947f507e4-156\"\n\t\t\t\n\t\t><div class=\"ow-button-base ow-button-align-center\">\n\t<a href=\"https:\/\/www2.uepg.br\/labclimeam\/noticias\/\" class=\"ow-icon-placement-left ow-button-hover\" \t\t>\n\t\t<span>\n\t\t\t\n\t\t\tveja todas as not\u00edcias\t\t<\/span>\n\t<\/a>\n<\/div>\n<\/div><\/div><\/div><\/div><\/div><div id=\"pg-6-3\"  class=\"panel-grid panel-no-style\" ><div id=\"pgc-6-3-0\"  class=\"panel-grid-cell\" ><div id=\"panel-6-3-0-0\" class=\"so-panel widget widget_sow-editor panel-first-child panel-last-child\" data-index=\"3\" ><div\n\t\t\t\n\t\t\tclass=\"so-widget-sow-editor so-widget-sow-editor-base\"\n\t\t\t\n\t\t>\n<div class=\"siteorigin-widget-tinymce textwidget\">\n\t<p style=\"text-align: center;\"><!-- Widget Previs&atilde;o de Tempo CPTEC\/INPE --><iframe loading=\"lazy\" src=\"https:\/\/www.cptec.inpe.br\/widget\/widget.php?p=4090&amp;w=h&amp;c=073569&amp;f=ffffff\" width=\"200px\" height=\"178px\" frameborder=\"0\" marginwidth=\"0\" marginheight=\"0\" scrolling=\"no\"><\/iframe><noscript>Previs&atilde;o de <a href=\"http:\/\/www.cptec.inpe.br\/cidades\/tempo\/4090\">Ponta Grossa\/PR<\/a> oferecido por <a href=\"http:\/\/www.cptec.inpe.br\">CPTEC\/INPE<\/a><\/noscript><!-- Widget Previs&atilde;o de Tempo CPTEC\/INPE --><\/p>\n<\/div>\n<\/div><\/div><\/div><\/div><\/div>","protected":false},"excerpt":{"rendered":"<p>Apresenta\u00e7\u00e3o O Laborat\u00f3rio de Climatologia e Estudos Ambientais est\u00e1 vinculado ao Departamento de Geoci\u00eancias da Universidade Estadual de Ponta Grossa. O LABCLIMEAM tem por finalidade constituir-se em um espa\u00e7o para produ\u00e7\u00e3o de pesquisas em Climatologia, com foco na Climatologia Urbana e Estudos Ambientais associados a Climatologia. Tamb\u00e9m, constituir\u00e3o campo de pesquisa do laborat\u00f3rio os Estudos&nbsp;&hellip;<\/p>\n","protected":false},"author":24,"featured_media":0,"parent":0,"menu_order":0,"comment_status":"closed","ping_status":"closed","template":"","meta":[],"_links":{"self":[{"href":"https:\/\/www2.uepg.br\/labclimeam\/wp-json\/wp\/v2\/pages\/6"}],"collection":[{"href":"https:\/\/www2.uepg.br\/labclimeam\/wp-json\/wp\/v2\/pages"}],"about":[{"href":"https:\/\/www2.uepg.br\/labclimeam\/wp-json\/wp\/v2\/types\/page"}],"author":[{"embeddable":true,"href":"https:\/\/www2.uepg.br\/labclimeam\/wp-json\/wp\/v2\/users\/24"}],"replies":[{"embeddable":true,"href":"https:\/\/www2.uepg.br\/labclimeam\/wp-json\/wp\/v2\/comments?post=6"}],"version-history":[{"count":17,"href":"https:\/\/www2.uepg.br\/labclimeam\/wp-json\/wp\/v2\/pages\/6\/revisions"}],"predecessor-version":[{"id":1148,"href":"https:\/\/www2.uepg.br\/labclimeam\/wp-json\/wp\/v2\/pages\/6\/revisions\/1148"}],"wp:attachment":[{"href":"https:\/\/www2.uepg.br\/labclimeam\/wp-json\/wp\/v2\/media?parent=6"}],"curies":[{"name":"wp","href":"https:\/\/api.w.org\/{rel}","templated":true}]}}