{"id":135,"date":"2022-12-19T11:10:19","date_gmt":"2022-12-19T14:10:19","guid":{"rendered":"https:\/\/www2.uepg.br\/labinfar\/?page_id=135"},"modified":"2023-02-14T09:25:57","modified_gmt":"2023-02-14T12:25:57","slug":"objetivos","status":"publish","type":"page","link":"https:\/\/www2.uepg.br\/labinfar\/objetivos\/","title":{"rendered":"Objetivos"},"content":{"rendered":"<p style=\"text-align: center\"><strong>O LABINFAR tem como objetivos:<\/strong><\/p>\n<p>I &#8211; Servir como local para realiza\u00e7\u00e3o de pesquisas coordenadas por docentes do Departamento de Ci\u00eancias Farmac\u00eauticas, dos Programas de P\u00f3s-Gradua\u00e7\u00e3o Stricto Sensu do Setor de Ci\u00eancias Biol\u00f3gicas e da Sa\u00fade e dos demais Setores que desenvolvam projetos de inova\u00e7\u00e3o em sa\u00fade, devidamente cadastradas na PROPESP;<\/p>\n<p>II &#8211; Apoiar a presta\u00e7\u00e3o de consultorias por docentes do DEFAR para empresas dos setores de abrang\u00eancia das ci\u00eancias farmac\u00eauticas;<\/p>\n<p>III &#8211; Prestar servi\u00e7os de an\u00e1lises f\u00edsico-qu\u00edmicas para Farm\u00e1cias de Manipula\u00e7\u00e3o e Ind\u00fastrias dos setores farmac\u00eautico, cosm\u00e9tico e de nutrac\u00eauticos;<\/p>\n<p>IV &#8211; Auxiliar o desenvolvimento e a an\u00e1lise de produtos destinados \u00e0 sa\u00fade humana por empresas p\u00fablicas ou privadas e empresas de inova\u00e7\u00e3o da UEPG;<\/p>\n<p>V &#8211; Auxiliar o desenvolvimento de produtos e presta\u00e7\u00e3o de consultorias por Empresas Juniores da UEPG, no \u00e2mbito de atua\u00e7\u00e3o do LABINFAR;<\/p>\n<p>VI &#8211; Proceder a manipula\u00e7\u00e3o, em pequena escala, de produtos de higiene e assepsia, desprovidos de registro, destinados \u00e0s diversas unidades da UEPG;<\/p>\n<p>VII &#8211; Servir como local de Est\u00e1gio para discentes de cursos de gradua\u00e7\u00e3o da UEPG;<\/p>\n<p>VIII &#8211; Servir de local de aulas pr\u00e1ticas experimentais demonstrativas de cursos de gradua\u00e7\u00e3o que dependam dos equipamentos dispon\u00edveis.<\/p>\n","protected":false},"excerpt":{"rendered":"<p>O LABINFAR tem como objetivos: I &#8211; Servir como local para realiza\u00e7\u00e3o de pesquisas coordenadas por docentes do Departamento de Ci\u00eancias Farmac\u00eauticas, dos Programas de P\u00f3s-Gradua\u00e7\u00e3o Stricto Sensu do Setor de Ci\u00eancias Biol\u00f3gicas e da Sa\u00fade e dos demais Setores que desenvolvam projetos de inova\u00e7\u00e3o em sa\u00fade, devidamente cadastradas na PROPESP; II &#8211; Apoiar a&nbsp;&hellip;<\/p>\n","protected":false},"author":582,"featured_media":0,"parent":0,"menu_order":0,"comment_status":"closed","ping_status":"closed","template":"","meta":[],"_links":{"self":[{"href":"https:\/\/www2.uepg.br\/labinfar\/wp-json\/wp\/v2\/pages\/135"}],"collection":[{"href":"https:\/\/www2.uepg.br\/labinfar\/wp-json\/wp\/v2\/pages"}],"about":[{"href":"https:\/\/www2.uepg.br\/labinfar\/wp-json\/wp\/v2\/types\/page"}],"author":[{"embeddable":true,"href":"https:\/\/www2.uepg.br\/labinfar\/wp-json\/wp\/v2\/users\/582"}],"replies":[{"embeddable":true,"href":"https:\/\/www2.uepg.br\/labinfar\/wp-json\/wp\/v2\/comments?post=135"}],"version-history":[{"count":3,"href":"https:\/\/www2.uepg.br\/labinfar\/wp-json\/wp\/v2\/pages\/135\/revisions"}],"predecessor-version":[{"id":176,"href":"https:\/\/www2.uepg.br\/labinfar\/wp-json\/wp\/v2\/pages\/135\/revisions\/176"}],"wp:attachment":[{"href":"https:\/\/www2.uepg.br\/labinfar\/wp-json\/wp\/v2\/media?parent=135"}],"curies":[{"name":"wp","href":"https:\/\/api.w.org\/{rel}","templated":true}]}}