{"id":139,"date":"2022-12-19T11:10:19","date_gmt":"2022-12-19T14:10:19","guid":{"rendered":"https:\/\/www2.uepg.br\/labinfar\/?page_id=139"},"modified":"2023-02-14T10:14:31","modified_gmt":"2023-02-14T13:14:31","slug":"portarias","status":"publish","type":"page","link":"https:\/\/www2.uepg.br\/labinfar\/portarias\/","title":{"rendered":"Portarias"},"content":{"rendered":"<p><span class=\"fontstyle0\">A UNIVERSIDADE ESTADUAL DE PONTA GROSSA a<\/span><span class=\"fontstyle2\">prova a altera\u00e7\u00e3o de denomina\u00e7\u00e3o do antigo LAPMED para o atual Labinfar, agora com novos objetivos e novas propostas.<\/span><\/p>\n<p><a href=\"https:\/\/www2.uepg.br\/labinfar\/wp-content\/uploads\/sites\/264\/2023\/02\/Resolucao-C.A.-225.2021.pdf\">RESOLU\u00c7\u00c3O CA &#8211; N\u00ba 2021.225<\/a><\/p>\n<p>&nbsp;<\/p>\n","protected":false},"excerpt":{"rendered":"<p>A UNIVERSIDADE ESTADUAL DE PONTA GROSSA aprova a altera\u00e7\u00e3o de denomina\u00e7\u00e3o do antigo LAPMED para o atual Labinfar, agora com novos objetivos e novas propostas. RESOLU\u00c7\u00c3O CA &#8211; N\u00ba 2021.225 &nbsp;<\/p>\n","protected":false},"author":582,"featured_media":0,"parent":0,"menu_order":0,"comment_status":"closed","ping_status":"closed","template":"","meta":[],"_links":{"self":[{"href":"https:\/\/www2.uepg.br\/labinfar\/wp-json\/wp\/v2\/pages\/139"}],"collection":[{"href":"https:\/\/www2.uepg.br\/labinfar\/wp-json\/wp\/v2\/pages"}],"about":[{"href":"https:\/\/www2.uepg.br\/labinfar\/wp-json\/wp\/v2\/types\/page"}],"author":[{"embeddable":true,"href":"https:\/\/www2.uepg.br\/labinfar\/wp-json\/wp\/v2\/users\/582"}],"replies":[{"embeddable":true,"href":"https:\/\/www2.uepg.br\/labinfar\/wp-json\/wp\/v2\/comments?post=139"}],"version-history":[{"count":3,"href":"https:\/\/www2.uepg.br\/labinfar\/wp-json\/wp\/v2\/pages\/139\/revisions"}],"predecessor-version":[{"id":180,"href":"https:\/\/www2.uepg.br\/labinfar\/wp-json\/wp\/v2\/pages\/139\/revisions\/180"}],"wp:attachment":[{"href":"https:\/\/www2.uepg.br\/labinfar\/wp-json\/wp\/v2\/media?parent=139"}],"curies":[{"name":"wp","href":"https:\/\/api.w.org\/{rel}","templated":true}]}}