{"id":140,"date":"2022-12-19T11:10:19","date_gmt":"2022-12-19T14:10:19","guid":{"rendered":"https:\/\/www2.uepg.br\/labinfar\/?page_id=140"},"modified":"2023-02-24T11:58:47","modified_gmt":"2023-02-24T14:58:47","slug":"equipamentos","status":"publish","type":"page","link":"https:\/\/www2.uepg.br\/labinfar\/equipamentos\/","title":{"rendered":"Equipamentos"},"content":{"rendered":"<p><img loading=\"lazy\" class=\"alignnone size-medium wp-image-185\" src=\"https:\/\/www2.uepg.br\/labinfar\/wp-content\/uploads\/sites\/264\/2023\/02\/aprelho-de-ponto-de-fusao-225x300.jpg\" alt=\"\" width=\"225\" height=\"300\" srcset=\"https:\/\/www2.uepg.br\/labinfar\/wp-content\/uploads\/sites\/264\/2023\/02\/aprelho-de-ponto-de-fusao-225x300.jpg 225w, https:\/\/www2.uepg.br\/labinfar\/wp-content\/uploads\/sites\/264\/2023\/02\/aprelho-de-ponto-de-fusao-768x1024.jpg 768w, https:\/\/www2.uepg.br\/labinfar\/wp-content\/uploads\/sites\/264\/2023\/02\/aprelho-de-ponto-de-fusao-1152x1536.jpg 1152w, https:\/\/www2.uepg.br\/labinfar\/wp-content\/uploads\/sites\/264\/2023\/02\/aprelho-de-ponto-de-fusao-1536x2048.jpg 1536w, https:\/\/www2.uepg.br\/labinfar\/wp-content\/uploads\/sites\/264\/2023\/02\/aprelho-de-ponto-de-fusao-1232x1643.jpg 1232w, https:\/\/www2.uepg.br\/labinfar\/wp-content\/uploads\/sites\/264\/2023\/02\/aprelho-de-ponto-de-fusao-810x1080.jpg 810w, https:\/\/www2.uepg.br\/labinfar\/wp-content\/uploads\/sites\/264\/2023\/02\/aprelho-de-ponto-de-fusao-scaled.jpg 1920w\" sizes=\"(max-width: 225px) 100vw, 225px\" \/><\/p>\n<p><b>DETERMINADOR DE PONTO DE FUS\u00c3O QUIMIS<\/b><\/p>\n<p><img loading=\"lazy\" class=\"alignnone size-medium wp-image-187\" src=\"https:\/\/www2.uepg.br\/labinfar\/wp-content\/uploads\/sites\/264\/2023\/02\/BOD-225x300.jpg\" alt=\"\" width=\"225\" height=\"300\" srcset=\"https:\/\/www2.uepg.br\/labinfar\/wp-content\/uploads\/sites\/264\/2023\/02\/BOD-225x300.jpg 225w, https:\/\/www2.uepg.br\/labinfar\/wp-content\/uploads\/sites\/264\/2023\/02\/BOD-768x1024.jpg 768w, https:\/\/www2.uepg.br\/labinfar\/wp-content\/uploads\/sites\/264\/2023\/02\/BOD-1152x1536.jpg 1152w, https:\/\/www2.uepg.br\/labinfar\/wp-content\/uploads\/sites\/264\/2023\/02\/BOD-1536x2048.jpg 1536w, https:\/\/www2.uepg.br\/labinfar\/wp-content\/uploads\/sites\/264\/2023\/02\/BOD-1232x1643.jpg 1232w, https:\/\/www2.uepg.br\/labinfar\/wp-content\/uploads\/sites\/264\/2023\/02\/BOD-810x1080.jpg 810w, https:\/\/www2.uepg.br\/labinfar\/wp-content\/uploads\/sites\/264\/2023\/02\/BOD-scaled.jpg 1920w\" sizes=\"(max-width: 225px) 100vw, 225px\" \/><\/p>\n<p><b>ESTUFA B.O.D.<\/b><\/p>\n<p><img loading=\"lazy\" class=\"alignnone size-medium wp-image-188\" src=\"https:\/\/www2.uepg.br\/labinfar\/wp-content\/uploads\/sites\/264\/2023\/02\/centrifuga-225x300.jpg\" alt=\"\" width=\"225\" height=\"300\" srcset=\"https:\/\/www2.uepg.br\/labinfar\/wp-content\/uploads\/sites\/264\/2023\/02\/centrifuga-225x300.jpg 225w, https:\/\/www2.uepg.br\/labinfar\/wp-content\/uploads\/sites\/264\/2023\/02\/centrifuga-768x1024.jpg 768w, https:\/\/www2.uepg.br\/labinfar\/wp-content\/uploads\/sites\/264\/2023\/02\/centrifuga-1152x1536.jpg 1152w, https:\/\/www2.uepg.br\/labinfar\/wp-content\/uploads\/sites\/264\/2023\/02\/centrifuga-1536x2048.jpg 1536w, https:\/\/www2.uepg.br\/labinfar\/wp-content\/uploads\/sites\/264\/2023\/02\/centrifuga-1232x1643.jpg 1232w, https:\/\/www2.uepg.br\/labinfar\/wp-content\/uploads\/sites\/264\/2023\/02\/centrifuga-810x1080.jpg 810w, https:\/\/www2.uepg.br\/labinfar\/wp-content\/uploads\/sites\/264\/2023\/02\/centrifuga-scaled.jpg 1920w\" sizes=\"(max-width: 225px) 100vw, 225px\" \/><\/p>\n<p><b>CENTR\u00cdFUGA MODELO CT-0603 \u201cPARSEC\u201d<\/b><\/p>\n<p><img loading=\"lazy\" class=\"alignnone size-medium wp-image-189\" src=\"https:\/\/www2.uepg.br\/labinfar\/wp-content\/uploads\/sites\/264\/2023\/02\/chapa-aquecedora-300x225.jpg\" alt=\"\" width=\"300\" height=\"225\" srcset=\"https:\/\/www2.uepg.br\/labinfar\/wp-content\/uploads\/sites\/264\/2023\/02\/chapa-aquecedora-300x225.jpg 300w, https:\/\/www2.uepg.br\/labinfar\/wp-content\/uploads\/sites\/264\/2023\/02\/chapa-aquecedora-1024x768.jpg 1024w, https:\/\/www2.uepg.br\/labinfar\/wp-content\/uploads\/sites\/264\/2023\/02\/chapa-aquecedora-768x576.jpg 768w, https:\/\/www2.uepg.br\/labinfar\/wp-content\/uploads\/sites\/264\/2023\/02\/chapa-aquecedora-1536x1152.jpg 1536w, https:\/\/www2.uepg.br\/labinfar\/wp-content\/uploads\/sites\/264\/2023\/02\/chapa-aquecedora-2048x1536.jpg 2048w, https:\/\/www2.uepg.br\/labinfar\/wp-content\/uploads\/sites\/264\/2023\/02\/chapa-aquecedora-1232x924.jpg 1232w, https:\/\/www2.uepg.br\/labinfar\/wp-content\/uploads\/sites\/264\/2023\/02\/chapa-aquecedora-1440x1080.jpg 1440w\" sizes=\"(max-width: 300px) 100vw, 300px\" \/><\/p>\n<p><strong>CHAPA AQUECEDORA<\/strong><\/p>\n<p><img loading=\"lazy\" class=\"alignnone size-medium wp-image-190\" src=\"https:\/\/www2.uepg.br\/labinfar\/wp-content\/uploads\/sites\/264\/2023\/02\/desintegrador-300x225.jpg\" alt=\"\" width=\"300\" height=\"225\" srcset=\"https:\/\/www2.uepg.br\/labinfar\/wp-content\/uploads\/sites\/264\/2023\/02\/desintegrador-300x225.jpg 300w, https:\/\/www2.uepg.br\/labinfar\/wp-content\/uploads\/sites\/264\/2023\/02\/desintegrador-1024x768.jpg 1024w, https:\/\/www2.uepg.br\/labinfar\/wp-content\/uploads\/sites\/264\/2023\/02\/desintegrador-768x576.jpg 768w, https:\/\/www2.uepg.br\/labinfar\/wp-content\/uploads\/sites\/264\/2023\/02\/desintegrador-1536x1152.jpg 1536w, https:\/\/www2.uepg.br\/labinfar\/wp-content\/uploads\/sites\/264\/2023\/02\/desintegrador-2048x1536.jpg 2048w, https:\/\/www2.uepg.br\/labinfar\/wp-content\/uploads\/sites\/264\/2023\/02\/desintegrador-1232x924.jpg 1232w, https:\/\/www2.uepg.br\/labinfar\/wp-content\/uploads\/sites\/264\/2023\/02\/desintegrador-1440x1080.jpg 1440w\" sizes=\"(max-width: 300px) 100vw, 300px\" \/><\/p>\n<p><strong>DESINTEGRADOR 301 AC<\/strong><\/p>\n<p><img loading=\"lazy\" class=\"alignnone size-medium wp-image-191\" src=\"https:\/\/www2.uepg.br\/labinfar\/wp-content\/uploads\/sites\/264\/2023\/02\/dissolutor-225x300.jpg\" alt=\"\" width=\"225\" height=\"300\" srcset=\"https:\/\/www2.uepg.br\/labinfar\/wp-content\/uploads\/sites\/264\/2023\/02\/dissolutor-225x300.jpg 225w, https:\/\/www2.uepg.br\/labinfar\/wp-content\/uploads\/sites\/264\/2023\/02\/dissolutor-768x1024.jpg 768w, https:\/\/www2.uepg.br\/labinfar\/wp-content\/uploads\/sites\/264\/2023\/02\/dissolutor-1152x1536.jpg 1152w, https:\/\/www2.uepg.br\/labinfar\/wp-content\/uploads\/sites\/264\/2023\/02\/dissolutor-1536x2048.jpg 1536w, https:\/\/www2.uepg.br\/labinfar\/wp-content\/uploads\/sites\/264\/2023\/02\/dissolutor-1232x1643.jpg 1232w, https:\/\/www2.uepg.br\/labinfar\/wp-content\/uploads\/sites\/264\/2023\/02\/dissolutor-810x1080.jpg 810w, https:\/\/www2.uepg.br\/labinfar\/wp-content\/uploads\/sites\/264\/2023\/02\/dissolutor-scaled.jpg 1920w\" sizes=\"(max-width: 225px) 100vw, 225px\" \/><\/p>\n<p><strong>DISSOLUTOR VK &#8211; 700<\/strong><\/p>\n<p><img loading=\"lazy\" class=\"alignnone size-medium wp-image-192\" src=\"https:\/\/www2.uepg.br\/labinfar\/wp-content\/uploads\/sites\/264\/2023\/02\/estufa-para-cultura-225x300.jpg\" alt=\"\" width=\"225\" height=\"300\" srcset=\"https:\/\/www2.uepg.br\/labinfar\/wp-content\/uploads\/sites\/264\/2023\/02\/estufa-para-cultura-225x300.jpg 225w, https:\/\/www2.uepg.br\/labinfar\/wp-content\/uploads\/sites\/264\/2023\/02\/estufa-para-cultura-768x1024.jpg 768w, https:\/\/www2.uepg.br\/labinfar\/wp-content\/uploads\/sites\/264\/2023\/02\/estufa-para-cultura-1152x1536.jpg 1152w, https:\/\/www2.uepg.br\/labinfar\/wp-content\/uploads\/sites\/264\/2023\/02\/estufa-para-cultura-1536x2048.jpg 1536w, https:\/\/www2.uepg.br\/labinfar\/wp-content\/uploads\/sites\/264\/2023\/02\/estufa-para-cultura-1232x1643.jpg 1232w, https:\/\/www2.uepg.br\/labinfar\/wp-content\/uploads\/sites\/264\/2023\/02\/estufa-para-cultura-810x1080.jpg 810w, https:\/\/www2.uepg.br\/labinfar\/wp-content\/uploads\/sites\/264\/2023\/02\/estufa-para-cultura-scaled.jpg 1920w\" sizes=\"(max-width: 225px) 100vw, 225px\" \/><\/p>\n<p><b>ESTUFA DE CULTURA E BACTERIOLOGIA<\/b><\/p>\n<p><img loading=\"lazy\" class=\"alignnone size-medium wp-image-193\" src=\"https:\/\/www2.uepg.br\/labinfar\/wp-content\/uploads\/sites\/264\/2023\/02\/fluxo-laminar-225x300.jpg\" alt=\"\" width=\"225\" height=\"300\" srcset=\"https:\/\/www2.uepg.br\/labinfar\/wp-content\/uploads\/sites\/264\/2023\/02\/fluxo-laminar-225x300.jpg 225w, https:\/\/www2.uepg.br\/labinfar\/wp-content\/uploads\/sites\/264\/2023\/02\/fluxo-laminar-768x1024.jpg 768w, https:\/\/www2.uepg.br\/labinfar\/wp-content\/uploads\/sites\/264\/2023\/02\/fluxo-laminar-1152x1536.jpg 1152w, https:\/\/www2.uepg.br\/labinfar\/wp-content\/uploads\/sites\/264\/2023\/02\/fluxo-laminar-1536x2048.jpg 1536w, https:\/\/www2.uepg.br\/labinfar\/wp-content\/uploads\/sites\/264\/2023\/02\/fluxo-laminar-1232x1643.jpg 1232w, https:\/\/www2.uepg.br\/labinfar\/wp-content\/uploads\/sites\/264\/2023\/02\/fluxo-laminar-810x1080.jpg 810w, https:\/\/www2.uepg.br\/labinfar\/wp-content\/uploads\/sites\/264\/2023\/02\/fluxo-laminar-scaled.jpg 1920w\" sizes=\"(max-width: 225px) 100vw, 225px\" \/><\/p>\n<p><b>FLUXO LAMINAR HORIZONTAL<\/b><\/p>\n<p><img loading=\"lazy\" class=\"alignnone size-medium wp-image-194\" src=\"https:\/\/www2.uepg.br\/labinfar\/wp-content\/uploads\/sites\/264\/2023\/02\/HPLC-300x225.jpg\" alt=\"\" width=\"300\" height=\"225\" srcset=\"https:\/\/www2.uepg.br\/labinfar\/wp-content\/uploads\/sites\/264\/2023\/02\/HPLC-300x225.jpg 300w, https:\/\/www2.uepg.br\/labinfar\/wp-content\/uploads\/sites\/264\/2023\/02\/HPLC-1024x768.jpg 1024w, https:\/\/www2.uepg.br\/labinfar\/wp-content\/uploads\/sites\/264\/2023\/02\/HPLC-768x576.jpg 768w, https:\/\/www2.uepg.br\/labinfar\/wp-content\/uploads\/sites\/264\/2023\/02\/HPLC-1536x1152.jpg 1536w, https:\/\/www2.uepg.br\/labinfar\/wp-content\/uploads\/sites\/264\/2023\/02\/HPLC-2048x1536.jpg 2048w, https:\/\/www2.uepg.br\/labinfar\/wp-content\/uploads\/sites\/264\/2023\/02\/HPLC-1232x924.jpg 1232w, https:\/\/www2.uepg.br\/labinfar\/wp-content\/uploads\/sites\/264\/2023\/02\/HPLC-1440x1080.jpg 1440w\" sizes=\"(max-width: 300px) 100vw, 300px\" \/><\/p>\n<p><b>CROMAT\u00d3GRAFO L\u00cdQUIDO DE ALTA EFICI\u00caNCIA<\/b><\/p>\n<p><img loading=\"lazy\" class=\"alignnone size-medium wp-image-196\" src=\"https:\/\/www2.uepg.br\/labinfar\/wp-content\/uploads\/sites\/264\/2023\/02\/rotaevaporador-225x300.jpg\" alt=\"\" width=\"225\" height=\"300\" srcset=\"https:\/\/www2.uepg.br\/labinfar\/wp-content\/uploads\/sites\/264\/2023\/02\/rotaevaporador-225x300.jpg 225w, https:\/\/www2.uepg.br\/labinfar\/wp-content\/uploads\/sites\/264\/2023\/02\/rotaevaporador-768x1024.jpg 768w, https:\/\/www2.uepg.br\/labinfar\/wp-content\/uploads\/sites\/264\/2023\/02\/rotaevaporador-1152x1536.jpg 1152w, https:\/\/www2.uepg.br\/labinfar\/wp-content\/uploads\/sites\/264\/2023\/02\/rotaevaporador-1536x2048.jpg 1536w, https:\/\/www2.uepg.br\/labinfar\/wp-content\/uploads\/sites\/264\/2023\/02\/rotaevaporador-1232x1643.jpg 1232w, https:\/\/www2.uepg.br\/labinfar\/wp-content\/uploads\/sites\/264\/2023\/02\/rotaevaporador-810x1080.jpg 810w, https:\/\/www2.uepg.br\/labinfar\/wp-content\/uploads\/sites\/264\/2023\/02\/rotaevaporador-scaled.jpg 1920w\" sizes=\"(max-width: 225px) 100vw, 225px\" \/><\/p>\n<p><b>EVAPORADOR ROTATIVO <\/b><\/p>\n<p><img loading=\"lazy\" class=\"alignnone size-medium wp-image-197\" src=\"https:\/\/www2.uepg.br\/labinfar\/wp-content\/uploads\/sites\/264\/2023\/02\/testador-de-friabilidade-de-tambor-duplo-Pharma-Test-PTF-20ER-225x300.jpg\" alt=\"\" width=\"225\" height=\"300\" srcset=\"https:\/\/www2.uepg.br\/labinfar\/wp-content\/uploads\/sites\/264\/2023\/02\/testador-de-friabilidade-de-tambor-duplo-Pharma-Test-PTF-20ER-225x300.jpg 225w, https:\/\/www2.uepg.br\/labinfar\/wp-content\/uploads\/sites\/264\/2023\/02\/testador-de-friabilidade-de-tambor-duplo-Pharma-Test-PTF-20ER-768x1024.jpg 768w, https:\/\/www2.uepg.br\/labinfar\/wp-content\/uploads\/sites\/264\/2023\/02\/testador-de-friabilidade-de-tambor-duplo-Pharma-Test-PTF-20ER-1152x1536.jpg 1152w, https:\/\/www2.uepg.br\/labinfar\/wp-content\/uploads\/sites\/264\/2023\/02\/testador-de-friabilidade-de-tambor-duplo-Pharma-Test-PTF-20ER-1536x2048.jpg 1536w, https:\/\/www2.uepg.br\/labinfar\/wp-content\/uploads\/sites\/264\/2023\/02\/testador-de-friabilidade-de-tambor-duplo-Pharma-Test-PTF-20ER-1232x1643.jpg 1232w, https:\/\/www2.uepg.br\/labinfar\/wp-content\/uploads\/sites\/264\/2023\/02\/testador-de-friabilidade-de-tambor-duplo-Pharma-Test-PTF-20ER-810x1080.jpg 810w, https:\/\/www2.uepg.br\/labinfar\/wp-content\/uploads\/sites\/264\/2023\/02\/testador-de-friabilidade-de-tambor-duplo-Pharma-Test-PTF-20ER-scaled.jpg 1920w\" sizes=\"(max-width: 225px) 100vw, 225px\" \/><\/p>\n<p><strong>FRIABIL\u00d4METRO PTF E<\/strong><\/p>\n<p><img loading=\"lazy\" class=\"alignnone size-medium wp-image-199\" src=\"https:\/\/www2.uepg.br\/labinfar\/wp-content\/uploads\/sites\/264\/2023\/02\/viscosimetro-225x300.jpg\" alt=\"\" width=\"225\" height=\"300\" srcset=\"https:\/\/www2.uepg.br\/labinfar\/wp-content\/uploads\/sites\/264\/2023\/02\/viscosimetro-225x300.jpg 225w, https:\/\/www2.uepg.br\/labinfar\/wp-content\/uploads\/sites\/264\/2023\/02\/viscosimetro-768x1024.jpg 768w, https:\/\/www2.uepg.br\/labinfar\/wp-content\/uploads\/sites\/264\/2023\/02\/viscosimetro-1152x1536.jpg 1152w, https:\/\/www2.uepg.br\/labinfar\/wp-content\/uploads\/sites\/264\/2023\/02\/viscosimetro-1536x2048.jpg 1536w, https:\/\/www2.uepg.br\/labinfar\/wp-content\/uploads\/sites\/264\/2023\/02\/viscosimetro-1232x1643.jpg 1232w, https:\/\/www2.uepg.br\/labinfar\/wp-content\/uploads\/sites\/264\/2023\/02\/viscosimetro-810x1080.jpg 810w, https:\/\/www2.uepg.br\/labinfar\/wp-content\/uploads\/sites\/264\/2023\/02\/viscosimetro-scaled.jpg 1920w\" sizes=\"(max-width: 225px) 100vw, 225px\" \/><\/p>\n<p><b>VISCOS\u00cdMETRO DIGITAL ROTATIVO<\/b><\/p>\n","protected":false},"excerpt":{"rendered":"<p>DETERMINADOR DE PONTO DE FUS\u00c3O QUIMIS ESTUFA B.O.D. CENTR\u00cdFUGA MODELO CT-0603 \u201cPARSEC\u201d CHAPA AQUECEDORA DESINTEGRADOR 301 AC DISSOLUTOR VK &#8211; 700 ESTUFA DE CULTURA E BACTERIOLOGIA FLUXO LAMINAR HORIZONTAL CROMAT\u00d3GRAFO L\u00cdQUIDO DE ALTA EFICI\u00caNCIA EVAPORADOR ROTATIVO FRIABIL\u00d4METRO PTF E VISCOS\u00cdMETRO DIGITAL ROTATIVO<\/p>\n","protected":false},"author":582,"featured_media":0,"parent":0,"menu_order":0,"comment_status":"closed","ping_status":"closed","template":"","meta":[],"_links":{"self":[{"href":"https:\/\/www2.uepg.br\/labinfar\/wp-json\/wp\/v2\/pages\/140"}],"collection":[{"href":"https:\/\/www2.uepg.br\/labinfar\/wp-json\/wp\/v2\/pages"}],"about":[{"href":"https:\/\/www2.uepg.br\/labinfar\/wp-json\/wp\/v2\/types\/page"}],"author":[{"embeddable":true,"href":"https:\/\/www2.uepg.br\/labinfar\/wp-json\/wp\/v2\/users\/582"}],"replies":[{"embeddable":true,"href":"https:\/\/www2.uepg.br\/labinfar\/wp-json\/wp\/v2\/comments?post=140"}],"version-history":[{"count":3,"href":"https:\/\/www2.uepg.br\/labinfar\/wp-json\/wp\/v2\/pages\/140\/revisions"}],"predecessor-version":[{"id":200,"href":"https:\/\/www2.uepg.br\/labinfar\/wp-json\/wp\/v2\/pages\/140\/revisions\/200"}],"wp:attachment":[{"href":"https:\/\/www2.uepg.br\/labinfar\/wp-json\/wp\/v2\/media?parent=140"}],"curies":[{"name":"wp","href":"https:\/\/api.w.org\/{rel}","templated":true}]}}