{"id":141,"date":"2022-12-19T11:10:19","date_gmt":"2022-12-19T14:10:19","guid":{"rendered":"https:\/\/www2.uepg.br\/labinfar\/?page_id=141"},"modified":"2023-02-15T13:46:26","modified_gmt":"2023-02-15T16:46:26","slug":"servicos","status":"publish","type":"page","link":"https:\/\/www2.uepg.br\/labinfar\/servicos\/","title":{"rendered":"Servi\u00e7os"},"content":{"rendered":"<p>O LABINFAR presta servi\u00e7os de an\u00e1lises f\u00edsico-qu\u00edmicas e consultorias para Farm\u00e1cias de Manipula\u00e7\u00e3o e Ind\u00fastrias dos setores farmac\u00eautico, cosm\u00e9tico e de nutrac\u00eauticos. A oferta de consultoria e presta\u00e7\u00e3o de servi\u00e7os de an\u00e1lises para farm\u00e1cias de manipula\u00e7\u00e3o ind\u00fastrias de alimentos e nutrac\u00eauticos \u00e9 essencial para garantir a qualidade e seguran\u00e7a dos produtos oferecidos ao mercado.<\/p>\n<p>A presta\u00e7\u00e3o de servi\u00e7os segue as resolu\u00e7\u00f5es institucionais e implica no pagamento de taxas. A consultoria e servi\u00e7os de an\u00e1lises ajudam a identificar e resolver problemas relacionados \u00e0 produ\u00e7\u00e3o, como a identifica\u00e7\u00e3o de contaminantes e avalia\u00e7\u00e3o da estabilidade dos produtos. Al\u00e9m disso, esses servi\u00e7os auxiliam na elabora\u00e7\u00e3o de novos produtos, desde a escolha dos ingredientes at\u00e9 o desenvolvimento de protocolos de produ\u00e7\u00e3o. As empresas devem se adaptar tanto \u00e0s exig\u00eancias dos clientes quanto \u00e0s normas governamentais.<\/p>\n<p>Para as farm\u00e1cias de manipula\u00e7\u00e3o, a consultoria e an\u00e1lises s\u00e3o importantes para garantir a efic\u00e1cia e seguran\u00e7a dos medicamentos personalizados, que s\u00e3o feitos de acordo com a necessidade do paciente. A an\u00e1lise de mat\u00e9rias-primas, dosagem e pureza dos ingredientes s\u00e3o alguns dos aspectos avaliados para garantir a qualidade do produto final.<\/p>\n<p>J\u00e1 para as ind\u00fastrias de alimentos e nutrac\u00eauticos, a an\u00e1lise de nutrientes, presen\u00e7a de contaminantes e estabilidade dos produtos s\u00e3o essenciais para garantir a seguran\u00e7a alimentar e a efic\u00e1cia dos suplementos nutricionais.<\/p>\n<p>A oferta de consultoria e presta\u00e7\u00e3o de servi\u00e7os de an\u00e1lises \u00e9 fundamental para garantir a qualidade e seguran\u00e7a dos produtos, o que \u00e9 essencial para a satisfa\u00e7\u00e3o do cliente e para o cumprimento das normas regulat\u00f3rias.<\/p>\n","protected":false},"excerpt":{"rendered":"<p>O LABINFAR presta servi\u00e7os de an\u00e1lises f\u00edsico-qu\u00edmicas e consultorias para Farm\u00e1cias de Manipula\u00e7\u00e3o e Ind\u00fastrias dos setores farmac\u00eautico, cosm\u00e9tico e de nutrac\u00eauticos. A oferta de consultoria e presta\u00e7\u00e3o de servi\u00e7os de an\u00e1lises para farm\u00e1cias de manipula\u00e7\u00e3o ind\u00fastrias de alimentos e nutrac\u00eauticos \u00e9 essencial para garantir a qualidade e seguran\u00e7a dos produtos oferecidos ao mercado. A&nbsp;&hellip;<\/p>\n","protected":false},"author":582,"featured_media":0,"parent":0,"menu_order":0,"comment_status":"closed","ping_status":"closed","template":"","meta":[],"_links":{"self":[{"href":"https:\/\/www2.uepg.br\/labinfar\/wp-json\/wp\/v2\/pages\/141"}],"collection":[{"href":"https:\/\/www2.uepg.br\/labinfar\/wp-json\/wp\/v2\/pages"}],"about":[{"href":"https:\/\/www2.uepg.br\/labinfar\/wp-json\/wp\/v2\/types\/page"}],"author":[{"embeddable":true,"href":"https:\/\/www2.uepg.br\/labinfar\/wp-json\/wp\/v2\/users\/582"}],"replies":[{"embeddable":true,"href":"https:\/\/www2.uepg.br\/labinfar\/wp-json\/wp\/v2\/comments?post=141"}],"version-history":[{"count":3,"href":"https:\/\/www2.uepg.br\/labinfar\/wp-json\/wp\/v2\/pages\/141\/revisions"}],"predecessor-version":[{"id":183,"href":"https:\/\/www2.uepg.br\/labinfar\/wp-json\/wp\/v2\/pages\/141\/revisions\/183"}],"wp:attachment":[{"href":"https:\/\/www2.uepg.br\/labinfar\/wp-json\/wp\/v2\/media?parent=141"}],"curies":[{"name":"wp","href":"https:\/\/api.w.org\/{rel}","templated":true}]}}