{"id":142,"date":"2022-12-19T11:10:19","date_gmt":"2022-12-19T14:10:19","guid":{"rendered":"https:\/\/www2.uepg.br\/labinfar\/?page_id=142"},"modified":"2023-05-22T10:26:37","modified_gmt":"2023-05-22T13:26:37","slug":"estagios","status":"publish","type":"page","link":"https:\/\/www2.uepg.br\/labinfar\/estagios\/","title":{"rendered":"Projetos"},"content":{"rendered":"<h3 style=\"text-align: justify\">Pesquisa e Desenvolvimento de Base Glicerinada para Sabonetes L\u00edquidos<\/h3>\n<p style=\"text-align: left\"><img loading=\"lazy\" class=\" wp-image-228 alignleft\" src=\"https:\/\/www2.uepg.br\/labinfar\/wp-content\/uploads\/sites\/264\/2023\/05\/20230509_083634-1-263x300.jpg\" alt=\"Sabonete L\u00edquido de Capim Lim\u00e3o 250 mL\" width=\"165\" height=\"189\" srcset=\"https:\/\/www2.uepg.br\/labinfar\/wp-content\/uploads\/sites\/264\/2023\/05\/20230509_083634-1-263x300.jpg 263w, https:\/\/www2.uepg.br\/labinfar\/wp-content\/uploads\/sites\/264\/2023\/05\/20230509_083634-1-899x1024.jpg 899w, https:\/\/www2.uepg.br\/labinfar\/wp-content\/uploads\/sites\/264\/2023\/05\/20230509_083634-1-768x874.jpg 768w, https:\/\/www2.uepg.br\/labinfar\/wp-content\/uploads\/sites\/264\/2023\/05\/20230509_083634-1-1349x1536.jpg 1349w, https:\/\/www2.uepg.br\/labinfar\/wp-content\/uploads\/sites\/264\/2023\/05\/20230509_083634-1-1799x2048.jpg 1799w, https:\/\/www2.uepg.br\/labinfar\/wp-content\/uploads\/sites\/264\/2023\/05\/20230509_083634-1-1232x1403.jpg 1232w, https:\/\/www2.uepg.br\/labinfar\/wp-content\/uploads\/sites\/264\/2023\/05\/20230509_083634-1-949x1080.jpg 949w\" sizes=\"(max-width: 165px) 100vw, 165px\" \/><\/p>\n<p>&nbsp;<\/p>\n<p style=\"text-align: justify\">O objetivo da pesquisa partiu do interesse em utilizar componentes menos agressivos \u00e0 pele mantendo a estabilidade e a atividade da formula\u00e7\u00e3o por longos per\u00edodos. Os produtos cont\u00e9m extratos naturais e \u00f3leos essenciais com propriedades anti-inflamat\u00f3rias, antiss\u00e9pticas e cicatrizantes (ex. ilustrativo sabonete de capim-lim\u00e3o). O \u00f3leo de capim-lim\u00e3o confere efeito antiss\u00e9ptico e relaxante, al\u00e9m do aroma caracter\u00edstico.<\/p>\n<p>&nbsp;<\/p>\n<h6 style=\"text-align: left\">Estagi\u00e1rio (a) da Disciplina do Est\u00e1gio em Ind\u00fastria do Curso de Farm\u00e1cia: Ana Laura Barbosa de Arruda Pereira.<\/h6>\n<p>&nbsp;<\/p>\n<h3 style=\"text-align: justify\">Aproveitamento de Res\u00edduos da Vitivinicultura para Obten\u00e7\u00e3o de Extratos Aplicados em Formula\u00e7\u00f5es Cosm\u00e9ticos<\/h3>\n<p><b><img loading=\"lazy\" class=\"wp-image-230 alignleft\" src=\"https:\/\/www2.uepg.br\/labinfar\/wp-content\/uploads\/sites\/264\/2023\/05\/IMG-20230509-WA0015-2-249x300.jpg\" alt=\"Hidrogel Esfoliante\" width=\"164\" height=\"197\" srcset=\"https:\/\/www2.uepg.br\/labinfar\/wp-content\/uploads\/sites\/264\/2023\/05\/IMG-20230509-WA0015-2-249x300.jpg 249w, https:\/\/www2.uepg.br\/labinfar\/wp-content\/uploads\/sites\/264\/2023\/05\/IMG-20230509-WA0015-2-849x1024.jpg 849w, https:\/\/www2.uepg.br\/labinfar\/wp-content\/uploads\/sites\/264\/2023\/05\/IMG-20230509-WA0015-2-768x927.jpg 768w, https:\/\/www2.uepg.br\/labinfar\/wp-content\/uploads\/sites\/264\/2023\/05\/IMG-20230509-WA0015-2.jpg 895w\" sizes=\"(max-width: 164px) 100vw, 164px\" \/><\/b><\/p>\n<p>&nbsp;<\/p>\n<p style=\"text-align: justify\"><span style=\"font-weight: 400\">A vitivinicultura trata dos processos que abrangem desde a planta\u00e7\u00e3o at\u00e9 a produ\u00e7\u00e3o de vinhos. Durante as etapas, h\u00e1 gera\u00e7\u00e3o de res\u00edduos que\u00a0 tem potencial utiliza\u00e7\u00e3o em outras \u00e1reas.\u00a0 Nesse projeto, utilizamos os res\u00edduos da produ\u00e7\u00e3o de vinhos e sucos na obten\u00e7\u00e3o de extratos. As sementes de uva s\u00e3o ricas em compostos fen\u00f3licos com a\u00e7\u00e3o antioxidante e os extratos podem ser utilizados <\/span><span style=\"font-weight: 400\">em formula\u00e7\u00f5es cosm\u00e9ticas.<\/span><\/p>\n<p>&nbsp;<\/p>\n<h6><\/h6>\n<h6 style=\"text-align: justify\">Estagi\u00e1rio (a) da Disciplina do Est\u00e1gio em Ind\u00fastria do Curso de Farm\u00e1cia: Ana Laura Barbosa de Arruda Pereira, Isabela Buczak, Let\u00edcia Binhara Musial e Suzana Struiving.<\/h6>\n<p>&nbsp;<\/p>\n<h3 style=\"text-align: justify\">Desenvolvimento de um P\u00f3s-dipping com Incorpora\u00e7\u00e3o de Extrato de Pr\u00f3polis e \u00d3leo Essencial de Eucalipto<span style=\"font-weight: 400\">\u00a0<\/span><\/h3>\n<p style=\"text-align: justify\"><span style=\"font-weight: 400\"><img loading=\"lazy\" class=\"wp-image-236 alignleft\" src=\"https:\/\/www2.uepg.br\/labinfar\/wp-content\/uploads\/sites\/264\/2023\/05\/20230518_111619-288x300.jpg\" alt=\"\" width=\"202\" height=\"210\" srcset=\"https:\/\/www2.uepg.br\/labinfar\/wp-content\/uploads\/sites\/264\/2023\/05\/20230518_111619-288x300.jpg 288w, https:\/\/www2.uepg.br\/labinfar\/wp-content\/uploads\/sites\/264\/2023\/05\/20230518_111619-984x1024.jpg 984w, https:\/\/www2.uepg.br\/labinfar\/wp-content\/uploads\/sites\/264\/2023\/05\/20230518_111619-768x799.jpg 768w, https:\/\/www2.uepg.br\/labinfar\/wp-content\/uploads\/sites\/264\/2023\/05\/20230518_111619-1476x1536.jpg 1476w, https:\/\/www2.uepg.br\/labinfar\/wp-content\/uploads\/sites\/264\/2023\/05\/20230518_111619-1969x2048.jpg 1969w, https:\/\/www2.uepg.br\/labinfar\/wp-content\/uploads\/sites\/264\/2023\/05\/20230518_111619-1232x1282.jpg 1232w, https:\/\/www2.uepg.br\/labinfar\/wp-content\/uploads\/sites\/264\/2023\/05\/20230518_111619-1038x1080.jpg 1038w\" sizes=\"(max-width: 202px) 100vw, 202px\" \/>A mastite \u00e9 uma infec\u00e7\u00e3o mam\u00e1ria comum que pode levar a perdas significativas na produ\u00e7\u00e3o de leite e custos associados ao tratamento. O p\u00f3s-dipping \u00e9 uma medida preventi<\/span>va que pode ajudar a reduzir a incid\u00eancia de mastite. Este projeto de pesquisa tem como objetivo desenvolver e avaliar um gel p\u00f3s-dipping com pr\u00f3polis\u00a0 na preven\u00e7\u00e3o da mastite em vacas-leiteiras. Os teores dos ativos no gel p\u00f3s-dipping ser\u00e3o estabelecidos a partir de testes de inibi\u00e7\u00e3o de bact\u00e9rias isoladas de mastite bovina. Ap\u00f3s o desenvolvimento da formula\u00e7\u00e3o e testes de estabilidade, a efic\u00e1cia ser\u00e1 avaliada pela aplica\u00e7\u00e3o em vacas-leiteiras,\u00a0 comparando-se com um grupo controle de animais tratados com uma solu\u00e7\u00e3o p\u00f3s-dipping comercial. O estudo ser\u00e1 realizado conforme as diretrizes \u00e9ticas para pesquisa em animais ap\u00f3s aprova\u00e7\u00e3o pela CEUA. A pesquisa poder\u00e1 contribuir para o desenvolvimento de uma solu\u00e7\u00e3o mais eficaz e segura para prevenir infec\u00e7\u00f5es em vacas-leiteiras, o que pode levar a benef\u00edcios econ\u00f4micos e\u00a0 bem-estar animal.<\/p>\n<h6 style=\"text-align: left\">Estagi\u00e1rio (a) da Disciplina do Est\u00e1gio em Ind\u00fastria do Curso de Farm\u00e1cia:\u00a0Suzana Struiving.<\/h6>\n<p>&nbsp;<\/p>\n<h3 style=\"text-align: justify\">Desenvolvimento de Nanoemuls\u00e3o com \u00d3leos Essenciais<\/h3>\n<p style=\"text-align: justify\"><span style=\"font-weight: 400\">A \u00e1rea de nanotecnologia tem mostrado o potencial em torno das nanopart\u00edculas de \u00f3leos essenciais. A forma\u00e7\u00e3o da nanoemuls\u00e3o pode proteger os \u00f3leos de volatiliza\u00e7\u00e3o e oxida\u00e7\u00e3o, al\u00e9m de melhorar a solubilidade e disponibilidade, permitindo a aplica\u00e7\u00e3o e incorpora\u00e7\u00e3o em formula\u00e7\u00f5es, propiciando uma melhor atividade dos \u00f3leos essenciais.\u00a0<\/span><\/p>\n<h6 style=\"text-align: justify\">Estagi\u00e1rio (a) da Disciplina do Est\u00e1gio em Ind\u00fastria do Curso de Farm\u00e1cia: Willian Rafael R. do Prado<\/h6>\n<p>&nbsp;<\/p>\n<h3 style=\"text-align: justify\">Obten\u00e7\u00e3o de Bebidas Fermentadas (Kombucha): Saboriza\u00e7\u00e3o e Produ\u00e7\u00e3o da Membrana de Celulose<\/h3>\n<p style=\"text-align: justify\"><span style=\"font-weight: 400\">A Kombucha \u00e9 uma bebida fermentada a partir de ch\u00e1 ado\u00e7ado e uma col\u00f4nia simbi\u00f3tica de bact\u00e9rias e leveduras, conhecida como<\/span><i><span style=\"font-weight: 400\"> scoby<\/span><\/i><span style=\"font-weight: 400\">. A bebida preparada com ch\u00e1 de<\/span><i><span style=\"font-weight: 400\"> Camellia sinensis<\/span><\/i><span style=\"font-weight: 400\"> pode ser saborizada com diversos (&#8230;) As propriedades f\u00edsico-qu\u00edmicas como pH, teor de a\u00e7\u00facares, acidez titul\u00e1vel e fen\u00f3is totais\u00a0 e HPLC-DAD s\u00e3o determinadas durante o processo de fermenta\u00e7\u00e3o e na bebida saborizada.<\/span><\/p>\n<p style=\"text-align: justify\"><span style=\"font-weight: 400\">Outro interesse \u00e9 a\u00a0 membrana de celulose obtida pela fermenta\u00e7\u00e3o, Por\u00e9m, utilizando-se infus\u00f5es de plantas medicinais. A membrana celul\u00f3sica \u00e9 biocompat\u00edvel e\u00a0 incorpora os compostos ativos do meio fermentativo e consequentemente as propriedades medicinais da planta. Um dos objetivos \u00e9 obter\u00a0 membranas com potencial emprego no tratamento de feridas cr\u00f4nicas.<\/span><\/p>\n<h6 style=\"text-align: justify\">Estagi\u00e1rio (a) da Disciplina do Est\u00e1gio em Ind\u00fastria do Curso de Farm\u00e1cia: Isabela Buczak.<\/h6>\n<h6 style=\"text-align: justify\">Aluno (a) pelo PIBITI: Rafaela Weiss Ferreira.<\/h6>\n<p>&nbsp;<\/p>\n<h3>Novos Curativos de Alginato: Filmes, Tecidos e Hidrog\u00e9is<\/h3>\n<p style=\"text-align: justify\"><span style=\"font-weight: 400\"><img loading=\"lazy\" class=\"wp-image-222 alignleft\" src=\"https:\/\/www2.uepg.br\/labinfar\/wp-content\/uploads\/sites\/264\/2023\/05\/IMG-20230509-WA0010-1-234x300.jpg\" alt=\"\" width=\"164\" height=\"210\" srcset=\"https:\/\/www2.uepg.br\/labinfar\/wp-content\/uploads\/sites\/264\/2023\/05\/IMG-20230509-WA0010-1-234x300.jpg 234w, https:\/\/www2.uepg.br\/labinfar\/wp-content\/uploads\/sites\/264\/2023\/05\/IMG-20230509-WA0010-1-799x1024.jpg 799w, https:\/\/www2.uepg.br\/labinfar\/wp-content\/uploads\/sites\/264\/2023\/05\/IMG-20230509-WA0010-1-768x984.jpg 768w, https:\/\/www2.uepg.br\/labinfar\/wp-content\/uploads\/sites\/264\/2023\/05\/IMG-20230509-WA0010-1-843x1080.jpg 843w, https:\/\/www2.uepg.br\/labinfar\/wp-content\/uploads\/sites\/264\/2023\/05\/IMG-20230509-WA0010-1.jpg 900w\" sizes=\"(max-width: 164px) 100vw, 164px\" \/><img loading=\"lazy\" class=\"wp-image-226 alignleft\" src=\"https:\/\/www2.uepg.br\/labinfar\/wp-content\/uploads\/sites\/264\/2023\/05\/IMG-20230509-WA0004-1-224x300.jpg\" alt=\"\" width=\"157\" height=\"211\" srcset=\"https:\/\/www2.uepg.br\/labinfar\/wp-content\/uploads\/sites\/264\/2023\/05\/IMG-20230509-WA0004-1-224x300.jpg 224w, https:\/\/www2.uepg.br\/labinfar\/wp-content\/uploads\/sites\/264\/2023\/05\/IMG-20230509-WA0004-1-764x1024.jpg 764w, https:\/\/www2.uepg.br\/labinfar\/wp-content\/uploads\/sites\/264\/2023\/05\/IMG-20230509-WA0004-1-768x1029.jpg 768w, https:\/\/www2.uepg.br\/labinfar\/wp-content\/uploads\/sites\/264\/2023\/05\/IMG-20230509-WA0004-1-806x1080.jpg 806w, https:\/\/www2.uepg.br\/labinfar\/wp-content\/uploads\/sites\/264\/2023\/05\/IMG-20230509-WA0004-1.jpg 810w\" sizes=\"(max-width: 157px) 100vw, 157px\" \/><img loading=\"lazy\" class=\"wp-image-227 alignleft\" src=\"https:\/\/www2.uepg.br\/labinfar\/wp-content\/uploads\/sites\/264\/2023\/05\/IMG-20230509-WA0012-1-270x300.jpg\" alt=\"\" width=\"189\" height=\"210\" srcset=\"https:\/\/www2.uepg.br\/labinfar\/wp-content\/uploads\/sites\/264\/2023\/05\/IMG-20230509-WA0012-1-270x300.jpg 270w, https:\/\/www2.uepg.br\/labinfar\/wp-content\/uploads\/sites\/264\/2023\/05\/IMG-20230509-WA0012-1-768x852.jpg 768w, https:\/\/www2.uepg.br\/labinfar\/wp-content\/uploads\/sites\/264\/2023\/05\/IMG-20230509-WA0012-1.jpg 894w\" sizes=\"(max-width: 189px) 100vw, 189px\" \/><img loading=\"lazy\" class=\"wp-image-225 alignleft\" src=\"https:\/\/www2.uepg.br\/labinfar\/wp-content\/uploads\/sites\/264\/2023\/05\/IMG-20230509-WA0005-1-300x285.jpg\" alt=\"\" width=\"221\" height=\"210\" srcset=\"https:\/\/www2.uepg.br\/labinfar\/wp-content\/uploads\/sites\/264\/2023\/05\/IMG-20230509-WA0005-1-300x285.jpg 300w, https:\/\/www2.uepg.br\/labinfar\/wp-content\/uploads\/sites\/264\/2023\/05\/IMG-20230509-WA0005-1-768x730.jpg 768w, https:\/\/www2.uepg.br\/labinfar\/wp-content\/uploads\/sites\/264\/2023\/05\/IMG-20230509-WA0005-1.jpg 899w\" sizes=\"(max-width: 221px) 100vw, 221px\" \/><img loading=\"lazy\" class=\"wp-image-223 alignleft\" src=\"https:\/\/www2.uepg.br\/labinfar\/wp-content\/uploads\/sites\/264\/2023\/05\/IMG-20230509-WA0008-1-300x260.jpg\" alt=\"\" width=\"242\" height=\"209\" srcset=\"https:\/\/www2.uepg.br\/labinfar\/wp-content\/uploads\/sites\/264\/2023\/05\/IMG-20230509-WA0008-1-300x260.jpg 300w, https:\/\/www2.uepg.br\/labinfar\/wp-content\/uploads\/sites\/264\/2023\/05\/IMG-20230509-WA0008-1-768x666.jpg 768w, https:\/\/www2.uepg.br\/labinfar\/wp-content\/uploads\/sites\/264\/2023\/05\/IMG-20230509-WA0008-1.jpg 900w\" sizes=\"(max-width: 242px) 100vw, 242px\" \/><\/span><\/p>\n<p>&nbsp;<\/p>\n<p>&nbsp;<\/p>\n<p>&nbsp;<\/p>\n<p>&nbsp;<\/p>\n<p>&nbsp;<\/p>\n<p>&nbsp;<\/p>\n<p style=\"text-align: justify\"><span style=\"font-weight: 400\">O alginato \u00e9 um polissacar\u00eddeo extra\u00eddo de algas marrons utilizado na fabrica\u00e7\u00e3o de curativos.\u00a0 \u00c9 um pol\u00edmero tecnologicamente vers\u00e1til que possibilita a obten\u00e7\u00e3o de filmes, hidrog\u00e9is e micropart\u00edculas. A incorpora\u00e7\u00e3o de compostos naturais podem potencializar a a\u00e7\u00e3o cicatrizante e antimicrobiana.\u00a0 Patentes dos filmes de alginato com gel de babosa e extrato de cal\u00eandula foram depositadas no INPI.<\/span><\/p>\n<h6 style=\"text-align: justify\">Aluno (a) pelo PIBITI: Pedro Henrique da Cunha Volpato e Vitoria Salles Rosa.<\/h6>\n<h6 style=\"text-align: justify\">Alunos (as) mestrado em Ci\u00eancias Biom\u00e9dicas UEPG: Gisele de Oliveira Krubniki Possa e Solange Chopek.<\/h6>\n<p>&nbsp;<\/p>\n<h3>Constru\u00e7\u00e3o de Estufa de Secagem e Esteriliza\u00e7\u00e3o<\/h3>\n<p style=\"text-align: justify\"><span style=\"font-weight: 400\">A estufa \u00e9 constru\u00edda em MDF, possui cooler, term\u00f4metro e controlador de temperatura com l\u00e2mpadas incandescentes e germicida, sendo utilizada no preparo e esteriliza\u00e7\u00e3o dos curativos produzidos no LABINFAR. <\/span><\/p>\n<p>&nbsp;<\/p>\n","protected":false},"excerpt":{"rendered":"<p>Pesquisa e Desenvolvimento de Base Glicerinada para Sabonetes L\u00edquidos &nbsp; O objetivo da pesquisa partiu do interesse em utilizar componentes menos agressivos \u00e0 pele mantendo a estabilidade e a atividade da formula\u00e7\u00e3o por longos per\u00edodos. Os produtos cont\u00e9m extratos naturais e \u00f3leos essenciais com propriedades anti-inflamat\u00f3rias, antiss\u00e9pticas e cicatrizantes (ex. ilustrativo sabonete de capim-lim\u00e3o). O&nbsp;&hellip;<\/p>\n","protected":false},"author":582,"featured_media":0,"parent":0,"menu_order":0,"comment_status":"closed","ping_status":"closed","template":"","meta":[],"_links":{"self":[{"href":"https:\/\/www2.uepg.br\/labinfar\/wp-json\/wp\/v2\/pages\/142"}],"collection":[{"href":"https:\/\/www2.uepg.br\/labinfar\/wp-json\/wp\/v2\/pages"}],"about":[{"href":"https:\/\/www2.uepg.br\/labinfar\/wp-json\/wp\/v2\/types\/page"}],"author":[{"embeddable":true,"href":"https:\/\/www2.uepg.br\/labinfar\/wp-json\/wp\/v2\/users\/582"}],"replies":[{"embeddable":true,"href":"https:\/\/www2.uepg.br\/labinfar\/wp-json\/wp\/v2\/comments?post=142"}],"version-history":[{"count":7,"href":"https:\/\/www2.uepg.br\/labinfar\/wp-json\/wp\/v2\/pages\/142\/revisions"}],"predecessor-version":[{"id":244,"href":"https:\/\/www2.uepg.br\/labinfar\/wp-json\/wp\/v2\/pages\/142\/revisions\/244"}],"wp:attachment":[{"href":"https:\/\/www2.uepg.br\/labinfar\/wp-json\/wp\/v2\/media?parent=142"}],"curies":[{"name":"wp","href":"https:\/\/api.w.org\/{rel}","templated":true}]}}