{"id":143,"date":"2022-12-19T11:10:19","date_gmt":"2022-12-19T14:10:19","guid":{"rendered":"https:\/\/www2.uepg.br\/labinfar\/?page_id=143"},"modified":"2023-02-13T11:06:30","modified_gmt":"2023-02-13T14:06:30","slug":"contato","status":"publish","type":"page","link":"https:\/\/www2.uepg.br\/labinfar\/contato\/","title":{"rendered":"Contato"},"content":{"rendered":"<p><img loading=\"lazy\" class=\" wp-image-171 aligncenter\" src=\"https:\/\/www2.uepg.br\/labinfar\/wp-content\/uploads\/sites\/264\/2023\/02\/predio-300x225.jpeg\" alt=\"\" width=\"249\" height=\"187\" srcset=\"https:\/\/www2.uepg.br\/labinfar\/wp-content\/uploads\/sites\/264\/2023\/02\/predio-300x225.jpeg 300w, https:\/\/www2.uepg.br\/labinfar\/wp-content\/uploads\/sites\/264\/2023\/02\/predio-1024x768.jpeg 1024w, https:\/\/www2.uepg.br\/labinfar\/wp-content\/uploads\/sites\/264\/2023\/02\/predio-768x576.jpeg 768w, https:\/\/www2.uepg.br\/labinfar\/wp-content\/uploads\/sites\/264\/2023\/02\/predio-1232x924.jpeg 1232w, https:\/\/www2.uepg.br\/labinfar\/wp-content\/uploads\/sites\/264\/2023\/02\/predio.jpeg 1280w\" sizes=\"(max-width: 249px) 100vw, 249px\" \/><\/p>\n<h3 style=\"text-align: center\">Labinfar<\/h3>\n<p>Hor\u00e1rio de Atendimento:<br \/>\nDe segunda \u00e0 sexta-feira, das 8 \u00e0s 12 h e das 13 \u00e0s 18 h.<\/p>\n<p>Campus Uvaranas \u2013 Bloco M<\/p>\n<p>Av. Gal. Carlos Cavalcanti, 4748 &#8211; Uvaranas &#8211; Ponta Grossa &#8211; PR<\/p>\n<p>CEP 84030-900<\/p>\n<p>Telefone (42) 3220-8162<\/p>\n<p>Ramal: 8162<\/p>\n<p>e-mail: <strong>labinfar@gmail.com<\/strong><\/p>\n<p>&nbsp;<\/p>\n","protected":false},"excerpt":{"rendered":"<p>Labinfar Hor\u00e1rio de Atendimento: De segunda \u00e0 sexta-feira, das 8 \u00e0s 12 h e das 13 \u00e0s 18 h. Campus Uvaranas \u2013 Bloco M Av. Gal. Carlos Cavalcanti, 4748 &#8211; Uvaranas &#8211; Ponta Grossa &#8211; PR CEP 84030-900 Telefone (42) 3220-8162 Ramal: 8162 e-mail: labinfar@gmail.com &nbsp;<\/p>\n","protected":false},"author":582,"featured_media":0,"parent":0,"menu_order":0,"comment_status":"closed","ping_status":"closed","template":"","meta":[],"_links":{"self":[{"href":"https:\/\/www2.uepg.br\/labinfar\/wp-json\/wp\/v2\/pages\/143"}],"collection":[{"href":"https:\/\/www2.uepg.br\/labinfar\/wp-json\/wp\/v2\/pages"}],"about":[{"href":"https:\/\/www2.uepg.br\/labinfar\/wp-json\/wp\/v2\/types\/page"}],"author":[{"embeddable":true,"href":"https:\/\/www2.uepg.br\/labinfar\/wp-json\/wp\/v2\/users\/582"}],"replies":[{"embeddable":true,"href":"https:\/\/www2.uepg.br\/labinfar\/wp-json\/wp\/v2\/comments?post=143"}],"version-history":[{"count":4,"href":"https:\/\/www2.uepg.br\/labinfar\/wp-json\/wp\/v2\/pages\/143\/revisions"}],"predecessor-version":[{"id":173,"href":"https:\/\/www2.uepg.br\/labinfar\/wp-json\/wp\/v2\/pages\/143\/revisions\/173"}],"wp:attachment":[{"href":"https:\/\/www2.uepg.br\/labinfar\/wp-json\/wp\/v2\/media?parent=143"}],"curies":[{"name":"wp","href":"https:\/\/api.w.org\/{rel}","templated":true}]}}