{"id":280,"date":"2023-11-16T09:13:48","date_gmt":"2023-11-16T12:13:48","guid":{"rendered":"https:\/\/www2.uepg.br\/labinfar\/?page_id=280"},"modified":"2023-11-16T09:13:48","modified_gmt":"2023-11-16T12:13:48","slug":"labinfar-oferta-minicurso-para-alunos-do-curso-tecnico-em-quimica-do-colegio-borell","status":"publish","type":"page","link":"https:\/\/www2.uepg.br\/labinfar\/labinfar-oferta-minicurso-para-alunos-do-curso-tecnico-em-quimica-do-colegio-borell\/","title":{"rendered":"LABINFAR OFERTA MINICURSO PARA ALUNOS DO CURSO T\u00c9CNICO EM QU\u00cdMICA DO COL\u00c9GIO BORELL"},"content":{"rendered":"<p>A 2\u00aa edi\u00e7\u00e3o do minicurso \u201cCromatografia L\u00edquida de Alta Efici\u00eancia\u201d foi ministrada para um grupo de alunos do curso de Qu\u00edmica Tecnol\u00f3gica. O curso foi coordenado pela Dra. Traudi Klein, Farmac\u00eautica do LABINFAR, e ministrado pelos estagi\u00e1rios Camilla dos Santos Moraes e Fernando Roberto Kohlbeck Siqueira que s\u00e3o formandos do Curso de Qu\u00edmica da UEPG.<br \/>\nO minicurso foi ofertado aos alunos do \u00faltimo ano do Ensino M\u00e9dio T\u00e9cnico em Qu\u00edmica, do Col\u00e9gio Estadual Prof. Jo\u00e3o Ricardo von Borell du Vernay, no dia 08 de Novembro no per\u00edodo matutino; das 8 \u00e0s 11:30 h.<br \/>\nOs assuntos abordados foram a hist\u00f3ria da cromatografia l\u00edquida, os princ\u00edpios da t\u00e9cnica e suas aplica\u00e7\u00f5es. Os alunos puderam conhecer um sistema de CLAE, a sua opera\u00e7\u00e3o e uma demonstra\u00e7\u00e3o pr\u00e1tica de uma an\u00e1lise cromatogr\u00e1fica.<br \/>\nO minicurso apresentou a t\u00e9cnica de CLAE de forma did\u00e1tica, contextualizada para os alunos do ensino m\u00e9dio. Al\u00e9m disso \u00e9 uma forma de incentivar e divulgar a import\u00e2ncia da  Universidade P\u00fablica e da pesquisa cientifica, estimulando os alunos a buscarem a qualifica\u00e7\u00e3o no ensino superior.<br \/>\n<img loading=\"lazy\" src=\"https:\/\/www2.uepg.br\/labinfar\/wp-content\/uploads\/sites\/264\/2023\/11\/HPLC-teorico.png\" alt=\"\" width=\"886\" height=\"664\" class=\"alignnone size-full wp-image-282\" \/><img loading=\"lazy\" src=\"https:\/\/www2.uepg.br\/labinfar\/wp-content\/uploads\/sites\/264\/2023\/11\/HPLC-teorico-Camila.png\" alt=\"\" width=\"886\" height=\"664\" class=\"alignnone size-full wp-image-281\" \/><br \/>\n<img loading=\"lazy\" src=\"https:\/\/www2.uepg.br\/labinfar\/wp-content\/uploads\/sites\/264\/2023\/11\/CLAE.jpeg\" alt=\"\" width=\"1600\" height=\"1200\" class=\"alignnone size-full wp-image-285\" \/><\/p>\n","protected":false},"excerpt":{"rendered":"<p>A 2\u00aa edi\u00e7\u00e3o do minicurso \u201cCromatografia L\u00edquida de Alta Efici\u00eancia\u201d foi ministrada para um grupo de alunos do curso de Qu\u00edmica Tecnol\u00f3gica. O curso foi coordenado pela Dra. Traudi Klein, Farmac\u00eautica do LABINFAR, e ministrado pelos estagi\u00e1rios Camilla dos Santos Moraes e Fernando Roberto Kohlbeck Siqueira que s\u00e3o formandos do Curso de Qu\u00edmica da UEPG.&nbsp;&hellip;<\/p>\n","protected":false},"author":278,"featured_media":0,"parent":0,"menu_order":0,"comment_status":"closed","ping_status":"closed","template":"","meta":[],"_links":{"self":[{"href":"https:\/\/www2.uepg.br\/labinfar\/wp-json\/wp\/v2\/pages\/280"}],"collection":[{"href":"https:\/\/www2.uepg.br\/labinfar\/wp-json\/wp\/v2\/pages"}],"about":[{"href":"https:\/\/www2.uepg.br\/labinfar\/wp-json\/wp\/v2\/types\/page"}],"author":[{"embeddable":true,"href":"https:\/\/www2.uepg.br\/labinfar\/wp-json\/wp\/v2\/users\/278"}],"replies":[{"embeddable":true,"href":"https:\/\/www2.uepg.br\/labinfar\/wp-json\/wp\/v2\/comments?post=280"}],"version-history":[{"count":4,"href":"https:\/\/www2.uepg.br\/labinfar\/wp-json\/wp\/v2\/pages\/280\/revisions"}],"predecessor-version":[{"id":287,"href":"https:\/\/www2.uepg.br\/labinfar\/wp-json\/wp\/v2\/pages\/280\/revisions\/287"}],"wp:attachment":[{"href":"https:\/\/www2.uepg.br\/labinfar\/wp-json\/wp\/v2\/media?parent=280"}],"curies":[{"name":"wp","href":"https:\/\/api.w.org\/{rel}","templated":true}]}}