{"id":120,"date":"2020-10-26T08:32:58","date_gmt":"2020-10-26T11:32:58","guid":{"rendered":"http:\/\/www2.uepg.br\/labiovegetal\/?page_id=120"},"modified":"2020-10-26T08:32:58","modified_gmt":"2020-10-26T11:32:58","slug":"sobre","status":"publish","type":"page","link":"https:\/\/www2.uepg.br\/labiovegetal\/sobre\/","title":{"rendered":"Sobre"},"content":{"rendered":"<p>Desenvolvemos pesquisas na \u00e1rea da fruticultura e p\u00f3s colheita, associando \u00e0 cultura de tecidos e a biotecnologia a fruticultura. Com interesse particular nos aspectos relacionados ao manejo de pomares e \u00e0 matura\u00e7\u00e3o e a inj\u00faria por frio, mas tamb\u00e9m fazendo parte da rede paranaense de Gen\u00f4mica e Prote\u00f4mica. Com projetos financiados pela Funda\u00e7\u00e3o Banco do Brasil, CNPq, FINEP, Funda\u00e7\u00e3o Arauc\u00e1ria.<\/p>\n<p><img loading=\"lazy\" class=\"aligncenter wp-image-121 size-full\" src=\"http:\/\/www2.uepg.br\/labiovegetal\/wp-content\/uploads\/sites\/150\/2020\/10\/equipe.jpg\" alt=\"\" width=\"526\" height=\"374\" srcset=\"https:\/\/www2.uepg.br\/labiovegetal\/wp-content\/uploads\/sites\/150\/2020\/10\/equipe.jpg 526w, https:\/\/www2.uepg.br\/labiovegetal\/wp-content\/uploads\/sites\/150\/2020\/10\/equipe-300x213.jpg 300w\" sizes=\"(max-width: 526px) 100vw, 526px\" \/><\/p>\n<p>&nbsp;<\/p>\n<h3 class=\"style19\" align=\"justify\">Prof. Dr. Ricardo Antonio Ayub<\/h3>\n<p class=\"style18\" align=\"justify\">Eng. Agr\u00f4nomo pela Universidade Federal de Vi\u00e7osa (1987), Mestre em Fitotecnia pela Universidade Federal de Vi\u00e7osa (1990) e Doutor em Biologia Celular e Molecular &#8211; Ecole Nationale Superieure Agronomique de Toulouse (1995) onde tamb\u00e9m fez o pos doutorado (2008). Atualmente \u00e9 professor associado da Universidade Estadual de Ponta Grossa. Tem experi\u00eancia na \u00e1rea de Agronomia, com \u00eanfase em Fruticultura e Fisiologia p\u00f3s colheita, atuando principalmente nos seguintes temas: biotecnologia, cultura de tecidos, manejo de pomares e p\u00f3s colheita de frutos. Foi coordenador do mestrado em Agronomia da UEPG e membro do comite do PIBIC, consultor ah doc da Funda\u00e7\u00e3o Araucaria, FAPEMIG, CAPES e CNPq, menbro do conselho editorial da Revista Brasileira de Fruticultura e revisor de diversos peri\u00f3dicos nacionais. Projetos aprovados no CNPq, Funda\u00e7\u00e3o Banco do Brasil, Funda\u00e7\u00e3o Araucaria e como colaborador em projetos em rede pelo FINEP e Funda\u00e7\u00e3o Arauc\u00e1ria.<\/p>\n<p align=\"justify\"><a href=\"http:\/\/buscatextual.cnpq.br\/buscatextual\/visualizacv.jsp?id=K4782860Z5\" target=\"_blank\" rel=\"noopener noreferrer\">Curriculum Lattes<\/a><\/p>\n<p align=\"justify\">\n<h3 class=\"style19\" align=\"justify\">Prof\u00aa. Dr\u00aa. Carolina Weigert Galv\u00e3o<\/h3>\n<p class=\"style18\" align=\"justify\">Graduada em Biologia pela Universidade Federal do Paran\u00e1 (1999), Mestre em Ci\u00eancias (Bioqu\u00edmica) pela Universidade Federal do Paran\u00e1 (2001) e Doutora em Ci\u00eancias (Bioqu\u00edmica) pela Universidade Federal do Paran\u00e1 (2005). Atualmente \u00e9 professora adjunta da Universidade Estadual de Ponta Grossa e pesquisadora colaboradora da Universidade Federal do Paran\u00e1. Tem experi\u00eancia na \u00e1rea de Bioqu\u00edmica, com \u00eanfase em Biologia Molecular, atuando principalmente nos seguintes temas: Gen\u00f4mica; Prote\u00f4mica; Ecologia Molecular; Biodiversidade Microbiana; Fisiologia de microrganismos; Express\u00e3o, Purifica\u00e7\u00e3o e Caracteriza\u00e7\u00e3o de prote\u00ednas.<\/p>\n<p class=\"style18\" align=\"justify\"><a href=\"http:\/\/buscatextual.cnpq.br\/buscatextual\/visualizacv.jsp?id=P121621\" target=\"_blank\" rel=\"noopener noreferrer\">Curriculum Lattes<\/a><\/p>\n","protected":false},"excerpt":{"rendered":"<p>Desenvolvemos pesquisas na \u00e1rea da fruticultura e p\u00f3s colheita, associando \u00e0 cultura de tecidos e a biotecnologia a fruticultura. Com interesse particular nos aspectos relacionados ao manejo de pomares e \u00e0 matura\u00e7\u00e3o e a inj\u00faria por frio, mas tamb\u00e9m fazendo parte da rede paranaense de Gen\u00f4mica e Prote\u00f4mica. Com projetos financiados pela Funda\u00e7\u00e3o Banco do&nbsp;&hellip;<\/p>\n","protected":false},"author":204,"featured_media":0,"parent":0,"menu_order":0,"comment_status":"closed","ping_status":"closed","template":"","meta":[],"_links":{"self":[{"href":"https:\/\/www2.uepg.br\/labiovegetal\/wp-json\/wp\/v2\/pages\/120"}],"collection":[{"href":"https:\/\/www2.uepg.br\/labiovegetal\/wp-json\/wp\/v2\/pages"}],"about":[{"href":"https:\/\/www2.uepg.br\/labiovegetal\/wp-json\/wp\/v2\/types\/page"}],"author":[{"embeddable":true,"href":"https:\/\/www2.uepg.br\/labiovegetal\/wp-json\/wp\/v2\/users\/204"}],"replies":[{"embeddable":true,"href":"https:\/\/www2.uepg.br\/labiovegetal\/wp-json\/wp\/v2\/comments?post=120"}],"version-history":[{"count":1,"href":"https:\/\/www2.uepg.br\/labiovegetal\/wp-json\/wp\/v2\/pages\/120\/revisions"}],"predecessor-version":[{"id":122,"href":"https:\/\/www2.uepg.br\/labiovegetal\/wp-json\/wp\/v2\/pages\/120\/revisions\/122"}],"wp:attachment":[{"href":"https:\/\/www2.uepg.br\/labiovegetal\/wp-json\/wp\/v2\/media?parent=120"}],"curies":[{"name":"wp","href":"https:\/\/api.w.org\/{rel}","templated":true}]}}