{"id":298,"date":"2020-10-26T10:20:33","date_gmt":"2020-10-26T13:20:33","guid":{"rendered":"http:\/\/www2.uepg.br\/labiovegetal\/?page_id=298"},"modified":"2020-10-27T08:46:49","modified_gmt":"2020-10-27T11:46:49","slug":"convenios","status":"publish","type":"page","link":"https:\/\/www2.uepg.br\/labiovegetal\/convenios\/","title":{"rendered":"Conv\u00eanios"},"content":{"rendered":"<h3 class=\"style18\" align=\"justify\"><strong>Conv\u00eanios Nacionais<\/strong><\/h3>\n<p class=\"style18\" align=\"justify\">&#8211; Universidade Federal de Pelotas<\/p>\n<p class=\"style18\" align=\"justify\">&#8211; UFPEL<\/p>\n<p class=\"style18\" align=\"justify\">&#8211; Universidade Federal do Paran\u00e1<\/p>\n<p class=\"style18\" align=\"justify\">&#8211; UFPR<\/p>\n<p class=\"style18\" align=\"justify\">&#8211; Universidade do Centro Oeste &#8211; UNICENTRO<\/p>\n<p class=\"style18\" align=\"justify\">&#8211; Universidade Estadual do Oeste do Paran\u00e1 &#8211; UNIOESTE<\/p>\n<p class=\"style18\" align=\"justify\">&#8211; EMBRAPA Uva e Vinho<\/p>\n<p class=\"style18\" align=\"justify\">&#8211; CNPUV<\/p>\n<p>&nbsp;<\/p>\n<h3 class=\"style18\" align=\"justify\"><strong>Conv\u00eanios Internacionais<\/strong><\/h3>\n<p class=\"style18\" align=\"justify\"><a href=\"http:\/\/www.ensat.fr\/\" target=\"_blank\" rel=\"noopener noreferrer\">&#8211; Escola Nacional Superior de Agronomia de Toulouse (ENSAT &#8211; Fran\u00e7a)<\/a><\/p>\n<p class=\"style18\" align=\"justify\"><a href=\"http:\/\/www.unf.edu.ar\/\" target=\"_blank\" rel=\"noopener noreferrer\">&#8211; Universidade Nacional de Formosa (Argentina)<\/a><\/p>\n<p class=\"style18\" align=\"justify\"><a href=\"http:\/\/www.kob-bavendorf.de\/\" target=\"_blank\" rel=\"noopener noreferrer\">&#8211; Kompetenzzentrum f\u00fcr Obstbau (Centro de Compet\u00eancia em Fruticultura &#8211; Alemanha)<\/a><\/p>\n","protected":false},"excerpt":{"rendered":"<p>Conv\u00eanios Nacionais &#8211; Universidade Federal de Pelotas &#8211; UFPEL &#8211; Universidade Federal do Paran\u00e1 &#8211; UFPR &#8211; Universidade do Centro Oeste &#8211; UNICENTRO &#8211; Universidade Estadual do Oeste do Paran\u00e1 &#8211; UNIOESTE &#8211; EMBRAPA Uva e Vinho &#8211; CNPUV &nbsp; Conv\u00eanios Internacionais &#8211; Escola Nacional Superior de Agronomia de Toulouse (ENSAT &#8211; Fran\u00e7a) &#8211; Universidade&nbsp;&hellip;<\/p>\n","protected":false},"author":204,"featured_media":0,"parent":0,"menu_order":0,"comment_status":"closed","ping_status":"closed","template":"","meta":[],"_links":{"self":[{"href":"https:\/\/www2.uepg.br\/labiovegetal\/wp-json\/wp\/v2\/pages\/298"}],"collection":[{"href":"https:\/\/www2.uepg.br\/labiovegetal\/wp-json\/wp\/v2\/pages"}],"about":[{"href":"https:\/\/www2.uepg.br\/labiovegetal\/wp-json\/wp\/v2\/types\/page"}],"author":[{"embeddable":true,"href":"https:\/\/www2.uepg.br\/labiovegetal\/wp-json\/wp\/v2\/users\/204"}],"replies":[{"embeddable":true,"href":"https:\/\/www2.uepg.br\/labiovegetal\/wp-json\/wp\/v2\/comments?post=298"}],"version-history":[{"count":3,"href":"https:\/\/www2.uepg.br\/labiovegetal\/wp-json\/wp\/v2\/pages\/298\/revisions"}],"predecessor-version":[{"id":375,"href":"https:\/\/www2.uepg.br\/labiovegetal\/wp-json\/wp\/v2\/pages\/298\/revisions\/375"}],"wp:attachment":[{"href":"https:\/\/www2.uepg.br\/labiovegetal\/wp-json\/wp\/v2\/media?parent=298"}],"curies":[{"name":"wp","href":"https:\/\/api.w.org\/{rel}","templated":true}]}}