{"id":304,"date":"2020-10-26T10:23:47","date_gmt":"2020-10-26T13:23:47","guid":{"rendered":"http:\/\/www2.uepg.br\/labiovegetal\/?page_id=304"},"modified":"2020-10-27T08:46:40","modified_gmt":"2020-10-27T11:46:40","slug":"projetos","status":"publish","type":"page","link":"https:\/\/www2.uepg.br\/labiovegetal\/projetos\/","title":{"rendered":"Projetos"},"content":{"rendered":"<h3 align=\"justify\"><strong>Projetos<\/strong><\/h3>\n<p class=\"style18\" align=\"justify\">Projeto de produ\u00e7\u00e3o de mudas em bioreator e implanta\u00e7\u00e3o de uma biofabrica interesse em batata<br \/>\nVaga para Pos doc, Doutorando e Mestrando<\/p>\n<p class=\"style18\" align=\"justify\">Projeto de produ\u00e7\u00e3o de mudas em bioreator e implanta\u00e7\u00e3o de uma biofabrica<br \/>\nVaga para Pos doc, Doutorando e Mestrando<\/p>\n<p class=\"style18\" align=\"justify\">Identifica\u00e7\u00e3o e analise de genes diferencialmente expressos durante o amadurecimento dos frutos de mel\u00e3o climat\u00e9rico e n\u00e3o climat\u00e9ricos<\/p>\n<p class=\"style18\" align=\"justify\">Descri\u00e7\u00e3o: Por compara\u00e7\u00e3o entre diferentes padr\u00f5es de amadurecimento em mel\u00f5es, tentar por uma metodologia alternativa, comprender o amadurecimento dos frutos.<\/p>\n<p class=\"style18\" align=\"justify\">Situa\u00e7\u00e3o: Em Andamento Natureza: Pesquisa, Projeto CNPq Pos Doc Junior, vaga para 1 pos doc e um doutorando.<\/p>\n<p class=\"style18\" align=\"justify\">Estudo da matura\u00e7\u00e3o de frutos n\u00e3o climat\u00e9ricos<\/p>\n<p class=\"style18\" align=\"justify\">Descri\u00e7\u00e3o: Projeto CAPES (ProDoc 52010), CNPq Edital Universal 2011,\u00a0 Compreender o inicio da matura\u00e7\u00e3o nos frutos n\u00e3o climatericos. Vaga para 1 pos doc e 1 doutorando.<\/p>\n<p class=\"style18\" align=\"justify\">Propaga\u00e7\u00e3o vegetativa de cultivares de mirtilo in vitro e por estaquia visando eficiente protocolo de produ\u00e7\u00e3o e multiplica\u00e7\u00e3o de mudas.<\/p>\n<p class=\"style18\" align=\"justify\">Descri\u00e7\u00e3o: Estudo da cultura de tecidos do mirtilo e da produ\u00e7\u00e3o de mudas, vaga para 1 mestrando<\/p>\n","protected":false},"excerpt":{"rendered":"<p>Projetos Projeto de produ\u00e7\u00e3o de mudas em bioreator e implanta\u00e7\u00e3o de uma biofabrica interesse em batata Vaga para Pos doc, Doutorando e Mestrando Projeto de produ\u00e7\u00e3o de mudas em bioreator e implanta\u00e7\u00e3o de uma biofabrica Vaga para Pos doc, Doutorando e Mestrando Identifica\u00e7\u00e3o e analise de genes diferencialmente expressos durante o amadurecimento dos frutos de&nbsp;&hellip;<\/p>\n","protected":false},"author":204,"featured_media":0,"parent":0,"menu_order":0,"comment_status":"closed","ping_status":"closed","template":"","meta":[],"_links":{"self":[{"href":"https:\/\/www2.uepg.br\/labiovegetal\/wp-json\/wp\/v2\/pages\/304"}],"collection":[{"href":"https:\/\/www2.uepg.br\/labiovegetal\/wp-json\/wp\/v2\/pages"}],"about":[{"href":"https:\/\/www2.uepg.br\/labiovegetal\/wp-json\/wp\/v2\/types\/page"}],"author":[{"embeddable":true,"href":"https:\/\/www2.uepg.br\/labiovegetal\/wp-json\/wp\/v2\/users\/204"}],"replies":[{"embeddable":true,"href":"https:\/\/www2.uepg.br\/labiovegetal\/wp-json\/wp\/v2\/comments?post=304"}],"version-history":[{"count":2,"href":"https:\/\/www2.uepg.br\/labiovegetal\/wp-json\/wp\/v2\/pages\/304\/revisions"}],"predecessor-version":[{"id":360,"href":"https:\/\/www2.uepg.br\/labiovegetal\/wp-json\/wp\/v2\/pages\/304\/revisions\/360"}],"wp:attachment":[{"href":"https:\/\/www2.uepg.br\/labiovegetal\/wp-json\/wp\/v2\/media?parent=304"}],"curies":[{"name":"wp","href":"https:\/\/api.w.org\/{rel}","templated":true}]}}