{"id":10,"date":"2019-09-20T10:45:41","date_gmt":"2019-09-20T13:45:41","guid":{"rendered":"http:\/\/www2.uepg.br\/labneuro\/?page_id=10"},"modified":"2019-09-26T10:28:18","modified_gmt":"2019-09-26T13:28:18","slug":"alunos","status":"publish","type":"page","link":"https:\/\/www2.uepg.br\/labneuro\/alunos\/","title":{"rendered":"Alunos e Ex-Alunos"},"content":{"rendered":"<h3 style=\"text-align: center\">ALUNOS DE INICIA\u00c7\u00c3O CIENT\u00cdFICA<\/h3>\n<p>&#8211; ALANA GARCIA<\/p>\n<p>&#8211; GABRIELA BRANDALISE DA LUZ<\/p>\n<p>&#8211; GABRIELA GRUBE<\/p>\n<p>&#8211; THAYNARA FERNANDES DA SILVA<\/p>\n<p>&nbsp;<\/p>\n<h3 style=\"text-align: center\">ALUNOS DE MESTRADO<\/h3>\n<p>&#8211; KELLY CRISTINA DE SOUZA FORNAZARI<\/p>\n<p>&nbsp;<\/p>\n<p>&nbsp;<\/p>\n<h3 style=\"text-align: center\">EX-ALUNOS DE INICIA\u00c7\u00c3O CIENT\u00cdFICA<\/h3>\n<p>&nbsp;<\/p>\n<p>&#8211; AMANDA SCHAIA ROCHA<\/p>\n<p>&#8211; ANA FL\u00c1VIA CHAVES DOS SANTOS<\/p>\n<p>&#8211; CAMILA LUPEPSA LATYKI<\/p>\n<p>&#8211; CAROLINE KOGA PLODEK<\/p>\n<p>&#8211; DANILO VIEIRA DE LARA<\/p>\n<p>&#8211; FREDERICO ANT\u00d4NIO BERBETZ<\/p>\n<p>&#8211; GUILHERME CARVALHO SOBREIRA<\/p>\n<p>&#8211; GUSTAVO HENRIQUE LOUREN\u00c7O<\/p>\n<p>&#8211; JOSYEL OLSZEWSKI<\/p>\n<p>&#8211; JULIANE GABRIELE MARTINS<\/p>\n<p>&#8211; LILLIAN CAROLINE FERNANDES<\/p>\n<p>&#8211; LUCAS FERNANDO FONSECA<\/p>\n<p>&#8211; LUCIANA JULEK<\/p>\n<p>&#8211; MARLENE DE JESUS DOS SANTOS<\/p>\n<p>&#8211; MURILO HOLTZ DE ANDRADE<\/p>\n<p>&#8211; VINICIUS AGUIAR JOBBINS<\/p>\n<p>&#8211; VINICIUS LUIZ CEREGATO GRACHINSKI<\/p>\n<p>&#8211; WANDY MAIRA SCHULTZ<\/p>\n<p>&nbsp;<\/p>\n<h3 style=\"text-align: center\">EX-ALUNOS DE MESTRADO<\/h3>\n<p>&#8211; D\u00c9BORA DALLA VECCHIA<\/p>\n<p>http:\/\/lattes.cnpq.br\/6673850645629997<\/p>\n<p>&nbsp;<\/p>\n<p>&#8211; MARISSA GIOVANNA SCHAMNE<\/p>\n<p>http:\/\/lattes.cnpq.br\/7125804352068421<\/p>\n<p>&nbsp;<\/p>\n<p>&#8211; JOS\u00c9 AUGUSTO POCHAPSKI<\/p>\n<p>http:\/\/lattes.cnpq.br\/5075311193406258<\/p>\n<p>&nbsp;<\/p>\n<p>&#8211; ANDERSON GUSTAVO SANTOS<\/p>\n<p>http:\/\/lattes.cnpq.br\/6962670488256683<\/p>\n<p>&nbsp;<\/p>\n<p>&#8211; LILLIAN CAROLINE FERNANDES<\/p>\n<p>http:\/\/lattes.cnpq.br\/2651384620127548<\/p>\n<p>&nbsp;<\/p>\n<p>&#8211; SUSI MARA SOECKI SBORGI<\/p>\n<p>http:\/\/lattes.cnpq.br\/7245267247879664<\/p>\n<p>&nbsp;<\/p>\n<p>&nbsp;<\/p>\n","protected":false},"excerpt":{"rendered":"<p>ALUNOS DE INICIA\u00c7\u00c3O CIENT\u00cdFICA &#8211; ALANA GARCIA &#8211; GABRIELA BRANDALISE DA LUZ &#8211; GABRIELA GRUBE &#8211; THAYNARA FERNANDES DA SILVA &nbsp; ALUNOS DE MESTRADO &#8211; KELLY CRISTINA DE SOUZA FORNAZARI &nbsp; &nbsp; EX-ALUNOS DE INICIA\u00c7\u00c3O CIENT\u00cdFICA &nbsp; &#8211; AMANDA SCHAIA ROCHA &#8211; ANA FL\u00c1VIA CHAVES DOS SANTOS &#8211; CAMILA LUPEPSA LATYKI &#8211; CAROLINE KOGA PLODEK&nbsp;&hellip;<\/p>\n","protected":false},"author":24,"featured_media":0,"parent":0,"menu_order":0,"comment_status":"closed","ping_status":"closed","template":"","meta":[],"_links":{"self":[{"href":"https:\/\/www2.uepg.br\/labneuro\/wp-json\/wp\/v2\/pages\/10"}],"collection":[{"href":"https:\/\/www2.uepg.br\/labneuro\/wp-json\/wp\/v2\/pages"}],"about":[{"href":"https:\/\/www2.uepg.br\/labneuro\/wp-json\/wp\/v2\/types\/page"}],"author":[{"embeddable":true,"href":"https:\/\/www2.uepg.br\/labneuro\/wp-json\/wp\/v2\/users\/24"}],"replies":[{"embeddable":true,"href":"https:\/\/www2.uepg.br\/labneuro\/wp-json\/wp\/v2\/comments?post=10"}],"version-history":[{"count":7,"href":"https:\/\/www2.uepg.br\/labneuro\/wp-json\/wp\/v2\/pages\/10\/revisions"}],"predecessor-version":[{"id":107,"href":"https:\/\/www2.uepg.br\/labneuro\/wp-json\/wp\/v2\/pages\/10\/revisions\/107"}],"wp:attachment":[{"href":"https:\/\/www2.uepg.br\/labneuro\/wp-json\/wp\/v2\/media?parent=10"}],"curies":[{"name":"wp","href":"https:\/\/api.w.org\/{rel}","templated":true}]}}