{"id":44,"date":"2019-09-20T13:14:07","date_gmt":"2019-09-20T16:14:07","guid":{"rendered":"http:\/\/www2.uepg.br\/labneuro\/?page_id=44"},"modified":"2019-09-26T10:33:45","modified_gmt":"2019-09-26T13:33:45","slug":"inicio","status":"publish","type":"page","link":"https:\/\/www2.uepg.br\/labneuro\/","title":{"rendered":"In\u00edcio"},"content":{"rendered":"<div id=\"pl-44\"  class=\"panel-layout\" ><div id=\"pg-44-0\"  class=\"panel-grid panel-has-style\" ><div class=\"siteorigin-panels-stretch panel-row-style panel-row-style-for-44-0\" data-stretch-type=\"full-stretched\" ><div id=\"pgc-44-0-0\"  class=\"panel-grid-cell panel-grid-cell-empty\" ><\/div><\/div><\/div><div id=\"pg-44-1\"  class=\"panel-grid panel-has-style\" ><div class=\"siteorigin-panels-stretch panel-row-style panel-row-style-for-44-1\" data-stretch-type=\"full\" ><div id=\"pgc-44-1-0\"  class=\"panel-grid-cell panel-grid-cell-empty\" ><\/div><\/div><\/div><div id=\"pg-44-2\"  class=\"panel-grid panel-has-style\" ><div class=\"panel-row-style panel-row-style-for-44-2\" ><div id=\"pgc-44-2-0\"  class=\"panel-grid-cell\" ><div id=\"panel-44-2-0-0\" class=\"so-panel widget widget_sow-image panel-first-child\" data-index=\"0\" ><div\n\t\t\t\n\t\t\tclass=\"so-widget-sow-image so-widget-sow-image-default-d6014b76747a-44\"\n\t\t\t\n\t\t>\n\n<div class=\"sow-image-container\">\n\t\t<img src=\"https:\/\/www2.uepg.br\/labneuro\/wp-content\/uploads\/sites\/38\/2019\/09\/aprendizado.jpg\" width=\"1920\" height=\"1440\" srcset=\"https:\/\/www2.uepg.br\/labneuro\/wp-content\/uploads\/sites\/38\/2019\/09\/aprendizado.jpg 1920w, https:\/\/www2.uepg.br\/labneuro\/wp-content\/uploads\/sites\/38\/2019\/09\/aprendizado-300x225.jpg 300w, https:\/\/www2.uepg.br\/labneuro\/wp-content\/uploads\/sites\/38\/2019\/09\/aprendizado-768x576.jpg 768w, https:\/\/www2.uepg.br\/labneuro\/wp-content\/uploads\/sites\/38\/2019\/09\/aprendizado-1024x768.jpg 1024w, https:\/\/www2.uepg.br\/labneuro\/wp-content\/uploads\/sites\/38\/2019\/09\/aprendizado-1232x924.jpg 1232w, https:\/\/www2.uepg.br\/labneuro\/wp-content\/uploads\/sites\/38\/2019\/09\/aprendizado-1440x1080.jpg 1440w\" sizes=\"(max-width: 1920px) 100vw, 1920px\" alt=\"\" loading=\"lazy\" \t\tclass=\"so-widget-image\"\/>\n\t<\/div>\n\n<\/div><\/div><div id=\"panel-44-2-0-1\" class=\"so-panel widget widget_sow-editor panel-last-child\" data-index=\"1\" ><div\n\t\t\t\n\t\t\tclass=\"so-widget-sow-editor so-widget-sow-editor-base\"\n\t\t\t\n\t\t><h3 class=\"widget-title\">Aprendizado e Mem\u00f3ria<\/h3>\n<div class=\"siteorigin-widget-tinymce textwidget\">\n\t<p>Estudos da neurobiologia do aprendizado e mem\u00f3ria em modelos animais.<\/p>\n<\/div>\n<\/div><\/div><\/div><div id=\"pgc-44-2-1\"  class=\"panel-grid-cell\" ><div id=\"panel-44-2-1-0\" class=\"so-panel widget widget_sow-image panel-first-child\" data-index=\"2\" ><div\n\t\t\t\n\t\t\tclass=\"so-widget-sow-image so-widget-sow-image-default-d6014b76747a-44\"\n\t\t\t\n\t\t>\n\n<div class=\"sow-image-container\">\n\t\t<img src=\"https:\/\/www2.uepg.br\/labneuro\/wp-content\/uploads\/sites\/38\/2019\/09\/ansiedade.png\" width=\"1920\" height=\"1367\" srcset=\"https:\/\/www2.uepg.br\/labneuro\/wp-content\/uploads\/sites\/38\/2019\/09\/ansiedade.png 1920w, https:\/\/www2.uepg.br\/labneuro\/wp-content\/uploads\/sites\/38\/2019\/09\/ansiedade-300x214.png 300w, https:\/\/www2.uepg.br\/labneuro\/wp-content\/uploads\/sites\/38\/2019\/09\/ansiedade-768x547.png 768w, https:\/\/www2.uepg.br\/labneuro\/wp-content\/uploads\/sites\/38\/2019\/09\/ansiedade-1024x729.png 1024w, https:\/\/www2.uepg.br\/labneuro\/wp-content\/uploads\/sites\/38\/2019\/09\/ansiedade-1232x877.png 1232w, https:\/\/www2.uepg.br\/labneuro\/wp-content\/uploads\/sites\/38\/2019\/09\/ansiedade-1517x1080.png 1517w\" sizes=\"(max-width: 1920px) 100vw, 1920px\" alt=\"\" loading=\"lazy\" \t\tclass=\"so-widget-image\"\/>\n\t<\/div>\n\n<\/div><\/div><div id=\"panel-44-2-1-1\" class=\"so-panel widget widget_sow-editor panel-last-child\" data-index=\"3\" ><div\n\t\t\t\n\t\t\tclass=\"so-widget-sow-editor so-widget-sow-editor-base\"\n\t\t\t\n\t\t><h3 class=\"widget-title\">Ansiedade<\/h3>\n<div class=\"siteorigin-widget-tinymce textwidget\">\n\t<p>Estudos da ansiedade em modelos animais e em humanos.<\/p>\n<\/div>\n<\/div><\/div><\/div><div id=\"pgc-44-2-2\"  class=\"panel-grid-cell\" ><div id=\"panel-44-2-2-0\" class=\"so-panel widget widget_sow-image panel-first-child\" data-index=\"4\" ><div\n\t\t\t\n\t\t\tclass=\"so-widget-sow-image so-widget-sow-image-default-d6014b76747a-44\"\n\t\t\t\n\t\t>\n\n<div class=\"sow-image-container\">\n\t\t<img src=\"https:\/\/www2.uepg.br\/labneuro\/wp-content\/uploads\/sites\/38\/2019\/09\/depressa\u0303o.jpg\" width=\"1920\" height=\"1280\" srcset=\"https:\/\/www2.uepg.br\/labneuro\/wp-content\/uploads\/sites\/38\/2019\/09\/depressa\u0303o.jpg 1920w, https:\/\/www2.uepg.br\/labneuro\/wp-content\/uploads\/sites\/38\/2019\/09\/depressa\u0303o-300x200.jpg 300w, https:\/\/www2.uepg.br\/labneuro\/wp-content\/uploads\/sites\/38\/2019\/09\/depressa\u0303o-768x512.jpg 768w, https:\/\/www2.uepg.br\/labneuro\/wp-content\/uploads\/sites\/38\/2019\/09\/depressa\u0303o-1024x683.jpg 1024w, https:\/\/www2.uepg.br\/labneuro\/wp-content\/uploads\/sites\/38\/2019\/09\/depressa\u0303o-1232x821.jpg 1232w, https:\/\/www2.uepg.br\/labneuro\/wp-content\/uploads\/sites\/38\/2019\/09\/depressa\u0303o-1620x1080.jpg 1620w, https:\/\/www2.uepg.br\/labneuro\/wp-content\/uploads\/sites\/38\/2019\/09\/depressa\u0303o-272x182.jpg 272w\" sizes=\"(max-width: 1920px) 100vw, 1920px\" alt=\"\" loading=\"lazy\" \t\tclass=\"so-widget-image\"\/>\n\t<\/div>\n\n<\/div><\/div><div id=\"panel-44-2-2-1\" class=\"so-panel widget widget_sow-editor panel-last-child\" data-index=\"5\" ><div\n\t\t\t\n\t\t\tclass=\"so-widget-sow-editor so-widget-sow-editor-base\"\n\t\t\t\n\t\t><h3 class=\"widget-title\">Depress\u00e3o<\/h3>\n<div class=\"siteorigin-widget-tinymce textwidget\">\n\t<p>Estudos da depress\u00e3o em modelos animais e em humanos.<\/p>\n<\/div>\n<\/div><\/div><\/div><\/div><\/div><div id=\"pg-44-3\"  class=\"panel-grid panel-has-style\" ><div class=\"siteorigin-panels-stretch panel-row-style panel-row-style-for-44-3\" data-stretch-type=\"full\" ><div id=\"pgc-44-3-0\"  class=\"panel-grid-cell\" ><div id=\"panel-44-3-0-0\" class=\"so-panel widget widget_sow-post-carousel panel-first-child panel-last-child\" data-index=\"6\" ><div\n\t\t\t\n\t\t\tclass=\"so-widget-sow-post-carousel so-widget-sow-post-carousel-base-ad93eedad001-44\"\n\t\t\t\n\t\t>\t<div\n\t\tclass=\"sow-post-carousel-wrapper sow-post-carousel-theme-base\"\n\t\tstyle=\"overflow: hidden; max-width: 100%; min-height: 182px\"\n\t>\n\t\t<div class=\"sow-carousel-title has-title\">\n\t<h3 class=\"widget-title\">Projetos em andamento<\/h3>\t\t<div class=\"sow-carousel-navigation \">\n\t\t\t\t\t\t<a href=\"#\" class=\"sow-carousel-next\" title=\"Pr\u00f3ximo\" aria-label=\"Next Posts\" role=\"button\"><\/a>\n\t\t\t\t\t\t<a href=\"#\" class=\"sow-carousel-previous\" title=\"Anterior\" aria-label=\"Previous Posts\" role=\"button\"><\/a>\n\t\t\t\t\t<\/div>\n\t<\/div>\n\n<div class=\"sow-carousel-container \">\n\t\t<div class=\"sow-carousel-wrapper\"\n\t\tdata-dir=\"ltr\"\n\t\tstyle=\"opacity: 0;\"\n\t\tdata-widget=\"post\" data-fetching=\"false\" data-page=\"1\" data-ajax-url=\"https:\/\/www2.uepg.br\/labneuro\/wp-admin\/admin-ajax.php?_widgets_nonce=835c8b0604\" data-item_count=\"1\" data-carousel_settings=\"{&quot;loop&quot;:true,&quot;animation&quot;:&quot;ease&quot;,&quot;animation_speed&quot;:800,&quot;autoplay&quot;:&quot;&quot;,&quot;pauseOnHover&quot;:&quot;&quot;,&quot;autoplaySpeed&quot;:8000,&quot;item_overflow&quot;:true,&quot;autoplay_continuous_scroll&quot;:false}\" data-responsive=\"{&quot;desktop_slides_to_scroll&quot;:1,&quot;tablet_landscape_breakpoint&quot;:1366,&quot;tablet_landscape_slides_to_scroll&quot;:2,&quot;tablet_portrait_breakpoint&quot;:1025,&quot;tablet_portrait_slides_to_scroll&quot;:2,&quot;mobile_breakpoint&quot;:480,&quot;mobile_slides_to_scroll&quot;:1}\" data-variable_width=\"true\" \t>\n\t\t<div\n\t\t\tclass=\"sow-carousel-items\"\n\t\t\t\t\t>\n\t\t\t\t<div class=\"sow-carousel-item\" tabindex=\"-1\" style=\"float: left;\">\n\t\t<div class=\"sow-carousel-thumbnail\">\n\t\t\t\t\t\t\t<a\n\t\t\t\thref=\"https:\/\/www2.uepg.br\/labneuro\/uepg-lanca-plataforma-digital-para-auto-avaliacao-emocional\/\"\n\t\t\t\t\t\t\t\t\t\tstyle=\"background-image: url( https:\/\/www2.uepg.br\/labneuro\/wp-content\/uploads\/sites\/38\/2019\/10\/logo_save1-272x182.png )\"\n\t\t\t\t\taria-labelledby=\"sow-carousel-id-119\"\n\t\t\t\t\ttabindex=\"-1\"\n\t\t\t\t>\n\t\t\t\t\t<span class=\"overlay\"><\/span>\n\t\t\t\t<\/a>\n\t\t\t\t\t<\/div>\n\t\t<h3 class=\"sow-carousel-item-title\">\n\t\t\t<a\n\t\t\t\thref=\"https:\/\/www2.uepg.br\/labneuro\/uepg-lanca-plataforma-digital-para-auto-avaliacao-emocional\/\"\n\t\t\t\tid=\"sow-carousel-id-119\"\n\t\t\t\t\t\t\t\ttabindex=\"-1\"\n\t\t\t>\n\n\t\t\t\tUEPG lan\u00e7a plataforma digital para auto-avalia\u00e7\u00e3o emocional\t\t\t<\/a>\n\t\t<\/h3>\n\t<\/div>\n\t\t<\/div>\n\t\t\t<\/div>\n\n\t<\/div>\n\t\t<input type=\"hidden\" name=\"instance_hash\" value=\"877618db\"\/>\n\t<\/div>\n<\/div><\/div><\/div><\/div><\/div><div id=\"pg-44-4\"  class=\"panel-grid panel-has-style\" ><div class=\"siteorigin-panels-stretch panel-row-style panel-row-style-for-44-4\" data-stretch-type=\"full\" ><div id=\"pgc-44-4-0\"  class=\"panel-grid-cell\" ><div id=\"panel-44-4-0-1\" class=\"so-panel widget widget_search panel-last-child\" data-index=\"8\" ><form role=\"search\" method=\"get\" class=\"search-form\" action=\"https:\/\/www2.uepg.br\/labneuro\/\">\n    <div class=\"mdc-text-field\">\n\t\t<input  type=\"text\" id=\"s\" class=\"search-field mdc-text-field__input\" name=\"s\" value=\"\">\n        <label class=\"mdc-floating-label\" for=\"s\">Pesquisar por:<\/label>\n        <div class=\"mdc-line-ripple\"><\/div>\n    <\/div>\n<\/form>\n<\/div><\/div><div id=\"pgc-44-4-1\"  class=\"panel-grid-cell panel-grid-cell-mobile-last\" ><div id=\"panel-44-4-1-0\" class=\"so-panel widget widget_sow-headline panel-first-child\" data-index=\"9\" ><div\n\t\t\t\n\t\t\tclass=\"so-widget-sow-headline so-widget-sow-headline-default-4ea95fb8ade8-119\"\n\t\t\t\n\t\t><div class=\"sow-headline-container \">\n\t<h1 class='sow-headline'>CONNECT WITH US<\/h1>\t\t\t\t\t<div class=\"decoration\">\n\t\t\t\t\t\t<div class=\"decoration-inside\"><\/div>\n\t\t\t\t\t<\/div>\n\t\t\t\t\t<\/div><\/div><\/div><div id=\"panel-44-4-1-1\" class=\"so-panel widget widget_sow-social-media-buttons panel-last-child\" data-index=\"10\" ><div\n\t\t\t\n\t\t\tclass=\"so-widget-sow-social-media-buttons so-widget-sow-social-media-buttons-flat-f89689865ee1-119\"\n\t\t\t\n\t\t>\n\n<div class=\"social-media-button-container\">\n\t\n\t\t<a class=\"ow-button-hover sow-social-media-button-facebook-0 sow-social-media-button\" title=\"Laborat\u00f3rio de Neuroci\u00eancias em Facebook\" aria-label=\"Laborat\u00f3rio de Neuroci\u00eancias em Facebook\" target=\"_blank\" rel=\"noopener noreferrer\" href=\"https:\/\/www.facebook.com\/\" >\n\t\t\t<span>\n\t\t\t\t\t\t\t\t<span class=\"sow-icon-fontawesome sow-fab\" data-sow-icon=\"&#xf39e;\"\n\t\t \n\t\taria-hidden=\"true\"><\/span>\t\t\t\t\t\t\t<\/span>\n\t\t<\/a>\n\t<\/div>\n<\/div><\/div><\/div><div id=\"pgc-44-4-2\"  class=\"panel-grid-cell panel-grid-cell-empty\" ><\/div><\/div><\/div><\/div>","protected":false},"excerpt":{"rendered":"<p>Aprendizado e Mem\u00f3ria Estudos da neurobiologia do aprendizado e mem\u00f3ria em modelos animais. Ansiedade Estudos da ansiedade em modelos animais e em humanos. Depress\u00e3o Estudos da depress\u00e3o em modelos animais e em humanos.<\/p>\n","protected":false},"author":24,"featured_media":80,"parent":0,"menu_order":0,"comment_status":"closed","ping_status":"closed","template":"page-templates\/homepage.php","meta":[],"_links":{"self":[{"href":"https:\/\/www2.uepg.br\/labneuro\/wp-json\/wp\/v2\/pages\/44"}],"collection":[{"href":"https:\/\/www2.uepg.br\/labneuro\/wp-json\/wp\/v2\/pages"}],"about":[{"href":"https:\/\/www2.uepg.br\/labneuro\/wp-json\/wp\/v2\/types\/page"}],"author":[{"embeddable":true,"href":"https:\/\/www2.uepg.br\/labneuro\/wp-json\/wp\/v2\/users\/24"}],"replies":[{"embeddable":true,"href":"https:\/\/www2.uepg.br\/labneuro\/wp-json\/wp\/v2\/comments?post=44"}],"version-history":[{"count":16,"href":"https:\/\/www2.uepg.br\/labneuro\/wp-json\/wp\/v2\/pages\/44\/revisions"}],"predecessor-version":[{"id":108,"href":"https:\/\/www2.uepg.br\/labneuro\/wp-json\/wp\/v2\/pages\/44\/revisions\/108"}],"wp:featuredmedia":[{"embeddable":true,"href":"https:\/\/www2.uepg.br\/labneuro\/wp-json\/wp\/v2\/media\/80"}],"wp:attachment":[{"href":"https:\/\/www2.uepg.br\/labneuro\/wp-json\/wp\/v2\/media?parent=44"}],"curies":[{"name":"wp","href":"https:\/\/api.w.org\/{rel}","templated":true}]}}