{"id":6,"date":"2019-09-20T10:45:15","date_gmt":"2019-09-20T13:45:15","guid":{"rendered":"http:\/\/www2.uepg.br\/labneuro\/?page_id=6"},"modified":"2019-10-09T15:37:24","modified_gmt":"2019-10-09T18:37:24","slug":"pesquisadores","status":"publish","type":"page","link":"https:\/\/www2.uepg.br\/labneuro\/pesquisadores\/","title":{"rendered":"Pesquisadores"},"content":{"rendered":"<h3 style=\"text-align: center\">Pesquisadores<\/h3>\n<p>&#8211; Prof. Dr. Edmar Miyoshi<\/p>\n<p>Departamento de Ci\u00eancias Farmac\u00eauticas<\/p>\n<p>&nbsp;<\/p>\n<p>&#8211; Prof. Dr. Marcelo Machado Ferro<\/p>\n<p>Departamento de Biologia Geral<\/p>\n<p>&nbsp;<\/p>\n<p>&#8211; Profa. Dra. Marissa Giovanna Schamne<\/p>\n<p>Departamento de Ci\u00eancias Farmac\u00eauticas<\/p>\n<p>&nbsp;<\/p>\n<p>&#8211; Prof. Dr. Bruno Rodrigo Minozzo<\/p>\n<p>Departamento de Ci\u00eancias Farmac\u00eauticas<\/p>\n<p>&nbsp;<\/p>\n<p>&#8211; Profa. Dra. Lillian Caroline Fernandes<\/p>\n<p>Departamento de Enfermagem e Sa\u00fade P\u00fablica<\/p>\n","protected":false},"excerpt":{"rendered":"<p>Pesquisadores &#8211; Prof. Dr. Edmar Miyoshi Departamento de Ci\u00eancias Farmac\u00eauticas &nbsp; &#8211; Prof. Dr. Marcelo Machado Ferro Departamento de Biologia Geral &nbsp; &#8211; Profa. Dra. Marissa Giovanna Schamne Departamento de Ci\u00eancias Farmac\u00eauticas &nbsp; &#8211; Prof. Dr. Bruno Rodrigo Minozzo Departamento de Ci\u00eancias Farmac\u00eauticas &nbsp; &#8211; Profa. Dra. Lillian Caroline Fernandes Departamento de Enfermagem e Sa\u00fade&nbsp;&hellip;<\/p>\n","protected":false},"author":24,"featured_media":0,"parent":0,"menu_order":0,"comment_status":"closed","ping_status":"closed","template":"","meta":[],"_links":{"self":[{"href":"https:\/\/www2.uepg.br\/labneuro\/wp-json\/wp\/v2\/pages\/6"}],"collection":[{"href":"https:\/\/www2.uepg.br\/labneuro\/wp-json\/wp\/v2\/pages"}],"about":[{"href":"https:\/\/www2.uepg.br\/labneuro\/wp-json\/wp\/v2\/types\/page"}],"author":[{"embeddable":true,"href":"https:\/\/www2.uepg.br\/labneuro\/wp-json\/wp\/v2\/users\/24"}],"replies":[{"embeddable":true,"href":"https:\/\/www2.uepg.br\/labneuro\/wp-json\/wp\/v2\/comments?post=6"}],"version-history":[{"count":6,"href":"https:\/\/www2.uepg.br\/labneuro\/wp-json\/wp\/v2\/pages\/6\/revisions"}],"predecessor-version":[{"id":114,"href":"https:\/\/www2.uepg.br\/labneuro\/wp-json\/wp\/v2\/pages\/6\/revisions\/114"}],"wp:attachment":[{"href":"https:\/\/www2.uepg.br\/labneuro\/wp-json\/wp\/v2\/media?parent=6"}],"curies":[{"name":"wp","href":"https:\/\/api.w.org\/{rel}","templated":true}]}}