{"id":8,"date":"2019-09-20T10:45:28","date_gmt":"2019-09-20T13:45:28","guid":{"rendered":"http:\/\/www2.uepg.br\/labneuro\/?page_id=8"},"modified":"2019-10-09T15:48:11","modified_gmt":"2019-10-09T18:48:11","slug":"projetos-de-pesquisas","status":"publish","type":"page","link":"https:\/\/www2.uepg.br\/labneuro\/projetos-de-pesquisas\/","title":{"rendered":"Projetos de pesquisas"},"content":{"rendered":"<p>&#8211; Desenvolvimento do Software de Avalia\u00e7\u00e3o Emocional<\/p>\n<p><a href=\"http:\/\/calculadoraemocional.apps.uepg.br\"><img loading=\"lazy\" class=\"alignleft size-medium wp-image-115\" src=\"http:\/\/www2.uepg.br\/labneuro\/wp-content\/uploads\/sites\/38\/2019\/10\/logo_save1-300x146.png\" alt=\"\" width=\"300\" height=\"146\" srcset=\"https:\/\/www2.uepg.br\/labneuro\/wp-content\/uploads\/sites\/38\/2019\/10\/logo_save1-300x146.png 300w, https:\/\/www2.uepg.br\/labneuro\/wp-content\/uploads\/sites\/38\/2019\/10\/logo_save1-768x375.png 768w, https:\/\/www2.uepg.br\/labneuro\/wp-content\/uploads\/sites\/38\/2019\/10\/logo_save1-1024x499.png 1024w, https:\/\/www2.uepg.br\/labneuro\/wp-content\/uploads\/sites\/38\/2019\/10\/logo_save1-1232x601.png 1232w, https:\/\/www2.uepg.br\/labneuro\/wp-content\/uploads\/sites\/38\/2019\/10\/logo_save1-1920x936.png 1920w\" sizes=\"(max-width: 300px) 100vw, 300px\" \/><\/a><\/p>\n<p>&nbsp;<\/p>\n<p>&nbsp;<\/p>\n<p>&nbsp;<\/p>\n<p>&nbsp;<\/p>\n<p>&#8211; A doen\u00e7a periodontal como fator de risco para a doen\u00e7a de Parkinson: o papel da levodopa.<\/p>\n<p>&nbsp;<\/p>\n<p>&#8211; Avalia\u00e7\u00e3o do efeito neuroprotetor do extrato de <em>Passiflora alata<\/em> em <em>Drosophila melanogaster<\/em> expostos ao paraquat.<\/p>\n","protected":false},"excerpt":{"rendered":"<p>&#8211; Desenvolvimento do Software de Avalia\u00e7\u00e3o Emocional &nbsp; &nbsp; &nbsp; &nbsp; &#8211; A doen\u00e7a periodontal como fator de risco para a doen\u00e7a de Parkinson: o papel da levodopa. &nbsp; &#8211; Avalia\u00e7\u00e3o do efeito neuroprotetor do extrato de Passiflora alata em Drosophila melanogaster expostos ao paraquat.<\/p>\n","protected":false},"author":24,"featured_media":0,"parent":0,"menu_order":0,"comment_status":"closed","ping_status":"closed","template":"","meta":[],"_links":{"self":[{"href":"https:\/\/www2.uepg.br\/labneuro\/wp-json\/wp\/v2\/pages\/8"}],"collection":[{"href":"https:\/\/www2.uepg.br\/labneuro\/wp-json\/wp\/v2\/pages"}],"about":[{"href":"https:\/\/www2.uepg.br\/labneuro\/wp-json\/wp\/v2\/types\/page"}],"author":[{"embeddable":true,"href":"https:\/\/www2.uepg.br\/labneuro\/wp-json\/wp\/v2\/users\/24"}],"replies":[{"embeddable":true,"href":"https:\/\/www2.uepg.br\/labneuro\/wp-json\/wp\/v2\/comments?post=8"}],"version-history":[{"count":4,"href":"https:\/\/www2.uepg.br\/labneuro\/wp-json\/wp\/v2\/pages\/8\/revisions"}],"predecessor-version":[{"id":117,"href":"https:\/\/www2.uepg.br\/labneuro\/wp-json\/wp\/v2\/pages\/8\/revisions\/117"}],"wp:attachment":[{"href":"https:\/\/www2.uepg.br\/labneuro\/wp-json\/wp\/v2\/media?parent=8"}],"curies":[{"name":"wp","href":"https:\/\/api.w.org\/{rel}","templated":true}]}}