{"id":117,"date":"2018-11-07T10:35:36","date_gmt":"2018-11-07T12:35:36","guid":{"rendered":"http:\/\/www2.uepg.br\/labrecursoshidricos\/?page_id=117"},"modified":"2019-05-03T08:44:05","modified_gmt":"2019-05-03T11:44:05","slug":"coleta-de-amostras","status":"publish","type":"page","link":"https:\/\/www2.uepg.br\/labrecursoshidricos\/coleta-de-amostras\/","title":{"rendered":"Coleta de Amostras"},"content":{"rendered":"<p>A coleta da amostra consiste em seguir o procedimento dando \u00eanfase ao acondicionamento, \u00e0 preserva\u00e7\u00e3o e ao transporte para an\u00e1lise, prevenindo mudan\u00e7as significativas em sua composi\u00e7\u00e3o, desde a coleta at\u00e9 a realiza\u00e7\u00e3o da an\u00e1lise.<\/p>\n<ul>\n<li>Coleta de Amostras de \u00c1gua em Sistemas de Distribui\u00e7\u00e3o<\/li>\n<li>Coleta de Amostras de \u00c1gua em Po\u00e7os Rasos e Fontes<\/li>\n<li>Coleta de Amostras de \u00c1guas Superficiais: Rios, Lagos, Piscinas, outros Tipos de \u00c1gua<\/li>\n<\/ul>\n<p>&nbsp;<\/p>\n<p><img loading=\"lazy\" class=\" wp-image-626\" src=\"http:\/\/www2.uepg.br\/labrecursoshidricos\/wp-content\/uploads\/sites\/9\/2019\/04\/lagoa5-1-300x225.jpg\" alt=\"\" width=\"490\" height=\"367\" srcset=\"https:\/\/www2.uepg.br\/labrecursoshidricos\/wp-content\/uploads\/sites\/9\/2019\/04\/lagoa5-1-300x225.jpg 300w, https:\/\/www2.uepg.br\/labrecursoshidricos\/wp-content\/uploads\/sites\/9\/2019\/04\/lagoa5-1-768x576.jpg 768w, https:\/\/www2.uepg.br\/labrecursoshidricos\/wp-content\/uploads\/sites\/9\/2019\/04\/lagoa5-1-1024x768.jpg 1024w, https:\/\/www2.uepg.br\/labrecursoshidricos\/wp-content\/uploads\/sites\/9\/2019\/04\/lagoa5-1-1232x924.jpg 1232w, https:\/\/www2.uepg.br\/labrecursoshidricos\/wp-content\/uploads\/sites\/9\/2019\/04\/lagoa5-1-1440x1080.jpg 1440w\" sizes=\"(max-width: 490px) 100vw, 490px\" \/><img loading=\"lazy\" class=\"alignnone wp-image-359\" src=\"http:\/\/www2.uepg.br\/labrecursoshidricos\/wp-content\/uploads\/sites\/9\/2019\/04\/Coletas-7-225x300.jpg\" alt=\"\" width=\"275\" height=\"367\" srcset=\"https:\/\/www2.uepg.br\/labrecursoshidricos\/wp-content\/uploads\/sites\/9\/2019\/04\/Coletas-7-225x300.jpg 225w, https:\/\/www2.uepg.br\/labrecursoshidricos\/wp-content\/uploads\/sites\/9\/2019\/04\/Coletas-7-768x1024.jpg 768w, https:\/\/www2.uepg.br\/labrecursoshidricos\/wp-content\/uploads\/sites\/9\/2019\/04\/Coletas-7-1232x1642.jpg 1232w, https:\/\/www2.uepg.br\/labrecursoshidricos\/wp-content\/uploads\/sites\/9\/2019\/04\/Coletas-7-810x1080.jpg 810w\" sizes=\"(max-width: 275px) 100vw, 275px\" \/><img loading=\"lazy\" class=\"alignnone wp-image-353\" src=\"http:\/\/www2.uepg.br\/labrecursoshidricos\/wp-content\/uploads\/sites\/9\/2019\/04\/Coletas-1-276x300.jpg\" alt=\"\" width=\"337\" height=\"367\" srcset=\"https:\/\/www2.uepg.br\/labrecursoshidricos\/wp-content\/uploads\/sites\/9\/2019\/04\/Coletas-1-276x300.jpg 276w, https:\/\/www2.uepg.br\/labrecursoshidricos\/wp-content\/uploads\/sites\/9\/2019\/04\/Coletas-1-768x835.jpg 768w, https:\/\/www2.uepg.br\/labrecursoshidricos\/wp-content\/uploads\/sites\/9\/2019\/04\/Coletas-1-942x1024.jpg 942w, https:\/\/www2.uepg.br\/labrecursoshidricos\/wp-content\/uploads\/sites\/9\/2019\/04\/Coletas-1-1232x1339.jpg 1232w, https:\/\/www2.uepg.br\/labrecursoshidricos\/wp-content\/uploads\/sites\/9\/2019\/04\/Coletas-1-994x1080.jpg 994w\" sizes=\"(max-width: 337px) 100vw, 337px\" \/><\/p>\n<p>&nbsp;<\/p>\n<p>&nbsp;<\/p>\n<p>&nbsp;<\/p>\n<p>&nbsp;<\/p>\n<p>&nbsp;<\/p>\n<p>&nbsp;<\/p>\n<p>&nbsp;<\/p>\n<p>&nbsp;<\/p>\n<p>&nbsp;<\/p>\n<p>&nbsp;<\/p>\n<p>&nbsp;<\/p>\n<p>&nbsp;<\/p>\n","protected":false},"excerpt":{"rendered":"<p>A coleta da amostra consiste em seguir o procedimento dando \u00eanfase ao acondicionamento, \u00e0 preserva\u00e7\u00e3o e ao transporte para an\u00e1lise, prevenindo mudan\u00e7as significativas em sua composi\u00e7\u00e3o, desde a coleta at\u00e9 a realiza\u00e7\u00e3o da an\u00e1lise. Coleta de Amostras de \u00c1gua em Sistemas de Distribui\u00e7\u00e3o Coleta de Amostras de \u00c1gua em Po\u00e7os Rasos e Fontes Coleta de&nbsp;&hellip;<\/p>\n","protected":false},"author":24,"featured_media":0,"parent":0,"menu_order":0,"comment_status":"closed","ping_status":"closed","template":"","meta":[],"_links":{"self":[{"href":"https:\/\/www2.uepg.br\/labrecursoshidricos\/wp-json\/wp\/v2\/pages\/117"}],"collection":[{"href":"https:\/\/www2.uepg.br\/labrecursoshidricos\/wp-json\/wp\/v2\/pages"}],"about":[{"href":"https:\/\/www2.uepg.br\/labrecursoshidricos\/wp-json\/wp\/v2\/types\/page"}],"author":[{"embeddable":true,"href":"https:\/\/www2.uepg.br\/labrecursoshidricos\/wp-json\/wp\/v2\/users\/24"}],"replies":[{"embeddable":true,"href":"https:\/\/www2.uepg.br\/labrecursoshidricos\/wp-json\/wp\/v2\/comments?post=117"}],"version-history":[{"count":20,"href":"https:\/\/www2.uepg.br\/labrecursoshidricos\/wp-json\/wp\/v2\/pages\/117\/revisions"}],"predecessor-version":[{"id":708,"href":"https:\/\/www2.uepg.br\/labrecursoshidricos\/wp-json\/wp\/v2\/pages\/117\/revisions\/708"}],"wp:attachment":[{"href":"https:\/\/www2.uepg.br\/labrecursoshidricos\/wp-json\/wp\/v2\/media?parent=117"}],"curies":[{"name":"wp","href":"https:\/\/api.w.org\/{rel}","templated":true}]}}