{"id":119,"date":"2018-11-07T10:36:10","date_gmt":"2018-11-07T12:36:10","guid":{"rendered":"http:\/\/www2.uepg.br\/labrecursoshidricos\/?page_id=119"},"modified":"2023-06-14T15:52:50","modified_gmt":"2023-06-14T18:52:50","slug":"tabela-de-precos","status":"publish","type":"page","link":"https:\/\/www2.uepg.br\/labrecursoshidricos\/tabela-de-precos\/","title":{"rendered":"Tabela de Pre\u00e7os"},"content":{"rendered":"<p><span style=\"font-weight: 400\">Tabela de Pre\u00e7os aprovada pela<\/span> <span style=\"font-weight: 400\">Resolu\u00e7\u00e3o CA 2023.111 de 09 de junho de 2023.<\/span><\/p>\n<p><a href=\"http:\/\/www2.uepg.br\/labrecursoshidricos\/wp-content\/uploads\/sites\/9\/2023\/06\/Tabela-de-Precos-LPRH-2023.pdf\" target=\"_blank\" rel=\"noopener\">RESOLU\u00c7\u00c3O CA N\u00ba 2023.111, DE 09 DE JUNHO DE 2023 &#8211; PDF<\/a><\/p>\n","protected":false},"excerpt":{"rendered":"<p>Tabela de Pre\u00e7os aprovada pela Resolu\u00e7\u00e3o CA 2023.111 de 09 de junho de 2023. RESOLU\u00c7\u00c3O CA N\u00ba 2023.111, DE 09 DE JUNHO DE 2023 &#8211; PDF<\/p>\n","protected":false},"author":24,"featured_media":0,"parent":0,"menu_order":0,"comment_status":"closed","ping_status":"closed","template":"","meta":[],"_links":{"self":[{"href":"https:\/\/www2.uepg.br\/labrecursoshidricos\/wp-json\/wp\/v2\/pages\/119"}],"collection":[{"href":"https:\/\/www2.uepg.br\/labrecursoshidricos\/wp-json\/wp\/v2\/pages"}],"about":[{"href":"https:\/\/www2.uepg.br\/labrecursoshidricos\/wp-json\/wp\/v2\/types\/page"}],"author":[{"embeddable":true,"href":"https:\/\/www2.uepg.br\/labrecursoshidricos\/wp-json\/wp\/v2\/users\/24"}],"replies":[{"embeddable":true,"href":"https:\/\/www2.uepg.br\/labrecursoshidricos\/wp-json\/wp\/v2\/comments?post=119"}],"version-history":[{"count":21,"href":"https:\/\/www2.uepg.br\/labrecursoshidricos\/wp-json\/wp\/v2\/pages\/119\/revisions"}],"predecessor-version":[{"id":808,"href":"https:\/\/www2.uepg.br\/labrecursoshidricos\/wp-json\/wp\/v2\/pages\/119\/revisions\/808"}],"wp:attachment":[{"href":"https:\/\/www2.uepg.br\/labrecursoshidricos\/wp-json\/wp\/v2\/media?parent=119"}],"curies":[{"name":"wp","href":"https:\/\/api.w.org\/{rel}","templated":true}]}}