{"id":122,"date":"2018-11-07T10:38:24","date_gmt":"2018-11-07T12:38:24","guid":{"rendered":"http:\/\/www2.uepg.br\/labrecursoshidricos\/?page_id=122"},"modified":"2019-04-03T15:47:09","modified_gmt":"2019-04-03T18:47:09","slug":"fale-conosco","status":"publish","type":"page","link":"https:\/\/www2.uepg.br\/labrecursoshidricos\/fale-conosco\/","title":{"rendered":"Contato"},"content":{"rendered":"<div id=\"pl-122\"  class=\"panel-layout\" ><div id=\"pg-122-0\"  class=\"panel-grid panel-no-style\" ><div id=\"pgc-122-0-0\"  class=\"panel-grid-cell\" ><div id=\"panel-122-0-0-0\" class=\"so-panel widget widget_sow-features panel-first-child panel-last-child\" data-index=\"0\" ><div\n\t\t\t\n\t\t\tclass=\"so-widget-sow-features so-widget-sow-features-default-3791fd0745cb-122\"\n\t\t\t\n\t\t>\n<div class=\"sow-features-list sow-features-responsive\">\n\n\t\t\t\t\t\t<div\n\t\t\t\tclass=\"sow-features-feature sow-icon-container-position-top sow-features-feature-last-row\"\n\t\t\t\tstyle=\"display: flex; flex-direction: column; float: left; width: 33.333%;\"\n\t\t\t>\n\n\t\t\t\t\t\t\t\t<div\n\t\t\t\t\tclass=\"sow-icon-container sow-container-round\"\n                    style=\"color: #1e73be; \"\n\t\t\t\t\ttitle=\"E-MAIL\">\n\t\t\t\t\t<span class=\"sow-icon-fontawesome sow-fas\" data-sow-icon=\"&#xf0e0;\"\n\t\tstyle=\"font-size: 24px; color: #ffffff\" \n\t\taria-hidden=\"true\"><\/span>\t\t\t\t<\/div>\n\t\t\t\t\n\t\t\t\t<div class=\"textwidget\">\n\t\t\t\t\t\t\t\t\t\t\t<h5>\n\t\t\t\t\t\t\t\n\t\t\t\t\t\t\tlaborhidricosuepg@gmail.com\t\t\t\t\t\t\t\t\t\t\t\t\t<\/h5>\n\t\t\t\t\t\n\t\t\t\t\t\n\t\t\t\t\t\t\t\t\t<\/div>\n\t\t\t\t\t\t\t<\/div>\n\n\t\t\t\t\t<div\n\t\t\t\tclass=\"sow-features-feature sow-icon-container-position-top sow-features-feature-last-row\"\n\t\t\t\tstyle=\"display: flex; flex-direction: column; float: left; width: 33.333%;\"\n\t\t\t>\n\n\t\t\t\t\t\t\t\t<div\n\t\t\t\t\tclass=\"sow-icon-container sow-container-round\"\n                    style=\"color: #1e73be; \"\n\t\t\t\t\ttitle=\"ENDERE\u00c7O\">\n\t\t\t\t\t<span class=\"sow-icon-fontawesome sow-fas\" data-sow-icon=\"&#xf015;\"\n\t\tstyle=\"font-size: 24px; color: #FFFFFF\" \n\t\taria-hidden=\"true\"><\/span>\t\t\t\t<\/div>\n\t\t\t\t\n\t\t\t\t<div class=\"textwidget\">\n\t\t\t\t\t\t\t\t\t\t\t<h5>\n\t\t\t\t\t\t\t\n\t\t\t\t\t\t\tEndere\u00e7o: Campus Uvaranas - Avenida Carlos Cavalcanti, 4748 - CEP 84030-900 - Ponta Grossa - PR\t\t\t\t\t\t\t\t\t\t\t\t\t<\/h5>\n\t\t\t\t\t\n\t\t\t\t\t\n\t\t\t\t\t\t\t\t\t<\/div>\n\t\t\t\t\t\t\t<\/div>\n\n\t\t\t\t\t<div\n\t\t\t\tclass=\"sow-features-feature sow-icon-container-position-top sow-features-feature-last-row\"\n\t\t\t\tstyle=\"display: flex; flex-direction: column; float: left; width: 33.333%;\"\n\t\t\t>\n\n\t\t\t\t\t\t\t\t<div\n\t\t\t\t\tclass=\"sow-icon-container sow-container-round\"\n                    style=\"color: #1e73be; \"\n\t\t\t\t\ttitle=\"TELEFONE\">\n\t\t\t\t\t<span class=\"sow-icon-fontawesome sow-fas\" data-sow-icon=\"&#xf095;\"\n\t\tstyle=\"font-size: 24px; color: #ffffff\" \n\t\taria-hidden=\"true\"><\/span>\t\t\t\t<\/div>\n\t\t\t\t\n\t\t\t\t<div class=\"textwidget\">\n\t\t\t\t\t\t\t\t\t\t\t<h5>\n\t\t\t\t\t\t\t\n\t\t\t\t\t\t\tTelefone: (42)  3220-3132\t\t\t\t\t\t\t\t\t\t\t\t\t<\/h5>\n\t\t\t\t\t\n\t\t\t\t\t\n\t\t\t\t\t\t\t\t\t<\/div>\n\t\t\t\t\t\t\t<\/div>\n\n\t\t\t\n<\/div>\n<\/div><\/div><\/div><\/div><div id=\"pg-122-1\"  class=\"panel-grid panel-no-style\" ><div id=\"pgc-122-1-0\"  class=\"panel-grid-cell\" ><div id=\"panel-122-1-0-0\" class=\"so-panel widget widget_sow-editor panel-first-child panel-last-child\" data-index=\"1\" ><div\n\t\t\t\n\t\t\tclass=\"so-widget-sow-editor so-widget-sow-editor-base\"\n\t\t\t\n\t\t><h3 class=\"widget-title\">Localiza\u00e7\u00e3o:<\/h3>\n<div class=\"siteorigin-widget-tinymce textwidget\">\n\t<\/div>\n<\/div><\/div><\/div><\/div><div id=\"pg-122-2\"  class=\"panel-grid panel-no-style\" ><div id=\"pgc-122-2-0\"  class=\"panel-grid-cell\" ><div id=\"panel-122-2-0-0\" class=\"so-panel widget widget_sow-image panel-first-child panel-last-child\" data-index=\"2\" ><div\n\t\t\t\n\t\t\tclass=\"so-widget-sow-image so-widget-sow-image-default-72463164d13f-122\"\n\t\t\t\n\t\t>\n\n<div class=\"sow-image-container\">\n\t\t\t<a href=\"https:\/\/www.google.com\/maps\/dir\/\/Laborat%C3%B3rio+de+Recursos+H%C3%ADdricos+-+UEPG+-+Uvaranas,+Ponta+Grossa+-+PR\/@-25.0947021,-50.0989686,4039m\/data=!3m1!1e3!4m8!4m7!1m0!1m5!1m1!1s0x94e81b681634c739:0xe5d5ccf8a7e7cdb4!2m2!1d-50.1031382!2d-25.0947071\"\n\t\t\ttarget=\"_blank\" rel=\"noopener noreferrer\" \t\t>\n\t\t\t<img src=\"https:\/\/www2.uepg.br\/labrecursoshidricos\/wp-content\/uploads\/sites\/9\/2019\/04\/mapa_recursos_hidricos-e1554212882726.png\" width=\"1310\" height=\"655\" srcset=\"https:\/\/www2.uepg.br\/labrecursoshidricos\/wp-content\/uploads\/sites\/9\/2019\/04\/mapa_recursos_hidricos-e1554212882726.png 1310w, https:\/\/www2.uepg.br\/labrecursoshidricos\/wp-content\/uploads\/sites\/9\/2019\/04\/mapa_recursos_hidricos-e1554212882726-300x150.png 300w, https:\/\/www2.uepg.br\/labrecursoshidricos\/wp-content\/uploads\/sites\/9\/2019\/04\/mapa_recursos_hidricos-e1554212882726-768x384.png 768w, https:\/\/www2.uepg.br\/labrecursoshidricos\/wp-content\/uploads\/sites\/9\/2019\/04\/mapa_recursos_hidricos-e1554212882726-1024x512.png 1024w, https:\/\/www2.uepg.br\/labrecursoshidricos\/wp-content\/uploads\/sites\/9\/2019\/04\/mapa_recursos_hidricos-e1554212882726-1232x616.png 1232w\" sizes=\"(max-width: 1310px) 100vw, 1310px\" title=\"clique no mapa e obtenha uma rota at\u00e9 o Laborat\u00f3rio!\" alt=\"\" loading=\"lazy\" \t\tclass=\"so-widget-image\"\/>\n\t<\/a><\/div>\n\n<h3 class=\"widget-title\">clique no mapa e obtenha uma rota at\u00e9 o Laborat\u00f3rio!<\/h3><\/div><\/div><\/div><\/div><\/div>","protected":false},"excerpt":{"rendered":"<p>laborhidricosuepg@gmail.com Endere\u00e7o: Campus Uvaranas &#8211; Avenida Carlos Cavalcanti, 4748 &#8211; CEP 84030-900 &#8211; Ponta Grossa &#8211; PR Telefone: (42) 3220-3132 Localiza\u00e7\u00e3o: clique no mapa e obtenha uma rota at\u00e9 o Laborat\u00f3rio!<\/p>\n","protected":false},"author":24,"featured_media":0,"parent":0,"menu_order":0,"comment_status":"closed","ping_status":"closed","template":"","meta":[],"_links":{"self":[{"href":"https:\/\/www2.uepg.br\/labrecursoshidricos\/wp-json\/wp\/v2\/pages\/122"}],"collection":[{"href":"https:\/\/www2.uepg.br\/labrecursoshidricos\/wp-json\/wp\/v2\/pages"}],"about":[{"href":"https:\/\/www2.uepg.br\/labrecursoshidricos\/wp-json\/wp\/v2\/types\/page"}],"author":[{"embeddable":true,"href":"https:\/\/www2.uepg.br\/labrecursoshidricos\/wp-json\/wp\/v2\/users\/24"}],"replies":[{"embeddable":true,"href":"https:\/\/www2.uepg.br\/labrecursoshidricos\/wp-json\/wp\/v2\/comments?post=122"}],"version-history":[{"count":7,"href":"https:\/\/www2.uepg.br\/labrecursoshidricos\/wp-json\/wp\/v2\/pages\/122\/revisions"}],"predecessor-version":[{"id":302,"href":"https:\/\/www2.uepg.br\/labrecursoshidricos\/wp-json\/wp\/v2\/pages\/122\/revisions\/302"}],"wp:attachment":[{"href":"https:\/\/www2.uepg.br\/labrecursoshidricos\/wp-json\/wp\/v2\/media?parent=122"}],"curies":[{"name":"wp","href":"https:\/\/api.w.org\/{rel}","templated":true}]}}