{"id":143,"date":"2018-11-07T10:54:47","date_gmt":"2018-11-07T12:54:47","guid":{"rendered":"http:\/\/www2.uepg.br\/labrecursoshidricos\/?page_id=143"},"modified":"2019-05-03T08:25:17","modified_gmt":"2019-05-03T11:25:17","slug":"nossos-parceiros","status":"publish","type":"page","link":"https:\/\/www2.uepg.br\/labrecursoshidricos\/nossos-parceiros\/","title":{"rendered":"Clientes"},"content":{"rendered":"<ul>\n<li>PREFEITURAS,VIGIL\u00c2NCIAS SANIT\u00c1RIAS, SECRET\u00c1RIAS DE SA\u00daDE, FUNDA\u00c7\u00d5ES E ENTIDADES SOCIAIS;<\/li>\n<li>HOSPITAIS P\u00daBLICOS E PARTICULARES DA CIDADE E REGI\u00c3O;<\/li>\n<li>FARM\u00c1CIAS DE DISPENSA\u00c7\u00c3O E MANIPULA\u00c7\u00c3O;<\/li>\n<li>EMPRESAS, RESTAURANTES E COM\u00c9RCIOS EM GERAL;<\/li>\n<li>CLUBES DE RECREA\u00c7\u00c3O;<\/li>\n<li>HOT\u00c9IS;<\/li>\n<li>MOT\u00c9IS;<\/li>\n<li>COOPERATIVAS;<\/li>\n<li>IND\u00daSTRIAS;<\/li>\n<li>PROPRIEDADES PARTICULARES.<\/li>\n<\/ul>\n","protected":false},"excerpt":{"rendered":"<p>PREFEITURAS,VIGIL\u00c2NCIAS SANIT\u00c1RIAS, SECRET\u00c1RIAS DE SA\u00daDE, FUNDA\u00c7\u00d5ES E ENTIDADES SOCIAIS; HOSPITAIS P\u00daBLICOS E PARTICULARES DA CIDADE E REGI\u00c3O; FARM\u00c1CIAS DE DISPENSA\u00c7\u00c3O E MANIPULA\u00c7\u00c3O; EMPRESAS, RESTAURANTES E COM\u00c9RCIOS EM GERAL; CLUBES DE RECREA\u00c7\u00c3O; HOT\u00c9IS; MOT\u00c9IS; COOPERATIVAS; IND\u00daSTRIAS; PROPRIEDADES PARTICULARES.<\/p>\n","protected":false},"author":24,"featured_media":0,"parent":0,"menu_order":0,"comment_status":"closed","ping_status":"closed","template":"","meta":[],"_links":{"self":[{"href":"https:\/\/www2.uepg.br\/labrecursoshidricos\/wp-json\/wp\/v2\/pages\/143"}],"collection":[{"href":"https:\/\/www2.uepg.br\/labrecursoshidricos\/wp-json\/wp\/v2\/pages"}],"about":[{"href":"https:\/\/www2.uepg.br\/labrecursoshidricos\/wp-json\/wp\/v2\/types\/page"}],"author":[{"embeddable":true,"href":"https:\/\/www2.uepg.br\/labrecursoshidricos\/wp-json\/wp\/v2\/users\/24"}],"replies":[{"embeddable":true,"href":"https:\/\/www2.uepg.br\/labrecursoshidricos\/wp-json\/wp\/v2\/comments?post=143"}],"version-history":[{"count":14,"href":"https:\/\/www2.uepg.br\/labrecursoshidricos\/wp-json\/wp\/v2\/pages\/143\/revisions"}],"predecessor-version":[{"id":704,"href":"https:\/\/www2.uepg.br\/labrecursoshidricos\/wp-json\/wp\/v2\/pages\/143\/revisions\/704"}],"wp:attachment":[{"href":"https:\/\/www2.uepg.br\/labrecursoshidricos\/wp-json\/wp\/v2\/media?parent=143"}],"curies":[{"name":"wp","href":"https:\/\/api.w.org\/{rel}","templated":true}]}}